{"id":9014,"date":"2023-11-21T15:02:13","date_gmt":"2023-11-21T14:02:13","guid":{"rendered":"https:\/\/dev.leboisdelagachere.com\/die-surfschule\/"},"modified":"2023-12-18T11:32:11","modified_gmt":"2023-12-18T10:32:11","slug":"die-surfschule","status":"publish","type":"page","link":"https:\/\/leboisdelagachere.com\/de\/sich-unterhalten\/die-surfschule\/","title":{"rendered":"Die Surfschule"},"content":{"rendered":"\n<h1 class=\"wp-block-heading\">Die Surfschule<\/h1>\n\n\n\n<p>Entdecken Sie die Surfschule, die sich in der N\u00e4he des Campingplatzes in Les Sables d&#8217;Olonne befindet.<\/p>\n\n\n\n<div class=\"wp-block-columns alignwide is-layout-flex wp-container-core-columns-is-layout-c617dbaa wp-block-columns-is-layout-flex\" style=\"padding-top:var(--wp--preset--spacing--40);padding-bottom:var(--wp--preset--spacing--40)\">\n<div class=\"wp-block-column is-vertically-aligned-center is-layout-flow wp-block-column-is-layout-flow\" style=\"flex-basis:33.38%\">\n<p>In den Ferien geht es darum, Neues zu entdecken und neue Abenteuer zu erleben.<\/p>\n\n\n\n<p>Auf unserem 4-Sterne-Campingplatz haben wir das Gl\u00fcck, uns direkt vor den Toren des Ozeans zu befinden.  <\/p>\n\n\n\n<p>Wir verf\u00fcgen sogar \u00fcber einen <a href=\"https:\/\/leboisdelagachere.com\/de\/in-das-herz-der-natur-eintauchen\/die-straende\/\" data-type=\"page\" data-id=\"7864\">direkten Zugang zum Strand<\/a>.<br>Ein Gl\u00fccksfall, der es Ihnen erm\u00f6glicht, alle Vorteile dieser feinen Sandstr\u00e4nde zu nutzen: Faulenzen, Lesen, Baden, Sandburgen bauen&#8230; Aber auch, und vor allem, die Entdeckung von<strong> Wassersportaktivit\u00e4ten<\/strong>!<\/p>\n<\/div>\n\n\n\n<div class=\"wp-block-column is-layout-flow wp-block-column-is-layout-flow\" style=\"flex-basis:33%\">\n<div style=\"height:2vw\" aria-hidden=\"true\" class=\"wp-block-spacer\"><\/div>\n\n\n\n<figure class=\"wp-block-image size-full\"><img loading=\"lazy\" decoding=\"async\" width=\"1000\" height=\"667\" src=\"https:\/\/leboisdelagachere.com\/wp-content\/uploads\/2023\/11\/Surf_Olonne-sur-Mer_Les-Sables-dOlonne-75.jpg\" alt=\"Surfschule in der N\u00e4he des Campingplatzes\" class=\"wp-image-7953\" style=\"aspect-ratio:3\/4;object-fit:cover\" srcset=\"https:\/\/leboisdelagachere.com\/wp-content\/uploads\/2023\/11\/Surf_Olonne-sur-Mer_Les-Sables-dOlonne-75.jpg 1000w, https:\/\/leboisdelagachere.com\/wp-content\/uploads\/2023\/11\/Surf_Olonne-sur-Mer_Les-Sables-dOlonne-75-300x200.jpg 300w, https:\/\/leboisdelagachere.com\/wp-content\/uploads\/2023\/11\/Surf_Olonne-sur-Mer_Les-Sables-dOlonne-75-768x512.jpg 768w\" sizes=\"auto, (max-width: 1000px) 100vw, 1000px\" \/><\/figure>\n<\/div>\n\n\n\n<div class=\"wp-block-column is-layout-flow wp-block-column-is-layout-flow\" style=\"flex-basis:33.62%\">\n<figure class=\"wp-block-image size-full\"><img loading=\"lazy\" decoding=\"async\" width=\"667\" height=\"1000\" src=\"https:\/\/leboisdelagachere.com\/wp-content\/uploads\/2023\/11\/Surf_Olonne-sur-Mer_Les-Sables-dOlonne-31.jpg\" alt=\"Surfschule in unmittelbarer N\u00e4he des Campingplatzes in Les Sables d'Olonne\" class=\"wp-image-7954\" style=\"aspect-ratio:3\/4;object-fit:cover\" srcset=\"https:\/\/leboisdelagachere.com\/wp-content\/uploads\/2023\/11\/Surf_Olonne-sur-Mer_Les-Sables-dOlonne-31.jpg 667w, https:\/\/leboisdelagachere.com\/wp-content\/uploads\/2023\/11\/Surf_Olonne-sur-Mer_Les-Sables-dOlonne-31-200x300.jpg 200w\" sizes=\"auto, (max-width: 667px) 100vw, 667px\" \/><\/figure>\n<\/div>\n<\/div>\n\n\n\n<div class=\"wp-block-group alignfull has-white-color has-text-color has-background has-link-color wp-elements-4ea1ceb416b3f828adb1d7775aea7397 is-layout-constrained wp-block-group-is-layout-constrained\" style=\"background-color:#026678\">\n<div class=\"wp-block-media-text alignwide is-stacked-on-mobile\" style=\"padding-top:var(--wp--preset--spacing--60);padding-bottom:var(--wp--preset--spacing--60)\"><figure class=\"wp-block-media-text__media\"><img loading=\"lazy\" decoding=\"async\" width=\"1000\" height=\"751\" src=\"https:\/\/leboisdelagachere.com\/wp-content\/uploads\/2023\/11\/La-Tranche-Sur-Mer-photo-aerienne-surfeur-P1400054.jpg\" alt=\"surfschule in der Vend\u00e9e\" class=\"wp-image-7955 size-full\" srcset=\"https:\/\/leboisdelagachere.com\/wp-content\/uploads\/2023\/11\/La-Tranche-Sur-Mer-photo-aerienne-surfeur-P1400054.jpg 1000w, https:\/\/leboisdelagachere.com\/wp-content\/uploads\/2023\/11\/La-Tranche-Sur-Mer-photo-aerienne-surfeur-P1400054-300x225.jpg 300w, https:\/\/leboisdelagachere.com\/wp-content\/uploads\/2023\/11\/La-Tranche-Sur-Mer-photo-aerienne-surfeur-P1400054-768x577.jpg 768w\" sizes=\"auto, (max-width: 1000px) 100vw, 1000px\" \/><\/figure><div class=\"wp-block-media-text__content\">\n<h2 class=\"wp-block-heading\">Nur 10 Minuten vom Campingplatz entfernt entdecken Sie Octopus Gliss!<\/h2>\n\n\n\n<p>Octopus Gliss ist eine Surf- und Stand-up-Paddle-Schule in Les Sables d&#8217;Olonne.<br>Die Betreiber Caro und Mat freuen sich darauf, ihre <strong>Leidenschaft f\u00fcr den Gleitsport<\/strong> mit Ihnen zu teilen.<br>Sie werden Sie gerne anleiten und Sie beim Erlernen dieser neuen Sportarten begleiten. Sie k\u00f6nnen Ihnen aber auch helfen, Ihre bereits erlernten Techniken zu verbessern.<br>Beide sind <strong>staatlich gepr\u00fcfte<\/strong> Skilehrer und verf\u00fcgen \u00fcber eine Erfolgsbilanz, die es ihnen erm\u00f6glicht, Ihnen die besten Techniken des Skifahrens beizubringen.<br>Kurz gesagt: Wenn Sie surfen lernen m\u00f6chten, ist dies die richtige Schule f\u00fcr Sie!<br><a href=\"https:\/\/leboisdelagachere.com\/de\/in-das-herz-der-natur-eintauchen\/die-straende\/\" data-type=\"page\" data-id=\"7864\">Der Plage des Granges<\/a> ist ein idealer Spot zum Lernen.<br>Kinder ab 4 Jahren k\u00f6nnen kommen und ihr Gleichgewicht auf den Surfbrettern testen.<br>Wenn man den Surflehrern beim Surfen zusieht, scheint der Sport einfach zu sein. Rechnen Sie aber damit, dass Sie st\u00fcrzen werden.<br>Du wirst Geduld und Niederlagen brauchen, um dein Brett zu z\u00e4hmen!<\/p>\n<\/div><\/div>\n<\/div>\n\n\n\n<div class=\"wp-block-media-text alignwide has-media-on-the-right is-stacked-on-mobile\" style=\"padding-top:var(--wp--preset--spacing--60);padding-bottom:var(--wp--preset--spacing--60)\"><div class=\"wp-block-media-text__content\">\n<h2 class=\"wp-block-heading has-text-color has-link-color wp-elements-af6c2af7d542ec169a55e47df432200c\" style=\"color:#026678\">Surfen, aber nicht nur!<\/h2>\n\n\n\n<p>Bei Octopus Gliss k\u00f6nnen Sie auch surfen, bodyboarden, Stand up paddle, waveski und sogar mit dem hawaiianischen Einbaum fahren!<br>Aktivit\u00e4ten, die Sie mit Ihrer Familie ohne M\u00e4\u00dfigung aus\u00fcben k\u00f6nnen.<\/p>\n\n\n\n<p>Worauf warten Sie also noch, um <strong>unvergessliche Momente<\/strong> mit Ihren Lieben zu <strong>teilen<\/strong>?<\/p>\n\n\n\n<p>F\u00fcr weitere Informationen k\u00f6nnen Sie uns gerne an der Rezeption des <a href=\"https:\/\/leboisdelagachere.com\/de\/die-dienste\/\" data-type=\"page\" data-id=\"7521\">Campingplatzes<\/a> ansprechen.<\/p>\n<\/div><figure class=\"wp-block-media-text__media\"><img loading=\"lazy\" decoding=\"async\" width=\"1000\" height=\"667\" src=\"https:\/\/leboisdelagachere.com\/wp-content\/uploads\/2023\/11\/la-tranche-sur-mer-IMG_2965.jpg\" alt=\"\u00e9cole de surf aux sables d'olonne en Vend\u00e9e\" class=\"wp-image-7956 size-full\" srcset=\"https:\/\/leboisdelagachere.com\/wp-content\/uploads\/2023\/11\/la-tranche-sur-mer-IMG_2965.jpg 1000w, https:\/\/leboisdelagachere.com\/wp-content\/uploads\/2023\/11\/la-tranche-sur-mer-IMG_2965-300x200.jpg 300w, https:\/\/leboisdelagachere.com\/wp-content\/uploads\/2023\/11\/la-tranche-sur-mer-IMG_2965-768x512.jpg 768w\" sizes=\"auto, (max-width: 1000px) 100vw, 1000px\" \/><\/figure><\/div>\n\n\n\n<figure class=\"wp-block-image aligncenter size-full is-resized\"><img decoding=\"async\" src=\"https:\/\/leboisdelagachere.com\/wp-content\/uploads\/2023\/11\/trait.png\" alt=\"\" class=\"wp-image-7499\" style=\"width:150px\"\/><\/figure>\n","protected":false},"excerpt":{"rendered":"<p>Die Surfschule Entdecken Sie die Surfschule, die sich in der N\u00e4he des Campingplatzes in Les Sables d&#8217;Olonne befindet. In den Ferien geht es darum, Neues zu entdecken und neue Abenteuer zu erleben. Auf unserem 4-Sterne-Campingplatz haben wir das Gl\u00fcck, uns direkt vor den Toren des Ozeans zu befinden. Wir verf\u00fcgen sogar \u00fcber einen direkten Zugang [&hellip;]<\/p>\n","protected":false},"author":3,"featured_media":0,"parent":9307,"menu_order":0,"comment_status":"closed","ping_status":"closed","template":"","meta":{"_seopress_robots_primary_cat":"","_seopress_titles_title":"Surfschule nur wenige Schritte vom Campingplatz entfernt in der Vend\u00e9e","_seopress_titles_desc":"Surfen ist eine beliebte Sportart an den Str\u00e4nden der Vend\u00e9e. Ob Anf\u00e4nger oder Fortgeschrittener, nehmen Sie an einem Surfkurs am Strand in der N\u00e4he des Campingplatzes teil.  ","_seopress_robots_index":"","footnotes":""},"class_list":["post-9014","page","type-page","status-publish","hentry"],"_links":{"self":[{"href":"https:\/\/leboisdelagachere.com\/de\/wp-json\/wp\/v2\/pages\/9014","targetHints":{"allow":["GET"]}}],"collection":[{"href":"https:\/\/leboisdelagachere.com\/de\/wp-json\/wp\/v2\/pages"}],"about":[{"href":"https:\/\/leboisdelagachere.com\/de\/wp-json\/wp\/v2\/types\/page"}],"author":[{"embeddable":true,"href":"https:\/\/leboisdelagachere.com\/de\/wp-json\/wp\/v2\/users\/3"}],"replies":[{"embeddable":true,"href":"https:\/\/leboisdelagachere.com\/de\/wp-json\/wp\/v2\/comments?post=9014"}],"version-history":[{"count":2,"href":"https:\/\/leboisdelagachere.com\/de\/wp-json\/wp\/v2\/pages\/9014\/revisions"}],"predecessor-version":[{"id":9561,"href":"https:\/\/leboisdelagachere.com\/de\/wp-json\/wp\/v2\/pages\/9014\/revisions\/9561"}],"up":[{"embeddable":true,"href":"https:\/\/leboisdelagachere.com\/de\/wp-json\/wp\/v2\/pages\/9307"}],"wp:attachment":[{"href":"https:\/\/leboisdelagachere.com\/de\/wp-json\/wp\/v2\/media?parent=9014"}],"curies":[{"name":"wp","href":"https:\/\/api.w.org\/{rel}","templated":true}]}}