{"id":9045,"date":"2023-11-21T15:55:54","date_gmt":"2023-11-21T14:55:54","guid":{"rendered":"https:\/\/dev.leboisdelagachere.com\/urlaubsbuch\/ein-bemerkenswerter-tag-im-veillon\/"},"modified":"2023-12-15T10:48:03","modified_gmt":"2023-12-15T09:48:03","slug":"ein-bemerkenswerter-tag-im-veillon","status":"publish","type":"page","link":"https:\/\/leboisdelagachere.com\/de\/urlaubsbuch\/ein-bemerkenswerter-tag-im-veillon\/","title":{"rendered":"Ein bemerkenswerter Tag im Veillon"},"content":{"rendered":"\n<h1 class=\"wp-block-heading\">Ein bemerkenswerter Tag im Veillon<\/h1>\n\n<h2 class=\"wp-block-heading has-text-color has-link-color wp-elements-83cac473edc4684a6ba075608b9a05b8\" style=\"color:#026678\">Sind Sie bereit, sich auf etwas gefasst zu machen?<\/h2>\n\n<p><em>Dauer: 1 Tag <\/em><\/p>\n\n<div class=\"wp-block-media-text alignfull has-media-on-the-right is-stacked-on-mobile is-vertically-aligned-center is-style-default\" style=\"padding-right:5%;padding-left:5%;grid-template-columns:auto 56%\"><div class=\"wp-block-media-text__content\">\n<p>Sind Sie bereit, einen ungeahnten Ort zu entdecken, an dem der Wald und der Ozean eins sind?<br\/>Folgen Sie uns, aber seien Sie darauf gefasst, in den Bann <strong>dieser einzigartigen Umgebung<\/strong> zu geraten.<br\/>F\u00fcr diese Erfahrung werden wir Ihren Entdeckungsdrang stillen.<br\/>Ich habe keinen Zweifel daran, dass Ihnen diese Erfahrung gefallen wird.<br\/>Seit mehreren Jahren wird dieser Spot zum<strong> &#8222;sch\u00f6nsten Strand der Vend\u00e9e&#8220;<\/strong> gew\u00e4hlt.<br\/>Also, habe ich Ihre Neugierde geweckt?!<br\/><br\/>Wenn Sie eine lange Anreise haben, empfehlen wir Ihnen, fr\u00fch loszufahren. So vermeiden Sie m\u00f6gliche Staus und k\u00f6nnen diesen Ort in Ruhe genie\u00dfen.<br\/>Dieser bekannte Spot zieht viele Urlauber an (was seinem Charme keinen Abbruch tut).<br\/>Vor Ort finden Sie zwei Parkpl\u00e4tze. Das eine ist kostenpflichtig, das andere ist kostenlos. Sie k\u00f6nnen aber sehr gut ein St\u00fcck weiter auf der Avenue de la Plage parken und zu Fu\u00df am Waldrand entlang zum Wasser gehen.<\/p>\n<\/div><figure class=\"wp-block-media-text__media\"><img loading=\"lazy\" decoding=\"async\" width=\"1000\" height=\"751\" src=\"https:\/\/leboisdelagachere.com\/wp-content\/uploads\/2023\/11\/Photo-du-veillon-P1310977.jpg\" alt=\"Besuch des Veillon-Standorts\" class=\"wp-image-7988 size-full\" srcset=\"https:\/\/leboisdelagachere.com\/wp-content\/uploads\/2023\/11\/Photo-du-veillon-P1310977.jpg 1000w, https:\/\/leboisdelagachere.com\/wp-content\/uploads\/2023\/11\/Photo-du-veillon-P1310977-300x225.jpg 300w, https:\/\/leboisdelagachere.com\/wp-content\/uploads\/2023\/11\/Photo-du-veillon-P1310977-768x577.jpg 768w\" sizes=\"auto, (max-width: 1000px) 100vw, 1000px\" \/><\/figure><\/div>\n\n<div class=\"wp-block-columns alignwide are-vertically-aligned-center is-layout-flex wp-container-core-columns-is-layout-7cca1c40 wp-block-columns-is-layout-flex\" style=\"padding-top:var(--wp--preset--spacing--60);padding-bottom:var(--wp--preset--spacing--60)\">\n<div class=\"wp-block-column is-vertically-aligned-center is-layout-flow wp-block-column-is-layout-flow\" style=\"flex-basis:33.62%\">\n<figure class=\"wp-block-image size-full is-resized\"><img loading=\"lazy\" decoding=\"async\" width=\"1000\" height=\"560\" src=\"https:\/\/leboisdelagachere.com\/wp-content\/uploads\/2023\/11\/le-veillon-talmont-saint-hilaire-photo-aerienne-8.jpg\" alt=\"Veillon-Standort\" class=\"wp-image-7989\" style=\"aspect-ratio:0.75;object-fit:cover;width:382px;height:auto\" srcset=\"https:\/\/leboisdelagachere.com\/wp-content\/uploads\/2023\/11\/le-veillon-talmont-saint-hilaire-photo-aerienne-8.jpg 1000w, https:\/\/leboisdelagachere.com\/wp-content\/uploads\/2023\/11\/le-veillon-talmont-saint-hilaire-photo-aerienne-8-300x168.jpg 300w, https:\/\/leboisdelagachere.com\/wp-content\/uploads\/2023\/11\/le-veillon-talmont-saint-hilaire-photo-aerienne-8-768x430.jpg 768w\" sizes=\"auto, (max-width: 1000px) 100vw, 1000px\" \/><\/figure><\/div>\n\n\n\n<div class=\"wp-block-column is-vertically-aligned-center is-layout-flow wp-block-column-is-layout-flow\" style=\"flex-basis:33%\">\n<div style=\"height:55px\" aria-hidden=\"true\" class=\"wp-block-spacer\"><\/div>\n\n\n\n<figure class=\"wp-block-image size-full is-resized\"><img loading=\"lazy\" decoding=\"async\" width=\"1000\" height=\"751\" src=\"https:\/\/leboisdelagachere.com\/wp-content\/uploads\/2023\/11\/Photo-plage-du-veillon-P1320230.jpg\" alt=\"entdeckung strand von veillon\" class=\"wp-image-7990\" style=\"aspect-ratio:0.75;object-fit:cover;width:375px;height:auto\" srcset=\"https:\/\/leboisdelagachere.com\/wp-content\/uploads\/2023\/11\/Photo-plage-du-veillon-P1320230.jpg 1000w, https:\/\/leboisdelagachere.com\/wp-content\/uploads\/2023\/11\/Photo-plage-du-veillon-P1320230-300x225.jpg 300w, https:\/\/leboisdelagachere.com\/wp-content\/uploads\/2023\/11\/Photo-plage-du-veillon-P1320230-768x577.jpg 768w\" sizes=\"auto, (max-width: 1000px) 100vw, 1000px\" \/><\/figure><\/div>\n\n\n\n<div class=\"wp-block-column is-vertically-aligned-center is-layout-flow wp-block-column-is-layout-flow\" style=\"flex-basis:33.38%\">\n<div class=\"wp-block-group has-border-color is-layout-constrained wp-container-core-group-is-layout-db32e940 wp-block-group-is-layout-constrained\" style=\"border-color:#026678;border-width:3px;padding-top:var(--wp--preset--spacing--60);padding-right:var(--wp--preset--spacing--60);padding-bottom:var(--wp--preset--spacing--60);padding-left:var(--wp--preset--spacing--60)\">\n<p>Damit Ihr Tag unter den besten Bedingungen verl\u00e4uft, sollten Sie einige Ausr\u00fcstungsgegenst\u00e4nde mitbringen:<\/p>\n\n\n\n<ul class=\"wp-block-list\">\n<li>Ihren Badeanzug (&amp; Strandutensilien, es w\u00e4re schade, wenn Sie nicht von der Qualit\u00e4t des Badewassers am Strand von Veillon profitieren w\u00fcrden)<\/li>\n\n\n\n<li>ein gutes Paar Schuhe (ja, Sie werden ein wenig laufen) &amp; Flip-Flops (praktischer, um im Sand zu laufen)<\/li>\n\n\n\n<li>eine Flasche Wasser (denken Sie bei hei\u00dfem Wetter an die Fl\u00fcssigkeitszufuhr)<\/li>\n\n\n\n<li>ein Picknick mit allem, was Sie gerne essen (damit Sie sich nach der Wanderung, die wir f\u00fcr Sie bereithalten, etwas Gutes g\u00f6nnen k\u00f6nnen)<\/li>\n<\/ul>\n<\/div>\n<\/div>\n<\/div>\n\n<div class=\"wp-block-group alignfull has-white-color has-text-color has-background has-link-color wp-elements-03cd6c5db64f64c5b88743030c6c7f5c is-layout-constrained wp-container-core-group-is-layout-c6787eed wp-block-group-is-layout-constrained\" style=\"background-color:#026678;padding-top:var(--wp--preset--spacing--60);padding-right:0;padding-bottom:var(--wp--preset--spacing--60);padding-left:0\">\n<div class=\"wp-block-media-text alignfull has-media-on-the-right is-stacked-on-mobile\" style=\"padding-right:10%;padding-left:10%\"><div class=\"wp-block-media-text__content\">\n<p>Wenn Sie gut ausger\u00fcstet sind, k\u00f6nnen Sie sich auf den Weg in Richtung<strong> Plage du Veillon<\/strong> machen.<br\/>Der <a href=\"https:\/\/leboisdelagachere.com\/de\/\" data-type=\"page\" data-id=\"2\">Campingplatz Bois de La Gach\u00e8re<\/a> liegt 35 Autominuten von dieser kleinen Ecke des Paradieses entfernt. Keine Angst, diese Kilometer sind es wert, zur\u00fcckgelegt zu werden. Dies gilt umso mehr, als die Stra\u00dfe an den <a href=\"https:\/\/leboisdelagachere.com\/carnet-de-vacances\/marais-salants-vendee\/\" data-type=\"page\" data-id=\"8056\">Salzg\u00e4rten der \u00cele d&#8217;Olonne<\/a> entlangf\u00fchrt. Wenn Sie als Passagier mitfahren, halten Sie die Augen offen, vielleicht erblicken Sie seltene Vogelarten.<\/p>\n\n\n\n<p>Dort angekommen, werden Sie Zeuge eines atemberaubenden Spektakels. Der Ozean, so weit das Auge reicht, verschmilzt mit dem Blau des Himmels. Sandfl\u00e4chen, die in den Ozean hineinragen. Und dann diese kleinen Inseln, die mit Kiefern bewachsen sind und einen wundersch\u00f6nen Wald bilden. Dieser Naturraum l\u00e4dt zum Entspannen ein.<\/p>\n<\/div><figure class=\"wp-block-media-text__media\"><img loading=\"lazy\" decoding=\"async\" width=\"1000\" height=\"751\" src=\"https:\/\/leboisdelagachere.com\/wp-content\/uploads\/2023\/11\/Photo-pointe-du-payre-P1320178.jpg\" alt=\"landschaft vend\u00e9en de la guittiere\" class=\"wp-image-7991 size-full\" srcset=\"https:\/\/leboisdelagachere.com\/wp-content\/uploads\/2023\/11\/Photo-pointe-du-payre-P1320178.jpg 1000w, https:\/\/leboisdelagachere.com\/wp-content\/uploads\/2023\/11\/Photo-pointe-du-payre-P1320178-300x225.jpg 300w, https:\/\/leboisdelagachere.com\/wp-content\/uploads\/2023\/11\/Photo-pointe-du-payre-P1320178-768x577.jpg 768w\" sizes=\"auto, (max-width: 1000px) 100vw, 1000px\" \/><\/figure><\/div>\n<\/div>\n\n<div class=\"wp-block-media-text alignfull is-stacked-on-mobile\" style=\"padding-top:var(--wp--preset--spacing--60);padding-right:10%;padding-bottom:var(--wp--preset--spacing--60);padding-left:10%\"><figure class=\"wp-block-media-text__media\"><img loading=\"lazy\" decoding=\"async\" width=\"1000\" height=\"667\" src=\"https:\/\/leboisdelagachere.com\/wp-content\/uploads\/2023\/11\/La-guittiere-le-veillon-IMG_2373.jpg\" alt=\"besuch des hafens von la guittiere\" class=\"wp-image-7992 size-full\" srcset=\"https:\/\/leboisdelagachere.com\/wp-content\/uploads\/2023\/11\/La-guittiere-le-veillon-IMG_2373.jpg 1000w, https:\/\/leboisdelagachere.com\/wp-content\/uploads\/2023\/11\/La-guittiere-le-veillon-IMG_2373-300x200.jpg 300w, https:\/\/leboisdelagachere.com\/wp-content\/uploads\/2023\/11\/La-guittiere-le-veillon-IMG_2373-768x512.jpg 768w\" sizes=\"auto, (max-width: 1000px) 100vw, 1000px\" \/><\/figure><div class=\"wp-block-media-text__content\">\n<h2 class=\"wp-block-heading has-text-color has-link-color wp-elements-1aa4bb0b49ec7cb9ce992402b57a0c64\" style=\"color:#026678\">Um diesen Naturraum aus der N\u00e4he zu bewundern, haben wir einen kleinen Spaziergang f\u00fcr Sie reserviert.<\/h2>\n\n\n\n<p>Gehen Sie auf dem Pfad in den Kiefernwald hinein (der Eingang befindet sich auf dem Parkplatz). Der Weg ist markiert und f\u00fchrt Sie geradewegs nach La <strong>Guitti\u00e8re<\/strong>.<br\/>In diesem kleinen <strong>Austernhafen mit seinem authentischen Charme <\/strong>k\u00f6nnen Sie eine Pause einlegen, um k\u00f6stliche, fangfrische Meeresfr\u00fcchte zu kosten und dabei den atemberaubenden Blick auf das Fahrwasser zu genie\u00dfen.<br\/>Zur Auswahl stehen Austern, Venusmuscheln, Garnelen oder auch Kaisergranat, alles begleitet von einem k\u00f6stlichen Glas Wei\u00dfwein.<br\/>Nach dieser kleinen Pause in dieser <strong>paradiesischen Umgebung<\/strong> k\u00f6nnen Sie Ihren Spaziergang fortsetzen und wieder in die k\u00fchlen Kiefernw\u00e4lder zur\u00fcckkehren.<\/p>\n<\/div><\/div>\n\n<div class=\"wp-block-group alignfull has-white-color has-text-color has-background has-link-color wp-elements-c8593a286e9faf4c469ddd9dcc5b7396 is-layout-constrained wp-block-group-is-layout-constrained\" style=\"background-color:#026678\">\n<div class=\"wp-block-media-text alignfull has-media-on-the-right is-stacked-on-mobile\" style=\"padding-top:var(--wp--preset--spacing--60);padding-right:10%;padding-bottom:var(--wp--preset--spacing--60);padding-left:10%\"><div class=\"wp-block-media-text__content\">\n<h2 class=\"wp-block-heading\">Paradiesisches Mittagessen<\/h2>\n\n\n\n<p>Hat Sie dieser kleine Appetithappen hungrig gemacht? Es ist an der Zeit, einen sch\u00f6nen Ort zu finden, an dem Sie Ihr Handtuch ablegen und Ihr kleines Picknick genie\u00dfen k\u00f6nnen. Neben den k\u00fchlen Kiefern haben Sie auch einen atemberaubenden Blick auf die Lagune. Was kann man sich mehr w\u00fcnschen?<br\/>Diese einfachen Freuden des Lebens sind es, die Ihnen am besten in Erinnerung bleiben werden.<\/p>\n\n\n\n<p><img loading=\"lazy\" decoding=\"async\" width=\"30\" height=\"26\" class=\"wp-image-8012\" style=\"width: 30px;\" src=\"https:\/\/leboisdelagachere.com\/wp-content\/uploads\/2023\/11\/guilmet-ok-couleur-blanc-ok.png\" alt=\"\" srcset=\"https:\/\/leboisdelagachere.com\/wp-content\/uploads\/2023\/11\/guilmet-ok-couleur-blanc-ok.png 528w, https:\/\/leboisdelagachere.com\/wp-content\/uploads\/2023\/11\/guilmet-ok-couleur-blanc-ok-300x263.png 300w\" sizes=\"auto, (max-width: 30px) 100vw, 30px\" \/><strong><em>  Es ist an der Zeit, Ihr Smartphone zu z\u00fccken und Ihre sch\u00f6nsten Urlaubsfotos zu machen.<\/em><\/strong><\/p>\n<\/div><figure class=\"wp-block-media-text__media\"><img loading=\"lazy\" decoding=\"async\" width=\"1000\" height=\"666\" src=\"https:\/\/leboisdelagachere.com\/wp-content\/uploads\/2023\/11\/photo-aerienne-payre-veillon-DSC_4158.jpg\" alt=\"landschaft am strand von veillon\" class=\"wp-image-7993 size-full\" srcset=\"https:\/\/leboisdelagachere.com\/wp-content\/uploads\/2023\/11\/photo-aerienne-payre-veillon-DSC_4158.jpg 1000w, https:\/\/leboisdelagachere.com\/wp-content\/uploads\/2023\/11\/photo-aerienne-payre-veillon-DSC_4158-300x200.jpg 300w, https:\/\/leboisdelagachere.com\/wp-content\/uploads\/2023\/11\/photo-aerienne-payre-veillon-DSC_4158-768x511.jpg 768w\" sizes=\"auto, (max-width: 1000px) 100vw, 1000px\" \/><\/figure><\/div>\n<\/div>\n\n<div class=\"wp-block-media-text alignfull is-stacked-on-mobile\" style=\"padding-top:var(--wp--preset--spacing--60);padding-right:10%;padding-bottom:var(--wp--preset--spacing--60);padding-left:10%\"><figure class=\"wp-block-media-text__media\"><img loading=\"lazy\" decoding=\"async\" width=\"1000\" height=\"751\" src=\"https:\/\/leboisdelagachere.com\/wp-content\/uploads\/2023\/11\/Photo-plage-du-veillon-P1320064.jpg\" alt=\"wassersportliche aktivit\u00e4ten am strand von veillob\" class=\"wp-image-7994 size-full\" srcset=\"https:\/\/leboisdelagachere.com\/wp-content\/uploads\/2023\/11\/Photo-plage-du-veillon-P1320064.jpg 1000w, https:\/\/leboisdelagachere.com\/wp-content\/uploads\/2023\/11\/Photo-plage-du-veillon-P1320064-300x225.jpg 300w, https:\/\/leboisdelagachere.com\/wp-content\/uploads\/2023\/11\/Photo-plage-du-veillon-P1320064-768x577.jpg 768w\" sizes=\"auto, (max-width: 1000px) 100vw, 1000px\" \/><\/figure><div class=\"wp-block-media-text__content\">\n<h2 class=\"wp-block-heading has-text-color has-link-color wp-elements-83ab5fcb75a505df7fa9079d5421a73f\" style=\"color:#026678\">Ein hektisches Ende des Tages<\/h2>\n\n\n\n<p>Wenn Faulenzen am Strand nicht Ihr Ding ist, bietet sich der Strand von Veillon f\u00fcr einige <strong>Wassersportaktivit\u00e4ten<\/strong> an.<br\/>Wir empfehlen Ihnen das Paddle. Die ruhige Lage der Lagune ist daf\u00fcr geeignet.<br\/>Stellen Sie sich darauf ein, dass Sie ein paar Sch\u00fcsseln abbekommen. Diese scheinbar einfache Aktivit\u00e4t ist letztlich gar nicht so einfach!<br\/>Geduld und Ausgewogenheit sind das Gebot der Stunde.<\/p>\n\n\n\n<p>Zeichnen Sie diese Momente in Ihrem Ged\u00e4chtnis auf und bewahren Sie die G\u00fcter sorgf\u00e4ltig auf. Es sind diese Momente, die einen Urlaub so besonders machen.<br\/>Du wirst es lieben, deinen Lieben von diesem Tag zu erz\u00e4hlen, wenn du aus dem Urlaub zur\u00fcckkommst.<\/p>\n<\/div><\/div>\n\n<div class=\"wp-block-group is-layout-constrained wp-block-group-is-layout-constrained\" style=\"padding-top:var(--wp--preset--spacing--50);padding-bottom:var(--wp--preset--spacing--50)\">\n<figure class=\"wp-block-image aligncenter size-full is-resized\"><img decoding=\"async\" src=\"https:\/\/leboisdelagachere.com\/wp-content\/uploads\/2023\/11\/trait.png\" alt=\"\" class=\"wp-image-7499\" style=\"width:150px\"\/><\/figure><\/div>\n","protected":false},"excerpt":{"rendered":"<p>Ein bemerkenswerter Tag im Veillon Sind Sie bereit, sich auf etwas gefasst zu machen? Dauer: 1 Tag Sind Sie bereit, einen ungeahnten Ort zu entdecken, an dem der Wald und der Ozean eins sind?Folgen Sie uns, aber seien Sie darauf gefasst, in den Bann dieser einzigartigen Umgebung zu geraten.F\u00fcr diese Erfahrung werden wir Ihren Entdeckungsdrang [&hellip;]<\/p>\n","protected":false},"author":3,"featured_media":0,"parent":9015,"menu_order":0,"comment_status":"closed","ping_status":"closed","template":"","meta":{"_seopress_robots_primary_cat":"","_seopress_titles_title":"Auf Entdeckungstour durch die Veillon-St\u00e4tte in der Vend\u00e9e","_seopress_titles_desc":"Entdecken Sie den au\u00dfergew\u00f6hnlichen Ort Le Veillon. Der sch\u00f6nste Strand der Vend\u00e9e liegt nur wenige Minuten vom 4-Sterne-Campingplatz Le Bois de La Gach\u00e8re entfernt.  ","_seopress_robots_index":"","footnotes":""},"class_list":["post-9045","page","type-page","status-publish","hentry"],"_links":{"self":[{"href":"https:\/\/leboisdelagachere.com\/de\/wp-json\/wp\/v2\/pages\/9045","targetHints":{"allow":["GET"]}}],"collection":[{"href":"https:\/\/leboisdelagachere.com\/de\/wp-json\/wp\/v2\/pages"}],"about":[{"href":"https:\/\/leboisdelagachere.com\/de\/wp-json\/wp\/v2\/types\/page"}],"author":[{"embeddable":true,"href":"https:\/\/leboisdelagachere.com\/de\/wp-json\/wp\/v2\/users\/3"}],"replies":[{"embeddable":true,"href":"https:\/\/leboisdelagachere.com\/de\/wp-json\/wp\/v2\/comments?post=9045"}],"version-history":[{"count":1,"href":"https:\/\/leboisdelagachere.com\/de\/wp-json\/wp\/v2\/pages\/9045\/revisions"}],"predecessor-version":[{"id":9060,"href":"https:\/\/leboisdelagachere.com\/de\/wp-json\/wp\/v2\/pages\/9045\/revisions\/9060"}],"up":[{"embeddable":true,"href":"https:\/\/leboisdelagachere.com\/de\/wp-json\/wp\/v2\/pages\/9015"}],"wp:attachment":[{"href":"https:\/\/leboisdelagachere.com\/de\/wp-json\/wp\/v2\/media?parent=9045"}],"curies":[{"name":"wp","href":"https:\/\/api.w.org\/{rel}","templated":true}]}}