{"id":9058,"date":"2023-11-21T14:39:37","date_gmt":"2023-11-21T13:39:37","guid":{"rendered":"https:\/\/dev.leboisdelagachere.com\/durch-die-staedte-streifen\/"},"modified":"2023-12-18T11:31:02","modified_gmt":"2023-12-18T10:31:02","slug":"durch-die-staedte-streifen","status":"publish","type":"page","link":"https:\/\/leboisdelagachere.com\/de\/durch-die-staedte-streifen\/","title":{"rendered":"Durch die St\u00e4dte streifen"},"content":{"rendered":"\n<h1 class=\"wp-block-heading\">Durch die St\u00e4dte streifen<\/h1>\n\n\n\n<div class=\"wp-block-columns alignwide is-layout-flex wp-container-core-columns-is-layout-28f84493 wp-block-columns-is-layout-flex\">\n<div class=\"wp-block-column is-layout-flow wp-block-column-is-layout-flow\">\n<div class=\"wp-block-sev-encart\"><a href=\"https:\/\/leboisdelagachere.com\/de\/durch-die-staedte-streifen\/les-sables-dolonne\/\"><img decoding=\"async\" src=\"https:\/\/leboisdelagachere.com\/wp-content\/uploads\/2023\/11\/les-sables-d-olonne-DSC_5956.jpg\" alt=\"\"\/><div class=\"wp-block-sev-encart-content\"><div class=\"wp-block-sev-encart-label\">Les Sables d&#8217;Olonne<\/div><\/div><div class=\"wp-block-sev-encart-btn\">Entdecken Sie<\/div><\/a><\/div>\n<\/div>\n\n\n\n<div class=\"wp-block-column is-layout-flow wp-block-column-is-layout-flow\">\n<div class=\"wp-block-sev-encart\"><a href=\"https:\/\/leboisdelagachere.com\/de\/durch-die-staedte-streifen\/saint-gilles-croix-de-vie\/\"><img decoding=\"async\" src=\"https:\/\/leboisdelagachere.com\/wp-content\/uploads\/2023\/11\/Saint-Gilles-Croix-de-Vie-DSC_1590-1.jpg\" alt=\"\"\/><div class=\"wp-block-sev-encart-content\"><div class=\"wp-block-sev-encart-label\">Saint Gilles Croix de Vie<\/div><\/div><div class=\"wp-block-sev-encart-btn\">Entdecken Sie<\/div><\/a><\/div>\n<\/div>\n<\/div>\n","protected":false},"excerpt":{"rendered":"<p>Durch die St\u00e4dte streifen<\/p>\n","protected":false},"author":3,"featured_media":0,"parent":0,"menu_order":0,"comment_status":"closed","ping_status":"closed","template":"","meta":{"_seopress_robots_primary_cat":"","_seopress_titles_title":"Streife durch die St\u00e4dte der Vend\u00e9e - 4* Campingplatz Le Bois de La Gach\u00e8re","_seopress_titles_desc":"W\u00e4hrend Ihres Urlaubs auf unserem 4-Sterne-Campingplatz mit direktem Zugang zum Strand k\u00f6nnen Sie die St\u00e4dte Les Sables d&#039;Olonne und Saint Gilles Croix de Vie entdecken.  ","_seopress_robots_index":"","footnotes":""},"class_list":["post-9058","page","type-page","status-publish","hentry"],"_links":{"self":[{"href":"https:\/\/leboisdelagachere.com\/de\/wp-json\/wp\/v2\/pages\/9058","targetHints":{"allow":["GET"]}}],"collection":[{"href":"https:\/\/leboisdelagachere.com\/de\/wp-json\/wp\/v2\/pages"}],"about":[{"href":"https:\/\/leboisdelagachere.com\/de\/wp-json\/wp\/v2\/types\/page"}],"author":[{"embeddable":true,"href":"https:\/\/leboisdelagachere.com\/de\/wp-json\/wp\/v2\/users\/3"}],"replies":[{"embeddable":true,"href":"https:\/\/leboisdelagachere.com\/de\/wp-json\/wp\/v2\/comments?post=9058"}],"version-history":[{"count":2,"href":"https:\/\/leboisdelagachere.com\/de\/wp-json\/wp\/v2\/pages\/9058\/revisions"}],"predecessor-version":[{"id":9560,"href":"https:\/\/leboisdelagachere.com\/de\/wp-json\/wp\/v2\/pages\/9058\/revisions\/9560"}],"wp:attachment":[{"href":"https:\/\/leboisdelagachere.com\/de\/wp-json\/wp\/v2\/media?parent=9058"}],"curies":[{"name":"wp","href":"https:\/\/api.w.org\/{rel}","templated":true}]}}