{"id":9075,"date":"2023-11-21T17:02:57","date_gmt":"2023-11-21T16:02:57","guid":{"rendered":"https:\/\/dev.leboisdelagachere.com\/urlaubsbuch\/besuch-der-insel-yeu\/"},"modified":"2023-12-15T10:48:11","modified_gmt":"2023-12-15T09:48:11","slug":"besuch-der-insel-yeu","status":"publish","type":"page","link":"https:\/\/leboisdelagachere.com\/de\/urlaubsbuch\/besuch-der-insel-yeu\/","title":{"rendered":"Besuch der Insel Yeu"},"content":{"rendered":"\n<h1 class=\"wp-block-heading\">Verzauberte Eskapade<\/h1>\n\n<h2 class=\"wp-block-heading has-text-color has-link-color wp-elements-d052c1f89c6481f8e672749af251dbcf\" style=\"color:#026678\">Verzauberter Ausflug zu einem kleinen Naturjuwel.<\/h2>\n\n<p>Dauer: 1 Tag<\/p>\n\n<div class=\"wp-block-media-text alignfull has-media-on-the-right is-stacked-on-mobile is-vertically-aligned-center is-image-fill is-style-default\" style=\"padding-top:var(--wp--preset--spacing--60);padding-right:5%;padding-left:5%;grid-template-columns:auto 56%\"><div class=\"wp-block-media-text__content\">\n<p>Sie m\u00fcssen nicht den Atlantik \u00fcberqueren, um <strong>traumhafte Spots<\/strong> zu genie\u00dfen.<br\/>W\u00e4hrend Ihres Urlaubs in der Vend\u00e9e werden Sie <strong>kleine Buchten<\/strong> mit wei\u00dfem Sand und kristallklarem Wasser finden.<br\/>Um die sch\u00f6nsten Str\u00e4nde der Vend\u00e9e zu finden, gehen Sie <strong>auf die \u00cele d&#8217;Yeu<\/strong>.<br\/>Abgesehen davon, dass Sie atemberaubende <strong>Spots<\/strong> entdecken, ist es zweifellos eine Erfahrung, die Sie nie vergessen werden.<br\/>Sie wird in Ihrem Ged\u00e4chtnis mit einem gl\u00fchenden Eisen versiegelt werden!<br\/>Wie Sie sicher bemerkt haben, sollten Sie f\u00fcr dieses Erlebnis neben Ihren Turnschuhen auch Ihre Badekleidung nicht vergessen.<\/p>\n\n\n\n<p>Es gibt zwei M\u00f6glichkeiten, um auf die Insel zu gelangen.<br\/>Sie k\u00f6nnen zwischen der See- und der Flugverbindung w\u00e4hlen.<\/p>\n\n\n\n<div class=\"wp-block-group has-border-color is-layout-constrained wp-container-core-group-is-layout-db32e940 wp-block-group-is-layout-constrained\" style=\"border-color:#026678;border-width:3px;padding-top:var(--wp--preset--spacing--60);padding-right:var(--wp--preset--spacing--60);padding-bottom:var(--wp--preset--spacing--60);padding-left:var(--wp--preset--spacing--60)\">\n<p><strong>Einschiffung ab dem Hafen von Saint Gilles Croix de Vie.<br\/><\/strong>Die Compagnie Vend\u00e9enne bietet das ganze Jahr \u00fcber \u00dcberfahrten an.<br\/>Alle Fahrpl\u00e4ne der \u00dcberfahrten finden Sie auf dieser Website: https:\/\/www.compagnie-vendeenne.com\/fr\/saint-gilles-croix-de-vie<br\/>Der Vorteil einer Bootsfahrt in Saint Gilles Croix de Vie ist, dass die Anlegestelle weniger als 30 Minuten vom Campingplatz entfernt ist und dass man Ihnen kostenlose Parkm\u00f6glichkeiten anbietet.<\/p>\n\n\n\n<p>Hier ist eine Liste der kostenlosen Parkpl\u00e4tze :<\/p>\n\n\n\n<ul class=\"wp-block-list\">\n<li>Parkplatz &#8222;Ile d&#8217;Yeu&#8220;, der sich 500 m von der Anlegestelle entfernt befindet<\/li>\n\n\n\n<li>Parkplatz des alten Schwimmbads, der sich 1 km von der Anlegestelle entfernt befindet<br\/>Die Fahrt dauert 60 Minuten, also genau die richtige Zeit, um diese kleine Bootsfahrt zu genie\u00dfen.<\/li>\n<\/ul>\n\n\n\n<p><strong>Die Reise mit dem Hubschrauber.<br\/><\/strong>Oya Vend\u00e9e H\u00e9licopt\u00e8re bietet Ihnen einen \u00dcberflug in nur 10 Minuten an.<br\/>Sie k\u00f6nnen die Insel aus der Luft bewundern. Ein atemberaubendes Spektakel.<\/p>\n\n\n\n<p>In beiden F\u00e4llen empfehlen wir Ihnen, sich f\u00fcr die ersten Abfahrten zu entscheiden. So haben Sie den ganzen Tag vor sich, um die Insel zu erkunden.<\/p>\n<\/div>\n<\/div><figure class=\"wp-block-media-text__media\" style=\"background-image:url(https:\/\/leboisdelagachere.com\/wp-content\/uploads\/2023\/11\/Aerienne-IledYeu2.jpg);background-position:50% 50%\"><img loading=\"lazy\" decoding=\"async\" width=\"1000\" height=\"667\" src=\"https:\/\/leboisdelagachere.com\/wp-content\/uploads\/2023\/11\/Aerienne-IledYeu2.jpg\" alt=\"d\u00e9couverte de l'\u00eele d'Yeu\" class=\"wp-image-8302 size-full\" srcset=\"https:\/\/leboisdelagachere.com\/wp-content\/uploads\/2023\/11\/Aerienne-IledYeu2.jpg 1000w, https:\/\/leboisdelagachere.com\/wp-content\/uploads\/2023\/11\/Aerienne-IledYeu2-300x200.jpg 300w, https:\/\/leboisdelagachere.com\/wp-content\/uploads\/2023\/11\/Aerienne-IledYeu2-768x512.jpg 768w\" sizes=\"auto, (max-width: 1000px) 100vw, 1000px\" \/><\/figure><\/div>\n\n<div class=\"wp-block-columns alignwide are-vertically-aligned-center is-layout-flex wp-container-core-columns-is-layout-7cca1c40 wp-block-columns-is-layout-flex\" style=\"padding-top:var(--wp--preset--spacing--60);padding-bottom:var(--wp--preset--spacing--60)\">\n<div class=\"wp-block-column is-vertically-aligned-center is-layout-flow wp-block-column-is-layout-flow\" style=\"flex-basis:33.62%\">\n<figure class=\"wp-block-image size-full is-resized\"><img loading=\"lazy\" decoding=\"async\" width=\"1000\" height=\"667\" src=\"https:\/\/leboisdelagachere.com\/wp-content\/uploads\/2023\/11\/ile-d-yeu-IMG_8518.jpg\" alt=\"Besuch der Insel Yeu\" class=\"wp-image-7851\" style=\"aspect-ratio:0.75;object-fit:cover;width:382px;height:auto\" srcset=\"https:\/\/leboisdelagachere.com\/wp-content\/uploads\/2023\/11\/ile-d-yeu-IMG_8518.jpg 1000w, https:\/\/leboisdelagachere.com\/wp-content\/uploads\/2023\/11\/ile-d-yeu-IMG_8518-300x200.jpg 300w, https:\/\/leboisdelagachere.com\/wp-content\/uploads\/2023\/11\/ile-d-yeu-IMG_8518-768x512.jpg 768w\" sizes=\"auto, (max-width: 1000px) 100vw, 1000px\" \/><\/figure><\/div>\n\n\n\n<div class=\"wp-block-column is-vertically-aligned-center is-layout-flow wp-block-column-is-layout-flow\" style=\"flex-basis:33%\">\n<div style=\"height:55px\" aria-hidden=\"true\" class=\"wp-block-spacer\"><\/div>\n\n\n\n<figure class=\"wp-block-image size-full is-resized\"><img loading=\"lazy\" decoding=\"async\" width=\"1000\" height=\"667\" src=\"https:\/\/leboisdelagachere.com\/wp-content\/uploads\/2023\/11\/ile-d-yeu-vue-aerienne.jpg\" alt=\"urlaub auf der &#xCE;le d'Yeu\" class=\"wp-image-7849\" style=\"aspect-ratio:0.75;object-fit:cover;width:375px;height:auto\" srcset=\"https:\/\/leboisdelagachere.com\/wp-content\/uploads\/2023\/11\/ile-d-yeu-vue-aerienne.jpg 1000w, https:\/\/leboisdelagachere.com\/wp-content\/uploads\/2023\/11\/ile-d-yeu-vue-aerienne-300x200.jpg 300w, https:\/\/leboisdelagachere.com\/wp-content\/uploads\/2023\/11\/ile-d-yeu-vue-aerienne-768x512.jpg 768w\" sizes=\"auto, (max-width: 1000px) 100vw, 1000px\" \/><\/figure><\/div>\n\n\n\n<div class=\"wp-block-column is-vertically-aligned-center is-layout-flow wp-block-column-is-layout-flow\" style=\"flex-basis:33.38%\">\n<h2 class=\"wp-block-heading has-text-color has-link-color wp-elements-0c47b4902cf88a2659fb09f3d63fa4c8\" style=\"color:#026678\">Abfahrt steht bevor&#8230;<\/h2>\n\n\n\n<p>Mit den F\u00fc\u00dfen fest auf dem Boden, k\u00f6nnen Sie endlich Ihren Tag genie\u00dfen.<\/p>\n\n\n\n<p><img decoding=\"async\" class=\"wp-image-7385\" style=\"width: 30px;\" src=\"https:\/\/leboisdelagachere.com\/wp-content\/uploads\/2023\/11\/guilmet-ok-couleur.png\" alt=\"camping au coeur du bois\"\/><strong><em>  Kleiner Tipp vom Team: Die beste Art, die Insel Yeu zu erkunden, ist mit dem Fahrrad.  <\/em><\/strong><\/p>\n\n\n\n<p>Vor Ort befinden sich zahlreiche Fahrradverleiher. Wenn Sie in letzter Minute buchen, laufen Sie leider Gefahr, Ihr Reittier zu verpassen. <strong>Buchen<\/strong> Sie also im <strong>Voraus<\/strong>. Hier sind einige Adressen:<\/p>\n\n\n\n<ul class=\"wp-block-list\">\n<li>Fahrrad Yeu<\/li>\n\n\n\n<li>Das Freie Rad<\/li>\n\n\n\n<li>Ker Cycle<\/li>\n<\/ul>\n<\/div>\n<\/div>\n\n<div class=\"wp-block-group alignfull has-white-color has-text-color has-background has-link-color wp-elements-21e3c5061cd36f1514fc04b6a326967d is-layout-constrained wp-container-core-group-is-layout-c6787eed wp-block-group-is-layout-constrained\" style=\"background-color:#026678;padding-top:var(--wp--preset--spacing--60);padding-right:0;padding-bottom:var(--wp--preset--spacing--60);padding-left:0\">\n<div class=\"wp-block-media-text alignfull has-media-on-the-right is-stacked-on-mobile\" style=\"padding-right:10%;padding-left:10%\"><div class=\"wp-block-media-text__content\">\n<h2 class=\"wp-block-heading\">Auf dem Programm &#8230;<\/h2>\n\n\n\n<p>Entdecken Sie alle <strong>Geheimnisse der Insel<\/strong> mit dem Fahrrad. Auf zahlreichen Wanderwegen k\u00f6nnen Sie die Landschaft genie\u00dfen.<br\/>Was gibt es Sch\u00f6neres, als mit wehendem Haar spazieren zu gehen, den Geist zu l\u00fcften, das Gef\u00fchl der Freiheit zu genie\u00dfen, das Sie \u00fcberkommt, und sich von den Pfaden leiten zu lassen.<br\/>Die Insel mit dem Fahrrad zu umrunden stellt keine Schwierigkeit dar, da das Gel\u00e4nde die ganze Zeit \u00fcber ziemlich flach ist.<\/p>\n<\/div><figure class=\"wp-block-media-text__media\"><img loading=\"lazy\" decoding=\"async\" width=\"1000\" height=\"667\" src=\"https:\/\/leboisdelagachere.com\/wp-content\/uploads\/2023\/11\/ile-d-yeu-IMG_8364.jpg\" alt=\"visite de l'\u00eele d'Yeu en Vend\u00e9e\" class=\"wp-image-7853 size-full\" srcset=\"https:\/\/leboisdelagachere.com\/wp-content\/uploads\/2023\/11\/ile-d-yeu-IMG_8364.jpg 1000w, https:\/\/leboisdelagachere.com\/wp-content\/uploads\/2023\/11\/ile-d-yeu-IMG_8364-300x200.jpg 300w, https:\/\/leboisdelagachere.com\/wp-content\/uploads\/2023\/11\/ile-d-yeu-IMG_8364-768x512.jpg 768w\" sizes=\"auto, (max-width: 1000px) 100vw, 1000px\" \/><\/figure><\/div>\n<\/div>\n\n<div class=\"wp-block-media-text alignfull is-stacked-on-mobile\" style=\"padding-top:var(--wp--preset--spacing--60);padding-right:10%;padding-bottom:var(--wp--preset--spacing--60);padding-left:10%\"><figure class=\"wp-block-media-text__media\"><img loading=\"lazy\" decoding=\"async\" width=\"1000\" height=\"667\" src=\"https:\/\/leboisdelagachere.com\/wp-content\/uploads\/2023\/11\/ile-d-yeu-IMG_8425.jpg\" alt=\"visite de l'\u00eele d'Yeu en Vend\u00e9e\" class=\"wp-image-7852 size-full\" srcset=\"https:\/\/leboisdelagachere.com\/wp-content\/uploads\/2023\/11\/ile-d-yeu-IMG_8425.jpg 1000w, https:\/\/leboisdelagachere.com\/wp-content\/uploads\/2023\/11\/ile-d-yeu-IMG_8425-300x200.jpg 300w, https:\/\/leboisdelagachere.com\/wp-content\/uploads\/2023\/11\/ile-d-yeu-IMG_8425-768x512.jpg 768w\" sizes=\"auto, (max-width: 1000px) 100vw, 1000px\" \/><\/figure><div class=\"wp-block-media-text__content\">\n<h2 class=\"wp-block-heading has-text-color has-link-color wp-elements-093ed35d00959adab2f6636293d8d493\" style=\"color:#026678\">Starten Sie, in Ihrem eigenen Tempo<\/h2>\n\n\n\n<p>Dennoch gibt es einige Spots auf der Insel, die Sie sich nicht entgehen lassen sollten.<\/p>\n\n\n\n<p><strong>Das Alte Schloss.<br\/><\/strong>Das unter <strong>Denkmalschutz<\/strong> stehende <strong>Schloss<\/strong>ist ein architektonisches Juwel.<br\/>Seine Besonderheit: Er ist auf einem Felsen gebaut und steht mit Blick auf den Ozean.<br\/>Es werden F\u00fchrungen angeboten &amp; wenn Sie Geschichte und alte Steine m\u00f6gen, dann empfehlen wir Ihnen diesen Besuch sehr.<\/p>\n\n\n\n<div class=\"wp-block-group has-border-color is-layout-constrained wp-container-core-group-is-layout-f611be13 wp-block-group-is-layout-constrained\" style=\"border-color:#026678;border-style:solid;border-width:3px;padding-top:var(--wp--preset--spacing--50);padding-right:var(--wp--preset--spacing--50);padding-bottom:var(--wp--preset--spacing--50);padding-left:var(--wp--preset--spacing--50)\">\n<p>Gef\u00fchrte Besichtigungen (Dauer 40 Min.)<br\/>F\u00fchrungen um 11:00, 11:30, 12:00, 16:30, 17:00 und 17:30 Uhr.<br\/>Eintrittspreise: 4 Euro<br\/>Halten Sie auf Ihrer Wanderung die Augen offen, vielleicht sehen Sie Dolmen aus der Vorgeschichte.<\/p>\n<\/div>\n\n\n\n<p style=\"padding-top:var(--wp--preset--spacing--30)\"><strong>Der Gro\u00dfe Leucht<\/strong>turm <strong><br\/> Sie haben die M\u00f6glichkeit, diesen gro\u00dfen, 41 Meter hohen Leuchtturm zu besichtigen.<\/strong><\/p>\n<\/div><\/div>\n\n<div class=\"wp-block-group alignfull has-white-color has-text-color has-background has-link-color wp-elements-848091121d2938442979f19310d37171 is-layout-constrained wp-block-group-is-layout-constrained\" style=\"background-color:#026678\">\n<div class=\"wp-block-media-text alignfull has-media-on-the-right is-stacked-on-mobile is-image-fill\" style=\"padding-top:var(--wp--preset--spacing--60);padding-right:10%;padding-bottom:var(--wp--preset--spacing--60);padding-left:10%\"><div class=\"wp-block-media-text__content\">\n<h2 class=\"wp-block-heading\">Die Str\u00e4nde<\/h2>\n\n\n\n<p>Nehmen Sie sich nach Ihrem Spaziergang die Zeit, um an einem der <strong>wundersch\u00f6nen Str\u00e4nde der Insel<\/strong> zu verweilen.<br\/>Von kleinen, intimen Buchten bis hin zu gro\u00dfen Str\u00e4nden ist f\u00fcr jeden Geschmack etwas dabei.<br\/>Trotz ihrer Gr\u00f6\u00dfe verf\u00fcgt die Insel \u00fcber etwa 30 Str\u00e4nde.<\/p>\n\n\n\n<div class=\"wp-block-group is-layout-constrained wp-container-core-group-is-layout-f611be13 wp-block-group-is-layout-constrained\" style=\"border-width:3px;padding-top:var(--wp--preset--spacing--50);padding-right:var(--wp--preset--spacing--50);padding-bottom:var(--wp--preset--spacing--50);padding-left:var(--wp--preset--spacing--50)\">\n<p><em>Wir haben unsere kleinen Favoriten:<br\/><\/em>La plage des Soux, eine kleine Bucht mit t\u00fcrkisfarbenem Wasser.<br\/>L&#8217;Anse des Broches<br\/>La Plage de la Belle Maison<br\/>Der Strand von Sabias<\/p>\n<\/div>\n\n\n\n<p style=\"padding-top:var(--wp--preset--spacing--30)\">Nehmen Sie sich die Zeit, Ihr Handtuch abzulegen und genie\u00dfen Sie das Schwimmen in klarem Wasser, das von Klippen umgeben ist. Was f\u00fcr ein Fu\u00df!<\/p>\n\n\n\n<p><strong><em><img loading=\"lazy\" decoding=\"async\" width=\"30\" height=\"26\" class=\"wp-image-8012\" style=\"width: 30px;\" src=\"https:\/\/leboisdelagachere.com\/wp-content\/uploads\/2023\/11\/guilmet-ok-couleur-blanc-ok.png\" alt=\"\" srcset=\"https:\/\/leboisdelagachere.com\/wp-content\/uploads\/2023\/11\/guilmet-ok-couleur-blanc-ok.png 528w, https:\/\/leboisdelagachere.com\/wp-content\/uploads\/2023\/11\/guilmet-ok-couleur-blanc-ok-300x263.png 300w\" sizes=\"auto, (max-width: 30px) 100vw, 30px\" \/>  Kleiner Tipp: Wenn Radfahren nicht Ihr Ding ist, k\u00f6nnen Sie sich f\u00fcr eine originelle Tour mit dem kleinen Zug der Insel entscheiden.<\/em><\/strong><\/p>\n\n\n\n<p>Um Ihren Tag mit einer guten Note zu beenden, setzen Sie sich in eines der Restaurants in Port Joinville.<br\/>Unser kleiner Favorit ist La Plancha du P\u00eacheur (Die Plancha des Fischers). Eine k\u00f6stlich zubereitete Speisekarte, die Ihre Geschmacksknospen zum Kribbeln bringt.<\/p>\n<\/div><figure class=\"wp-block-media-text__media\" style=\"background-image:url(https:\/\/leboisdelagachere.com\/wp-content\/uploads\/2023\/11\/ile-d-yeu-cabane-de-plage-vue-mer.jpg);background-position:50% 50%\"><img loading=\"lazy\" decoding=\"async\" width=\"1000\" height=\"667\" src=\"https:\/\/leboisdelagachere.com\/wp-content\/uploads\/2023\/11\/ile-d-yeu-cabane-de-plage-vue-mer.jpg\" alt=\"plage de l'\u00eele d'Yeu\" class=\"wp-image-7854 size-full\" srcset=\"https:\/\/leboisdelagachere.com\/wp-content\/uploads\/2023\/11\/ile-d-yeu-cabane-de-plage-vue-mer.jpg 1000w, https:\/\/leboisdelagachere.com\/wp-content\/uploads\/2023\/11\/ile-d-yeu-cabane-de-plage-vue-mer-300x200.jpg 300w, https:\/\/leboisdelagachere.com\/wp-content\/uploads\/2023\/11\/ile-d-yeu-cabane-de-plage-vue-mer-768x512.jpg 768w\" sizes=\"auto, (max-width: 1000px) 100vw, 1000px\" \/><\/figure><\/div>\n<\/div>\n\n<div class=\"wp-block-group is-layout-constrained wp-block-group-is-layout-constrained\" style=\"padding-top:var(--wp--preset--spacing--50);padding-bottom:var(--wp--preset--spacing--50)\">\n<figure class=\"wp-block-image aligncenter size-full is-resized\"><img decoding=\"async\" src=\"https:\/\/leboisdelagachere.com\/wp-content\/uploads\/2023\/11\/trait.png\" alt=\"\" class=\"wp-image-7499\" style=\"width:150px\"\/><\/figure><\/div>\n","protected":false},"excerpt":{"rendered":"<p>Verzauberte Eskapade Verzauberter Ausflug zu einem kleinen Naturjuwel. Dauer: 1 Tag Abfahrt steht bevor&#8230; Mit den F\u00fc\u00dfen fest auf dem Boden, k\u00f6nnen Sie endlich Ihren Tag genie\u00dfen. Kleiner Tipp vom Team: Die beste Art, die Insel Yeu zu erkunden, ist mit dem Fahrrad. Vor Ort befinden sich zahlreiche Fahrradverleiher. Wenn Sie in letzter Minute buchen, [&hellip;]<\/p>\n","protected":false},"author":3,"featured_media":0,"parent":9015,"menu_order":0,"comment_status":"closed","ping_status":"closed","template":"","meta":{"_seopress_robots_primary_cat":"","_seopress_titles_title":"Zauberhafter Ausflug in die Vend\u00e9e - Besuchen Sie die \u00cele d'Yeu","_seopress_titles_desc":"F\u00fcr dieses zauberhafte Erlebnis sollten Sie sich auf den Weg machen, um die Insel Yeu zu besuchen. Wir haben f\u00fcr Sie einen unvergesslichen Tag auf dieser wilden Insel zusammengestellt.  ","_seopress_robots_index":"","footnotes":""},"class_list":["post-9075","page","type-page","status-publish","hentry"],"_links":{"self":[{"href":"https:\/\/leboisdelagachere.com\/de\/wp-json\/wp\/v2\/pages\/9075","targetHints":{"allow":["GET"]}}],"collection":[{"href":"https:\/\/leboisdelagachere.com\/de\/wp-json\/wp\/v2\/pages"}],"about":[{"href":"https:\/\/leboisdelagachere.com\/de\/wp-json\/wp\/v2\/types\/page"}],"author":[{"embeddable":true,"href":"https:\/\/leboisdelagachere.com\/de\/wp-json\/wp\/v2\/users\/3"}],"replies":[{"embeddable":true,"href":"https:\/\/leboisdelagachere.com\/de\/wp-json\/wp\/v2\/comments?post=9075"}],"version-history":[{"count":1,"href":"https:\/\/leboisdelagachere.com\/de\/wp-json\/wp\/v2\/pages\/9075\/revisions"}],"predecessor-version":[{"id":9078,"href":"https:\/\/leboisdelagachere.com\/de\/wp-json\/wp\/v2\/pages\/9075\/revisions\/9078"}],"up":[{"embeddable":true,"href":"https:\/\/leboisdelagachere.com\/de\/wp-json\/wp\/v2\/pages\/9015"}],"wp:attachment":[{"href":"https:\/\/leboisdelagachere.com\/de\/wp-json\/wp\/v2\/media?parent=9075"}],"curies":[{"name":"wp","href":"https:\/\/api.w.org\/{rel}","templated":true}]}}