{"id":9079,"date":"2023-11-22T10:36:11","date_gmt":"2023-11-22T09:36:11","guid":{"rendered":"https:\/\/dev.leboisdelagachere.com\/urlaubsbuch\/regnerischer-halber-tag\/"},"modified":"2023-12-18T11:36:13","modified_gmt":"2023-12-18T10:36:13","slug":"regnerischer-halber-tag","status":"publish","type":"page","link":"https:\/\/leboisdelagachere.com\/de\/urlaubsbuch\/regnerischer-halber-tag\/","title":{"rendered":"Regnerischer halber Tag"},"content":{"rendered":"\n<h1 class=\"wp-block-heading\">Regnerischer halber Tag<\/h1>\n\n\n\n<h2 class=\"wp-block-heading\">Eule, es regnet!<\/h2>\n\n\n\n<p><em>Dauer: halber Tag<\/em> <\/p>\n\n\n\n<p>Ja, diese Erfahrung wird Sie dazu bringen, den Regen zu lieben.<br>Dank dieser k\u00f6nnen Sie Aktivit\u00e4ten unternehmen, die Sie bei Sonnenschein vielleicht nicht gemacht h\u00e4tten.<br>Wir bieten Ihnen zwei M\u00f6glichkeiten<\/p>\n\n\n\n<div class=\"wp-block-columns alignwide is-layout-flex wp-container-core-columns-is-layout-42fd816c wp-block-columns-is-layout-flex\" style=\"padding-top:var(--wp--preset--spacing--50);padding-bottom:var(--wp--preset--spacing--50)\">\n<div class=\"wp-block-column is-layout-flow wp-block-column-is-layout-flow\" style=\"flex-basis:33.38%\">\n<h2 class=\"wp-block-heading\">Museum?!<\/h2>\n\n\n\n<p>Wenn Sie <strong>eher kulturelle Aktivit\u00e4ten<\/strong> bevorzugen, dann sollten Sie das Museum Blockhaus Hospital nicht verpassen.<\/p>\n\n\n\n<p>Diese Seite wurde vor einiger Zeit im Herzen der Stadt Les <a href=\"https:\/\/leboisdelagachere.com\/de\/durch-die-staedte-streifen\/les-sables-dolonne\/\" data-type=\"page\" data-id=\"7890\">Sables d&#8217;Olonne<\/a> er\u00f6ffnet.<br>Hier k\u00f6nnen Sie die Geschichte der Vend\u00e9e-Kriege inmitten eines riesigen, 1943 errichteten Blockhauses nachvollziehen.<\/p>\n\n\n\n<p>Eine ungew\u00f6hnliche Aktivit\u00e4t, die Sie mit Ihrer Familie entdecken k\u00f6nnen. Eine spielerische Art, Ihren Kindern den Zweiten Weltkrieg n\u00e4her zu bringen.<\/p>\n\n\n\n<div class=\"wp-block-group has-border-color is-layout-constrained wp-container-core-group-is-layout-f611be13 wp-block-group-is-layout-constrained\" style=\"border-color:#026678;border-width:3px;padding-top:var(--wp--preset--spacing--50);padding-right:var(--wp--preset--spacing--50);padding-bottom:var(--wp--preset--spacing--50);padding-left:var(--wp--preset--spacing--50)\">\n<p>Voller Preis: 9,00 \u20ac<br>Erm\u00e4\u00dfigter Tarif: 6,50 \u20ac (Kinder zwischen 5 und 12 Jahren, Behinderte, Kriegsveteranen)<\/p>\n\n\n\n<p>\u00d6FFNUNGSZEITEN<br>Von Oktober bis M\u00e4rz: t\u00e4glich von 10 bis 18 Uhr<br>Von April bis September: t\u00e4glich von 10:00 bis 19:00 Uhr<br>Dauer der Tour: ca. 1 Stunde<\/p>\n<\/div>\n\n\n\n<p><em>Bildnachweis: https: <a href=\"https:\/\/www.blockhaus-sables.com\/\">\/\/www.blockhaus-sables.com\/<\/a><\/em><\/p>\n<\/div>\n\n\n\n<div class=\"wp-block-column is-layout-flow wp-block-column-is-layout-flow\" style=\"flex-basis:33%\">\n<div style=\"height:2vw\" aria-hidden=\"true\" class=\"wp-block-spacer\"><\/div>\n\n\n\n<figure class=\"wp-block-image size-full\"><img loading=\"lazy\" decoding=\"async\" width=\"1360\" height=\"907\" src=\"https:\/\/leboisdelagachere.com\/wp-content\/uploads\/2023\/11\/blockauss.webp\" alt=\"museum geschichte von sables d'olonne\" class=\"wp-image-8088\" style=\"aspect-ratio:3\/4;object-fit:cover\" srcset=\"https:\/\/leboisdelagachere.com\/wp-content\/uploads\/2023\/11\/blockauss.webp 1360w, https:\/\/leboisdelagachere.com\/wp-content\/uploads\/2023\/11\/blockauss-300x200.webp 300w, https:\/\/leboisdelagachere.com\/wp-content\/uploads\/2023\/11\/blockauss-1024x683.webp 1024w, https:\/\/leboisdelagachere.com\/wp-content\/uploads\/2023\/11\/blockauss-768x512.webp 768w\" sizes=\"auto, (max-width: 1360px) 100vw, 1360px\" \/><\/figure>\n<\/div>\n\n\n\n<div class=\"wp-block-column is-layout-flow wp-block-column-is-layout-flow\" style=\"flex-basis:33.62%\">\n<figure class=\"wp-block-image size-full\"><img loading=\"lazy\" decoding=\"async\" width=\"1360\" height=\"982\" src=\"https:\/\/leboisdelagachere.com\/wp-content\/uploads\/2023\/11\/scenecroixrouge-1360w.webp\" alt=\"Besuch des Museums in Les Sables d'Olonne\" class=\"wp-image-8090\" style=\"aspect-ratio:3\/4;object-fit:cover\" srcset=\"https:\/\/leboisdelagachere.com\/wp-content\/uploads\/2023\/11\/scenecroixrouge-1360w.webp 1360w, https:\/\/leboisdelagachere.com\/wp-content\/uploads\/2023\/11\/scenecroixrouge-1360w-300x217.webp 300w, https:\/\/leboisdelagachere.com\/wp-content\/uploads\/2023\/11\/scenecroixrouge-1360w-1024x739.webp 1024w, https:\/\/leboisdelagachere.com\/wp-content\/uploads\/2023\/11\/scenecroixrouge-1360w-768x555.webp 768w\" sizes=\"auto, (max-width: 1360px) 100vw, 1360px\" \/><\/figure>\n<\/div>\n<\/div>\n\n\n\n<figure class=\"wp-block-image aligncenter size-full is-resized\"><img decoding=\"async\" src=\"https:\/\/leboisdelagachere.com\/wp-content\/uploads\/2023\/11\/trait.png\" alt=\"\" class=\"wp-image-7498\" style=\"width:150px;height:auto\"\/><\/figure>\n\n\n\n<div class=\"wp-block-columns are-vertically-aligned-center is-layout-flex wp-container-core-columns-is-layout-51c0b34d wp-block-columns-is-layout-flex\" style=\"padding-top:var(--wp--preset--spacing--50);padding-bottom:var(--wp--preset--spacing--50)\">\n<div class=\"wp-block-column is-vertically-aligned-center is-layout-flow wp-block-column-is-layout-flow\">\n<figure class=\"wp-block-image aligncenter size-full is-resized\"><img loading=\"lazy\" decoding=\"async\" width=\"500\" height=\"500\" src=\"https:\/\/leboisdelagachere.com\/wp-content\/uploads\/2023\/11\/up2play_ylium.jpg\" alt=\"Einkaufszentrum Ylium Vend\u00e9e\" class=\"wp-image-8091\" style=\"width:auto;height:300px\" srcset=\"https:\/\/leboisdelagachere.com\/wp-content\/uploads\/2023\/11\/up2play_ylium.jpg 500w, https:\/\/leboisdelagachere.com\/wp-content\/uploads\/2023\/11\/up2play_ylium-300x300.jpg 300w, https:\/\/leboisdelagachere.com\/wp-content\/uploads\/2023\/11\/up2play_ylium-150x150.jpg 150w\" sizes=\"auto, (max-width: 500px) 100vw, 500px\" \/><\/figure>\n\n\n\n<figure class=\"wp-block-image aligncenter size-full is-resized\"><img loading=\"lazy\" decoding=\"async\" width=\"500\" height=\"500\" src=\"https:\/\/leboisdelagachere.com\/wp-content\/uploads\/2023\/11\/visuel_realvirt_ylium.jpg\" alt=\"\" class=\"wp-image-8094\" style=\"width:auto;height:303px\" srcset=\"https:\/\/leboisdelagachere.com\/wp-content\/uploads\/2023\/11\/visuel_realvirt_ylium.jpg 500w, https:\/\/leboisdelagachere.com\/wp-content\/uploads\/2023\/11\/visuel_realvirt_ylium-300x300.jpg 300w, https:\/\/leboisdelagachere.com\/wp-content\/uploads\/2023\/11\/visuel_realvirt_ylium-150x150.jpg 150w\" sizes=\"auto, (max-width: 500px) 100vw, 500px\" \/><\/figure>\n\n\n\n<p class=\"has-text-align-center\"><em>Bildnachweis: https:\/\/www.ylium-lessables.fr\/loisirs\/<\/em><\/p>\n<\/div>\n\n\n\n<div class=\"wp-block-column is-vertically-aligned-center is-layout-flow wp-block-column-is-layout-flow\">\n<p>Ylium?!<\/p>\n\n\n\n<p>In Les Sables d&#8217;Olonne befindet sich ein riesiges Einkaufszentrum: Ylium.<\/p>\n\n\n\n<p>Wenn Sie gerne einen Schaufensterbummel machen, dann befinden Sie sich hier im Paradies.<br>Hier k\u00f6nnen Sie Zuflucht suchen, wenn es in Les Sables d&#8217;Olonne regnet.<br>Die Fahrt dorthin dauert etwa 20 Minuten mit dem Auto. Vor Ort mangelt es nicht an Parkpl\u00e4tzen!<\/p>\n\n\n\n<p>Im Herzen des Einkaufszentrums finden Sie eine Reihe bekannter <strong>Gesch\u00e4fte <\/strong>. Aber das ist noch nicht alles. Das Einkaufszentrum vereint au\u00dferdem zahlreiche <strong>Restaurants <\/strong>und <strong>Freizeitangebote<\/strong>.<\/p>\n\n\n\n<p>Sie kennen Up 2 play. Wenn Sie Aktivit\u00e4ten m\u00f6gen, die nicht allt\u00e4glich sind, dann sollten Sie das Folgende genie\u00dfen.<br>Dieser 3500m\u00b2 gro\u00dfe Komplex vereint <strong>zahlreiche Aktivit\u00e4ten<\/strong> wie Bowling, ein Escape Game, riesige Trampoline und sogar eine Surfwelle, um diesen Sport zu testen!<\/p>\n\n\n\n<p>Und? Wie klingt das f\u00fcr Sie?<\/p>\n<\/div>\n<\/div>\n","protected":false},"excerpt":{"rendered":"<p>Regnerischer halber Tag Eule, es regnet! Dauer: halber Tag Ja, diese Erfahrung wird Sie dazu bringen, den Regen zu lieben.Dank dieser k\u00f6nnen Sie Aktivit\u00e4ten unternehmen, die Sie bei Sonnenschein vielleicht nicht gemacht h\u00e4tten.Wir bieten Ihnen zwei M\u00f6glichkeiten Museum?! Wenn Sie eher kulturelle Aktivit\u00e4ten bevorzugen, dann sollten Sie das Museum Blockhaus Hospital nicht verpassen. Diese Seite [&hellip;]<\/p>\n","protected":false},"author":3,"featured_media":0,"parent":9015,"menu_order":0,"comment_status":"closed","ping_status":"closed","template":"","meta":{"_seopress_robots_primary_cat":"","_seopress_titles_title":"Regnerischer halber Tag - Camping Aux Sables d&#039;Olonne","_seopress_titles_desc":"Wenn der Wettergott nicht gn\u00e4dig ist, bieten wir Ihnen ein Programm, das Sie mit dem Regen vers\u00f6hnen wird. Folgen Sie unserem Regenerlebnis in der Vend\u00e9e.  ","_seopress_robots_index":"","footnotes":""},"class_list":["post-9079","page","type-page","status-publish","hentry"],"_links":{"self":[{"href":"https:\/\/leboisdelagachere.com\/de\/wp-json\/wp\/v2\/pages\/9079","targetHints":{"allow":["GET"]}}],"collection":[{"href":"https:\/\/leboisdelagachere.com\/de\/wp-json\/wp\/v2\/pages"}],"about":[{"href":"https:\/\/leboisdelagachere.com\/de\/wp-json\/wp\/v2\/types\/page"}],"author":[{"embeddable":true,"href":"https:\/\/leboisdelagachere.com\/de\/wp-json\/wp\/v2\/users\/3"}],"replies":[{"embeddable":true,"href":"https:\/\/leboisdelagachere.com\/de\/wp-json\/wp\/v2\/comments?post=9079"}],"version-history":[{"count":2,"href":"https:\/\/leboisdelagachere.com\/de\/wp-json\/wp\/v2\/pages\/9079\/revisions"}],"predecessor-version":[{"id":9565,"href":"https:\/\/leboisdelagachere.com\/de\/wp-json\/wp\/v2\/pages\/9079\/revisions\/9565"}],"up":[{"embeddable":true,"href":"https:\/\/leboisdelagachere.com\/de\/wp-json\/wp\/v2\/pages\/9015"}],"wp:attachment":[{"href":"https:\/\/leboisdelagachere.com\/de\/wp-json\/wp\/v2\/media?parent=9079"}],"curies":[{"name":"wp","href":"https:\/\/api.w.org\/{rel}","templated":true}]}}