{"id":9102,"date":"2023-11-21T16:41:17","date_gmt":"2023-11-21T15:41:17","guid":{"rendered":"https:\/\/dev.leboisdelagachere.com\/urlaubsbuch\/besuchen-sie-das-marais-poitevin\/"},"modified":"2023-12-15T10:48:11","modified_gmt":"2023-12-15T09:48:11","slug":"besuchen-sie-das-marais-poitevin","status":"publish","type":"page","link":"https:\/\/leboisdelagachere.com\/de\/urlaubsbuch\/besuchen-sie-das-marais-poitevin\/","title":{"rendered":"Besuchen Sie das Marais Poitevin"},"content":{"rendered":"\n<h1 class=\"wp-block-heading\">Besuchen Sie das Marais Poitevin<\/h1>\n\n<h2 class=\"wp-block-heading has-text-color has-link-color wp-elements-3f8d7df5cdd81e203ebf2de6c99d2823\" style=\"color:#026678\">Der Bois de la Gach\u00e8re ist ideal gelegen, um von allen unumg\u00e4nglichen Spots des Departements zu profitieren.<\/h2>\n\n<p>Dauer: 1 Tag<\/p>\n\n<div class=\"wp-block-media-text alignfull has-media-on-the-right is-stacked-on-mobile is-vertically-aligned-center is-image-fill is-style-default\" style=\"padding-top:var(--wp--preset--spacing--60);padding-right:5%;padding-bottom:var(--wp--preset--spacing--40);padding-left:5%;grid-template-columns:auto 56%\"><div class=\"wp-block-media-text__content\">\n<p>Die Vend\u00e9e ist f\u00fcr ihre <strong>Landschaften<\/strong> bekannt, von denen <strong>eine sch\u00f6ner<\/strong> ist als die andere.<br\/>Hier findet man eine <strong>Vielfalt an Spots<\/strong>.<br\/>Wenn Sie nicht am Meer sind, verschanzen Sie sich in der Heckenlandschaft.<br\/>Also nehmen wir Sie heute f\u00fcr diese Erfahrung mit auf eine Entdeckungsreise zu einem <strong>Spot, der zu 100 % in der Natur<\/strong> liegt.<br\/>Machen Sie sich auf den Weg zu einem Tag, an dem Sie loslassen und den Geist durchl\u00fcften k\u00f6nnen.  <br\/>Sie werden einen Raum entdecken, in dem das Gr\u00fcn im Vordergrund steht und, in dem die Natur bewahrt wird.<br\/>F\u00fcr dieses Erlebnis nehmen wir Sie mit in<strong> das Marais Poitevin<\/strong>.<br\/>Oder besser gesagt, im \u00fcberschwemmungsgef\u00e4hrdeten Teil des Marais Poitevin, dem feuchten Sumpfgebiet.<br\/>Das Marais Poitevin ist ein Labyrinth aus Kan\u00e4len.<br\/>Diese Kan\u00e4le werden von Baumreihen ges\u00e4umt.<br\/>Ich erz\u00e4hle Ihnen nicht mehr, sondern lasse Sie diese S\u00fcmpfe selbst entdecken.<\/p>\n\n\n\n<div class=\"wp-block-group has-border-color is-layout-constrained wp-container-core-group-is-layout-db32e940 wp-block-group-is-layout-constrained\" style=\"border-color:#026678;border-width:3px;padding-top:var(--wp--preset--spacing--60);padding-right:var(--wp--preset--spacing--60);padding-bottom:var(--wp--preset--spacing--60);padding-left:var(--wp--preset--spacing--60)\">\n<p>Steigen Sie in das Auto und fahren Sie 1,5 Stunden lang.<br\/>Wir empfehlen Ihnen, sich fr\u00fch genug auf den Weg zu machen.<br\/>Wenn Sie Ihren Tag in vollen Z\u00fcgen genie\u00dfen wollen. Sie werden sicherlich einen Wecker stellen m\u00fcssen, um die 1,5 Stunden Fahrt nach Maillezais zu bew\u00e4ltigen. Hier wird unser erster Halt gemacht.<\/p>\n<\/div>\n<\/div><figure class=\"wp-block-media-text__media\" style=\"background-image:url(https:\/\/leboisdelagachere.com\/wp-content\/uploads\/2023\/11\/marais-desseche-IMG_7479.jpg);background-position:50% 50%\"><img loading=\"lazy\" decoding=\"async\" width=\"1000\" height=\"667\" src=\"https:\/\/leboisdelagachere.com\/wp-content\/uploads\/2023\/11\/marais-desseche-IMG_7479.jpg\" alt=\"entdeckung des Marais Poitevin in der vend\u00e9e\" class=\"wp-image-8025 size-full\" srcset=\"https:\/\/leboisdelagachere.com\/wp-content\/uploads\/2023\/11\/marais-desseche-IMG_7479.jpg 1000w, https:\/\/leboisdelagachere.com\/wp-content\/uploads\/2023\/11\/marais-desseche-IMG_7479-300x200.jpg 300w, https:\/\/leboisdelagachere.com\/wp-content\/uploads\/2023\/11\/marais-desseche-IMG_7479-768x512.jpg 768w\" sizes=\"auto, (max-width: 1000px) 100vw, 1000px\" \/><\/figure><\/div>\n\n<div class=\"wp-block-group alignfull has-white-color has-text-color has-background has-link-color wp-elements-24856c7fdf57ea2e70c82a9089884e5f is-layout-constrained wp-container-core-group-is-layout-c6787eed wp-block-group-is-layout-constrained\" style=\"background-color:#026678;padding-top:var(--wp--preset--spacing--60);padding-right:0;padding-bottom:var(--wp--preset--spacing--60);padding-left:0\">\n<div class=\"wp-block-media-text alignfull is-stacked-on-mobile\" style=\"padding-right:10%;padding-left:10%\"><figure class=\"wp-block-media-text__media\"><img loading=\"lazy\" decoding=\"async\" width=\"1000\" height=\"667\" src=\"https:\/\/leboisdelagachere.com\/wp-content\/uploads\/2023\/11\/marais-poitevin-les-abbayes-IMG_4514.jpg\" alt=\"vestige de l'abbaye de maillezais en vend\u00e9e\" class=\"wp-image-8026 size-full\" srcset=\"https:\/\/leboisdelagachere.com\/wp-content\/uploads\/2023\/11\/marais-poitevin-les-abbayes-IMG_4514.jpg 1000w, https:\/\/leboisdelagachere.com\/wp-content\/uploads\/2023\/11\/marais-poitevin-les-abbayes-IMG_4514-300x200.jpg 300w, https:\/\/leboisdelagachere.com\/wp-content\/uploads\/2023\/11\/marais-poitevin-les-abbayes-IMG_4514-768x512.jpg 768w\" sizes=\"auto, (max-width: 1000px) 100vw, 1000px\" \/><\/figure><div class=\"wp-block-media-text__content\">\n<h2 class=\"wp-block-heading\">Die Abtei von Maillezais<\/h2>\n\n\n\n<p>Die Abtei ist seit Jahrhunderten und Jahrzehnten Teil der Landschaft von Maillezais. Diese ehemalige Abteikirche ist ein wahres <strong>architektonisches Juwel<\/strong>.<br\/>Heute sind von diesem Juwel nur noch Ruinen \u00fcbrig. Sie spiegeln jedoch perfekt die immense Gr\u00f6\u00dfe dieses Monuments wider.<\/p>\n\n\n\n<div class=\"wp-block-group is-layout-constrained wp-container-core-group-is-layout-db32e940 wp-block-group-is-layout-constrained\" style=\"border-width:3px;padding-top:var(--wp--preset--spacing--60);padding-right:var(--wp--preset--spacing--60);padding-bottom:var(--wp--preset--spacing--60);padding-left:var(--wp--preset--spacing--60)\">\n<p><em>Wissenswertes: Jeden Sommer werden gef\u00fchrte Touren angeboten. Die Abreise erfolgt zwischen 10 Uhr und 19 Uhr.<br\/>Im Sommer werden Animationen f\u00fcr die ganze Familie organisiert.<\/em><\/p>\n<\/div>\n\n\n\n<p style=\"padding-top:var(--wp--preset--spacing--30);padding-bottom:var(--wp--preset--spacing--30)\">Wenn Sie diese \u00dcberreste umrundet haben, machen Sie sich auf den Weg in die <strong>&#8222;Hauptstadt des Marais Poitevin&#8220;<\/strong>.<\/p>\n<\/div><\/div>\n<\/div>\n\n<div class=\"wp-block-columns alignwide are-vertically-aligned-center is-layout-flex wp-container-core-columns-is-layout-7cca1c40 wp-block-columns-is-layout-flex\" style=\"padding-top:var(--wp--preset--spacing--60);padding-bottom:var(--wp--preset--spacing--60)\">\n<div class=\"wp-block-column is-vertically-aligned-center is-layout-flow wp-block-column-is-layout-flow\" style=\"flex-basis:33.38%\">\n<h2 class=\"wp-block-heading has-text-color has-link-color wp-elements-6a96b8609759c012d70b67eb658eabd0\" style=\"color:#026678\">Richtung Coulon, um es sich gut gehen zu lassen&#8230;<\/h2>\n\n\n\n<p>Wenn man an das Marais Poitevin denkt, stellt man sich sofort das sanft dahinflie\u00dfende <strong>Boot <\/strong>auf dem <strong>Venise Verte<\/strong> vor, das von einem Bootsmann gesteuert wird. Das ist genau das Programm, das wir f\u00fcr Sie zusammengestellt haben. Nat\u00fcrlich ist dies <strong>die Aktivit\u00e4t, um die man nicht<\/strong> herumkommt.<\/p>\n\n\n\n<p>Zuvor ist es jedoch Zeit, in einem der Restaurants entlang der Kan\u00e4le einzukehren.<br\/>Wir empfehlen Ihnen <em>La Pigouille<\/em>. Hier bieten Ihnen die Teams eine frische und lokale K\u00fcche an.<br\/>Nutzen Sie diese Zeit, um sich niederzulassen und die Landschaft zu genie\u00dfen, die sich vor Ihren Augen erhebt.<\/p>\n\n\n\n<p>Am Ende Ihrer Mahlzeit k\u00f6nnen Sie sich auf den Weg machen, um die <strong>kleinen Gassen von Coulon<\/strong> zu entdecken.<br\/>Sie k\u00f6nnen auch an den Ufern des Gr\u00fcnen Venedigs entlanggehen und das leise Rauschen des Wassers genie\u00dfen.<\/p>\n\n\n\n<p>Wenn Sie ungew\u00f6hnliche Souvenirs aus Ihrem Urlaub in der Vend\u00e9e mitbringen m\u00f6chten, dann sollten Sie sich den kleinen Laden <em>Saveurs R\u00e9gionales<\/em> nicht entgehen lassen. Hier finden Sie ungew\u00f6hnliche und f\u00fcr die Region typische Produkte wie <strong>troussepinette <\/strong>oder auch <strong>Nutria-Pastete<\/strong>. Ich versichere Ihnen, dass es sich hierbei um Produkte handelt, die es wert sind, probiert zu werden!<\/p>\n<\/div>\n\n\n\n<div class=\"wp-block-column is-vertically-aligned-center is-layout-flow wp-block-column-is-layout-flow\" style=\"flex-basis:33.62%\">\n<figure class=\"wp-block-image size-full is-resized\"><img loading=\"lazy\" decoding=\"async\" width=\"1000\" height=\"667\" src=\"https:\/\/leboisdelagachere.com\/wp-content\/uploads\/2023\/11\/Coulon-marais-poitevin-DSC_0959.jpg\" alt=\"Besuch der Stadt Coulon im Marais Poitevin\" class=\"wp-image-8028\" style=\"aspect-ratio:0.75;object-fit:cover;width:382px;height:auto\" srcset=\"https:\/\/leboisdelagachere.com\/wp-content\/uploads\/2023\/11\/Coulon-marais-poitevin-DSC_0959.jpg 1000w, https:\/\/leboisdelagachere.com\/wp-content\/uploads\/2023\/11\/Coulon-marais-poitevin-DSC_0959-300x200.jpg 300w, https:\/\/leboisdelagachere.com\/wp-content\/uploads\/2023\/11\/Coulon-marais-poitevin-DSC_0959-768x512.jpg 768w\" sizes=\"auto, (max-width: 1000px) 100vw, 1000px\" \/><\/figure><\/div>\n\n\n\n<div class=\"wp-block-column is-vertically-aligned-center is-layout-flow wp-block-column-is-layout-flow\" style=\"flex-basis:33%\">\n<div style=\"height:55px\" aria-hidden=\"true\" class=\"wp-block-spacer\"><\/div>\n\n\n\n<figure class=\"wp-block-image size-full is-resized\"><img loading=\"lazy\" decoding=\"async\" width=\"1000\" height=\"667\" src=\"https:\/\/leboisdelagachere.com\/wp-content\/uploads\/2023\/11\/Coulon-marais-poitevin-DSC_0664.jpg\" alt=\"besuch von Coulon in der Vend&#xE9;e\" class=\"wp-image-8029\" style=\"aspect-ratio:0.75;object-fit:cover;width:375px;height:auto\" srcset=\"https:\/\/leboisdelagachere.com\/wp-content\/uploads\/2023\/11\/Coulon-marais-poitevin-DSC_0664.jpg 1000w, https:\/\/leboisdelagachere.com\/wp-content\/uploads\/2023\/11\/Coulon-marais-poitevin-DSC_0664-300x200.jpg 300w, https:\/\/leboisdelagachere.com\/wp-content\/uploads\/2023\/11\/Coulon-marais-poitevin-DSC_0664-768x512.jpg 768w\" sizes=\"auto, (max-width: 1000px) 100vw, 1000px\" \/><\/figure><\/div>\n<\/div>\n\n<div class=\"wp-block-group alignfull has-white-color has-text-color has-background has-link-color wp-elements-d9d7e351566957c7d2e61093bbd4cac2 is-layout-constrained wp-container-core-group-is-layout-c6787eed wp-block-group-is-layout-constrained\" style=\"background-color:#026678;padding-top:var(--wp--preset--spacing--60);padding-right:0;padding-bottom:var(--wp--preset--spacing--60);padding-left:0\">\n<div class=\"wp-block-media-text alignfull is-stacked-on-mobile is-image-fill\" style=\"padding-right:10%;padding-left:10%\"><figure class=\"wp-block-media-text__media\" style=\"background-image:url(https:\/\/leboisdelagachere.com\/wp-content\/uploads\/2023\/11\/maraispoitevin_embarcadere_lemazeau_008.jpg);background-position:50% 50%\"><img loading=\"lazy\" decoding=\"async\" width=\"1000\" height=\"667\" src=\"https:\/\/leboisdelagachere.com\/wp-content\/uploads\/2023\/11\/maraispoitevin_embarcadere_lemazeau_008.jpg\" alt=\"Bootsfahrt auf dem gr\u00fcnen Venedig mit Bootsmann\" class=\"wp-image-8030 size-full\" srcset=\"https:\/\/leboisdelagachere.com\/wp-content\/uploads\/2023\/11\/maraispoitevin_embarcadere_lemazeau_008.jpg 1000w, https:\/\/leboisdelagachere.com\/wp-content\/uploads\/2023\/11\/maraispoitevin_embarcadere_lemazeau_008-300x200.jpg 300w, https:\/\/leboisdelagachere.com\/wp-content\/uploads\/2023\/11\/maraispoitevin_embarcadere_lemazeau_008-768x512.jpg 768w\" sizes=\"auto, (max-width: 1000px) 100vw, 1000px\" \/><\/figure><div class=\"wp-block-media-text__content\">\n<h2 class=\"wp-block-heading\">Nachdem Sie Ihren Proviant aufgef\u00fcllt haben, geht es weiter zum Prada-Anleger.<\/h2>\n\n\n\n<p>Sie sind gut gelaufen, jetzt ist es an der Zeit, sich <strong>vom Wasser treiben zu lassen<\/strong>.<br\/>An <strong>der Anlegestelle Prada<\/strong> k\u00f6nnen Sie ein typisches Boot mieten, mit oder ohne Bootsmann.<br\/>Wir empfehlen Ihnen, sich f\u00fcr den Bootsmann zu entscheiden.<br\/>Zum einen, weil Sie sich nur f\u00fchren lassen m\u00fcssen, und zum anderen, weil er Ihnen viele Anekdoten \u00fcber das Marais Poitevin erz\u00e4hlen kann. Er wird sein ganzes Wissen \u00fcber die Tier- und Pflanzenwelt, die vor Ihren Augen vorbeizieht, mit Ihnen teilen.<\/p>\n\n\n\n<p>Die Preise f\u00fcr einen privaten Spaziergang mit F\u00fchrer :<br\/>Erwachsene \/\/ 45 min \/\/ 15,00 \u20ac.<br\/>Kinder \/\/ 45 min \/\/ 10,00 \u20ac.<\/p>\n\n\n\n<div class=\"wp-block-group is-layout-constrained wp-container-core-group-is-layout-db32e940 wp-block-group-is-layout-constrained\" style=\"border-width:3px;padding-top:var(--wp--preset--spacing--60);padding-right:var(--wp--preset--spacing--60);padding-bottom:var(--wp--preset--spacing--60);padding-left:var(--wp--preset--spacing--60)\">\n<p><em>Wissenswertes: Die Anlegestelle bietet auch &#8222;ungew\u00f6hnliche&#8220; Ausfl\u00fcge an. Eine Entdeckung, wenn der Tag anbricht oder am Ende des Tages mit einem Aperitif an Bord.<\/em><\/p>\n<\/div>\n\n\n\n<p style=\"padding-top:var(--wp--preset--spacing--30);padding-bottom:var(--wp--preset--spacing--30)\">Ein Besuch im Marais Poitevin ist ein <strong>sanfter und entfremdender Ausflug<\/strong>, den man gerne wiederholen m\u00f6chte, und zwar ohne M\u00e4\u00dfigung.<br\/>Wenn Sie durch diese <strong>unber\u00fchrte Natur<\/strong> wandern, werden Sie verstehen, wie gut es ist, sich in <strong>gesch\u00fctzten R\u00e4umen<\/strong> aufzuhalten. Eine zeitlose Klammer.<\/p>\n<\/div><\/div>\n<\/div>\n\n<div class=\"wp-block-group is-layout-constrained wp-block-group-is-layout-constrained\" style=\"padding-top:var(--wp--preset--spacing--50);padding-bottom:var(--wp--preset--spacing--50)\">\n<figure class=\"wp-block-image aligncenter size-full is-resized\"><img decoding=\"async\" src=\"https:\/\/leboisdelagachere.com\/wp-content\/uploads\/2023\/11\/trait.png\" alt=\"\" class=\"wp-image-7499\" style=\"width:150px\"\/><\/figure><\/div>\n","protected":false},"excerpt":{"rendered":"<p>Besuchen Sie das Marais Poitevin Der Bois de la Gach\u00e8re ist ideal gelegen, um von allen unumg\u00e4nglichen Spots des Departements zu profitieren. Dauer: 1 Tag Die Abtei von Maillezais Die Abtei ist seit Jahrhunderten und Jahrzehnten Teil der Landschaft von Maillezais. Diese ehemalige Abteikirche ist ein wahres architektonisches Juwel.Heute sind von diesem Juwel nur noch [&hellip;]<\/p>\n","protected":false},"author":3,"featured_media":0,"parent":9015,"menu_order":0,"comment_status":"closed","ping_status":"closed","template":"","meta":{"_seopress_robots_primary_cat":"","_seopress_titles_title":"Besuchen Sie das Marais Poitevin - Camping Le Bois de La Gach\u00e8re","_seopress_titles_desc":"Nutzen Sie w\u00e4hrend Ihres Urlaubs im Bois de La Gach\u00e8re die Gelegenheit, das Marais Poitevin zu besuchen. Ein unvergesslicher Tag erwartet Sie.  ","_seopress_robots_index":"","footnotes":""},"class_list":["post-9102","page","type-page","status-publish","hentry"],"_links":{"self":[{"href":"https:\/\/leboisdelagachere.com\/de\/wp-json\/wp\/v2\/pages\/9102","targetHints":{"allow":["GET"]}}],"collection":[{"href":"https:\/\/leboisdelagachere.com\/de\/wp-json\/wp\/v2\/pages"}],"about":[{"href":"https:\/\/leboisdelagachere.com\/de\/wp-json\/wp\/v2\/types\/page"}],"author":[{"embeddable":true,"href":"https:\/\/leboisdelagachere.com\/de\/wp-json\/wp\/v2\/users\/3"}],"replies":[{"embeddable":true,"href":"https:\/\/leboisdelagachere.com\/de\/wp-json\/wp\/v2\/comments?post=9102"}],"version-history":[{"count":1,"href":"https:\/\/leboisdelagachere.com\/de\/wp-json\/wp\/v2\/pages\/9102\/revisions"}],"predecessor-version":[{"id":9114,"href":"https:\/\/leboisdelagachere.com\/de\/wp-json\/wp\/v2\/pages\/9102\/revisions\/9114"}],"up":[{"embeddable":true,"href":"https:\/\/leboisdelagachere.com\/de\/wp-json\/wp\/v2\/pages\/9015"}],"wp:attachment":[{"href":"https:\/\/leboisdelagachere.com\/de\/wp-json\/wp\/v2\/media?parent=9102"}],"curies":[{"name":"wp","href":"https:\/\/api.w.org\/{rel}","templated":true}]}}