{"id":9115,"date":"2023-11-22T10:24:51","date_gmt":"2023-11-22T09:24:51","guid":{"rendered":"https:\/\/dev.leboisdelagachere.com\/urlaubsbuch\/halber-tag-mountainbike\/"},"modified":"2023-12-18T11:36:40","modified_gmt":"2023-12-18T10:36:40","slug":"halber-tag-mountainbike","status":"publish","type":"page","link":"https:\/\/leboisdelagachere.com\/de\/urlaubsbuch\/halber-tag-mountainbike\/","title":{"rendered":"Halber Tag Mountainbike"},"content":{"rendered":"\n<h1 class=\"wp-block-heading\">Halber Tag Mountainbike<\/h1>\n\n\n\n<h2 class=\"wp-block-heading\">Ist das Fahrrad nicht die beste Art, die umliegende Natur zu erkunden?<\/h2>\n\n\n\n<p><em>Dauer: halber Tag<\/em><\/p>\n\n\n\n<div class=\"wp-block-media-text alignfull has-media-on-the-right is-stacked-on-mobile is-vertically-aligned-center is-image-fill is-style-default\" style=\"padding-top:var(--wp--preset--spacing--50);padding-right:5%;padding-bottom:var(--wp--preset--spacing--50);padding-left:5%;grid-template-columns:auto 56%\"><div class=\"wp-block-media-text__content\">\n<p>F\u00fcr diese Erfahrung, Sie werden es verstanden haben, nehmen wir Sie mit auf eine Fahrradtour!<\/p>\n\n\n\n<p>Ziehen Sie Ihre bequemsten Turnschuhe an,<br>F\u00fcllen Sie Ihre Feldflasche mit Wasser,<br>Beladen Sie Ihren Rucksack mit einem guten Picknick,<br>&amp; zielen Sie auf Ihren sch\u00f6nsten Hut,<\/p>\n\n\n\n<p>So sind Sie bereit f\u00fcr einen halben Tag mit wehenden Haaren!<\/p>\n\n\n\n<p><img decoding=\"async\" class=\"wp-image-7385\" style=\"width: 30px;\" src=\"https:\/\/leboisdelagachere.com\/wp-content\/uploads\/2023\/11\/guilmet-ok-couleur.png\" alt=\"camping au coeur du bois\"><em>Wissenswertes: Wenn Sie Ihre Fahrr\u00e4der nicht dabei haben, k\u00f6nnen Sie sie auf dem Campingplatz Le Bois de la Gach\u00e8re mieten. Die Teams werden Sie bestens beraten!<\/em><\/p>\n\n\n\n<p>Aktivit\u00e4t: Mountainbike (die Strecke kann auch zu Fu\u00df zur\u00fcckgelegt werden)<br>Entfernung: 7,28 km<br>Schwierigkeitsgrad: leicht<\/p>\n\n\n\n<p>Bei dieser Tour geht es darum, sich<strong> Zeit zu nehmen, um die Umgebung zu erkunden<\/strong>. Treten Sie also in Ihrem eigenen Tempo in die Pedale, aber halten Sie vor allem <strong>die Augen offen<\/strong>!<\/p>\n<\/div><figure class=\"wp-block-media-text__media\" style=\"background-image:url(https:\/\/leboisdelagachere.com\/wp-content\/uploads\/2023\/11\/2023_Rando_Velodyssee_Paracou_LesSablesdOlonne_EnVendee_139-1.jpg);background-position:50% 50%\"><img loading=\"lazy\" decoding=\"async\" width=\"1000\" height=\"667\" src=\"https:\/\/leboisdelagachere.com\/wp-content\/uploads\/2023\/11\/2023_Rando_Velodyssee_Paracou_LesSablesdOlonne_EnVendee_139-1.jpg\" alt=\"CAMPINGPLATZ IN DER N\u00c4HE VON FAHRRADWEGEN\" class=\"wp-image-7823 size-full\" srcset=\"https:\/\/leboisdelagachere.com\/wp-content\/uploads\/2023\/11\/2023_Rando_Velodyssee_Paracou_LesSablesdOlonne_EnVendee_139-1.jpg 1000w, https:\/\/leboisdelagachere.com\/wp-content\/uploads\/2023\/11\/2023_Rando_Velodyssee_Paracou_LesSablesdOlonne_EnVendee_139-1-300x200.jpg 300w, https:\/\/leboisdelagachere.com\/wp-content\/uploads\/2023\/11\/2023_Rando_Velodyssee_Paracou_LesSablesdOlonne_EnVendee_139-1-768x512.jpg 768w\" sizes=\"auto, (max-width: 1000px) 100vw, 1000px\" \/><\/figure><\/div>\n\n\n\n<div class=\"wp-block-columns alignwide are-vertically-aligned-center is-layout-flex wp-container-core-columns-is-layout-7cca1c40 wp-block-columns-is-layout-flex\" style=\"padding-top:var(--wp--preset--spacing--60);padding-bottom:var(--wp--preset--spacing--60)\">\n<div class=\"wp-block-column is-vertically-aligned-center is-layout-flow wp-block-column-is-layout-flow\" style=\"flex-basis:33.62%\">\n<figure class=\"wp-block-image size-full is-resized\"><img loading=\"lazy\" decoding=\"async\" width=\"1000\" height=\"667\" src=\"https:\/\/leboisdelagachere.com\/wp-content\/uploads\/2023\/11\/2023_Rando_Velodyssee_Paracou_LesSablesdOlonne_EnVendee_092.jpg\" alt=\"radwege am ozean in der n\u00e4he des campingplatzes in les sables d'olonne\" class=\"wp-image-7838\" style=\"aspect-ratio:0.75;object-fit:cover;width:382px;height:auto\" srcset=\"https:\/\/leboisdelagachere.com\/wp-content\/uploads\/2023\/11\/2023_Rando_Velodyssee_Paracou_LesSablesdOlonne_EnVendee_092.jpg 1000w, https:\/\/leboisdelagachere.com\/wp-content\/uploads\/2023\/11\/2023_Rando_Velodyssee_Paracou_LesSablesdOlonne_EnVendee_092-300x200.jpg 300w, https:\/\/leboisdelagachere.com\/wp-content\/uploads\/2023\/11\/2023_Rando_Velodyssee_Paracou_LesSablesdOlonne_EnVendee_092-768x512.jpg 768w\" sizes=\"auto, (max-width: 1000px) 100vw, 1000px\" \/><\/figure>\n<\/div>\n\n\n\n<div class=\"wp-block-column is-vertically-aligned-center is-layout-flow wp-block-column-is-layout-flow\" style=\"flex-basis:33%\">\n<div style=\"height:55px\" aria-hidden=\"true\" class=\"wp-block-spacer\"><\/div>\n\n\n\n<figure class=\"wp-block-image size-full is-resized\"><img loading=\"lazy\" decoding=\"async\" width=\"1000\" height=\"667\" src=\"https:\/\/leboisdelagachere.com\/wp-content\/uploads\/2023\/11\/piste-cyclable-velo-les-sables-dolonne-IMG_6541.jpg\" alt=\"fahrradwege in der n\u00e4he des campingplatzes in les sables d'olonne\" class=\"wp-image-7829\" style=\"aspect-ratio:0.75;object-fit:cover;width:378px;height:auto\" srcset=\"https:\/\/leboisdelagachere.com\/wp-content\/uploads\/2023\/11\/piste-cyclable-velo-les-sables-dolonne-IMG_6541.jpg 1000w, https:\/\/leboisdelagachere.com\/wp-content\/uploads\/2023\/11\/piste-cyclable-velo-les-sables-dolonne-IMG_6541-300x200.jpg 300w, https:\/\/leboisdelagachere.com\/wp-content\/uploads\/2023\/11\/piste-cyclable-velo-les-sables-dolonne-IMG_6541-768x512.jpg 768w\" sizes=\"auto, (max-width: 1000px) 100vw, 1000px\" \/><\/figure>\n<\/div>\n\n\n\n<div class=\"wp-block-column is-vertically-aligned-center is-layout-flow wp-block-column-is-layout-flow\" style=\"flex-basis:33.38%\">\n<p>Der Start erfolgt vom Parkplatz Puits d&#8217;Enfer. Von hier aus sollten Sie sich die Zeit nehmen, den atemberaubenden Blick auf den Ozean zu genie\u00dfen, den Sie von den Klippen aus haben.<br>Nehmen Sie sich bei Flut die Zeit, das Klatschen der Wellen gegen die felsigen Klippen zu beobachten. Dieses ebenso sch\u00f6ne wie beeindruckende Spektakel wird Ihnen in Erinnerung bleiben.<\/p>\n\n\n\n<p>Danach folgen Sie einfach den <a href=\"https:\/\/leboisdelagachere.com\/de\/in-das-herz-der-natur-eintauchen\/rad-und-wanderwege\/\" data-type=\"page\" data-id=\"7812\">Radwegen<\/a> entlang des Ozeans. Wie sch\u00f6n ist es, vor der Kulisse des endlosen Ozeans in die Pedale zu treten.<br>Auf dieser Tour k\u00f6nnen Sie alle nat\u00fcrlichen Reicht\u00fcmer des Departements genie\u00dfen. Nachdem Sie am Ozean entlang gegangen sind, gehen Sie in den Wald hinein, um die Anse de Cayola zu erreichen.<\/p>\n\n\n\n<p>Von dort aus empfehlen wir Ihnen, sich einen idealen Spot zu suchen, an dem Sie Ihr Picknick genie\u00dfen k\u00f6nnen.<br>Was gibt es Sch\u00f6neres als ein Mittagessen mit den F\u00fc\u00dfen im Sand und Blick auf den Ozean?!<\/p>\n\n\n\n<p>Nach Ihrem Mittagessen m\u00fcssen Sie Ihren Rundweg nur noch beenden, indem Sie den Parkplatz des Puits de l&#8217;Enfer wieder erreichen.<\/p>\n\n\n\n<p>Zur\u00fcck auf dem Campingplatz k\u00f6nnen Sie uns gerne mitteilen, wie Sie Ihre Wanderung empfunden haben.<\/p>\n<\/div>\n<\/div>\n\n\n\n<div class=\"wp-block-group is-layout-constrained wp-block-group-is-layout-constrained\" style=\"padding-top:var(--wp--preset--spacing--50);padding-bottom:var(--wp--preset--spacing--50)\">\n<figure class=\"wp-block-image aligncenter size-full is-resized\"><img decoding=\"async\" src=\"https:\/\/leboisdelagachere.com\/wp-content\/uploads\/2023\/11\/trait.png\" alt=\"\" class=\"wp-image-7499\" style=\"width:150px\"\/><\/figure>\n<\/div>\n","protected":false},"excerpt":{"rendered":"<p>Halber Tag Mountainbike Ist das Fahrrad nicht die beste Art, die umliegende Natur zu erkunden? Dauer: halber Tag F\u00fcr diese Erfahrung, Sie werden es verstanden haben, nehmen wir Sie mit auf eine Fahrradtour! Ziehen Sie Ihre bequemsten Turnschuhe an,F\u00fcllen Sie Ihre Feldflasche mit Wasser,Beladen Sie Ihren Rucksack mit einem guten Picknick,&amp; zielen Sie auf Ihren [&hellip;]<\/p>\n","protected":false},"author":3,"featured_media":0,"parent":9015,"menu_order":0,"comment_status":"closed","ping_status":"closed","template":"","meta":{"_seopress_robots_primary_cat":"","_seopress_titles_title":"Halber Tag Mountainbike - 4-Sterne-Campingplatz in Les Sables d&#039;Olonne","_seopress_titles_desc":"Der 4-Sterne-Campingplatz Le Bois de La Gach\u00e8re liegt in der N\u00e4he der Radwege von Les Sables d&#039;Olonne. Direkter Zugang zum Strand, Wasserbereich...  ","_seopress_robots_index":"","footnotes":""},"class_list":["post-9115","page","type-page","status-publish","hentry"],"_links":{"self":[{"href":"https:\/\/leboisdelagachere.com\/de\/wp-json\/wp\/v2\/pages\/9115","targetHints":{"allow":["GET"]}}],"collection":[{"href":"https:\/\/leboisdelagachere.com\/de\/wp-json\/wp\/v2\/pages"}],"about":[{"href":"https:\/\/leboisdelagachere.com\/de\/wp-json\/wp\/v2\/types\/page"}],"author":[{"embeddable":true,"href":"https:\/\/leboisdelagachere.com\/de\/wp-json\/wp\/v2\/users\/3"}],"replies":[{"embeddable":true,"href":"https:\/\/leboisdelagachere.com\/de\/wp-json\/wp\/v2\/comments?post=9115"}],"version-history":[{"count":2,"href":"https:\/\/leboisdelagachere.com\/de\/wp-json\/wp\/v2\/pages\/9115\/revisions"}],"predecessor-version":[{"id":9566,"href":"https:\/\/leboisdelagachere.com\/de\/wp-json\/wp\/v2\/pages\/9115\/revisions\/9566"}],"up":[{"embeddable":true,"href":"https:\/\/leboisdelagachere.com\/de\/wp-json\/wp\/v2\/pages\/9015"}],"wp:attachment":[{"href":"https:\/\/leboisdelagachere.com\/de\/wp-json\/wp\/v2\/media?parent=9115"}],"curies":[{"name":"wp","href":"https:\/\/api.w.org\/{rel}","templated":true}]}}