{"id":9123,"date":"2023-11-22T09:47:28","date_gmt":"2023-11-22T08:47:28","guid":{"rendered":"https:\/\/dev.leboisdelagachere.com\/urlaubsbuch\/weintouristische-rundreise\/"},"modified":"2023-12-15T10:48:18","modified_gmt":"2023-12-15T09:48:18","slug":"weintouristische-rundreise","status":"publish","type":"page","link":"https:\/\/leboisdelagachere.com\/de\/urlaubsbuch\/weintouristische-rundreise\/","title":{"rendered":"Weintouristische Rundreise"},"content":{"rendered":"\n<h1 class=\"wp-block-heading\">\u00d6notouristische Parenthese<\/h1>\n\n<h2 class=\"wp-block-heading has-text-color has-link-color wp-elements-875dbd102975022f8df0f1e4232a4a2e\" style=\"color:#026678\">Willkommen in der Vend\u00e9e.<\/h2>\n\n<p>Dauer: 1 Tag<\/p>\n\n<div class=\"wp-block-media-text alignfull has-media-on-the-right is-stacked-on-mobile is-vertically-aligned-center is-image-fill is-style-default\" style=\"padding-top:var(--wp--preset--spacing--60);padding-right:5%;padding-left:5%;grid-template-columns:auto 56%\"><div class=\"wp-block-media-text__content\">\n<p>Willkommen dort, wo Himmel und Meer eins sind.<br\/>Entdecken Sie nicht nur <strong>au\u00dfergew\u00f6hnliche Landschaften<\/strong>, sondern nutzen Sie Ihren Aufenthalt auch, um die lokalen Produkte zu probieren.<br\/>Heute werden wir Ihnen nicht von pr\u00e9fou, mogettes oder dem k\u00f6stlichen Schinken aus der Vend\u00e9e erz\u00e4hlen (auch wenn wir Ihnen dringend empfehlen, ihn zu probieren).<br\/>Sondern vielmehr <strong>Weine <\/strong>, die diese Speisen perfekt begleiten.<br\/>Und ja, der <strong>Fiefs Vend\u00e9ens<\/strong> ist ein wenig bekannter Wein mit kontrollierter Herkunftsbezeichnung (AOC), der es aber verdient, dass man sich mit ihm besch\u00e4ftigt.<br\/>Mit dem Auto oder dem Fahrrad bringen wir Sie <strong>mitten in die Weinberge<\/strong>.<br\/>Entdecken Sie dieses Lehen, in dem die Weinberge zum Leben erweckt werden, eingelullt vom Ozean und seiner jodhaltigen Luft.<br\/>Brem sur mer liegt nur 2,3 Kilometer vom Campingplatz le Bois de La Gach\u00e8re entfernt. Mit dem Auto brauchen Sie nur 7 Minuten bis dorthin.<br\/>Sie k\u00f6nnen sich Zeit f\u00fcr ein Fr\u00fchst\u00fcck mit der Familie nehmen und das <a href=\"https:\/\/leboisdelagachere.com\/services-camping-vendee\/\" data-type=\"page\" data-id=\"7521\">frische Brot und Geb\u00e4ck des Campingplatzes<\/a> genie\u00dfen.<\/p>\n\n\n\n<div class=\"wp-block-group has-border-color is-layout-constrained wp-container-core-group-is-layout-db32e940 wp-block-group-is-layout-constrained\" style=\"border-color:#026678;border-width:3px;padding-top:var(--wp--preset--spacing--60);padding-right:var(--wp--preset--spacing--60);padding-bottom:var(--wp--preset--spacing--60);padding-left:var(--wp--preset--spacing--60)\">\n<p><strong>\n  <em>Unsere Ratschl\u00e4ge:<br\/><\/em>\n<\/strong>Wir empfehlen Ihnen, Ihre Fahrr\u00e4der auf Ihrem Fahrradtr\u00e4ger mitzunehmen, um diese \u00f6notouristische Route zu durchqueren.<br\/>Es gibt keine Markierungen, denken Sie also daran, Ihr Telefon aufzuladen, damit Sie sich mit Ihrem GPS-Ger\u00e4t behelfen k\u00f6nnen.<\/p>\n<\/div>\n<\/div><figure class=\"wp-block-media-text__media\" style=\"background-image:url(https:\/\/leboisdelagachere.com\/wp-content\/uploads\/2023\/11\/DomaineMouratMareuilsurLay58.jpg);background-position:50% 50%\"><img loading=\"lazy\" decoding=\"async\" width=\"1000\" height=\"667\" src=\"https:\/\/leboisdelagachere.com\/wp-content\/uploads\/2023\/11\/DomaineMouratMareuilsurLay58.jpg\" alt=\"Besuch der Weinberge in der Vend\u00e9e\" class=\"wp-image-8047 size-full\" srcset=\"https:\/\/leboisdelagachere.com\/wp-content\/uploads\/2023\/11\/DomaineMouratMareuilsurLay58.jpg 1000w, https:\/\/leboisdelagachere.com\/wp-content\/uploads\/2023\/11\/DomaineMouratMareuilsurLay58-300x200.jpg 300w, https:\/\/leboisdelagachere.com\/wp-content\/uploads\/2023\/11\/DomaineMouratMareuilsurLay58-768x512.jpg 768w\" sizes=\"auto, (max-width: 1000px) 100vw, 1000px\" \/><\/figure><\/div>\n\n<div class=\"wp-block-columns alignwide are-vertically-aligned-center is-layout-flex wp-container-core-columns-is-layout-7cca1c40 wp-block-columns-is-layout-flex\" style=\"padding-top:var(--wp--preset--spacing--60);padding-bottom:var(--wp--preset--spacing--60)\">\n<div class=\"wp-block-column is-vertically-aligned-center is-layout-flow wp-block-column-is-layout-flow\" style=\"flex-basis:33.62%\">\n<figure class=\"wp-block-image size-full is-resized\"><img loading=\"lazy\" decoding=\"async\" width=\"563\" height=\"1000\" src=\"https:\/\/leboisdelagachere.com\/wp-content\/uploads\/2023\/11\/348355333_536356748499385_4090421975887832574_n.jpg\" alt=\"Weinberge in der Vend&#xE9;e\" class=\"wp-image-8048\" style=\"aspect-ratio:0.75;object-fit:cover;width:382px;height:auto\" srcset=\"https:\/\/leboisdelagachere.com\/wp-content\/uploads\/2023\/11\/348355333_536356748499385_4090421975887832574_n.jpg 563w, https:\/\/leboisdelagachere.com\/wp-content\/uploads\/2023\/11\/348355333_536356748499385_4090421975887832574_n-169x300.jpg 169w\" sizes=\"auto, (max-width: 563px) 100vw, 563px\" \/><\/figure><\/div>\n\n\n\n<div class=\"wp-block-column is-vertically-aligned-center is-layout-flow wp-block-column-is-layout-flow\" style=\"flex-basis:33%\">\n<div style=\"height:55px\" aria-hidden=\"true\" class=\"wp-block-spacer\"><\/div>\n\n\n\n<figure class=\"wp-block-image size-full is-resized\"><img loading=\"lazy\" decoding=\"async\" width=\"563\" height=\"1000\" src=\"https:\/\/leboisdelagachere.com\/wp-content\/uploads\/2023\/11\/348355219_614819917247599_7929604765366145657_n.jpg\" alt=\"&#xF6;notouristische Rundreise in der Vend&#xE9;e\" class=\"wp-image-8049\" style=\"aspect-ratio:0.75;object-fit:cover;width:375px;height:auto\" srcset=\"https:\/\/leboisdelagachere.com\/wp-content\/uploads\/2023\/11\/348355219_614819917247599_7929604765366145657_n.jpg 563w, https:\/\/leboisdelagachere.com\/wp-content\/uploads\/2023\/11\/348355219_614819917247599_7929604765366145657_n-169x300.jpg 169w\" sizes=\"auto, (max-width: 563px) 100vw, 563px\" \/><\/figure><\/div>\n\n\n\n<div class=\"wp-block-column is-vertically-aligned-center is-layout-flow wp-block-column-is-layout-flow\" style=\"flex-basis:33.38%\">\n<h2 class=\"wp-block-heading has-text-color has-link-color wp-elements-e1e589cc723871cbd1897082f854c7af\" style=\"color:#026678\">Bei der Eroberung der Fiefs Vend\u00e9ens<\/h2>\n\n\n\n<p>Wenn Sie in<strong> Brem sur Mer<\/strong> angekommen sind, k\u00f6nnen Sie im Stadtzentrum am Fu\u00dfe der Kirche parken.<br\/>Nehmen Sie sich die Zeit, sie zu bewundern, denn sie ist eine der \u00e4ltesten Kirchen des Departements.<\/p>\n\n\n\n<p>Ihr zweiter Halt f\u00fchrt Sie zum ersten Landgut: <em>L&#8217;Or\u00e9e des Sabias<\/em>.<br\/>Die Teams dieses Weinguts freuen sich darauf, Ihnen ihre Weinberge sowie ihren Weinkeller zu zeigen.<br\/>Die Weinherstellung wird kein Geheimnis mehr sein, da Sie im Laufe des Besuchs die verschiedenen Schritte kennenlernen werden.<br\/>Der Besuch des Anwesens dauert etwa 30 Minuten. Am Ende k\u00f6nnen Sie einige Weine aus ihren Cuv\u00e9es probieren.<\/p>\n\n\n\n<p><strong>\n  <em>Praktische Informationen :<br\/><\/em>\n<\/strong>Dauer: 30 Minuten<br\/>Zug\u00e4nglich f\u00fcr PMR<br\/>Dienstag bis Donnerstag von 10:00 bis 12:30 Uhr und anschlie\u00dfend von 15:00 bis 18:00 Uhr, Freitag und Samstag bis 18:30 Uhr.<\/p>\n<\/div>\n<\/div>\n\n<div class=\"wp-block-group alignfull has-white-color has-text-color has-background has-link-color wp-elements-05d63d3fa579a2eccb4e50175c2e1651 is-layout-constrained wp-container-core-group-is-layout-c6787eed wp-block-group-is-layout-constrained\" style=\"background-color:#026678;padding-top:var(--wp--preset--spacing--60);padding-right:0;padding-bottom:var(--wp--preset--spacing--60);padding-left:0\">\n<div class=\"wp-block-media-text alignfull has-media-on-the-right is-stacked-on-mobile is-image-fill\" style=\"padding-right:10%;padding-left:10%\"><div class=\"wp-block-media-text__content\">\n<p>Nach diesem bereichernden Besuch k\u00f6nnen Sie Ihre <strong>Weintour<\/strong> fortsetzen.<\/p>\n\n\n\n<p>Nachdem Sie den Parc des Genets durchquert haben, erreichen Sie das zweite Weingut: <em>Le Lux en Roc &#8211; Cave Richard<\/em>.<br\/>Hier freuen sich B\u00e9rang\u00e8re und Jean Pierre darauf, Sie herzlich willkommen zu hei\u00dfen. Seit mehr als zwei Jahrhunderten wird das 7 Hektar gro\u00dfe Weingut von derselben Familie verwaltet.<br\/>Entdecken Sie dieses Familienerbe, das von Generation zu Generation weitergegeben wird.<br\/>Das Team bietet Ihnen Einf\u00fchrungen in die Weinprobe an, denken Sie daran, einen Termin zu vereinbaren.<\/p>\n\n\n\n<p><img loading=\"lazy\" decoding=\"async\" width=\"30\" height=\"26\" class=\"wp-image-8012\" style=\"width: 30px;\" src=\"https:\/\/leboisdelagachere.com\/wp-content\/uploads\/2023\/11\/guilmet-ok-couleur-blanc-ok.png\" alt=\"\" srcset=\"https:\/\/leboisdelagachere.com\/wp-content\/uploads\/2023\/11\/guilmet-ok-couleur-blanc-ok.png 528w, https:\/\/leboisdelagachere.com\/wp-content\/uploads\/2023\/11\/guilmet-ok-couleur-blanc-ok-300x263.png 300w\" sizes=\"auto, (max-width: 30px) 100vw, 30px\" \/>  Auf der Weiterfahrt k\u00f6nnen Sie einen Zwischenstopp in dem charmanten Dorf La Gach\u00e8re einlegen.<br\/>Dieses kleine Fischerdorf mit seinem authentischen Charme ist einen Besuch wert.<\/p>\n\n\n\n<p>Wenn Sie Ihren Weg fortsetzen, erreichen Sie das letzte Weingut dieser Weintour: <em>die Domaine des Granges<\/em>.<br\/>Auch hier tauschen Sie sich mit leidenschaftlichen Winzern aus, die Ihnen gerne ihre Geschichte und die ihrer Weine erz\u00e4hlen.<br\/>Nehmen Sie sich die Zeit, zwischen den Weinbergen zu schlendern und diese <strong>au\u00dfergew\u00f6hnlichen Landschaften mit Weinreben<\/strong>, soweit das Auge reicht, zu entdecken.<\/p>\n\n\n\n<p>In der Vend\u00e9e gibt es noch viele weitere Weing\u00fcter zu entdecken, deren Winzer ebenso leidenschaftlich sind.<br\/>Nachdem Sie die Weine dieser so einzigartigen Gegend entdeckt und verkostet haben, ist es Zeit f\u00fcr eine Pause.<\/p>\n<\/div><figure class=\"wp-block-media-text__media\" style=\"background-image:url(https:\/\/leboisdelagachere.com\/wp-content\/uploads\/2023\/11\/domainesaintnicolasliledol-3.jpg);background-position:41% 49%\"><img loading=\"lazy\" decoding=\"async\" width=\"1000\" height=\"667\" src=\"https:\/\/leboisdelagachere.com\/wp-content\/uploads\/2023\/11\/domainesaintnicolasliledol-3.jpg\" alt=\"Besuch und Verkostung der Weinberge in der Vend\u00e9e\" class=\"wp-image-8050 size-full\" srcset=\"https:\/\/leboisdelagachere.com\/wp-content\/uploads\/2023\/11\/domainesaintnicolasliledol-3.jpg 1000w, https:\/\/leboisdelagachere.com\/wp-content\/uploads\/2023\/11\/domainesaintnicolasliledol-3-300x200.jpg 300w, https:\/\/leboisdelagachere.com\/wp-content\/uploads\/2023\/11\/domainesaintnicolasliledol-3-768x512.jpg 768w\" sizes=\"auto, (max-width: 1000px) 100vw, 1000px\" \/><\/figure><\/div>\n<\/div>\n\n<div class=\"wp-block-media-text alignfull is-stacked-on-mobile is-image-fill\" style=\"padding-top:var(--wp--preset--spacing--60);padding-right:10%;padding-bottom:var(--wp--preset--spacing--60);padding-left:10%\"><figure class=\"wp-block-media-text__media\" style=\"background-image:url(https:\/\/leboisdelagachere.com\/wp-content\/uploads\/2023\/11\/LaCabane-BremsurMer30.jpg);background-position:50% 50%\"><img loading=\"lazy\" decoding=\"async\" width=\"667\" height=\"1000\" src=\"https:\/\/leboisdelagachere.com\/wp-content\/uploads\/2023\/11\/LaCabane-BremsurMer30.jpg\" alt=\"Pause in der H\u00fctte in Brem sur Mer\" class=\"wp-image-8051 size-full\" srcset=\"https:\/\/leboisdelagachere.com\/wp-content\/uploads\/2023\/11\/LaCabane-BremsurMer30.jpg 667w, https:\/\/leboisdelagachere.com\/wp-content\/uploads\/2023\/11\/LaCabane-BremsurMer30-200x300.jpg 200w\" sizes=\"auto, (max-width: 667px) 100vw, 667px\" \/><\/figure><div class=\"wp-block-media-text__content\">\n<h2 class=\"wp-block-heading has-text-color has-link-color wp-elements-240189c4682034edba9064f9c6cd3339\" style=\"color:#026678\">Richtung La Cabane<\/h2>\n\n\n\n<p>Das zu THE PLACE TO BE gewordene La Cabane bietet seinen G\u00e4sten <strong>einen atemberaubenden Rahmen<\/strong>.<\/p>\n\n\n\n<p>Trinken Sie ein Glas Fiefs Vend\u00e9ens und probieren Sie k\u00f6stliche Meeresfr\u00fcchte <strong>&#8222;mit den F\u00fc\u00dfen im Sumpf&#8220;<\/strong>.<\/p>\n\n\n\n<p>Diese ehemalige Austernh\u00fctte wurde rehabilitiert, um Ihnen einen einzigartigen Rahmen zu bieten, in dem Sie sich niederlassen und eine gesellige Atmosph\u00e4re genie\u00dfen k\u00f6nnen.<br\/><\/p>\n\n\n\n<div class=\"wp-block-group has-border-color is-layout-constrained wp-container-core-group-is-layout-f611be13 wp-block-group-is-layout-constrained\" style=\"border-color:#026678;border-style:solid;border-width:3px;padding-top:var(--wp--preset--spacing--50);padding-right:var(--wp--preset--spacing--50);padding-bottom:var(--wp--preset--spacing--50);padding-left:var(--wp--preset--spacing--50)\">\n<p><strong>\n  <em>Kleiner Tipp vom Team:<br\/><\/em>\n<\/strong>Der <a href=\"https:\/\/leboisdelagachere.com\/de\/\" data-type=\"page\" data-id=\"2\">Campingplatz Bois de La Gach\u00e8re<\/a> liegt nur wenige Minuten von La Cabane entfernt. Wir empfehlen Ihnen, am Ende des Tages zur\u00fcckzukehren, um einen wundersch\u00f6nen Sonnenuntergang \u00fcber den S\u00fcmpfen zu genie\u00dfen.<\/p>\n<\/div>\n<\/div><\/div>\n\n<div class=\"wp-block-group alignfull has-white-color has-text-color has-background has-link-color wp-elements-c4cc06e1380cae8ccfbd765f3a0c2db3 is-layout-constrained wp-block-group-is-layout-constrained\" style=\"background-color:#026678\">\n<div class=\"wp-block-media-text alignfull has-media-on-the-right is-stacked-on-mobile\" style=\"padding-top:var(--wp--preset--spacing--60);padding-right:10%;padding-bottom:var(--wp--preset--spacing--60);padding-left:10%\"><div class=\"wp-block-media-text__content\">\n<h2 class=\"wp-block-heading\">Stand up paddle in den S\u00fcmpfen<\/h2>\n\n\n\n<p>Die S\u00fcmpfe bieten eine Vielzahl von Wasserwegen. Es ist ein idyllischer Rahmen f\u00fcr diese sportliche und zugleich entspannende Aktivit\u00e4t.<br\/>Diese Umgebung l\u00e4dt zu Entdeckungen ein. Machen Sie keinen L\u00e4rm mehr, lassen Sie sich im Rhythmus des Wassers treiben und genie\u00dfen Sie die umliegende Natur.<br\/>Nach einem solchen Tag werden Sie es genie\u00dfen, sich in Ihrem <a href=\"https:\/\/leboisdelagachere.com\/hebergements-les-sables-dolonne\/\" data-type=\"page\" data-id=\"6946\">komfortablen Mobilheim<\/a> auf dem Campingplatz Le Bois de La Gach\u00e8re zu entspannen.<\/p>\n<\/div><figure class=\"wp-block-media-text__media\"><img loading=\"lazy\" decoding=\"async\" width=\"1000\" height=\"667\" src=\"https:\/\/leboisdelagachere.com\/wp-content\/uploads\/2023\/11\/LaCabane-BremsurMer13.jpg\" alt=\"paddle im Herzen der S\u00fcmpfe in der Vend\u00e9e\" class=\"wp-image-8052 size-full\" srcset=\"https:\/\/leboisdelagachere.com\/wp-content\/uploads\/2023\/11\/LaCabane-BremsurMer13.jpg 1000w, https:\/\/leboisdelagachere.com\/wp-content\/uploads\/2023\/11\/LaCabane-BremsurMer13-300x200.jpg 300w, https:\/\/leboisdelagachere.com\/wp-content\/uploads\/2023\/11\/LaCabane-BremsurMer13-768x512.jpg 768w\" sizes=\"auto, (max-width: 1000px) 100vw, 1000px\" \/><\/figure><\/div>\n<\/div>\n\n<div class=\"wp-block-group is-layout-constrained wp-block-group-is-layout-constrained\" style=\"padding-top:var(--wp--preset--spacing--50);padding-bottom:var(--wp--preset--spacing--50)\">\n<figure class=\"wp-block-image aligncenter size-full is-resized\"><img decoding=\"async\" src=\"https:\/\/leboisdelagachere.com\/wp-content\/uploads\/2023\/11\/trait.png\" alt=\"\" class=\"wp-image-7499\" style=\"width:150px\"\/><\/figure><\/div>\n","protected":false},"excerpt":{"rendered":"<p>\u00d6notouristische Parenthese Willkommen in der Vend\u00e9e. Dauer: 1 Tag Bei der Eroberung der Fiefs Vend\u00e9ens Wenn Sie in Brem sur Mer angekommen sind, k\u00f6nnen Sie im Stadtzentrum am Fu\u00dfe der Kirche parken.Nehmen Sie sich die Zeit, sie zu bewundern, denn sie ist eine der \u00e4ltesten Kirchen des Departements. Ihr zweiter Halt f\u00fchrt Sie zum ersten [&hellip;]<\/p>\n","protected":false},"author":3,"featured_media":0,"parent":9015,"menu_order":0,"comment_status":"closed","ping_status":"closed","template":"","meta":{"_seopress_robots_primary_cat":"","_seopress_titles_title":"\u00d6notouristische Parenthese in der Vend\u00e9e - Campingplatz Les Sables d'Olonne","_seopress_titles_desc":"In der N\u00e4he des Campingplatzes le Bois de La Gach\u00e8re entdecken Sie die Route Oenotouristique de Brem sur Mer. Probieren Sie die AOP-Weine der Fiefs Vend\u00e9enns.  ","_seopress_robots_index":"","footnotes":""},"class_list":["post-9123","page","type-page","status-publish","hentry"],"_links":{"self":[{"href":"https:\/\/leboisdelagachere.com\/de\/wp-json\/wp\/v2\/pages\/9123","targetHints":{"allow":["GET"]}}],"collection":[{"href":"https:\/\/leboisdelagachere.com\/de\/wp-json\/wp\/v2\/pages"}],"about":[{"href":"https:\/\/leboisdelagachere.com\/de\/wp-json\/wp\/v2\/types\/page"}],"author":[{"embeddable":true,"href":"https:\/\/leboisdelagachere.com\/de\/wp-json\/wp\/v2\/users\/3"}],"replies":[{"embeddable":true,"href":"https:\/\/leboisdelagachere.com\/de\/wp-json\/wp\/v2\/comments?post=9123"}],"version-history":[{"count":1,"href":"https:\/\/leboisdelagachere.com\/de\/wp-json\/wp\/v2\/pages\/9123\/revisions"}],"predecessor-version":[{"id":9137,"href":"https:\/\/leboisdelagachere.com\/de\/wp-json\/wp\/v2\/pages\/9123\/revisions\/9137"}],"up":[{"embeddable":true,"href":"https:\/\/leboisdelagachere.com\/de\/wp-json\/wp\/v2\/pages\/9015"}],"wp:attachment":[{"href":"https:\/\/leboisdelagachere.com\/de\/wp-json\/wp\/v2\/media?parent=9123"}],"curies":[{"name":"wp","href":"https:\/\/api.w.org\/{rel}","templated":true}]}}