{"id":9136,"date":"2023-11-22T10:18:50","date_gmt":"2023-11-22T09:18:50","guid":{"rendered":"https:\/\/dev.leboisdelagachere.com\/urlaubsbuch\/tag-zum-faulenzen-und-entdecken-des-surfens\/"},"modified":"2023-12-18T11:35:21","modified_gmt":"2023-12-18T10:35:21","slug":"tag-zum-faulenzen-und-entdecken-des-surfens","status":"publish","type":"page","link":"https:\/\/leboisdelagachere.com\/de\/urlaubsbuch\/tag-zum-faulenzen-und-entdecken-des-surfens\/","title":{"rendered":"Tag zum Faulenzen und Entdecken des Surfens"},"content":{"rendered":"\n<h1 class=\"wp-block-heading\">Tag zum Faulenzen und Entdecken des Surfens<\/h1>\n\n\n\n<h2 class=\"wp-block-heading has-text-color has-link-color wp-elements-d2c759925ea8468c23fb811be329277b\" style=\"color:#026678\">Die Ferien sind dazu da, um Energie zu tanken, sich zu erholen und zu entspannen.<\/h2>\n\n\n\n<p><em>Dauer: 1 Tag<\/em><\/p>\n\n\n\n<div class=\"wp-block-media-text alignfull has-media-on-the-right is-stacked-on-mobile is-vertically-aligned-center is-image-fill is-style-default\" style=\"padding-top:var(--wp--preset--spacing--60);padding-right:5%;padding-left:5%;grid-template-columns:auto 56%\"><div class=\"wp-block-media-text__content\">\n<p>Manchmal verliert man sich in der Masse an Aktivit\u00e4ten, die es zu tun und zu entdecken gibt, und nimmt sich nicht einmal die Zeit, die <strong>einfachen Momente<\/strong> zu genie\u00dfen oder sich einfach nur auszuruhen.<br>Bei einem Aufenthalt im <a href=\"https:\/\/leboisdelagachere.com\/de\/\" data-type=\"page\" data-id=\"2\">Bois de la Gach\u00e8re<\/a> sollten Sie sich die Zeit nehmen.<br>\u00dcberst\u00fcrzen Sie nichts und machen Sie Aktivit\u00e4ten, die Ihnen Spa\u00df machen!<br>Diese Erfahrung wird im Zeichen der Entspannung in aller Ruhe stehen.<\/p>\n\n\n\n<p>Beginnen Sie den Tag langsam mit einem kleinen Bad <a href=\"https:\/\/leboisdelagachere.com\/de\/wasserraum\/\" data-type=\"page\" data-id=\"7660\">im Wasserbereich des Campingplatzes.<\/a> Was gibt es Sch\u00f6neres, um aufzuwachen, als in klares, wohltemperiertes Wasser einzutauchen? Der Vorteil im Bois de La Gach\u00e8re ist, dass du, wenn es etwas k\u00fchler ist, immer noch das Hallenbad nutzen kannst.<\/p>\n\n\n\n<p>Bei einem Aufenthalt auf diesem 4-Sterne-Campingplatz haben Sie das Gl\u00fcck, nur wenige Schritte von den <a href=\"https:\/\/leboisdelagachere.com\/de\/in-das-herz-der-natur-eintauchen\/die-straende\/\" data-type=\"page\" data-id=\"7864\">feinen Sandstr\u00e4nden<\/a> entfernt zu sein. Sie eignen sich f\u00fcr die Aus\u00fcbung zahlreicher Aktivit\u00e4ten. <a href=\"https:\/\/leboisdelagachere.com\/de\/die-surfschule\/\" data-type=\"page\" data-id=\"7950\">Wassersportaktivit\u00e4ten<\/a>, aber auch die Aus\u00fcbung des Angelsports.<br>Bevor Sie zu dieser Aktivit\u00e4t aufbrechen, denken Sie daran, sich die Gezeitenzeiten anzusehen.<br>Die Teams k\u00f6nnen Ihnen an der <a href=\"https:\/\/leboisdelagachere.com\/de\/die-dienste\/\" data-type=\"page\" data-id=\"7521\">Rezeption des Campingplatzes<\/a> diesbez\u00fcglich Auskunft geben.<\/p>\n<\/div><figure class=\"wp-block-media-text__media\" style=\"background-image:url(https:\/\/leboisdelagachere.com\/wp-content\/uploads\/2023\/11\/La-Tranche-Sur-Mer-photo-aerienne-surfeur-P1400054.jpg);background-position:50% 50%\"><img loading=\"lazy\" decoding=\"async\" width=\"1000\" height=\"751\" src=\"https:\/\/leboisdelagachere.com\/wp-content\/uploads\/2023\/11\/La-Tranche-Sur-Mer-photo-aerienne-surfeur-P1400054.jpg\" alt=\"Entdeckung des Surfens in der Vend\u00e9e\" class=\"wp-image-7955 size-full\" srcset=\"https:\/\/leboisdelagachere.com\/wp-content\/uploads\/2023\/11\/La-Tranche-Sur-Mer-photo-aerienne-surfeur-P1400054.jpg 1000w, https:\/\/leboisdelagachere.com\/wp-content\/uploads\/2023\/11\/La-Tranche-Sur-Mer-photo-aerienne-surfeur-P1400054-300x225.jpg 300w, https:\/\/leboisdelagachere.com\/wp-content\/uploads\/2023\/11\/La-Tranche-Sur-Mer-photo-aerienne-surfeur-P1400054-768x577.jpg 768w\" sizes=\"auto, (max-width: 1000px) 100vw, 1000px\" \/><\/figure><\/div>\n\n\n\n<div class=\"wp-block-columns alignwide are-vertically-aligned-center is-layout-flex wp-container-core-columns-is-layout-7cca1c40 wp-block-columns-is-layout-flex\" style=\"padding-top:var(--wp--preset--spacing--60);padding-bottom:var(--wp--preset--spacing--60)\">\n<div class=\"wp-block-column is-vertically-aligned-center is-layout-flow wp-block-column-is-layout-flow\" style=\"flex-basis:33.62%\">\n<figure class=\"wp-block-image size-full is-resized\"><img loading=\"lazy\" decoding=\"async\" width=\"1000\" height=\"751\" src=\"https:\/\/leboisdelagachere.com\/wp-content\/uploads\/2023\/11\/Plage-de-la-paracou-les-sables-dolonne-P1220596.jpg\" alt=\"felsiger Strand Vend\u00e9e\" class=\"wp-image-7884\" style=\"aspect-ratio:0.75;object-fit:cover;width:382px;height:auto\" srcset=\"https:\/\/leboisdelagachere.com\/wp-content\/uploads\/2023\/11\/Plage-de-la-paracou-les-sables-dolonne-P1220596.jpg 1000w, https:\/\/leboisdelagachere.com\/wp-content\/uploads\/2023\/11\/Plage-de-la-paracou-les-sables-dolonne-P1220596-300x225.jpg 300w, https:\/\/leboisdelagachere.com\/wp-content\/uploads\/2023\/11\/Plage-de-la-paracou-les-sables-dolonne-P1220596-768x577.jpg 768w\" sizes=\"auto, (max-width: 1000px) 100vw, 1000px\" \/><\/figure>\n<\/div>\n\n\n\n<div class=\"wp-block-column is-vertically-aligned-center is-layout-flow wp-block-column-is-layout-flow\" style=\"flex-basis:33%\">\n<div style=\"height:55px\" aria-hidden=\"true\" class=\"wp-block-spacer\"><\/div>\n\n\n\n<figure class=\"wp-block-image size-full is-resized\"><img loading=\"lazy\" decoding=\"async\" width=\"1000\" height=\"751\" src=\"https:\/\/leboisdelagachere.com\/wp-content\/uploads\/2023\/11\/Plage-de-la-paracou-les-sables-dolonne-P1210857.jpg\" alt=\"strand von paracou in der n\u00e4he des campingplatzes\" class=\"wp-image-7872\" style=\"aspect-ratio:0.75;object-fit:cover;width:375px;height:auto\" srcset=\"https:\/\/leboisdelagachere.com\/wp-content\/uploads\/2023\/11\/Plage-de-la-paracou-les-sables-dolonne-P1210857.jpg 1000w, https:\/\/leboisdelagachere.com\/wp-content\/uploads\/2023\/11\/Plage-de-la-paracou-les-sables-dolonne-P1210857-300x225.jpg 300w, https:\/\/leboisdelagachere.com\/wp-content\/uploads\/2023\/11\/Plage-de-la-paracou-les-sables-dolonne-P1210857-768x577.jpg 768w\" sizes=\"auto, (max-width: 1000px) 100vw, 1000px\" \/><\/figure>\n<\/div>\n\n\n\n<div class=\"wp-block-column is-vertically-aligned-center is-layout-flow wp-block-column-is-layout-flow\" style=\"flex-basis:33.38%\">\n<h2 class=\"wp-block-heading has-text-color has-link-color wp-elements-d465f7dde4f80480f0acd6e2d0069ddd\" style=\"color:#026678\">Richtung La Paracou<\/h2>\n\n\n\n<p>Dies ist der Referenzstrand f\u00fcr die <strong>Aus\u00fcbung des Angelns.<\/strong><br>Dieser Strand liegt 13 Kilometer vom Campingplatz entfernt. Sie k\u00f6nnen mit dem Auto dorthin fahren. Im Sommer ist der Verkehr jedoch dicht, sodass Sie Ihre Zeit sicherlich sparen k\u00f6nnen, wenn Sie mit dem Fahrrad auf den <a href=\"https:\/\/leboisdelagachere.com\/de\/in-das-herz-der-natur-eintauchen\/rad-und-wanderwege\/\" data-type=\"page\" data-id=\"7812\">Radwegen<\/a> dorthin fahren.<\/p>\n\n\n\n<div class=\"wp-block-group has-border-color is-layout-constrained wp-container-core-group-is-layout-0747478d wp-block-group-is-layout-constrained\" style=\"border-color:#026678;border-width:3px;padding-top:var(--wp--preset--spacing--50);padding-right:var(--wp--preset--spacing--50);padding-bottom:var(--wp--preset--spacing--50);padding-left:var(--wp--preset--spacing--50)\">\n<p><strong>\n  <em>F\u00fcr diesen ungew\u00f6hnlichen Ausflug m\u00fcssen Sie trotzdem an Ihre Ausr\u00fcstung denken.<\/em>\n<\/strong> :  <\/p>\n\n\n\n<ul class=\"wp-block-list\">\n<li>nehmen Sie Stiefel oder Schuhe mit, die sicher sind<\/li>\n\n\n\n<li>denken Sie daran, einen Eimer oder eine Sch\u00fcssel mitzubringen, um Ihre Beute darin aufzubewahren<\/li>\n\n\n\n<li>wird eine kleine Harke ben\u00f6tigt.<\/li>\n\n\n\n<li>au\u00dferdem sollten Sie einen Hut und Sonnencreme mitbringen<\/li>\n<\/ul>\n<\/div>\n<\/div>\n<\/div>\n\n\n\n<div class=\"wp-block-group alignfull has-white-color has-text-color has-background has-link-color wp-elements-9371fc96e70b6a8b54e58120df5ba0bc is-layout-constrained wp-container-core-group-is-layout-c6787eed wp-block-group-is-layout-constrained\" style=\"background-color:#026678;padding-top:var(--wp--preset--spacing--60);padding-right:0;padding-bottom:var(--wp--preset--spacing--60);padding-left:0\">\n<div class=\"wp-block-media-text alignfull has-media-on-the-right is-stacked-on-mobile\" style=\"padding-right:10%;padding-left:10%\"><div class=\"wp-block-media-text__content\">\n<p><strong>\n  <em>Zu wissen:<br><\/em>\n<\/strong>Es gibt einige Regeln, die Sie beachten m\u00fcssen, wenn Sie mit dem Angeln zu Fu\u00df beginnen.<br>Bei Spinnen solltest du darauf achten, dass ihre Schale 12 cm breit ist.<br>Bei Riesengarnelen sollten sie 3 cm lang sein.<br>Wenn die Krustentiere Eier tragen, d\u00fcrfen Sie sie nicht einsammeln.<br>Im Handel gibt es Regeln. Z\u00f6gern Sie nicht, sich einen zuzulegen, um sicherzugehen, dass Sie die Normen einhalten und so die Tier- und Pflanzenwelt respektieren.<\/p>\n\n\n\n<h2 class=\"wp-block-heading\">R\u00fcckkehr zum Campingplatz&#8230;<\/h2>\n\n\n\n<p>Um Ihre Beute zu verkosten.<br>Sobald Ihr Siegel gut gef\u00fcllt ist Dann ist es Zeit, zum Campingplatz zur\u00fcckzukehren und die k\u00f6stlichen Meeresfr\u00fcchte zu genie\u00dfen.<br>Die K\u00fcchen der <a href=\"https:\/\/leboisdelagachere.com\/de\/unterkuenfte\/\" data-type=\"page\" data-id=\"6946\">Mobilheime<\/a> im Bois de la Gach\u00e8re sind komplett ausgestattet. Hier finden Sie alles, was Sie brauchen, um Ihre Schalentiere k\u00f6stlich zuzubereiten.<br>Denken Sie daran, sie mehrmals mit klarem Wasser abzusp\u00fclen, um den Sand zu entfernen und so zu verhindern, dass es unter den Z\u00e4hnen knirscht.<br>Sie m\u00fcssen sich f\u00fcr den weiteren Verlauf des Programms st\u00e4rken.<\/p>\n<\/div><figure class=\"wp-block-media-text__media\"><img loading=\"lazy\" decoding=\"async\" width=\"1024\" height=\"682\" src=\"https:\/\/leboisdelagachere.com\/wp-content\/uploads\/2023\/11\/pecheapied-IMG_5982-1024x682.jpg\" alt=\"Muschelfischen am Strand in der N\u00e4he des Campingplatzes\" class=\"wp-image-8072 size-full\" srcset=\"https:\/\/leboisdelagachere.com\/wp-content\/uploads\/2023\/11\/pecheapied-IMG_5982-1024x682.jpg 1024w, https:\/\/leboisdelagachere.com\/wp-content\/uploads\/2023\/11\/pecheapied-IMG_5982-300x200.jpg 300w, https:\/\/leboisdelagachere.com\/wp-content\/uploads\/2023\/11\/pecheapied-IMG_5982-768x512.jpg 768w, https:\/\/leboisdelagachere.com\/wp-content\/uploads\/2023\/11\/pecheapied-IMG_5982-1536x1024.jpg 1536w, https:\/\/leboisdelagachere.com\/wp-content\/uploads\/2023\/11\/pecheapied-IMG_5982.jpg 2000w\" sizes=\"auto, (max-width: 1024px) 100vw, 1024px\" \/><\/figure><\/div>\n<\/div>\n\n\n\n<div class=\"wp-block-media-text alignfull is-stacked-on-mobile\" style=\"padding-top:var(--wp--preset--spacing--60);padding-right:10%;padding-bottom:var(--wp--preset--spacing--60);padding-left:10%\"><figure class=\"wp-block-media-text__media\"><img loading=\"lazy\" decoding=\"async\" width=\"667\" height=\"1000\" src=\"https:\/\/leboisdelagachere.com\/wp-content\/uploads\/2023\/11\/Surf_Olonne-sur-Mer_Les-Sables-dOlonne-31.jpg\" alt=\"Lernsession Surfen Vend\u00e9e\" class=\"wp-image-7954 size-full\" srcset=\"https:\/\/leboisdelagachere.com\/wp-content\/uploads\/2023\/11\/Surf_Olonne-sur-Mer_Les-Sables-dOlonne-31.jpg 667w, https:\/\/leboisdelagachere.com\/wp-content\/uploads\/2023\/11\/Surf_Olonne-sur-Mer_Les-Sables-dOlonne-31-200x300.jpg 200w\" sizes=\"auto, (max-width: 667px) 100vw, 667px\" \/><\/figure><div class=\"wp-block-media-text__content\">\n<h2 class=\"wp-block-heading has-text-color has-link-color wp-elements-c163721fa6dbbf7bb6bf89630c558b5e\" style=\"color:#026678\">Nach dieser kleinen Pause geht es weiter zum Strand von La Gach\u00e8re.<\/h2>\n\n\n\n<p>Ob Anf\u00e4nger oder erfahrener <a href=\"https:\/\/leboisdelagachere.com\/de\/die-surfschule\/\" data-type=\"page\" data-id=\"7950\">Surfer<\/a>, begeben Sie sich an den Plage de la Gach\u00e8re, um eine <a href=\"https:\/\/leboisdelagachere.com\/de\/die-surfschule\/\" data-type=\"page\" data-id=\"7950\">Surfsession<\/a> zu absolvieren.<br>Vor Ort werden sich die Lehrer an Ihr Niveau anpassen, damit Sie Spa\u00df haben.<br>Es ist Zeit, Ihren Overall anzuziehen.<br>Dieser Sprung ins Ungewisse macht Sie hager.<br>Gl\u00fccklicherweise sind Sie von einem Team umgeben, das sich um Sie k\u00fcmmert.<br>Der Unterricht beginnt auf dem Sand. Zeit, um Ihr Brett in die Hand zu nehmen.<br>Sie lernen die Bewegung, um sich aufzurichten. Auf Sand ist es einfach&#8230;<br>Nach einigen Wiederholungen ist es an der Zeit, sich ins Wasser zu st\u00fcrzen.<br>Die Str\u00f6mung l\u00e4sst Sie nur m\u00fchsam vorankommen.<br>Nach einigen Metern sind Sie jedoch bereit, die Welle zu z\u00e4hmen.<br>Du liegst auf deinem Brett und wartest auf die eine, die dich zum Reiten bringt.<br>Da ist sie, die ideale Welle. Du schwimmst mit der Kraft deiner Arme in Richtung der Str\u00f6mung und versuchst dann, aufzustehen&#8230;viel weniger einfach als am Strand.<br>Nach mehreren Sch\u00fcsseln, viel Gel\u00e4chter und einigen Litern getrunkenem Salzwasser gelingt es Ihnen schlie\u00dflich, aufzustehen. Zwar nur wenige Sekunden, aber die Befriedigung ist da.<\/p>\n\n\n\n<p><img decoding=\"async\" class=\"wp-image-7385\" style=\"width: 30px;\" src=\"https:\/\/leboisdelagachere.com\/wp-content\/uploads\/2023\/11\/guilmet-ok-couleur.png\" alt=\"camping au coeur du bois\"><strong> <em>Sie werden Geduld und Ausdauer brauchen, um auf der Welle zu reiten, aber eines ist sicher: Sie haben eine Zeit verbracht, die Sie nie vergessen werden.<\/em><\/strong><\/p>\n<\/div><\/div>\n\n\n\n<div class=\"wp-block-group is-layout-constrained wp-block-group-is-layout-constrained\" style=\"padding-top:var(--wp--preset--spacing--50);padding-bottom:var(--wp--preset--spacing--50)\">\n<figure class=\"wp-block-image aligncenter size-full is-resized\"><img decoding=\"async\" src=\"https:\/\/leboisdelagachere.com\/wp-content\/uploads\/2023\/11\/trait.png\" alt=\"\" class=\"wp-image-7499\" style=\"width:150px\"\/><\/figure>\n<\/div>\n","protected":false},"excerpt":{"rendered":"<p>Tag zum Faulenzen und Entdecken des Surfens Die Ferien sind dazu da, um Energie zu tanken, sich zu erholen und zu entspannen. Dauer: 1 Tag Manchmal verliert man sich in der Masse an Aktivit\u00e4ten, die es zu tun und zu entdecken gibt, und nimmt sich nicht einmal die Zeit, die einfachen Momente zu genie\u00dfen oder [&hellip;]<\/p>\n","protected":false},"author":3,"featured_media":0,"parent":9015,"menu_order":0,"comment_status":"closed","ping_status":"closed","template":"","meta":{"_seopress_robots_primary_cat":"","_seopress_titles_title":"Faulenzertag und Entdeckung des Surfens in Les Sables d&#039;Olonne","_seopress_titles_desc":"W\u00e4hrend Ihres Aufenthalts auf unserem 4-Sterne-Campingplatz befinden Sie sich nur wenige Schritte von den Str\u00e4nden entfernt. Nutzen Sie die Gelegenheit zum Surfen.  ","_seopress_robots_index":"","footnotes":""},"class_list":["post-9136","page","type-page","status-publish","hentry"],"_links":{"self":[{"href":"https:\/\/leboisdelagachere.com\/de\/wp-json\/wp\/v2\/pages\/9136","targetHints":{"allow":["GET"]}}],"collection":[{"href":"https:\/\/leboisdelagachere.com\/de\/wp-json\/wp\/v2\/pages"}],"about":[{"href":"https:\/\/leboisdelagachere.com\/de\/wp-json\/wp\/v2\/types\/page"}],"author":[{"embeddable":true,"href":"https:\/\/leboisdelagachere.com\/de\/wp-json\/wp\/v2\/users\/3"}],"replies":[{"embeddable":true,"href":"https:\/\/leboisdelagachere.com\/de\/wp-json\/wp\/v2\/comments?post=9136"}],"version-history":[{"count":2,"href":"https:\/\/leboisdelagachere.com\/de\/wp-json\/wp\/v2\/pages\/9136\/revisions"}],"predecessor-version":[{"id":9564,"href":"https:\/\/leboisdelagachere.com\/de\/wp-json\/wp\/v2\/pages\/9136\/revisions\/9564"}],"up":[{"embeddable":true,"href":"https:\/\/leboisdelagachere.com\/de\/wp-json\/wp\/v2\/pages\/9015"}],"wp:attachment":[{"href":"https:\/\/leboisdelagachere.com\/de\/wp-json\/wp\/v2\/media?parent=9136"}],"curies":[{"name":"wp","href":"https:\/\/api.w.org\/{rel}","templated":true}]}}