{"id":9156,"date":"2023-11-22T10:06:49","date_gmt":"2023-11-22T09:06:49","guid":{"rendered":"https:\/\/dev.leboisdelagachere.com\/urlaubsbuch\/salzsuempfe\/"},"modified":"2023-12-15T10:48:39","modified_gmt":"2023-12-15T09:48:39","slug":"salzsuempfe","status":"publish","type":"page","link":"https:\/\/leboisdelagachere.com\/de\/urlaubsbuch\/salzsuempfe\/","title":{"rendered":"Salzs\u00fcmpfe"},"content":{"rendered":"\n<h1 class=\"wp-block-heading\">Rundgang um das wei\u00dfe Gold<\/h1>\n\n<h2 class=\"wp-block-heading has-text-color has-link-color wp-elements-c49b244d7f52eb5751f82e8f22d398dd\" style=\"color:#026678\">Die Wahl von Les Sables d&#8217;Olonne als Urlaubsziel bietet viele Vorteile.<\/h2>\n\n<p>Dauer: 1 Tag<\/p>\n\n<div class=\"wp-block-media-text alignfull has-media-on-the-right is-stacked-on-mobile is-vertically-aligned-center is-image-fill is-style-default\" style=\"padding-top:var(--wp--preset--spacing--60);padding-right:5%;padding-left:5%;grid-template-columns:auto 56%\"><div class=\"wp-block-media-text__content\">\n<p>Sie befinden sich am <strong>Schnittpunkt vieler Aktivit\u00e4ten<\/strong>.<br\/>Nachdem Sie <a href=\"https:\/\/leboisdelagachere.com\/de\/urlaubsbuch\/ein-bemerkenswerter-tag-im-veillon\/\" data-type=\"page\" data-id=\"7980\">einen Tag in Le Veillon<\/a> verbracht, das <a href=\"https:\/\/leboisdelagachere.com\/de\/urlaubsbuch\/besuchen-sie-das-marais-poitevin\/\" data-type=\"page\" data-id=\"8003\">Marais Poitevin<\/a> besucht oder die <a href=\"https:\/\/leboisdelagachere.com\/de\/urlaubsbuch\/weintouristische-rundreise\/\" data-type=\"page\" data-id=\"8044\">Weintourismusroute<\/a> befahren haben, bringen wir Sie erneut in <strong>eine idyllische Umgebung<\/strong>.<br\/>Ein Ort, an dem sich die Natur ihr Recht zur\u00fcckholt und uns ungeahnte Sch\u00e4tze bietet.<br\/><strong>Entdecken Sie die Salzs\u00fcmpfe von Olonne,<br\/><\/strong>Eine fast mond\u00e4hnliche Landschaft,<br\/>Ein <strong>100%iges Naturerlebnis <\/strong>, das Ihnen einen anderen Blick auf dieses wei\u00dfe Gold erm\u00f6glicht.<br\/>Entschl\u00fcsseln Sie alle Geheimnisse des Salzes!<br\/>Sie werden dieses in unserer K\u00fcche so h\u00e4ufig vorkommende Nahrungsmittel nicht mehr auf die gleiche Weise verwenden.<\/p>\n\n\n\n<div class=\"wp-block-group has-border-color is-layout-constrained wp-container-core-group-is-layout-db32e940 wp-block-group-is-layout-constrained\" style=\"border-color:#026678;border-width:3px;padding-top:var(--wp--preset--spacing--60);padding-right:var(--wp--preset--spacing--60);padding-bottom:var(--wp--preset--spacing--60);padding-left:var(--wp--preset--spacing--60)\">\n<p><strong>\n  <em>Einige Tipps, um Ihren Tag optimal vorzubereiten:<br\/><\/em>\n<\/strong>Bringen Sie gutes Schuhwerk mit, da Sie viel um die Salzparks herumlaufen werden.<br\/>Die S\u00fcmpfe sind nicht schattig, denken Sie also daran, eine Kopfbedeckung mitzubringen (Hut, M\u00fctze, Schal &#8230;).<br\/>Stehen Sie mit guter Laune auf. Auch wenn die Salzg\u00e4rten nur 20 Minuten vom Campingplatz entfernt sind. Wenn Sie fr\u00fch kommen, k\u00f6nnen Sie die Ruhe und Gelassenheit dieses Ortes genie\u00dfen.<br\/>Vor Ort k\u00f6nnen Sie problemlos parken, f\u00fcr Besucher steht ein Parkplatz zur Verf\u00fcgung.<br\/>Sie k\u00f6nnen in Ihren Rucksack etwas Proviant f\u00fcr ein Picknick packen. Sie k\u00f6nnen sich aber auch in einem Restaurant in der N\u00e4he der S\u00fcmpfe niederlassen. Sie haben die Wahl!<\/p>\n<\/div>\n<\/div><figure class=\"wp-block-media-text__media\" style=\"background-image:url(https:\/\/leboisdelagachere.com\/wp-content\/uploads\/2023\/11\/Marais-ile-d-olonne-P1060561.jpg);background-position:50% 50%\"><img loading=\"lazy\" decoding=\"async\" width=\"1000\" height=\"751\" src=\"https:\/\/leboisdelagachere.com\/wp-content\/uploads\/2023\/11\/Marais-ile-d-olonne-P1060561.jpg\" alt=\"visite des marais salants de l'ile d'olonne\" class=\"wp-image-8059 size-full\" srcset=\"https:\/\/leboisdelagachere.com\/wp-content\/uploads\/2023\/11\/Marais-ile-d-olonne-P1060561.jpg 1000w, https:\/\/leboisdelagachere.com\/wp-content\/uploads\/2023\/11\/Marais-ile-d-olonne-P1060561-300x225.jpg 300w, https:\/\/leboisdelagachere.com\/wp-content\/uploads\/2023\/11\/Marais-ile-d-olonne-P1060561-768x577.jpg 768w\" sizes=\"auto, (max-width: 1000px) 100vw, 1000px\" \/><\/figure><\/div>\n\n<div class=\"wp-block-columns alignwide are-vertically-aligned-center is-layout-flex wp-container-core-columns-is-layout-7cca1c40 wp-block-columns-is-layout-flex\" style=\"padding-top:var(--wp--preset--spacing--60);padding-bottom:var(--wp--preset--spacing--60)\">\n<div class=\"wp-block-column is-vertically-aligned-center is-layout-flow wp-block-column-is-layout-flow\" style=\"flex-basis:33.62%\">\n<figure class=\"wp-block-image size-full is-resized\"><img loading=\"lazy\" decoding=\"async\" width=\"1000\" height=\"667\" src=\"https:\/\/leboisdelagachere.com\/wp-content\/uploads\/2023\/11\/Passsage-du-gois-DSC_5390.jpg\" alt=\"vogelbeobachtungsstelle auf der ile d'olonne\" class=\"wp-image-8060\" style=\"aspect-ratio:0.75;object-fit:cover;width:382px;height:auto\" srcset=\"https:\/\/leboisdelagachere.com\/wp-content\/uploads\/2023\/11\/Passsage-du-gois-DSC_5390.jpg 1000w, https:\/\/leboisdelagachere.com\/wp-content\/uploads\/2023\/11\/Passsage-du-gois-DSC_5390-300x200.jpg 300w, https:\/\/leboisdelagachere.com\/wp-content\/uploads\/2023\/11\/Passsage-du-gois-DSC_5390-768x512.jpg 768w\" sizes=\"auto, (max-width: 1000px) 100vw, 1000px\" \/><\/figure><\/div>\n\n\n\n<div class=\"wp-block-column is-vertically-aligned-center is-layout-flow wp-block-column-is-layout-flow\" style=\"flex-basis:33%\">\n<div style=\"height:55px\" aria-hidden=\"true\" class=\"wp-block-spacer\"><\/div>\n\n\n\n<figure class=\"wp-block-image size-full is-resized\"><img loading=\"lazy\" decoding=\"async\" width=\"1069\" height=\"1200\" src=\"https:\/\/leboisdelagachere.com\/wp-content\/uploads\/2023\/11\/colonies-doiseaux-nicheurs-migrateurs-IMG_6934.jpg\" alt=\"Vogelbeobachtungsstelle in der Vend&#xE9;e\" class=\"wp-image-8061\" style=\"aspect-ratio:0.75;object-fit:cover;width:375px;height:auto\" srcset=\"https:\/\/leboisdelagachere.com\/wp-content\/uploads\/2023\/11\/colonies-doiseaux-nicheurs-migrateurs-IMG_6934.jpg 1069w, https:\/\/leboisdelagachere.com\/wp-content\/uploads\/2023\/11\/colonies-doiseaux-nicheurs-migrateurs-IMG_6934-267x300.jpg 267w, https:\/\/leboisdelagachere.com\/wp-content\/uploads\/2023\/11\/colonies-doiseaux-nicheurs-migrateurs-IMG_6934-912x1024.jpg 912w, https:\/\/leboisdelagachere.com\/wp-content\/uploads\/2023\/11\/colonies-doiseaux-nicheurs-migrateurs-IMG_6934-768x862.jpg 768w\" sizes=\"auto, (max-width: 1069px) 100vw, 1069px\" \/><\/figure><\/div>\n\n\n\n<div class=\"wp-block-column is-vertically-aligned-center is-layout-flow wp-block-column-is-layout-flow\" style=\"flex-basis:33.38%\">\n<h2 class=\"wp-block-heading has-text-color has-link-color wp-elements-4579306304f135b133858afa405fc049\" style=\"color:#026678\">Erster Stopp: Das Vogelobservatorium auf der \u00cele d&#8217;Olonne<\/h2>\n\n\n\n<p>Bevor Sie sich ins Herz der Salinen begeben. Wir schlagen Ihnen vor, an <strong>einem ungew\u00f6hnlichen Ort<\/strong> Halt zu machen.<br\/>Dies ist der Lieblingsort von Ornithophilen: <strong>das Vogelobservatorium auf der Insel Olonne<\/strong>.<br\/>Sie k\u00f6nnen zahlreiche V\u00f6gel, darunter auch seltene Arten, in ihrem nat\u00fcrlichen Lebensraum beobachten.<br\/>Dieses Observatorium befindet sich auf einem Zugweg, sodass Sie eine Vielzahl von Arten beobachten k\u00f6nnen.<br\/>Sie werden von Ornithologen begleitet, die sich f\u00fcr diese gefiederten Tiere begeistern. Sie freuen sich darauf, Ihnen von ihrer Leidenschaft zu erz\u00e4hlen.<br\/>Eine R\u00fcckverbindung mit der Natur, bei der Sie mehr \u00fcber V\u00f6gel lernen k\u00f6nnen.<\/p>\n\n\n\n<p><strong>\n  <em>Tarife:<br\/><\/em>\n<\/strong>4\u20ac \/ Erwachsene<br\/>2,50 \u20ac\/ Kind<br\/>-7 Jahre kostenlos<br\/>Eine Reservierung ist nicht erforderlich. Sie k\u00f6nnen zu den \u00d6ffnungszeiten kommen, wann immer Sie m\u00f6chten.<\/p>\n<\/div>\n<\/div>\n\n<div class=\"wp-block-group alignfull has-white-color has-text-color has-background has-link-color wp-elements-c44d2adba0c4c8d819a382e2a0b74289 is-layout-constrained wp-container-core-group-is-layout-c6787eed wp-block-group-is-layout-constrained\" style=\"background-color:#026678;padding-top:var(--wp--preset--spacing--60);padding-right:0;padding-bottom:var(--wp--preset--spacing--60);padding-left:0\">\n<div class=\"wp-block-media-text alignfull has-media-on-the-right is-stacked-on-mobile\" style=\"padding-right:10%;padding-left:10%\"><div class=\"wp-block-media-text__content\">\n<h2 class=\"wp-block-heading\">Das Vogelgezwitscher macht Platz f\u00fcr gurgelnde&#8230;<\/h2>\n\n\n\n<p>Bevor Sie den Tag fortsetzen, empfehlen wir Ihnen, sich eine Pause zu g\u00f6nnen und Ihren Bauch zu f\u00fcllen!<br\/>Sie k\u00f6nnen sich in einem der vielen Restaurants in La Chaume, die das Fahrwasser s\u00e4umen, niederlassen. Um jedoch beim Thema &#8222;Natur&#8220; dieser Erfahrung zu bleiben, schlagen wir vor, dass Sie sich an <strong>einem Tisch in der Natur<\/strong> niederlassen.<br\/>In der Rue des mouettes, nur wenige Meter von der Sternwarte entfernt, befinden sich Picknicktische, von denen aus Sie einen herrlichen Blick auf den Sumpf haben.<\/p>\n\n\n\n<p><img loading=\"lazy\" decoding=\"async\" width=\"30\" height=\"26\" class=\"wp-image-8012\" style=\"width: 30px;\" src=\"https:\/\/leboisdelagachere.com\/wp-content\/uploads\/2023\/11\/guilmet-ok-couleur-blanc-ok.png\" alt=\"\" srcset=\"https:\/\/leboisdelagachere.com\/wp-content\/uploads\/2023\/11\/guilmet-ok-couleur-blanc-ok.png 528w, https:\/\/leboisdelagachere.com\/wp-content\/uploads\/2023\/11\/guilmet-ok-couleur-blanc-ok-300x263.png 300w\" sizes=\"auto, (max-width: 30px) 100vw, 30px\" \/>  Was gibt es Sch\u00f6neres als ein Mittagessen an der frischen Luft, wenn das Wetter sch\u00f6n und warm ist?!<\/p>\n\n\n\n<p>Eine ruhige Pause, die Ihnen gut tun wird.<\/p>\n<\/div><figure class=\"wp-block-media-text__media\"><img loading=\"lazy\" decoding=\"async\" width=\"1000\" height=\"667\" src=\"https:\/\/leboisdelagachere.com\/wp-content\/uploads\/2023\/11\/marais-ile-d-olonne-DSC_6225.jpg\" alt=\"Mittagessen im Herzen der S\u00fcmpfe in der Vend\u00e9e\" class=\"wp-image-8062 size-full\" srcset=\"https:\/\/leboisdelagachere.com\/wp-content\/uploads\/2023\/11\/marais-ile-d-olonne-DSC_6225.jpg 1000w, https:\/\/leboisdelagachere.com\/wp-content\/uploads\/2023\/11\/marais-ile-d-olonne-DSC_6225-300x200.jpg 300w, https:\/\/leboisdelagachere.com\/wp-content\/uploads\/2023\/11\/marais-ile-d-olonne-DSC_6225-768x512.jpg 768w\" sizes=\"auto, (max-width: 1000px) 100vw, 1000px\" \/><\/figure><\/div>\n<\/div>\n\n<div class=\"wp-block-columns alignwide are-vertically-aligned-center is-layout-flex wp-container-core-columns-is-layout-a54e0cfc wp-block-columns-is-layout-flex\" style=\"padding-top:var(--wp--preset--spacing--60);padding-bottom:var(--wp--preset--spacing--60)\">\n<div class=\"wp-block-column is-vertically-aligned-center is-layout-flow wp-block-column-is-layout-flow\">\n<figure class=\"wp-block-image size-full is-resized\"><img loading=\"lazy\" decoding=\"async\" width=\"1000\" height=\"667\" src=\"https:\/\/leboisdelagachere.com\/wp-content\/uploads\/2023\/11\/visite_famille_les_salines-3.jpg\" alt=\"\" class=\"wp-image-8063\" style=\"width:500px\" srcset=\"https:\/\/leboisdelagachere.com\/wp-content\/uploads\/2023\/11\/visite_famille_les_salines-3.jpg 1000w, https:\/\/leboisdelagachere.com\/wp-content\/uploads\/2023\/11\/visite_famille_les_salines-3-300x200.jpg 300w, https:\/\/leboisdelagachere.com\/wp-content\/uploads\/2023\/11\/visite_famille_les_salines-3-768x512.jpg 768w\" sizes=\"auto, (max-width: 1000px) 100vw, 1000px\" \/><\/figure>\n\n\n<figure class=\"wp-block-image size-full is-resized\"><img loading=\"lazy\" decoding=\"async\" width=\"1000\" height=\"667\" src=\"https:\/\/leboisdelagachere.com\/wp-content\/uploads\/2023\/11\/visite_famille_les_salines-6.jpg\" alt=\"\" class=\"wp-image-8064\" style=\"width:500px\" srcset=\"https:\/\/leboisdelagachere.com\/wp-content\/uploads\/2023\/11\/visite_famille_les_salines-6.jpg 1000w, https:\/\/leboisdelagachere.com\/wp-content\/uploads\/2023\/11\/visite_famille_les_salines-6-300x200.jpg 300w, https:\/\/leboisdelagachere.com\/wp-content\/uploads\/2023\/11\/visite_famille_les_salines-6-768x512.jpg 768w\" sizes=\"auto, (max-width: 1000px) 100vw, 1000px\" \/><\/figure><\/div>\n\n\n\n<div class=\"wp-block-column is-vertically-aligned-center is-layout-flow wp-block-column-is-layout-flow\">\n<h2 class=\"wp-block-heading has-text-color has-link-color wp-elements-835cb9a3259414d85b705aff5b01178d\" style=\"color:#026678\">Zweite Etappe: das Marais d&#8217;Olonne<\/h2>\n\n\n\n<p>Nach einer ausgiebigen Mahlzeit, die mit Ihren Lieblingsgerichten verfeinert wurde, k\u00f6nnen Sie sich auf den Weg in Richtung Les <strong>Salines<\/strong> machen.<br\/>Auf diesem Park werden Sie von einem freiwilligen und l\u00e4chelnden Team empfangen, dem es am Herzen liegt, Ihnen die Geschichte dieses wei\u00dfen Goldes zu erz\u00e4hlen<\/p>\n\n\n\n<p>In Les Salines k\u00f6nnen Sie auf einer Bootsfahrt die Geschichte des Salzes entdecken. An Bord der Jonathan oder der Mireille werden Sie 8 Kilometer lang im Rhythmus des Wassers fortbewegt. Von links nach rechts entfaltet sich die Natur vor Ihren Augen. Sie werden<strong> eine au\u00dfergew\u00f6hnliche Flora und Fauna<\/strong> entdecken.<br\/>Lassen Sie sich treiben.<\/p>\n\n\n\n<p>Am Ende der Wanderung machen Sie sich auf den Weg, um einen Saunabauer zu treffen. Er wird Ihnen die althergebrachten Techniken zur Salzernte zeigen. Er wird Ihnen gerne alle Geheimnisse des Salzes verraten. Sie d\u00fcrfen sich eine Live-Vorf\u00fchrung der Salzernte ansehen.<br\/>Dieser so leidenschaftliche Saunamann wird Sie mit seinem Wissen fesseln.<\/p>\n\n\n\n<p>Zum Abschluss des Eintauchens in die Salinen sind die Kinder an der Reihe, eine einzigartige Erfahrung zu machen. Sie k\u00f6nnen ihr kleines Salzs\u00e4ckchen selbst ernten.<br\/>Am Ende Ihres Besuchs k\u00f6nnen Sie <strong>das wei\u00dfe Gold probieren<\/strong>. Im Laden sollten Sie es nicht vers\u00e4umen, ein kleines Salzs\u00e4ckchen als Urlaubserinnerung mitzunehmen.<\/p>\n\n\n\n<div class=\"wp-block-group has-border-color is-layout-constrained wp-container-core-group-is-layout-f611be13 wp-block-group-is-layout-constrained\" style=\"border-color:#026678;border-width:3px;padding-top:var(--wp--preset--spacing--50);padding-right:var(--wp--preset--spacing--50);padding-bottom:var(--wp--preset--spacing--50);padding-left:var(--wp--preset--spacing--50)\">\n<p>Dauer des Spaziergangs: 2h-2h30<br\/>Wir empfehlen Ihnen dringend, Ihren Besuch zu reservieren.<br\/>24 \u20ac \/ Erwachsener<br\/>14 \u20ac \/ Kinder von 3 bis 12 Jahren<\/p>\n<\/div>\n\n\n\n<p style=\"margin-top:var(--wp--preset--spacing--50)\">Les Salines bietet Ihnen <strong>Kanu- und Paddeltouren<\/strong> auf den Kan\u00e4len der S\u00fcmpfe an. Es ist ein privilegierter Ort, an dem Ruhe herrscht.<br\/>Ein Moment, den Sie mit Ihren Lieben teilen k\u00f6nnen.<\/p>\n<\/div>\n<\/div>\n\n<div class=\"wp-block-group is-layout-constrained wp-block-group-is-layout-constrained\" style=\"padding-top:var(--wp--preset--spacing--50);padding-bottom:var(--wp--preset--spacing--50)\">\n<figure class=\"wp-block-image aligncenter size-full is-resized\"><img decoding=\"async\" src=\"https:\/\/leboisdelagachere.com\/wp-content\/uploads\/2023\/11\/trait.png\" alt=\"\" class=\"wp-image-7499\" style=\"width:150px\"\/><\/figure><\/div>\n","protected":false},"excerpt":{"rendered":"<p>Rundgang um das wei\u00dfe Gold Die Wahl von Les Sables d&#8217;Olonne als Urlaubsziel bietet viele Vorteile. Dauer: 1 Tag Erster Stopp: Das Vogelobservatorium auf der \u00cele d&#8217;Olonne Bevor Sie sich ins Herz der Salinen begeben. Wir schlagen Ihnen vor, an einem ungew\u00f6hnlichen Ort Halt zu machen.Dies ist der Lieblingsort von Ornithophilen: das Vogelobservatorium auf der [&hellip;]<\/p>\n","protected":false},"author":3,"featured_media":0,"parent":9015,"menu_order":0,"comment_status":"closed","ping_status":"closed","template":"","meta":{"_seopress_robots_primary_cat":"","_seopress_titles_title":"Besuch rund um das wei\u00dfe Gold in der N\u00e4he des Campingplatzes in Les Sables d'Olonne","_seopress_titles_desc":"Entdecken Sie w\u00e4hrend Ihres Aufenthalts auf dem Campingplatz Le Bois de La Gach\u00e8re die Salzg\u00e4rten der \u00cele d'Olonne und die Geheimnisse der Saunag\u00e4rtner.  ","_seopress_robots_index":"","footnotes":""},"class_list":["post-9156","page","type-page","status-publish","hentry"],"_links":{"self":[{"href":"https:\/\/leboisdelagachere.com\/de\/wp-json\/wp\/v2\/pages\/9156","targetHints":{"allow":["GET"]}}],"collection":[{"href":"https:\/\/leboisdelagachere.com\/de\/wp-json\/wp\/v2\/pages"}],"about":[{"href":"https:\/\/leboisdelagachere.com\/de\/wp-json\/wp\/v2\/types\/page"}],"author":[{"embeddable":true,"href":"https:\/\/leboisdelagachere.com\/de\/wp-json\/wp\/v2\/users\/3"}],"replies":[{"embeddable":true,"href":"https:\/\/leboisdelagachere.com\/de\/wp-json\/wp\/v2\/comments?post=9156"}],"version-history":[{"count":3,"href":"https:\/\/leboisdelagachere.com\/de\/wp-json\/wp\/v2\/pages\/9156\/revisions"}],"predecessor-version":[{"id":9213,"href":"https:\/\/leboisdelagachere.com\/de\/wp-json\/wp\/v2\/pages\/9156\/revisions\/9213"}],"up":[{"embeddable":true,"href":"https:\/\/leboisdelagachere.com\/de\/wp-json\/wp\/v2\/pages\/9015"}],"wp:attachment":[{"href":"https:\/\/leboisdelagachere.com\/de\/wp-json\/wp\/v2\/media?parent=9156"}],"curies":[{"name":"wp","href":"https:\/\/api.w.org\/{rel}","templated":true}]}}