{"id":9244,"date":"2023-11-21T11:55:46","date_gmt":"2023-11-21T10:55:46","guid":{"rendered":"https:\/\/dev.leboisdelagachere.com\/die-inseln\/"},"modified":"2023-12-18T11:30:37","modified_gmt":"2023-12-18T10:30:37","slug":"die-inseln","status":"publish","type":"page","link":"https:\/\/leboisdelagachere.com\/de\/in-das-herz-der-natur-eintauchen\/die-inseln\/","title":{"rendered":"Die Inseln"},"content":{"rendered":"\n<h1 class=\"wp-block-heading\">Die Inseln der Vend\u00e9e erkunden<\/h1>\n\n\n\n<div class=\"wp-block-columns alignwide are-vertically-aligned-center is-layout-flex wp-container-core-columns-is-layout-8cb24db8 wp-block-columns-is-layout-flex\" style=\"margin-top:var(--wp--preset--spacing--40);margin-bottom:var(--wp--preset--spacing--40);padding-top:var(--wp--preset--spacing--60);padding-bottom:var(--wp--preset--spacing--60)\">\n<div class=\"wp-block-column is-vertically-aligned-center is-layout-flow wp-block-column-is-layout-flow\" style=\"flex-basis:33.38%\">\n<p>Genie\u00dfen Sie Ihren Aufenthalt auf dem <a href=\"https:\/\/leboisdelagachere.com\/de\/\" data-type=\"page\" data-id=\"2\">Campingplatz Le Bois de de La Gach\u00e8re<\/a> in vollen Z\u00fcgen und tanken Sie neue Energie. Ihr Urlaub wird dadurch noch sch\u00f6ner.  <\/p>\n\n\n\n<p>Wenn Sie wirklich einen Tapetenwechsel w\u00fcnschen, schlagen wir Ihnen vor, sich auf den Weg zu den <strong>Inseln der Vend\u00e9e<\/strong> zu machen.  <\/p>\n\n\n\n<p><a href=\"https:\/\/leboisdelagachere.com\/de\/urlaubsbuch\/besuch-der-insel-yeu\/\" data-type=\"page\" data-id=\"8035\">Die Inseln Yeu<\/a> und Noirmoutier \u00f6ffnen Ihnen ihre Tore f\u00fcr einen <strong>idyllischen Ausflug<\/strong>.<\/p>\n<\/div>\n\n\n\n<div class=\"wp-block-column is-vertically-aligned-center is-layout-flow wp-block-column-is-layout-flow\" style=\"flex-basis:33%\">\n<div style=\"height:55px\" aria-hidden=\"true\" class=\"wp-block-spacer\"><\/div>\n\n\n\n<figure class=\"wp-block-image size-full is-resized\"><img loading=\"lazy\" decoding=\"async\" width=\"1000\" height=\"667\" src=\"https:\/\/leboisdelagachere.com\/wp-content\/uploads\/2023\/11\/ile-d-yeu-cote-rocheuse.jpg\" alt=\"Entdeckung der Insel Yeu\" class=\"wp-image-7844\" style=\"aspect-ratio:0.75;object-fit:cover;width:375px;height:auto\" srcset=\"https:\/\/leboisdelagachere.com\/wp-content\/uploads\/2023\/11\/ile-d-yeu-cote-rocheuse.jpg 1000w, https:\/\/leboisdelagachere.com\/wp-content\/uploads\/2023\/11\/ile-d-yeu-cote-rocheuse-300x200.jpg 300w, https:\/\/leboisdelagachere.com\/wp-content\/uploads\/2023\/11\/ile-d-yeu-cote-rocheuse-768x512.jpg 768w\" sizes=\"auto, (max-width: 1000px) 100vw, 1000px\" \/><\/figure>\n<\/div>\n\n\n\n<div class=\"wp-block-column is-vertically-aligned-center is-layout-flow wp-block-column-is-layout-flow\" style=\"flex-basis:33.62%\">\n<figure class=\"wp-block-image size-full is-resized\"><img loading=\"lazy\" decoding=\"async\" width=\"1000\" height=\"667\" src=\"https:\/\/leboisdelagachere.com\/wp-content\/uploads\/2023\/11\/ile-noirmoutier-le-port.jpg\" alt=\"Urlaub auf der Insel Noirmoutier\" class=\"wp-image-7845\" style=\"aspect-ratio:0.75;object-fit:cover;width:382px;height:auto\" srcset=\"https:\/\/leboisdelagachere.com\/wp-content\/uploads\/2023\/11\/ile-noirmoutier-le-port.jpg 1000w, https:\/\/leboisdelagachere.com\/wp-content\/uploads\/2023\/11\/ile-noirmoutier-le-port-300x200.jpg 300w, https:\/\/leboisdelagachere.com\/wp-content\/uploads\/2023\/11\/ile-noirmoutier-le-port-768x512.jpg 768w\" sizes=\"auto, (max-width: 1000px) 100vw, 1000px\" \/><\/figure>\n<\/div>\n<\/div>\n\n\n\n<div class=\"wp-block-columns is-layout-flex wp-container-core-columns-is-layout-28f84493 wp-block-columns-is-layout-flex\">\n<div class=\"wp-block-column is-layout-flow wp-block-column-is-layout-flow\">\n<div class=\"wp-block-group h-100 has-white-color has-text-color has-background has-link-color wp-elements-bf9b00dbeb3a6c777b2ae24965b0bb2d is-layout-constrained wp-container-core-group-is-layout-656a1c68 wp-block-group-is-layout-constrained\" style=\"background-color:#026678;margin-top:0;margin-bottom:0;padding-top:var(--wp--preset--spacing--60);padding-right:var(--wp--preset--spacing--60);padding-bottom:var(--wp--preset--spacing--60);padding-left:var(--wp--preset--spacing--60)\">\n<h2 class=\"wp-block-heading\">Die \u00cele d&#8217;Yeu, das Juwel des Atlantiks<\/h2>\n\n\n\n<p>Fahren Sie von Ihrem Campingplatz aus in Richtung des <strong>Hafens von <\/strong><a href=\"https:\/\/leboisdelagachere.com\/de\/durch-die-staedte-streifen\/saint-gilles-croix-de-vie\/\" data-type=\"page\" data-id=\"7922\"><strong>Saint Gilles Croix de Vie<\/strong> <\/a>um an Bord eines Bootes zu gehen, das auf dem Weg zu der sch\u00f6nen Insel ist. Wenn Sie einmal dort sind, k\u00f6nnen Sie alles zu Fu\u00df oder am besten mit dem Fahrrad erledigen. Keine Autos, keine Staus, keine Umweltverschmutzung: nur frische Luft auf Ihrer Haut. Mieten Sie Ihr Fahrrad auf der Insel oder auf dem Festland, aber wenn Sie k\u00f6nnen, buchen Sie es im Voraus, da sie in der Hochsaison sehr beliebt sind.<br>Zwischen Burg, felsigen Buchten, wilder K\u00fcste, kleinen Restaurants, pr\u00e4chtigen Str\u00e4nden und dem Hafen k\u00f6nnen Sie sich f\u00fcr einen Tag verlieren.<\/p>\n<\/div>\n<\/div>\n\n\n\n<div class=\"wp-block-column is-layout-flow wp-block-column-is-layout-flow\">\n<div class=\"wp-block-group has-white-color has-text-color has-background has-link-color wp-elements-9ac398de889f7ffc1ba0730a2337a4f5 is-layout-constrained wp-container-core-group-is-layout-da4f2bcd wp-block-group-is-layout-constrained\" style=\"background-color:#026678;padding-top:var(--wp--preset--spacing--60);padding-right:var(--wp--preset--spacing--60);padding-bottom:var(--wp--preset--spacing--60);padding-left:var(--wp--preset--spacing--60)\">\n<h2 class=\"wp-block-heading\">Die Insel Noirmoutier im Norden des Departements<\/h2>\n\n\n\n<p>Wenn Sie es vorziehen, k\u00f6nnen Sie zur Insel Noirmoutier segeln. Hier braucht man kein Boot. Sie k\u00f6nnen direkt mit dem Auto \u00fcber die gro\u00dfe Br\u00fccke oder \u00fcber die ber\u00fchmte <strong>Passage du Gois<\/strong> dorthin gelangen. Je nach Gezeiten ist er untertauchbar. Achten Sie daher auf die Uhrzeit, zu der Sie vorbeikommen. Dieser Ort bei Ebbe ist beliebt f\u00fcr das Angeln zu Fu\u00df.<br>Wenn Sie einen Spaziergang machen m\u00f6chten, erwarten Sie zahlreiche <strong>Str\u00e4nde <\/strong>, insbesondere der Strand Bois de la Chaise. Laufen Sie die kleinen Gassen der Insel mit ihren sch\u00f6nen wei\u00dfen H\u00e4usern entlang, die f\u00fcr die Gegend typisch sind und an ihren blauen Fensterl\u00e4den erkannt werden k\u00f6nnen.<br>Auf Ihrem Weg werden Sie auch das Aquarium von Noirmoutier und seine Meeresbewohner finden, von denen einer beeindruckender ist als der andere.<\/p>\n<\/div>\n<\/div>\n<\/div>\n\n\n\n<p>Nachdem Sie seine beiden sch\u00f6nen Inseln entdeckt haben, k\u00f6nnen Sie sich in Ihrem <a href=\"https:\/\/leboisdelagachere.com\/de\/unterkuenfte\/\" data-type=\"page\" data-id=\"6946\">Mobilheim<\/a> oder auf Ihrem <a href=\"https:\/\/leboisdelagachere.com\/de\/standorte\/\" data-type=\"page\" data-id=\"7713\">Stellplatz<\/a> entspannen und alle Vorteile des Campingplatzes genie\u00dfen: <a href=\"https:\/\/leboisdelagachere.com\/de\/die-dienste\/\" data-type=\"page\" data-id=\"7521\">Serviceleistungen<\/a>, <a href=\"https:\/\/leboisdelagachere.com\/de\/wasserraum\/\" data-type=\"page\" data-id=\"7660\">Schwimmbad<\/a>&#8230;<\/p>\n\n\n\n<figure class=\"wp-block-image aligncenter size-full is-resized\"><img decoding=\"async\" src=\"https:\/\/leboisdelagachere.com\/wp-content\/uploads\/2023\/11\/trait.png\" alt=\"\" class=\"wp-image-7499\" style=\"width:150px\"\/><\/figure>\n\n\n<div class=\"wp-block-sev-diaporama alignfull\">\n\t\t\t<div id=\"sevgallery-2181355598\" class=\"sev-diaporama sev-diaporama-portfolio\">\n\n\t\t\t<div class=\"row\">\n\n\n\n\t\t\t\n\n\n\t\t\t\t\n\n\n\t\t\t\t<div class=\"sev-diaporama-portfolio-item col-12 col-sm  col-shrink\">\n\n\n\n\t\t\t\t\t\n\t\t\t\t\t\t\t\t\t\t<a href=\"https:\/\/leboisdelagachere.com\/wp-content\/uploads\/2023\/11\/ile-d-yeu-vue-aerienne.jpg\" data-lightbox=\"sevgallery-2181355598\" style=\"background-image: url(https:\/\/leboisdelagachere.com\/wp-content\/uploads\/2023\/11\/ile-d-yeu-vue-aerienne.jpg)\">\n\n\t\t\t\t\t\n\t\t\t\t\t\t<img decoding=\"async\" src=\"https:\/\/leboisdelagachere.com\/wp-content\/uploads\/2023\/11\/ile-d-yeu-vue-aerienne.jpg\" alt=\"vacances sur l&#039;\u00eele d&#039;Yeu\" loading=\"lazy\">\n\n\t\t\t\t\t\n\t\t\t\t\t<\/a>\n\n\t\t\t\t\t\n\t\t\t\t<\/div>\n\n\n\n\t\t\t\t\n\n\n\t\t\t\t\n\t\t\t\t\n\t\t\t\n\n\n\t\t\t\t\n\n\n\t\t\t\t<div class=\"sev-diaporama-portfolio-item col-12 col-sm  col-shrink\">\n\n\n\n\t\t\t\t\t\n\t\t\t\t\t\t\t\t\t\t<a href=\"https:\/\/leboisdelagachere.com\/wp-content\/uploads\/2023\/11\/ile-d-yeu-port-joinville-bateaux.jpg\" data-lightbox=\"sevgallery-2181355598\" style=\"background-image: url(https:\/\/leboisdelagachere.com\/wp-content\/uploads\/2023\/11\/ile-d-yeu-port-joinville-bateaux.jpg)\">\n\n\t\t\t\t\t\n\t\t\t\t\t\t<img decoding=\"async\" src=\"https:\/\/leboisdelagachere.com\/wp-content\/uploads\/2023\/11\/ile-d-yeu-port-joinville-bateaux.jpg\" alt=\"d\u00e9couverte de l&#039;ile d&#039;Yeu\" loading=\"lazy\">\n\n\t\t\t\t\t\n\t\t\t\t\t<\/a>\n\n\t\t\t\t\t\n\t\t\t\t<\/div>\n\n\n\n\t\t\t\t\n\n\n\t\t\t\t\n\t\t\t\t\n\t\t\t\n\n\n\t\t\t\t\n\n\n\t\t\t\t<div class=\"sev-diaporama-portfolio-item col-12 col-sm  col-grow\">\n\n\n\n\t\t\t\t\t\n\t\t\t\t\t\t\t\t\t\t<a href=\"https:\/\/leboisdelagachere.com\/wp-content\/uploads\/2023\/11\/ile-d-yeu-IMG_8518.jpg\" data-lightbox=\"sevgallery-2181355598\" style=\"background-image: url(https:\/\/leboisdelagachere.com\/wp-content\/uploads\/2023\/11\/ile-d-yeu-IMG_8518.jpg)\">\n\n\t\t\t\t\t\n\t\t\t\t\t\t<img decoding=\"async\" src=\"https:\/\/leboisdelagachere.com\/wp-content\/uploads\/2023\/11\/ile-d-yeu-IMG_8518.jpg\" alt=\"visite de l&#039;\u00eele d&#039;Yeu\" loading=\"lazy\">\n\n\t\t\t\t\t\n\t\t\t\t\t<\/a>\n\n\t\t\t\t\t\n\t\t\t\t<\/div>\n\n\n\n\t\t\t\t\n\n\n\t\t\t\t\n\t\t\t\t\n\t\t\t\n\n\n\t\t\t\t\n\n\n\t\t\t\t<div class=\"sev-diaporama-portfolio-item col-12 col-sm  col-grow\">\n\n\n\n\t\t\t\t\t\n\t\t\t\t\t\t\t\t\t\t<a href=\"https:\/\/leboisdelagachere.com\/wp-content\/uploads\/2023\/11\/ile-d-yeu-IMG_8425.jpg\" data-lightbox=\"sevgallery-2181355598\" style=\"background-image: url(https:\/\/leboisdelagachere.com\/wp-content\/uploads\/2023\/11\/ile-d-yeu-IMG_8425.jpg)\">\n\n\t\t\t\t\t\n\t\t\t\t\t\t<img decoding=\"async\" src=\"https:\/\/leboisdelagachere.com\/wp-content\/uploads\/2023\/11\/ile-d-yeu-IMG_8425.jpg\" alt=\"visite de l&#039;\u00eele d&#039;Yeu en Vend\u00e9e\" loading=\"lazy\">\n\n\t\t\t\t\t\n\t\t\t\t\t<\/a>\n\n\t\t\t\t\t\n\t\t\t\t<\/div>\n\n\n\n\t\t\t\t\n\t\t\t\t\t<div class=\"w-100\"><\/div>\n\n\t\t\t\t\t\n\t\t\t\t\n\n\n\t\t\t\t\n\t\t\t\t\n\t\t\t\n\n\n\t\t\t\t\n\n\n\t\t\t\t<div class=\"sev-diaporama-portfolio-item col-12 col-sm \">\n\n\n\n\t\t\t\t\t\n\t\t\t\t\t\t\t\t\t\t<a href=\"https:\/\/leboisdelagachere.com\/wp-content\/uploads\/2023\/11\/ile-d-yeu-IMG_8364.jpg\" data-lightbox=\"sevgallery-2181355598\" style=\"background-image: url(https:\/\/leboisdelagachere.com\/wp-content\/uploads\/2023\/11\/ile-d-yeu-IMG_8364.jpg)\">\n\n\t\t\t\t\t\n\t\t\t\t\t\t<img decoding=\"async\" src=\"https:\/\/leboisdelagachere.com\/wp-content\/uploads\/2023\/11\/ile-d-yeu-IMG_8364.jpg\" alt=\"visite de l&#039;\u00eele d&#039;Yeu en Vend\u00e9e\" loading=\"lazy\">\n\n\t\t\t\t\t\n\t\t\t\t\t<\/a>\n\n\t\t\t\t\t\n\t\t\t\t<\/div>\n\n\n\n\t\t\t\t\n\n\n\t\t\t\t\n\t\t\t\t\n\t\t\t\n\n\n\t\t\t\t\n\n\n\t\t\t\t<div class=\"sev-diaporama-portfolio-item col-12 col-sm \">\n\n\n\n\t\t\t\t\t\n\t\t\t\t\t\t\t\t\t\t<a href=\"https:\/\/leboisdelagachere.com\/wp-content\/uploads\/2023\/11\/ile-d-yeu-cabane-de-plage-vue-mer.jpg\" data-lightbox=\"sevgallery-2181355598\" style=\"background-image: url(https:\/\/leboisdelagachere.com\/wp-content\/uploads\/2023\/11\/ile-d-yeu-cabane-de-plage-vue-mer.jpg)\">\n\n\t\t\t\t\t\n\t\t\t\t\t\t<img decoding=\"async\" src=\"https:\/\/leboisdelagachere.com\/wp-content\/uploads\/2023\/11\/ile-d-yeu-cabane-de-plage-vue-mer.jpg\" alt=\"plage de l&#039;\u00eele d&#039;Yeu\" loading=\"lazy\">\n\n\t\t\t\t\t\n\t\t\t\t\t<\/a>\n\n\t\t\t\t\t\n\t\t\t\t<\/div>\n\n\n\n\t\t\t\t\n\n\n\t\t\t\t\n\t\t\t\t\n\t\t\t\n\n\n\t\t\t\t\n\n\n\t\t\t\t<div class=\"sev-diaporama-portfolio-item col-12 col-sm  col-shrink\">\n\n\n\n\t\t\t\t\t\n\t\t\t\t\t\t\t\t\t\t<a href=\"https:\/\/leboisdelagachere.com\/wp-content\/uploads\/2023\/11\/Pointe-Saint-Pierre-Noirmoutier-bois-de-la-chaise-DSC_8745.jpg\" data-lightbox=\"sevgallery-2181355598\" style=\"background-image: url(https:\/\/leboisdelagachere.com\/wp-content\/uploads\/2023\/11\/Pointe-Saint-Pierre-Noirmoutier-bois-de-la-chaise-DSC_8745.jpg)\">\n\n\t\t\t\t\t\n\t\t\t\t\t\t<img decoding=\"async\" src=\"https:\/\/leboisdelagachere.com\/wp-content\/uploads\/2023\/11\/Pointe-Saint-Pierre-Noirmoutier-bois-de-la-chaise-DSC_8745.jpg\" alt=\"plage de Noirmoutier en Vend\u00e9e\" loading=\"lazy\">\n\n\t\t\t\t\t\n\t\t\t\t\t<\/a>\n\n\t\t\t\t\t\n\t\t\t\t<\/div>\n\n\n\n\t\t\t\t\n\n\n\t\t\t\t\n\t\t\t\t\n\t\t\t\n\n\n\t\t\t\t\n\n\n\t\t\t\t<div class=\"sev-diaporama-portfolio-item col-12 col-sm  col-grow\">\n\n\n\n\t\t\t\t\t\n\t\t\t\t\t\t\t\t\t\t<a href=\"https:\/\/leboisdelagachere.com\/wp-content\/uploads\/2023\/11\/Noirmoutier-bois-de-la-chaise-DSC_8876.jpg\" data-lightbox=\"sevgallery-2181355598\" style=\"background-image: url(https:\/\/leboisdelagachere.com\/wp-content\/uploads\/2023\/11\/Noirmoutier-bois-de-la-chaise-DSC_8876.jpg)\">\n\n\t\t\t\t\t\n\t\t\t\t\t\t<img decoding=\"async\" src=\"https:\/\/leboisdelagachere.com\/wp-content\/uploads\/2023\/11\/Noirmoutier-bois-de-la-chaise-DSC_8876.jpg\" alt=\"visite de l&#039;\u00eele de Noirmoutier en Vend\u00e9e\" loading=\"lazy\">\n\n\t\t\t\t\t\n\t\t\t\t\t<\/a>\n\n\t\t\t\t\t\n\t\t\t\t<\/div>\n\n\n\n\t\t\t\t\n\t\t\t\t\t<div class=\"w-100\"><\/div>\n\n\t\t\t\t\t\n\t\t\t\t\n\n\n\t\t\t\t\n\t\t\t\t\n\t\t\t\n\n\n\t\t\t\t\n\n\n\t\t\t\t<div class=\"sev-diaporama-portfolio-item col-12 col-sm \">\n\n\n\n\t\t\t\t\t\n\t\t\t\t\t\t\t\t\t\t<a href=\"https:\/\/leboisdelagachere.com\/wp-content\/uploads\/2023\/11\/Noirmoutier-bois-de-la-chaise-DSC_8654.jpg\" data-lightbox=\"sevgallery-2181355598\" style=\"background-image: url(https:\/\/leboisdelagachere.com\/wp-content\/uploads\/2023\/11\/Noirmoutier-bois-de-la-chaise-DSC_8654.jpg)\">\n\n\t\t\t\t\t\n\t\t\t\t\t\t<img decoding=\"async\" src=\"https:\/\/leboisdelagachere.com\/wp-content\/uploads\/2023\/11\/Noirmoutier-bois-de-la-chaise-DSC_8654.jpg\" alt=\"d\u00e9couverte de l&#039;\u00eele de Noirmoutier\" loading=\"lazy\">\n\n\t\t\t\t\t\n\t\t\t\t\t<\/a>\n\n\t\t\t\t\t\n\t\t\t\t<\/div>\n\n\n\n\t\t\t\t\n\n\n\t\t\t\t\n\t\t\t\t\n\t\t\t\n\n\n\t\t\t\t\n\n\n\t\t\t\t<div class=\"sev-diaporama-portfolio-item col-12 col-sm \">\n\n\n\n\t\t\t\t\t\n\t\t\t\t\t\t\t\t\t\t<a href=\"https:\/\/leboisdelagachere.com\/wp-content\/uploads\/2023\/11\/Estacade-Noirmoutier-bois-de-la-chaise-DSC_8757.jpg\" data-lightbox=\"sevgallery-2181355598\" style=\"background-image: url(https:\/\/leboisdelagachere.com\/wp-content\/uploads\/2023\/11\/Estacade-Noirmoutier-bois-de-la-chaise-DSC_8757.jpg)\">\n\n\t\t\t\t\t\n\t\t\t\t\t\t<img decoding=\"async\" src=\"https:\/\/leboisdelagachere.com\/wp-content\/uploads\/2023\/11\/Estacade-Noirmoutier-bois-de-la-chaise-DSC_8757.jpg\" alt=\"vacances en Vend\u00e9e\" loading=\"lazy\">\n\n\t\t\t\t\t\n\t\t\t\t\t<\/a>\n\n\t\t\t\t\t\n\t\t\t\t<\/div>\n\n\n\n\t\t\t\t\n\n\n\t\t\t\t\n\t\t\t\t\n\t\t\t\n\n\n\t\t\t\t\n\n\n\t\t\t\t<div class=\"sev-diaporama-portfolio-item col-12 col-sm \">\n\n\n\n\t\t\t\t\t\n\t\t\t\t\t\t\t\t\t\t<a href=\"https:\/\/leboisdelagachere.com\/wp-content\/uploads\/2023\/11\/IMG_0806.jpg\" data-lightbox=\"sevgallery-2181355598\" style=\"background-image: url(https:\/\/leboisdelagachere.com\/wp-content\/uploads\/2023\/11\/IMG_0806.jpg)\">\n\n\t\t\t\t\t\n\t\t\t\t\t\t<img decoding=\"async\" src=\"https:\/\/leboisdelagachere.com\/wp-content\/uploads\/2023\/11\/IMG_0806.jpg\" alt=\"visite de l&#039;\u00eele d&#039;Yeu\" loading=\"lazy\">\n\n\t\t\t\t\t\n\t\t\t\t\t<\/a>\n\n\t\t\t\t\t\n\t\t\t\t<\/div>\n\n\n\n\t\t\t\t\n\n\n\t\t\t\t\n\t\t\t\t\n\t\t\t\n\n\n\t\t\t\t\n\n\n\t\t\t\t<div class=\"sev-diaporama-portfolio-item col-12 col-sm  col-shrink\">\n\n\n\n\t\t\t\t\t\n\t\t\t\t\t\t\t\t\t\t<a href=\"https:\/\/leboisdelagachere.com\/wp-content\/uploads\/2023\/11\/ile-noirmoutier-maisons-typiques.jpg\" data-lightbox=\"sevgallery-2181355598\" style=\"background-image: url(https:\/\/leboisdelagachere.com\/wp-content\/uploads\/2023\/11\/ile-noirmoutier-maisons-typiques.jpg)\">\n\n\t\t\t\t\t\n\t\t\t\t\t\t<img decoding=\"async\" src=\"https:\/\/leboisdelagachere.com\/wp-content\/uploads\/2023\/11\/ile-noirmoutier-maisons-typiques.jpg\" alt=\"d\u00e9couverte de l&#039;\u00eele d&#039;Yeu\" loading=\"lazy\">\n\n\t\t\t\t\t\n\t\t\t\t\t<\/a>\n\n\t\t\t\t\t\n\t\t\t\t<\/div>\n\n\n\n\t\t\t\t\n\t\t\t\t\t<div class=\"w-100\"><\/div>\n\n\t\t\t\t\t\n\t\t\t\t\n\n\n\t\t\t\t\n\t\t\t\t\n\t\t\t\n\n\n\t\t\t\t\n\n\n\t\t\t\t<div class=\"sev-diaporama-portfolio-item col-12 col-sm  col-shrink\">\n\n\n\n\t\t\t\t\t\n\t\t\t\t\t\t\t\t\t\t<a href=\"https:\/\/leboisdelagachere.com\/wp-content\/uploads\/2023\/11\/chateau-de-noirmoutier-vue-exterieure-fleurie-IMG_9980.jpg\" data-lightbox=\"sevgallery-2181355598\" style=\"background-image: url(https:\/\/leboisdelagachere.com\/wp-content\/uploads\/2023\/11\/chateau-de-noirmoutier-vue-exterieure-fleurie-IMG_9980.jpg)\">\n\n\t\t\t\t\t\n\t\t\t\t\t\t<img decoding=\"async\" src=\"https:\/\/leboisdelagachere.com\/wp-content\/uploads\/2023\/11\/chateau-de-noirmoutier-vue-exterieure-fleurie-IMG_9980.jpg\" alt=\"chateau de l&#039;\u00eele d&#039;Yeu\" loading=\"lazy\">\n\n\t\t\t\t\t\n\t\t\t\t\t<\/a>\n\n\t\t\t\t\t\n\t\t\t\t<\/div>\n\n\n\n\t\t\t\t\n\n\n\t\t\t\t\n\t\t\t\t\n\t\t\t\n\n\n\t\t\t\t\n\n\n\t\t\t\t<div class=\"sev-diaporama-portfolio-item col-12 col-sm \">\n\n\n\n\t\t\t\t\t\n\t\t\t\t\t\t\t\t\t\t<a href=\"https:\/\/leboisdelagachere.com\/wp-content\/uploads\/2023\/11\/chateau-de-noirmoutier-donjon-interieur-IMG_9946.jpg\" data-lightbox=\"sevgallery-2181355598\" style=\"background-image: url(https:\/\/leboisdelagachere.com\/wp-content\/uploads\/2023\/11\/chateau-de-noirmoutier-donjon-interieur-IMG_9946.jpg)\">\n\n\t\t\t\t\t\n\t\t\t\t\t\t<img decoding=\"async\" src=\"https:\/\/leboisdelagachere.com\/wp-content\/uploads\/2023\/11\/chateau-de-noirmoutier-donjon-interieur-IMG_9946.jpg\" alt=\"chateau de l&#039;\u00eele d&#039;Yeu\" loading=\"lazy\">\n\n\t\t\t\t\t\n\t\t\t\t\t<\/a>\n\n\t\t\t\t\t\n\t\t\t\t<\/div>\n\n\n\n\t\t\t\t\n\n\n\t\t\t\t\n\t\t\t\t\n\t\t\t\n\n\n\t\t\t\t\n\n\n\t\t\t\t<div class=\"sev-diaporama-portfolio-item col-12 col-sm  col-shrink\">\n\n\n\n\t\t\t\t\t\n\t\t\t\t\t\t\t\t\t\t<a href=\"https:\/\/leboisdelagachere.com\/wp-content\/uploads\/2023\/11\/ile-noirmoutier-le-port.jpg\" data-lightbox=\"sevgallery-2181355598\" style=\"background-image: url(https:\/\/leboisdelagachere.com\/wp-content\/uploads\/2023\/11\/ile-noirmoutier-le-port.jpg)\">\n\n\t\t\t\t\t\n\t\t\t\t\t\t<img decoding=\"async\" src=\"https:\/\/leboisdelagachere.com\/wp-content\/uploads\/2023\/11\/ile-noirmoutier-le-port.jpg\" alt=\"\" loading=\"lazy\">\n\n\t\t\t\t\t\n\t\t\t\t\t<\/a>\n\n\t\t\t\t\t\n\t\t\t\t<\/div>\n\n\n\n\t\t\t\t\n\n\n\t\t\t\t\n\t\t\t\t\n\t\t\t\n\n\n\t\t\t\t\n\n\n\t\t\t\t<div class=\"sev-diaporama-portfolio-item col-12 col-sm  col-shrink\">\n\n\n\n\t\t\t\t\t\n\t\t\t\t\t\t\t\t\t\t<a href=\"https:\/\/leboisdelagachere.com\/wp-content\/uploads\/2023\/11\/ile-d-yeu-cote-rocheuse.jpg\" data-lightbox=\"sevgallery-2181355598\" style=\"background-image: url(https:\/\/leboisdelagachere.com\/wp-content\/uploads\/2023\/11\/ile-d-yeu-cote-rocheuse.jpg)\">\n\n\t\t\t\t\t\n\t\t\t\t\t\t<img decoding=\"async\" src=\"https:\/\/leboisdelagachere.com\/wp-content\/uploads\/2023\/11\/ile-d-yeu-cote-rocheuse.jpg\" alt=\"\" loading=\"lazy\">\n\n\t\t\t\t\t\n\t\t\t\t\t<\/a>\n\n\t\t\t\t\t\n\t\t\t\t<\/div>\n\n\n\n\t\t\t\t\n\t\t\t\t\t<div class=\"w-100\"><\/div>\n\n\t\t\t\t\t\n\t\t\t\t\n\n\n\t\t\t\t\n\t\t\t\t\n\t\t\t\n\t\t\t<\/div>\n\n\t\t\t<\/div>\n\n\n\n\t\t\t<script>\n\n\t\t\tjQuery(function($) {\n\n\n\n\t\t\t\tvar marginPortfolio = function() {\n\n\n\n\t\t\t\t\tvar $diapo          = $('#sevgallery-2181355598');\n\n\t\t\t\t\tvar container_width = $diapo.parent().outerWidth();\n\n\t\t\t\t\tvar side            = ( $(window).innerWidth() - container_width ) \/ 2;\n\n\n\n\t\t\t\t\t$diapo.css( {\n\n\t\t\t\t\t\t'margin-left': '-' + side + 'px',\n\n\t\t\t\t\t\t'margin-right': '-' + side + 'px',\n\n\t\t\t\t\t} );\n\n\t\t\t\t};\n\n\n\n\t\t\t\t$( window ).resize( function() {\n\n\t\t\t\t\tmarginPortfolio();\n\n\t\t\t\t} );\n\n\t\t\t\tmarginPortfolio();\n\n\t\t\t});\n\n\t\t\t<\/script>\n\n\t\t\t<\/div>","protected":false},"excerpt":{"rendered":"<p>Die Inseln der Vend\u00e9e erkunden Genie\u00dfen Sie Ihren Aufenthalt auf dem Campingplatz Le Bois de de La Gach\u00e8re in vollen Z\u00fcgen und tanken Sie neue Energie. Ihr Urlaub wird dadurch noch sch\u00f6ner. Wenn Sie wirklich einen Tapetenwechsel w\u00fcnschen, schlagen wir Ihnen vor, sich auf den Weg zu den Inseln der Vend\u00e9e zu machen. Die Inseln [&hellip;]<\/p>\n","protected":false},"author":3,"featured_media":0,"parent":9292,"menu_order":0,"comment_status":"closed","ping_status":"closed","template":"","meta":{"_seopress_robots_primary_cat":"","_seopress_titles_title":"Die Inseln der Vend\u00e9e erkunden - Urlaub in der Vend\u00e9e","_seopress_titles_desc":"W\u00e4hrend Ihres Urlaubs auf unserem Campingplatz sollten Sie sich die Inseln Noirmoutier und Yeu nicht entgehen lassen. Entdecken Sie die Spots, die Sie nicht verpassen sollten.  ","_seopress_robots_index":"","footnotes":""},"class_list":["post-9244","page","type-page","status-publish","hentry"],"_links":{"self":[{"href":"https:\/\/leboisdelagachere.com\/de\/wp-json\/wp\/v2\/pages\/9244","targetHints":{"allow":["GET"]}}],"collection":[{"href":"https:\/\/leboisdelagachere.com\/de\/wp-json\/wp\/v2\/pages"}],"about":[{"href":"https:\/\/leboisdelagachere.com\/de\/wp-json\/wp\/v2\/types\/page"}],"author":[{"embeddable":true,"href":"https:\/\/leboisdelagachere.com\/de\/wp-json\/wp\/v2\/users\/3"}],"replies":[{"embeddable":true,"href":"https:\/\/leboisdelagachere.com\/de\/wp-json\/wp\/v2\/comments?post=9244"}],"version-history":[{"count":2,"href":"https:\/\/leboisdelagachere.com\/de\/wp-json\/wp\/v2\/pages\/9244\/revisions"}],"predecessor-version":[{"id":9559,"href":"https:\/\/leboisdelagachere.com\/de\/wp-json\/wp\/v2\/pages\/9244\/revisions\/9559"}],"up":[{"embeddable":true,"href":"https:\/\/leboisdelagachere.com\/de\/wp-json\/wp\/v2\/pages\/9292"}],"wp:attachment":[{"href":"https:\/\/leboisdelagachere.com\/de\/wp-json\/wp\/v2\/media?parent=9244"}],"curies":[{"name":"wp","href":"https:\/\/api.w.org\/{rel}","templated":true}]}}