{"id":9262,"date":"2023-11-21T11:13:49","date_gmt":"2023-11-21T10:13:49","guid":{"rendered":"https:\/\/dev.leboisdelagachere.com\/puy-du-fou\/"},"modified":"2023-12-18T11:33:34","modified_gmt":"2023-12-18T10:33:34","slug":"puy-du-fou","status":"publish","type":"page","link":"https:\/\/leboisdelagachere.com\/de\/sich-unterhalten\/puy-du-fou\/","title":{"rendered":"Puy du Fou"},"content":{"rendered":"\n<h1 class=\"wp-block-heading\">Puy du Fou <\/h1>\n\n\n\n<div class=\"wp-block-columns alignwide is-layout-flex wp-container-core-columns-is-layout-3c1f764f wp-block-columns-is-layout-flex\" style=\"margin-top:var(--wp--preset--spacing--50);margin-bottom:var(--wp--preset--spacing--50);padding-top:0;padding-bottom:0\">\n<div class=\"wp-block-column is-vertically-aligned-center is-layout-flow wp-block-column-is-layout-flow\" style=\"flex-basis:33.38%\">\n<h2 class=\"wp-block-heading has-text-color has-link-color wp-elements-3dafeabc3301ba34e4d7add7a05a0b52\" style=\"color:#026678\">Ein unvergesslicher Tag<\/h2>\n\n\n\n<p>F\u00fcr einen Tag voller Spazierg\u00e4nge und Entdeckungen mit der Familie oder Freunden k\u00f6nnen Sie in Richtung Les Epesses fahren und sich auf den Weg zum <strong>Puy du Fou<\/strong> machen.<\/p>\n\n\n\n<p>Seit \u00fcber 30 Jahren bringt dieser Park mit seinen au\u00dfergew\u00f6hnlichen Shows Gro\u00df und Klein zum Staunen. Begeben Sie sich auf eine Reise durch die Geschichte der Vend\u00e9e, Frankreichs, mithilfe von <strong>immersiven<\/strong>, <strong>szenischen <\/strong> <strong>Shows<\/strong> oder <strong>Epochend\u00f6rfern<\/strong>.<\/p>\n\n\n\n<p><img decoding=\"async\" class=\"wp-image-7385\" style=\"width: 30px;\" src=\"https:\/\/leboisdelagachere.com\/wp-content\/uploads\/2023\/11\/guilmet-ok-couleur.png\" alt=\"camping au coeur du bois\"><em>Machen Sie eine Zeitreise, nur einen Tag lang, und entdecken Sie die Antike, das Mittelalter, die Renaissance, die Kriege, um bis in die Gegenwart zur\u00fcckzugehen.<\/em><\/p>\n<\/div>\n\n\n\n<div class=\"wp-block-column is-layout-flow wp-block-column-is-layout-flow\" style=\"flex-basis:33%\">\n<div style=\"height:2vw\" aria-hidden=\"true\" class=\"wp-block-spacer\"><\/div>\n\n\n\n<figure class=\"wp-block-image size-full\"><img loading=\"lazy\" decoding=\"async\" width=\"990\" height=\"660\" src=\"https:\/\/leboisdelagachere.com\/wp-content\/uploads\/2023\/11\/Le-village-Xiiieme-puy-du-fou-9.jpg\" alt=\"dorf der epochen im herzen des puy du fou\" class=\"wp-image-7790\" style=\"aspect-ratio:3\/4;object-fit:cover\" srcset=\"https:\/\/leboisdelagachere.com\/wp-content\/uploads\/2023\/11\/Le-village-Xiiieme-puy-du-fou-9.jpg 990w, https:\/\/leboisdelagachere.com\/wp-content\/uploads\/2023\/11\/Le-village-Xiiieme-puy-du-fou-9-300x200.jpg 300w, https:\/\/leboisdelagachere.com\/wp-content\/uploads\/2023\/11\/Le-village-Xiiieme-puy-du-fou-9-768x512.jpg 768w\" sizes=\"auto, (max-width: 990px) 100vw, 990px\" \/><\/figure>\n<\/div>\n\n\n\n<div class=\"wp-block-column is-layout-flow wp-block-column-is-layout-flow\" style=\"flex-basis:33.62%\">\n<figure class=\"wp-block-image size-full\"><img loading=\"lazy\" decoding=\"async\" width=\"990\" height=\"660\" src=\"https:\/\/leboisdelagachere.com\/wp-content\/uploads\/2023\/11\/Les-vickings-puy-du-fou-8.jpg\" alt=\"Puy du fou-Show\" class=\"wp-image-7791\" style=\"aspect-ratio:3\/4;object-fit:cover\" srcset=\"https:\/\/leboisdelagachere.com\/wp-content\/uploads\/2023\/11\/Les-vickings-puy-du-fou-8.jpg 990w, https:\/\/leboisdelagachere.com\/wp-content\/uploads\/2023\/11\/Les-vickings-puy-du-fou-8-300x200.jpg 300w, https:\/\/leboisdelagachere.com\/wp-content\/uploads\/2023\/11\/Les-vickings-puy-du-fou-8-768x512.jpg 768w\" sizes=\"auto, (max-width: 990px) 100vw, 990px\" \/><\/figure>\n<\/div>\n<\/div>\n\n\n\n<figure class=\"wp-block-image aligncenter size-full is-resized\"><img decoding=\"async\" src=\"https:\/\/leboisdelagachere.com\/wp-content\/uploads\/2023\/11\/trait.png\" alt=\"\" class=\"wp-image-7498\" style=\"width:150px\"\/><\/figure>\n\n\n\n<div class=\"wp-block-media-text alignwide is-stacked-on-mobile\" style=\"margin-top:var(--wp--preset--spacing--50);margin-bottom:var(--wp--preset--spacing--50)\"><figure class=\"wp-block-media-text__media\"><img loading=\"lazy\" decoding=\"async\" width=\"990\" height=\"660\" src=\"https:\/\/leboisdelagachere.com\/wp-content\/uploads\/2023\/11\/Le-Signe-du-Triomphe-spectacle-puydufou-cirque.jpg\" alt=\"spectacle au coeur d'une arene au puy du fou\" class=\"wp-image-7792 size-full\" srcset=\"https:\/\/leboisdelagachere.com\/wp-content\/uploads\/2023\/11\/Le-Signe-du-Triomphe-spectacle-puydufou-cirque.jpg 990w, https:\/\/leboisdelagachere.com\/wp-content\/uploads\/2023\/11\/Le-Signe-du-Triomphe-spectacle-puydufou-cirque-300x200.jpg 300w, https:\/\/leboisdelagachere.com\/wp-content\/uploads\/2023\/11\/Le-Signe-du-Triomphe-spectacle-puydufou-cirque-768x512.jpg 768w\" sizes=\"auto, (max-width: 990px) 100vw, 990px\" \/><\/figure><div class=\"wp-block-media-text__content\">\n<h2 class=\"wp-block-heading has-text-color has-link-color wp-elements-a032d714a9201d284b45438b33745182\" style=\"color:#026678\">Die verschiedenen Auff\u00fchrungen<\/h2>\n\n\n\n<p>Sie werden tags\u00fcber viel zu Fu\u00df unterwegs sein, um m\u00f6glichst viele Shows zu sehen, also ziehen Sie gutes Schuhwerk an. Sie werden jedoch nicht alle sehen k\u00f6nnen, sondern m\u00fcssen Ihre Priorit\u00e4ten ausw\u00e4hlen. Wir k\u00f6nnen Ihnen das <strong>Zeichen des Triumphs<\/strong> empfehlen, das in einer echten Arena stattfindet! Oder genie\u00dfen Sie den <strong>Ball der Geisterv\u00f6gel<\/strong> mit all den majest\u00e4tischen V\u00f6geln, die an Ihnen vorbeifliegen. So haben Sie die M\u00f6glichkeit, sie aus n\u00e4chster N\u00e4he zu beobachten.<\/p>\n<\/div><\/div>\n\n\n\n<figure class=\"wp-block-image aligncenter size-full is-resized\"><img decoding=\"async\" src=\"https:\/\/leboisdelagachere.com\/wp-content\/uploads\/2023\/11\/trait.png\" alt=\"\" class=\"wp-image-7498\" style=\"width:150px\"\/><\/figure>\n\n\n\n<div class=\"wp-block-columns alignwide is-layout-flex wp-container-core-columns-is-layout-92891c13 wp-block-columns-is-layout-flex\" style=\"margin-top:var(--wp--preset--spacing--50);margin-bottom:var(--wp--preset--spacing--50)\">\n<div class=\"wp-block-column is-vertically-aligned-center is-layout-flow wp-block-column-is-layout-flow\" style=\"flex-basis:33.38%\">\n<h2 class=\"wp-block-heading has-text-color has-link-color wp-elements-34ba73fc65a717a8dd9ac9ae3ab9c59e\" style=\"color:#026678\">Die Epochend\u00f6rfer<\/h2>\n\n\n\n<p>Lernen Sie anhand dieser <strong>D\u00f6rfer<\/strong> Berufe aus verschiedenen Epochen kennen. Mittelalter, Renaissance, die Jahre um 1900&#8230; Ihr Spaziergang wird eine Reise in die Vergangenheit sein! Hier finden Sie <strong>Handwerksl\u00e4den<\/strong>, aber auch Souvenirl\u00e4den und Snacks f\u00fcr die Zwischenmahlzeiten des ganzen Tages.<\/p>\n\n\n\n<p style=\"padding-top:0;padding-bottom:0\">Auf Ihrem Weg k\u00f6nnen Sie auch mehr entdecken, z. B. die G\u00e4rten von LaFontaine, den Rosengarten oder die immersiveren Shows, durch die Sie wandern. Z\u00f6gern Sie nicht, die gro\u00dfen Wege zu verlassen, um die kleinen, malerischen Ecken des Parks zu finden.<\/p>\n\n\n\n<p>Die Preise und \u00d6ffnungszeiten k\u00f6nnen Sie auf der <a href=\"http:\/\/www.puydufou.com\/france\/fr\" target=\"_blank\" rel=\"noreferrer noopener\">offiziellen Website des Parks<\/a> einsehen.<\/p>\n\n\n\n<p>Wenn Sie diesen Tag hinter sich gebracht haben, k\u00f6nnen Sie sich ruhig wieder auf den Weg zum Campingplatz machen, um Ihre <a href=\"https:\/\/leboisdelagachere.com\/de\/unterkuenfte\/\" data-type=\"page\" data-id=\"6946\">Unterkunft<\/a> oder Ihren <a href=\"https:\/\/leboisdelagachere.com\/de\/standorte\/\" data-type=\"page\" data-id=\"7713\">Stellplatz<\/a> zu erreichen und in einen wohlverdienten Schlaf zu fallen.<\/p>\n<\/div>\n\n\n\n<div class=\"wp-block-column is-layout-flow wp-block-column-is-layout-flow\" style=\"flex-basis:33%\">\n<div style=\"height:2vw\" aria-hidden=\"true\" class=\"wp-block-spacer\"><\/div>\n\n\n\n<figure class=\"wp-block-image size-full\"><img loading=\"lazy\" decoding=\"async\" width=\"990\" height=\"622\" src=\"https:\/\/leboisdelagachere.com\/wp-content\/uploads\/2023\/11\/La-cite-medievale-puy-du-fou.jpg\" alt=\"epochendorf im park puy du fou\" class=\"wp-image-7794\" style=\"aspect-ratio:3\/4;object-fit:cover\" srcset=\"https:\/\/leboisdelagachere.com\/wp-content\/uploads\/2023\/11\/La-cite-medievale-puy-du-fou.jpg 990w, https:\/\/leboisdelagachere.com\/wp-content\/uploads\/2023\/11\/La-cite-medievale-puy-du-fou-300x188.jpg 300w, https:\/\/leboisdelagachere.com\/wp-content\/uploads\/2023\/11\/La-cite-medievale-puy-du-fou-768x483.jpg 768w\" sizes=\"auto, (max-width: 990px) 100vw, 990px\" \/><\/figure>\n<\/div>\n\n\n\n<div class=\"wp-block-column is-layout-flow wp-block-column-is-layout-flow\" style=\"flex-basis:33.62%\">\n<figure class=\"wp-block-image size-full\"><img loading=\"lazy\" decoding=\"async\" width=\"990\" height=\"660\" src=\"https:\/\/leboisdelagachere.com\/wp-content\/uploads\/2023\/11\/Le-fort-de-lan-mil-puy-du-fou-5.jpg\" alt=\"epochale handwerke, die es in den d\u00f6rfern des puy du fou zu entdecken gibt\" class=\"wp-image-7793\" style=\"aspect-ratio:3\/4;object-fit:cover\" srcset=\"https:\/\/leboisdelagachere.com\/wp-content\/uploads\/2023\/11\/Le-fort-de-lan-mil-puy-du-fou-5.jpg 990w, https:\/\/leboisdelagachere.com\/wp-content\/uploads\/2023\/11\/Le-fort-de-lan-mil-puy-du-fou-5-300x200.jpg 300w, https:\/\/leboisdelagachere.com\/wp-content\/uploads\/2023\/11\/Le-fort-de-lan-mil-puy-du-fou-5-768x512.jpg 768w\" sizes=\"auto, (max-width: 990px) 100vw, 990px\" \/><\/figure>\n<\/div>\n<\/div>\n\n\n\n<figure class=\"wp-block-image aligncenter size-full is-resized\"><img decoding=\"async\" src=\"https:\/\/leboisdelagachere.com\/wp-content\/uploads\/2023\/11\/trait.png\" alt=\"\" class=\"wp-image-7498\" style=\"width:150px\"\/><\/figure>\n\n\n<div class=\"wp-block-sev-diaporama alignfull\">\n\t\t\t<div id=\"sevgallery-1162440113\" class=\"sev-diaporama sev-diaporama-portfolio\">\n\n\t\t\t<div class=\"row\">\n\n\n\n\t\t\t\n\n\n\t\t\t\t\n\n\n\t\t\t\t<div class=\"sev-diaporama-portfolio-item col-12 col-sm \">\n\n\n\n\t\t\t\t\t\n\t\t\t\t\t\t\t\t\t\t<a href=\"https:\/\/leboisdelagachere.com\/wp-content\/uploads\/2023\/11\/Le-Signe-du-Triomphe-spectacle-puydufou-cirque-1.jpg\" data-lightbox=\"sevgallery-1162440113\" style=\"background-image: url(https:\/\/leboisdelagachere.com\/wp-content\/uploads\/2023\/11\/Le-Signe-du-Triomphe-spectacle-puydufou-cirque-1.jpg)\">\n\n\t\t\t\t\t\n\t\t\t\t\t\t<img decoding=\"async\" src=\"https:\/\/leboisdelagachere.com\/wp-content\/uploads\/2023\/11\/Le-Signe-du-Triomphe-spectacle-puydufou-cirque-1.jpg\" alt=\"grand spectacle du puy du fou pr\u00e8s du camping\" loading=\"lazy\">\n\n\t\t\t\t\t\n\t\t\t\t\t<\/a>\n\n\t\t\t\t\t\n\t\t\t\t<\/div>\n\n\n\n\t\t\t\t\n\n\n\t\t\t\t\n\t\t\t\t\n\t\t\t\n\n\n\t\t\t\t\n\n\n\t\t\t\t<div class=\"sev-diaporama-portfolio-item col-12 col-sm  col-shrink\">\n\n\n\n\t\t\t\t\t\n\t\t\t\t\t\t\t\t\t\t<a href=\"https:\/\/leboisdelagachere.com\/wp-content\/uploads\/2023\/11\/Le-Signe-du-Triomphe-spectacle-puydufou-chretiens.jpg\" data-lightbox=\"sevgallery-1162440113\" style=\"background-image: url(https:\/\/leboisdelagachere.com\/wp-content\/uploads\/2023\/11\/Le-Signe-du-Triomphe-spectacle-puydufou-chretiens.jpg)\">\n\n\t\t\t\t\t\n\t\t\t\t\t\t<img decoding=\"async\" src=\"https:\/\/leboisdelagachere.com\/wp-content\/uploads\/2023\/11\/Le-Signe-du-Triomphe-spectacle-puydufou-chretiens.jpg\" alt=\"grand spectacle du puy du fou\" loading=\"lazy\">\n\n\t\t\t\t\t\n\t\t\t\t\t<\/a>\n\n\t\t\t\t\t\n\t\t\t\t<\/div>\n\n\n\n\t\t\t\t\n\n\n\t\t\t\t\n\t\t\t\t\n\t\t\t\n\n\n\t\t\t\t\n\n\n\t\t\t\t<div class=\"sev-diaporama-portfolio-item col-12 col-sm  col-grow\">\n\n\n\n\t\t\t\t\t\n\t\t\t\t\t\t\t\t\t\t<a href=\"https:\/\/leboisdelagachere.com\/wp-content\/uploads\/2023\/11\/Le-Dernier-Panache-puy-du-fou-12.jpg\" data-lightbox=\"sevgallery-1162440113\" style=\"background-image: url(https:\/\/leboisdelagachere.com\/wp-content\/uploads\/2023\/11\/Le-Dernier-Panache-puy-du-fou-12.jpg)\">\n\n\t\t\t\t\t\n\t\t\t\t\t\t<img decoding=\"async\" src=\"https:\/\/leboisdelagachere.com\/wp-content\/uploads\/2023\/11\/Le-Dernier-Panache-puy-du-fou-12.jpg\" alt=\"spectacle du puy du fou\" loading=\"lazy\">\n\n\t\t\t\t\t\n\t\t\t\t\t<\/a>\n\n\t\t\t\t\t\n\t\t\t\t<\/div>\n\n\n\n\t\t\t\t\n\t\t\t\t\t<div class=\"w-100\"><\/div>\n\n\t\t\t\t\t\n\t\t\t\t\n\n\n\t\t\t\t\n\t\t\t\t\n\t\t\t\n\n\n\t\t\t\t\n\n\n\t\t\t\t<div class=\"sev-diaporama-portfolio-item col-12 col-sm  col-grow\">\n\n\n\n\t\t\t\t\t\n\t\t\t\t\t\t\t\t\t\t<a href=\"https:\/\/leboisdelagachere.com\/wp-content\/uploads\/2023\/11\/Les-vickings-puy-du-fou-5.jpg\" data-lightbox=\"sevgallery-1162440113\" style=\"background-image: url(https:\/\/leboisdelagachere.com\/wp-content\/uploads\/2023\/11\/Les-vickings-puy-du-fou-5.jpg)\">\n\n\t\t\t\t\t\n\t\t\t\t\t\t<img decoding=\"async\" src=\"https:\/\/leboisdelagachere.com\/wp-content\/uploads\/2023\/11\/Les-vickings-puy-du-fou-5.jpg\" alt=\"spectacle des vikings au puy du fou\" loading=\"lazy\">\n\n\t\t\t\t\t\n\t\t\t\t\t<\/a>\n\n\t\t\t\t\t\n\t\t\t\t<\/div>\n\n\n\n\t\t\t\t\n\n\n\t\t\t\t\n\t\t\t\t\n\t\t\t\n\n\n\t\t\t\t\n\n\n\t\t\t\t<div class=\"sev-diaporama-portfolio-item col-12 col-sm  col-shrink\">\n\n\n\n\t\t\t\t\t\n\t\t\t\t\t\t\t\t\t\t<a href=\"https:\/\/leboisdelagachere.com\/wp-content\/uploads\/2023\/11\/La-cite-medievale-puy-du-fou.jpg\" data-lightbox=\"sevgallery-1162440113\" style=\"background-image: url(https:\/\/leboisdelagachere.com\/wp-content\/uploads\/2023\/11\/La-cite-medievale-puy-du-fou.jpg)\">\n\n\t\t\t\t\t\n\t\t\t\t\t\t<img decoding=\"async\" src=\"https:\/\/leboisdelagachere.com\/wp-content\/uploads\/2023\/11\/La-cite-medievale-puy-du-fou.jpg\" alt=\"\" loading=\"lazy\">\n\n\t\t\t\t\t\n\t\t\t\t\t<\/a>\n\n\t\t\t\t\t\n\t\t\t\t<\/div>\n\n\n\n\t\t\t\t\n\n\n\t\t\t\t\n\t\t\t\t\n\t\t\t\n\n\n\t\t\t\t\n\n\n\t\t\t\t<div class=\"sev-diaporama-portfolio-item col-12 col-sm  col-grow\">\n\n\n\n\t\t\t\t\t\n\t\t\t\t\t\t\t\t\t\t<a href=\"https:\/\/leboisdelagachere.com\/wp-content\/uploads\/2023\/11\/Le-fort-de-lan-mil-puy-du-fou-5.jpg\" data-lightbox=\"sevgallery-1162440113\" style=\"background-image: url(https:\/\/leboisdelagachere.com\/wp-content\/uploads\/2023\/11\/Le-fort-de-lan-mil-puy-du-fou-5.jpg)\">\n\n\t\t\t\t\t\n\t\t\t\t\t\t<img decoding=\"async\" src=\"https:\/\/leboisdelagachere.com\/wp-content\/uploads\/2023\/11\/Le-fort-de-lan-mil-puy-du-fou-5.jpg\" alt=\"\" loading=\"lazy\">\n\n\t\t\t\t\t\n\t\t\t\t\t<\/a>\n\n\t\t\t\t\t\n\t\t\t\t<\/div>\n\n\n\n\t\t\t\t\n\t\t\t\t\t<div class=\"w-100\"><\/div>\n\n\t\t\t\t\t\n\t\t\t\t\n\n\n\t\t\t\t\n\t\t\t\t\n\t\t\t\n\n\n\t\t\t\t\n\n\n\t\t\t\t<div class=\"sev-diaporama-portfolio-item col-12 col-sm  col-shrink\">\n\n\n\n\t\t\t\t\t\n\t\t\t\t\t\t\t\t\t\t<a href=\"https:\/\/leboisdelagachere.com\/wp-content\/uploads\/2023\/11\/Le-Signe-du-Triomphe-spectacle-puydufou-cirque.jpg\" data-lightbox=\"sevgallery-1162440113\" style=\"background-image: url(https:\/\/leboisdelagachere.com\/wp-content\/uploads\/2023\/11\/Le-Signe-du-Triomphe-spectacle-puydufou-cirque.jpg)\">\n\n\t\t\t\t\t\n\t\t\t\t\t\t<img decoding=\"async\" src=\"https:\/\/leboisdelagachere.com\/wp-content\/uploads\/2023\/11\/Le-Signe-du-Triomphe-spectacle-puydufou-cirque.jpg\" alt=\"\" loading=\"lazy\">\n\n\t\t\t\t\t\n\t\t\t\t\t<\/a>\n\n\t\t\t\t\t\n\t\t\t\t<\/div>\n\n\n\n\t\t\t\t\n\n\n\t\t\t\t\n\t\t\t\t\n\t\t\t\n\n\n\t\t\t\t\n\n\n\t\t\t\t<div class=\"sev-diaporama-portfolio-item col-12 col-sm  col-grow\">\n\n\n\n\t\t\t\t\t\n\t\t\t\t\t\t\t\t\t\t<a href=\"https:\/\/leboisdelagachere.com\/wp-content\/uploads\/2023\/11\/Les-vickings-puy-du-fou-8.jpg\" data-lightbox=\"sevgallery-1162440113\" style=\"background-image: url(https:\/\/leboisdelagachere.com\/wp-content\/uploads\/2023\/11\/Les-vickings-puy-du-fou-8.jpg)\">\n\n\t\t\t\t\t\n\t\t\t\t\t\t<img decoding=\"async\" src=\"https:\/\/leboisdelagachere.com\/wp-content\/uploads\/2023\/11\/Les-vickings-puy-du-fou-8.jpg\" alt=\"\" loading=\"lazy\">\n\n\t\t\t\t\t\n\t\t\t\t\t<\/a>\n\n\t\t\t\t\t\n\t\t\t\t<\/div>\n\n\n\n\t\t\t\t\n\n\n\t\t\t\t\n\t\t\t\t\n\t\t\t\n\n\n\t\t\t\t\n\n\n\t\t\t\t<div class=\"sev-diaporama-portfolio-item col-12 col-sm  col-shrink\">\n\n\n\n\t\t\t\t\t\n\t\t\t\t\t\t\t\t\t\t<a href=\"https:\/\/leboisdelagachere.com\/wp-content\/uploads\/2023\/11\/Le-village-Xiiieme-puy-du-fou-9.jpg\" data-lightbox=\"sevgallery-1162440113\" style=\"background-image: url(https:\/\/leboisdelagachere.com\/wp-content\/uploads\/2023\/11\/Le-village-Xiiieme-puy-du-fou-9.jpg)\">\n\n\t\t\t\t\t\n\t\t\t\t\t\t<img decoding=\"async\" src=\"https:\/\/leboisdelagachere.com\/wp-content\/uploads\/2023\/11\/Le-village-Xiiieme-puy-du-fou-9.jpg\" alt=\"\" loading=\"lazy\">\n\n\t\t\t\t\t\n\t\t\t\t\t<\/a>\n\n\t\t\t\t\t\n\t\t\t\t<\/div>\n\n\n\n\t\t\t\t\n\t\t\t\t\t<div class=\"w-100\"><\/div>\n\n\t\t\t\t\t\n\t\t\t\t\n\n\n\t\t\t\t\n\t\t\t\t\n\t\t\t\n\t\t\t<\/div>\n\n\t\t\t<\/div>\n\n\n\n\t\t\t<script>\n\n\t\t\tjQuery(function($) {\n\n\n\n\t\t\t\tvar marginPortfolio = function() {\n\n\n\n\t\t\t\t\tvar $diapo          = $('#sevgallery-1162440113');\n\n\t\t\t\t\tvar container_width = $diapo.parent().outerWidth();\n\n\t\t\t\t\tvar side            = ( $(window).innerWidth() - container_width ) \/ 2;\n\n\n\n\t\t\t\t\t$diapo.css( {\n\n\t\t\t\t\t\t'margin-left': '-' + side + 'px',\n\n\t\t\t\t\t\t'margin-right': '-' + side + 'px',\n\n\t\t\t\t\t} );\n\n\t\t\t\t};\n\n\n\n\t\t\t\t$( window ).resize( function() {\n\n\t\t\t\t\tmarginPortfolio();\n\n\t\t\t\t} );\n\n\t\t\t\tmarginPortfolio();\n\n\t\t\t});\n\n\t\t\t<\/script>\n\n\t\t\t<\/div>","protected":false},"excerpt":{"rendered":"<p>Puy du Fou Ein unvergesslicher Tag F\u00fcr einen Tag voller Spazierg\u00e4nge und Entdeckungen mit der Familie oder Freunden k\u00f6nnen Sie in Richtung Les Epesses fahren und sich auf den Weg zum Puy du Fou machen. Seit \u00fcber 30 Jahren bringt dieser Park mit seinen au\u00dfergew\u00f6hnlichen Shows Gro\u00df und Klein zum Staunen. Begeben Sie sich auf [&hellip;]<\/p>\n","protected":false},"author":3,"featured_media":0,"parent":9307,"menu_order":0,"comment_status":"closed","ping_status":"closed","template":"","meta":{"_seopress_robots_primary_cat":"","_seopress_titles_title":"Entdecken Sie den Park von Puy du Fou - Camping Vend\u00e9e","_seopress_titles_desc":"Unser 4-Sterne-Campingplatz in der Vend\u00e9e befindet sich nur wenige Kilometer vom ber\u00fchmten Park Puy du Fou entfernt. Verpassen Sie nicht diesen au\u00dfergew\u00f6hnlichen Park in der Vend\u00e9e","_seopress_robots_index":"","footnotes":""},"class_list":["post-9262","page","type-page","status-publish","hentry"],"_links":{"self":[{"href":"https:\/\/leboisdelagachere.com\/de\/wp-json\/wp\/v2\/pages\/9262","targetHints":{"allow":["GET"]}}],"collection":[{"href":"https:\/\/leboisdelagachere.com\/de\/wp-json\/wp\/v2\/pages"}],"about":[{"href":"https:\/\/leboisdelagachere.com\/de\/wp-json\/wp\/v2\/types\/page"}],"author":[{"embeddable":true,"href":"https:\/\/leboisdelagachere.com\/de\/wp-json\/wp\/v2\/users\/3"}],"replies":[{"embeddable":true,"href":"https:\/\/leboisdelagachere.com\/de\/wp-json\/wp\/v2\/comments?post=9262"}],"version-history":[{"count":2,"href":"https:\/\/leboisdelagachere.com\/de\/wp-json\/wp\/v2\/pages\/9262\/revisions"}],"predecessor-version":[{"id":9563,"href":"https:\/\/leboisdelagachere.com\/de\/wp-json\/wp\/v2\/pages\/9262\/revisions\/9563"}],"up":[{"embeddable":true,"href":"https:\/\/leboisdelagachere.com\/de\/wp-json\/wp\/v2\/pages\/9307"}],"wp:attachment":[{"href":"https:\/\/leboisdelagachere.com\/de\/wp-json\/wp\/v2\/media?parent=9262"}],"curies":[{"name":"wp","href":"https:\/\/api.w.org\/{rel}","templated":true}]}}