{"id":9278,"date":"2023-11-21T14:33:36","date_gmt":"2023-11-21T13:33:36","guid":{"rendered":"https:\/\/dev.leboisdelagachere.com\/durch-die-staedte-streifen\/saint-gilles-croix-de-vie\/"},"modified":"2023-12-15T10:48:39","modified_gmt":"2023-12-15T09:48:39","slug":"saint-gilles-croix-de-vie","status":"publish","type":"page","link":"https:\/\/leboisdelagachere.com\/de\/durch-die-staedte-streifen\/saint-gilles-croix-de-vie\/","title":{"rendered":"Saint Gilles Croix de Vie"},"content":{"rendered":"\n<h1 class=\"wp-block-heading\">Saint Gilles Croix de Vie<\/h1>\n\n<div class=\"wp-block-columns alignwide is-layout-flex wp-container-core-columns-is-layout-b86ab23a wp-block-columns-is-layout-flex\" style=\"margin-top:var(--wp--preset--spacing--60)\">\n<div class=\"wp-block-column is-layout-flow wp-block-column-is-layout-flow\" style=\"flex-basis:33.38%\">\n<p>Wenn Sie bei uns auf dem <a href=\"https:\/\/leboisdelagachere.com\/de\/\" data-type=\"page\" data-id=\"2\">Campingplatz Le Bois de la Gach\u00e8re<\/a> \u00fcbernachten, profitieren Sie von unserer <strong>idealen geografischen Lage<\/strong>!<br\/>Wir befinden uns nicht nur im Herzen des Staatswaldes von Les Sables d&#8217;Olonne und haben <a href=\"https:\/\/leboisdelagachere.com\/de\/die-straende\/\" data-type=\"page\" data-id=\"7864\">direkten Zugang zu einem feinen Sandstrand<\/a>, sondern sind auch nur wenige Minuten von <strong>Saint Gilles Croix de Vie<\/strong> entfernt.<\/p>\n\n\n\n<h2 class=\"wp-block-heading has-text-color has-link-color wp-elements-2590e4ee5494942f9fcd71242a8ad091\" style=\"color:#026678\">Die Sardine im Rampenlicht!<\/h2>\n\n\n\n<p>Dieser herzliche und familienfreundliche Badeort ist ein Muss!<br\/>Vielleicht haben Sie schon von ihm geh\u00f6rt, denn sein Fischereihafen ist der <strong>gr\u00f6\u00dfte Sardinenhafen der Atlantikk\u00fcste<\/strong>.<br\/>Es hat seinen Charme und seine Authentizit\u00e4t bewahrt. Sie k\u00f6nnen an seinen Kais entlang schlendern und die Flut der bunten Boote bewundern.<br\/>Wenn Sie mehr \u00fcber das Leben der Seeleute erfahren m\u00f6chten, sollten Sie sich das <strong>Maison du P\u00eacheur<\/strong> im Stadtteil Petite Ile nicht entgehen lassen.<br\/>Enge Gassen, Steinmauern, Stockrosen &#8211; die typischen Viertel, durch die man im Urlaub gerne streift.<br\/>Ein St\u00fcck weiter l\u00e4dt der <strong>Jachthafen<\/strong> zu sch\u00f6nen Spazierg\u00e4ngen am Wasser ein. Bewundern Sie die Boote, die dort vor Anker liegen.<\/p>\n<\/div>\n\n\n\n<div class=\"wp-block-column is-layout-flow wp-block-column-is-layout-flow\" style=\"flex-basis:33%\">\n<div style=\"height:2vw\" aria-hidden=\"true\" class=\"wp-block-spacer\"><\/div>\n\n\n\n<figure class=\"wp-block-image size-full\"><img loading=\"lazy\" decoding=\"async\" width=\"1000\" height=\"666\" src=\"https:\/\/leboisdelagachere.com\/wp-content\/uploads\/2023\/11\/Saint-Gilles-Croix-de-Vie-DSC_2555.jpg\" alt=\"typische h&#xFC;tte in saint gilles croix de vie\" class=\"wp-image-7925\" style=\"aspect-ratio:3\/4;object-fit:cover\" srcset=\"https:\/\/leboisdelagachere.com\/wp-content\/uploads\/2023\/11\/Saint-Gilles-Croix-de-Vie-DSC_2555.jpg 1000w, https:\/\/leboisdelagachere.com\/wp-content\/uploads\/2023\/11\/Saint-Gilles-Croix-de-Vie-DSC_2555-300x200.jpg 300w, https:\/\/leboisdelagachere.com\/wp-content\/uploads\/2023\/11\/Saint-Gilles-Croix-de-Vie-DSC_2555-768x511.jpg 768w\" sizes=\"auto, (max-width: 1000px) 100vw, 1000px\" \/><\/figure><\/div>\n\n\n\n<div class=\"wp-block-column is-layout-flow wp-block-column-is-layout-flow\" style=\"flex-basis:33.62%\">\n<figure class=\"wp-block-image size-full\"><img loading=\"lazy\" decoding=\"async\" width=\"1000\" height=\"873\" src=\"https:\/\/leboisdelagachere.com\/wp-content\/uploads\/2023\/11\/Saint-Gilles-Croix-de-Vie-DSC_2181.jpg\" alt=\"besuch von saint gilles croix de vie Vend&#xE9;e\" class=\"wp-image-7926\" style=\"aspect-ratio:3\/4;object-fit:cover\" srcset=\"https:\/\/leboisdelagachere.com\/wp-content\/uploads\/2023\/11\/Saint-Gilles-Croix-de-Vie-DSC_2181.jpg 1000w, https:\/\/leboisdelagachere.com\/wp-content\/uploads\/2023\/11\/Saint-Gilles-Croix-de-Vie-DSC_2181-300x262.jpg 300w, https:\/\/leboisdelagachere.com\/wp-content\/uploads\/2023\/11\/Saint-Gilles-Croix-de-Vie-DSC_2181-768x670.jpg 768w\" sizes=\"auto, (max-width: 1000px) 100vw, 1000px\" \/><\/figure><\/div>\n<\/div>\n\n<figure class=\"wp-block-image aligncenter size-full is-resized\"><img decoding=\"async\" src=\"https:\/\/leboisdelagachere.com\/wp-content\/uploads\/2023\/11\/trait.png\" alt=\"\" class=\"wp-image-7499\" style=\"width:150px\"\/><\/figure>\n<div class=\"wp-block-media-text alignwide is-stacked-on-mobile is-image-fill\" style=\"padding-top:var(--wp--preset--spacing--60);padding-bottom:var(--wp--preset--spacing--70)\"><figure class=\"wp-block-media-text__media\" style=\"background-image:url(https:\/\/leboisdelagachere.com\/wp-content\/uploads\/2023\/11\/saint-gilles-croix-de-vie-IMG_5486.jpg);background-position:50% 50%\"><img loading=\"lazy\" decoding=\"async\" width=\"1000\" height=\"667\" src=\"https:\/\/leboisdelagachere.com\/wp-content\/uploads\/2023\/11\/saint-gilles-croix-de-vie-IMG_5486.jpg\" alt=\"stadtbesichtigung von saint gilles croix de vie\" class=\"wp-image-7927 size-full\" srcset=\"https:\/\/leboisdelagachere.com\/wp-content\/uploads\/2023\/11\/saint-gilles-croix-de-vie-IMG_5486.jpg 1000w, https:\/\/leboisdelagachere.com\/wp-content\/uploads\/2023\/11\/saint-gilles-croix-de-vie-IMG_5486-300x200.jpg 300w, https:\/\/leboisdelagachere.com\/wp-content\/uploads\/2023\/11\/saint-gilles-croix-de-vie-IMG_5486-768x512.jpg 768w\" sizes=\"auto, (max-width: 1000px) 100vw, 1000px\" \/><\/figure><div class=\"wp-block-media-text__content\">\n<h2 class=\"wp-block-heading has-text-color has-link-color wp-elements-88f4b32bdf55d5ec51a03a8479e3184d\" style=\"color:#026678\">Seine Gassen und Str\u00e4nde<\/h2>\n\n\n\n<p>Sie werden es lieben, durch die Einkaufsstra\u00dfen zu schlendern, die von Eisdielen, Kunsthandwerkern oder auch Bars und Restaurants ges\u00e4umt sind. Es erwarten Sie <strong>h\u00fcbsche kleine Gesch\u00e4fte<\/strong>.<br\/>Am Ende der Stra\u00dfe befindet sich La Grande Plage und die Weite des Ozeans, der seine Arme f\u00fcr Sie \u00f6ffnet.<br\/>Hier k\u00f6nnen Sie <strong>wundersch\u00f6ne Sandstr\u00e4nde<\/strong> genie\u00dfen.<br\/>Verpassen Sie nicht den Strand von Boisvinet, der weniger touristisch und wilder ist und ein sch\u00f6nes nat\u00fcrliches Schwimmbad besitzt.<\/p>\n\n\n\n<p>In Saint Gilles Croix de Vie k\u00f6nnen Sie \u00fcber die Bauernm\u00e4rkte schlendern. Ein Muss w\u00e4hrend der Ferien.<br\/>Er findet dienstags, donnerstags und sonntags morgens auf dem Place de l&#8217;Eglise statt.<\/p>\n<\/div><\/div>\n\n<figure class=\"wp-block-image aligncenter size-full is-resized\"><img decoding=\"async\" src=\"https:\/\/leboisdelagachere.com\/wp-content\/uploads\/2023\/11\/trait.png\" alt=\"\" class=\"wp-image-7499\" style=\"width:150px\"\/><\/figure><div class=\"wp-block-sev-diaporama alignfull\">\n\t\t\t<div id=\"sevgallery-2978147859\" class=\"sev-diaporama sev-diaporama-portfolio\">\n\n\t\t\t<div class=\"row\">\n\n\n\n\t\t\t\n\n\n\t\t\t\t\n\n\n\t\t\t\t<div class=\"sev-diaporama-portfolio-item col-12 col-sm \">\n\n\n\n\t\t\t\t\t\n\t\t\t\t\t\t\t\t\t\t<a href=\"https:\/\/leboisdelagachere.com\/wp-content\/uploads\/2023\/11\/Printemps_PlagedeBoisvinet_S.jpg\" data-lightbox=\"sevgallery-2978147859\" style=\"background-image: url(https:\/\/leboisdelagachere.com\/wp-content\/uploads\/2023\/11\/Printemps_PlagedeBoisvinet_S.jpg)\">\n\n\t\t\t\t\t\n\t\t\t\t\t\t<img decoding=\"async\" src=\"https:\/\/leboisdelagachere.com\/wp-content\/uploads\/2023\/11\/Printemps_PlagedeBoisvinet_S.jpg\" alt=\"visite de la ville de saint gilles croix de vie\" loading=\"lazy\">\n\n\t\t\t\t\t\n\t\t\t\t\t<\/a>\n\n\t\t\t\t\t\n\t\t\t\t<\/div>\n\n\n\n\t\t\t\t\n\n\n\t\t\t\t\n\t\t\t\t\n\t\t\t\n\n\n\t\t\t\t\n\n\n\t\t\t\t<div class=\"sev-diaporama-portfolio-item col-12 col-sm \">\n\n\n\n\t\t\t\t\t\n\t\t\t\t\t\t\t\t\t\t<a href=\"https:\/\/leboisdelagachere.com\/wp-content\/uploads\/2023\/11\/saint-gilles-croix-de-vie-IMG_5489.jpg\" data-lightbox=\"sevgallery-2978147859\" style=\"background-image: url(https:\/\/leboisdelagachere.com\/wp-content\/uploads\/2023\/11\/saint-gilles-croix-de-vie-IMG_5489.jpg)\">\n\n\t\t\t\t\t\n\t\t\t\t\t\t<img decoding=\"async\" src=\"https:\/\/leboisdelagachere.com\/wp-content\/uploads\/2023\/11\/saint-gilles-croix-de-vie-IMG_5489.jpg\" alt=\"visite de la ville de saint gilles croix de vie\" loading=\"lazy\">\n\n\t\t\t\t\t\n\t\t\t\t\t<\/a>\n\n\t\t\t\t\t\n\t\t\t\t<\/div>\n\n\n\n\t\t\t\t\n\n\n\t\t\t\t\n\t\t\t\t\n\t\t\t\n\n\n\t\t\t\t\n\n\n\t\t\t\t<div class=\"sev-diaporama-portfolio-item col-12 col-sm  col-grow\">\n\n\n\n\t\t\t\t\t\n\t\t\t\t\t\t\t\t\t\t<a href=\"https:\/\/leboisdelagachere.com\/wp-content\/uploads\/2023\/11\/saint-gilles-croix-de-vie-eglise-de-st-gilles-kiosque-DSC_3462.jpg\" data-lightbox=\"sevgallery-2978147859\" style=\"background-image: url(https:\/\/leboisdelagachere.com\/wp-content\/uploads\/2023\/11\/saint-gilles-croix-de-vie-eglise-de-st-gilles-kiosque-DSC_3462.jpg)\">\n\n\t\t\t\t\t\n\t\t\t\t\t\t<img decoding=\"async\" src=\"https:\/\/leboisdelagachere.com\/wp-content\/uploads\/2023\/11\/saint-gilles-croix-de-vie-eglise-de-st-gilles-kiosque-DSC_3462.jpg\" alt=\"visite de la ville de saint gilles croix de vie\" loading=\"lazy\">\n\n\t\t\t\t\t\n\t\t\t\t\t<\/a>\n\n\t\t\t\t\t\n\t\t\t\t<\/div>\n\n\n\n\t\t\t\t\n\n\n\t\t\t\t\n\t\t\t\t\n\t\t\t\n\n\n\t\t\t\t\n\n\n\t\t\t\t<div class=\"sev-diaporama-portfolio-item col-12 col-sm  col-shrink\">\n\n\n\n\t\t\t\t\t\n\t\t\t\t\t\t\t\t\t\t<a href=\"https:\/\/leboisdelagachere.com\/wp-content\/uploads\/2023\/11\/saint-gilles-croix-de-vie-rue-commercante-pietonne-general-de-gaulle-DSC_3731.jpg\" data-lightbox=\"sevgallery-2978147859\" style=\"background-image: url(https:\/\/leboisdelagachere.com\/wp-content\/uploads\/2023\/11\/saint-gilles-croix-de-vie-rue-commercante-pietonne-general-de-gaulle-DSC_3731.jpg)\">\n\n\t\t\t\t\t\n\t\t\t\t\t\t<img decoding=\"async\" src=\"https:\/\/leboisdelagachere.com\/wp-content\/uploads\/2023\/11\/saint-gilles-croix-de-vie-rue-commercante-pietonne-general-de-gaulle-DSC_3731.jpg\" alt=\"visite de la ville de saint gilles croix de vie\" loading=\"lazy\">\n\n\t\t\t\t\t\n\t\t\t\t\t<\/a>\n\n\t\t\t\t\t\n\t\t\t\t<\/div>\n\n\n\n\t\t\t\t\n\t\t\t\t\t<div class=\"w-100\"><\/div>\n\n\t\t\t\t\t\n\t\t\t\t\n\n\n\t\t\t\t\n\t\t\t\t\n\t\t\t\n\n\n\t\t\t\t\n\n\n\t\t\t\t<div class=\"sev-diaporama-portfolio-item col-12 col-sm \">\n\n\n\n\t\t\t\t\t\n\t\t\t\t\t\t\t\t\t\t<a href=\"https:\/\/leboisdelagachere.com\/wp-content\/uploads\/2023\/11\/Saint-Gilles-Croix-de-Vie-DSC_2472.jpg\" data-lightbox=\"sevgallery-2978147859\" style=\"background-image: url(https:\/\/leboisdelagachere.com\/wp-content\/uploads\/2023\/11\/Saint-Gilles-Croix-de-Vie-DSC_2472.jpg)\">\n\n\t\t\t\t\t\n\t\t\t\t\t\t<img decoding=\"async\" src=\"https:\/\/leboisdelagachere.com\/wp-content\/uploads\/2023\/11\/Saint-Gilles-Croix-de-Vie-DSC_2472.jpg\" alt=\"visite de la ville de saint gilles croix de vie\" loading=\"lazy\">\n\n\t\t\t\t\t\n\t\t\t\t\t<\/a>\n\n\t\t\t\t\t\n\t\t\t\t<\/div>\n\n\n\n\t\t\t\t\n\n\n\t\t\t\t\n\t\t\t\t\n\t\t\t\n\n\n\t\t\t\t\n\n\n\t\t\t\t<div class=\"sev-diaporama-portfolio-item col-12 col-sm \">\n\n\n\n\t\t\t\t\t\n\t\t\t\t\t\t\t\t\t\t<a href=\"https:\/\/leboisdelagachere.com\/wp-content\/uploads\/2023\/11\/Saint-Gilles-Croix-de-Vie-DSC_2187.jpg\" data-lightbox=\"sevgallery-2978147859\" style=\"background-image: url(https:\/\/leboisdelagachere.com\/wp-content\/uploads\/2023\/11\/Saint-Gilles-Croix-de-Vie-DSC_2187.jpg)\">\n\n\t\t\t\t\t\n\t\t\t\t\t\t<img decoding=\"async\" src=\"https:\/\/leboisdelagachere.com\/wp-content\/uploads\/2023\/11\/Saint-Gilles-Croix-de-Vie-DSC_2187.jpg\" alt=\"visite de la ville de saint gilles croix de vie\" loading=\"lazy\">\n\n\t\t\t\t\t\n\t\t\t\t\t<\/a>\n\n\t\t\t\t\t\n\t\t\t\t<\/div>\n\n\n\n\t\t\t\t\n\n\n\t\t\t\t\n\t\t\t\t\n\t\t\t\n\n\n\t\t\t\t\n\n\n\t\t\t\t<div class=\"sev-diaporama-portfolio-item col-12 col-sm  col-shrink\">\n\n\n\n\t\t\t\t\t\n\t\t\t\t\t\t\t\t\t\t<a href=\"https:\/\/leboisdelagachere.com\/wp-content\/uploads\/2023\/11\/Saint-Gilles-Croix-de-Vie-DSC_1590-1.jpg\" data-lightbox=\"sevgallery-2978147859\" style=\"background-image: url(https:\/\/leboisdelagachere.com\/wp-content\/uploads\/2023\/11\/Saint-Gilles-Croix-de-Vie-DSC_1590-1.jpg)\">\n\n\t\t\t\t\t\n\t\t\t\t\t\t<img decoding=\"async\" src=\"https:\/\/leboisdelagachere.com\/wp-content\/uploads\/2023\/11\/Saint-Gilles-Croix-de-Vie-DSC_1590-1.jpg\" alt=\"visite de la ville de saint gilles croix de vie\" loading=\"lazy\">\n\n\t\t\t\t\t\n\t\t\t\t\t<\/a>\n\n\t\t\t\t\t\n\t\t\t\t<\/div>\n\n\n\n\t\t\t\t\n\n\n\t\t\t\t\n\t\t\t\t\n\t\t\t\n\n\n\t\t\t\t\n\n\n\t\t\t\t<div class=\"sev-diaporama-portfolio-item col-12 col-sm \">\n\n\n\n\t\t\t\t\t\n\t\t\t\t\t\t\t\t\t\t<a href=\"https:\/\/leboisdelagachere.com\/wp-content\/uploads\/2023\/11\/Saint-Gilles-Croix-de-Vie-DSC_1724.jpg\" data-lightbox=\"sevgallery-2978147859\" style=\"background-image: url(https:\/\/leboisdelagachere.com\/wp-content\/uploads\/2023\/11\/Saint-Gilles-Croix-de-Vie-DSC_1724.jpg)\">\n\n\t\t\t\t\t\n\t\t\t\t\t\t<img decoding=\"async\" src=\"https:\/\/leboisdelagachere.com\/wp-content\/uploads\/2023\/11\/Saint-Gilles-Croix-de-Vie-DSC_1724.jpg\" alt=\"visite de la ville de saint gilles croix de vie\" loading=\"lazy\">\n\n\t\t\t\t\t\n\t\t\t\t\t<\/a>\n\n\t\t\t\t\t\n\t\t\t\t<\/div>\n\n\n\n\t\t\t\t\n\t\t\t\t\t<div class=\"w-100\"><\/div>\n\n\t\t\t\t\t\n\t\t\t\t\n\n\n\t\t\t\t\n\t\t\t\t\n\t\t\t\n\t\t\t<\/div>\n\n\t\t\t<\/div>\n\n\n\n\t\t\t<script>\n\n\t\t\tjQuery(function($) {\n\n\n\n\t\t\t\tvar marginPortfolio = function() {\n\n\n\n\t\t\t\t\tvar $diapo          = $('#sevgallery-2978147859');\n\n\t\t\t\t\tvar container_width = $diapo.parent().outerWidth();\n\n\t\t\t\t\tvar side            = ( $(window).innerWidth() - container_width ) \/ 2;\n\n\n\n\t\t\t\t\t$diapo.css( {\n\n\t\t\t\t\t\t'margin-left': '-' + side + 'px',\n\n\t\t\t\t\t\t'margin-right': '-' + side + 'px',\n\n\t\t\t\t\t} );\n\n\t\t\t\t};\n\n\n\n\t\t\t\t$( window ).resize( function() {\n\n\t\t\t\t\tmarginPortfolio();\n\n\t\t\t\t} );\n\n\t\t\t\tmarginPortfolio();\n\n\t\t\t});\n\n\t\t\t<\/script>\n\n\t\t\t<\/div>","protected":false},"excerpt":{"rendered":"<p>Saint Gilles Croix de Vie Wenn Sie bei uns auf dem Campingplatz Le Bois de la Gach\u00e8re \u00fcbernachten, profitieren Sie von unserer idealen geografischen Lage!Wir befinden uns nicht nur im Herzen des Staatswaldes von Les Sables d&#8217;Olonne und haben direkten Zugang zu einem feinen Sandstrand, sondern sind auch nur wenige Minuten von Saint Gilles Croix [&hellip;]<\/p>\n","protected":false},"author":3,"featured_media":0,"parent":9058,"menu_order":0,"comment_status":"closed","ping_status":"closed","template":"","meta":{"_seopress_robots_primary_cat":"","_seopress_titles_title":"Saint Gilles Croix de Vie - 4-Sterne-Campingplatz Le Bois de La Gach\u00e8re","_seopress_titles_desc":"Machen Sie einen Ausflug in den Badeort Saint Gilles Croix de Vie, der nur wenige Minuten von unserem Campingplatz mit Wasserbereich in der Vend\u00e9e entfernt liegt.  ","_seopress_robots_index":"","footnotes":""},"class_list":["post-9278","page","type-page","status-publish","hentry"],"_links":{"self":[{"href":"https:\/\/leboisdelagachere.com\/de\/wp-json\/wp\/v2\/pages\/9278","targetHints":{"allow":["GET"]}}],"collection":[{"href":"https:\/\/leboisdelagachere.com\/de\/wp-json\/wp\/v2\/pages"}],"about":[{"href":"https:\/\/leboisdelagachere.com\/de\/wp-json\/wp\/v2\/types\/page"}],"author":[{"embeddable":true,"href":"https:\/\/leboisdelagachere.com\/de\/wp-json\/wp\/v2\/users\/3"}],"replies":[{"embeddable":true,"href":"https:\/\/leboisdelagachere.com\/de\/wp-json\/wp\/v2\/comments?post=9278"}],"version-history":[{"count":1,"href":"https:\/\/leboisdelagachere.com\/de\/wp-json\/wp\/v2\/pages\/9278\/revisions"}],"predecessor-version":[{"id":9286,"href":"https:\/\/leboisdelagachere.com\/de\/wp-json\/wp\/v2\/pages\/9278\/revisions\/9286"}],"up":[{"embeddable":true,"href":"https:\/\/leboisdelagachere.com\/de\/wp-json\/wp\/v2\/pages\/9058"}],"wp:attachment":[{"href":"https:\/\/leboisdelagachere.com\/de\/wp-json\/wp\/v2\/media?parent=9278"}],"curies":[{"name":"wp","href":"https:\/\/api.w.org\/{rel}","templated":true}]}}