{"id":9292,"date":"2023-11-15T12:31:11","date_gmt":"2023-11-15T11:31:11","guid":{"rendered":"https:\/\/dev.leboisdelagachere.com\/in-das-herz-der-natur-eintauchen\/"},"modified":"2023-12-15T10:49:16","modified_gmt":"2023-12-15T09:49:16","slug":"in-das-herz-der-natur-eintauchen","status":"publish","type":"page","link":"https:\/\/leboisdelagachere.com\/de\/in-das-herz-der-natur-eintauchen\/","title":{"rendered":"In das Herz der Natur eintauchen"},"content":{"rendered":"\n<h1 class=\"wp-block-heading\">In das Herz der Natur eintauchen<\/h1>\n\n<div class=\"wp-block-columns alignwide is-layout-flex wp-container-core-columns-is-layout-28f84493 wp-block-columns-is-layout-flex\">\n<div class=\"wp-block-column is-layout-flow wp-block-column-is-layout-flow\">\n<div class=\"wp-block-sev-encart\"><a href=\"https:\/\/leboisdelagachere.com\/de\/die-straende\/\"><img decoding=\"async\" src=\"https:\/\/leboisdelagachere.com\/wp-content\/uploads\/2023\/11\/La_Gachere_28062023_083_0-1.jpg\" alt=\"\"><div class=\"wp-block-sev-encart-content\"><div class=\"wp-block-sev-encart-label\">Am Wasser entlang schlendern<\/div><\/div><div class=\"wp-block-sev-encart-btn\">Entdecken Sie<\/div><\/a><\/div>\n<\/div>\n\n\n\n<div class=\"wp-block-column is-layout-flow wp-block-column-is-layout-flow\">\n<div class=\"wp-block-sev-encart\"><a href=\"https:\/\/leboisdelagachere.com\/de\/rad-und-wanderwege\/\"><img decoding=\"async\" src=\"https:\/\/leboisdelagachere.com\/wp-content\/uploads\/2023\/11\/2023_Rando_Velodyssee_Paracou_LesSablesdOlonne_EnVendee_092.jpg\" alt=\"\"><div class=\"wp-block-sev-encart-content\"><div class=\"wp-block-sev-encart-label\">Durch den Wald streifen<\/div><\/div><div class=\"wp-block-sev-encart-btn\">Entdecken Sie<\/div><\/a><\/div>\n<\/div>\n\n\n\n<div class=\"wp-block-column is-layout-flow wp-block-column-is-layout-flow\">\n<div class=\"wp-block-sev-encart\"><a href=\"https:\/\/leboisdelagachere.com\/de\/die-inseln\/\"><img decoding=\"async\" src=\"https:\/\/leboisdelagachere.com\/wp-content\/uploads\/2023\/11\/Estacade-Noirmoutier-bois-de-la-chaise-DSC_8757.jpg\" alt=\"\"><div class=\"wp-block-sev-encart-content\"><div class=\"wp-block-sev-encart-label\">Die Inseln erkunden<\/div><\/div><div class=\"wp-block-sev-encart-btn\">Entdecken Sie<\/div><\/a><\/div>\n<\/div>\n<\/div>\n","protected":false},"excerpt":{"rendered":"<p>In das Herz der Natur eintauchen<\/p>\n","protected":false},"author":3,"featured_media":0,"parent":0,"menu_order":0,"comment_status":"closed","ping_status":"closed","template":"","meta":{"_seopress_robots_primary_cat":"","_seopress_titles_title":"Entdecken Sie die Vend\u00e9e - Campingplatz in Les Sables d'Olonne","_seopress_titles_desc":"Wenn Sie eine Unterkunft auf dem Campingplatz Le Bois de La Gach\u00e8re mieten, k\u00f6nnen Sie die Gelegenheit nutzen, um die Inseln, Str\u00e4nde oder Mountainbike-Routen zu erkunden.","_seopress_robots_index":"","footnotes":""},"class_list":["post-9292","page","type-page","status-publish","hentry"],"_links":{"self":[{"href":"https:\/\/leboisdelagachere.com\/de\/wp-json\/wp\/v2\/pages\/9292","targetHints":{"allow":["GET"]}}],"collection":[{"href":"https:\/\/leboisdelagachere.com\/de\/wp-json\/wp\/v2\/pages"}],"about":[{"href":"https:\/\/leboisdelagachere.com\/de\/wp-json\/wp\/v2\/types\/page"}],"author":[{"embeddable":true,"href":"https:\/\/leboisdelagachere.com\/de\/wp-json\/wp\/v2\/users\/3"}],"replies":[{"embeddable":true,"href":"https:\/\/leboisdelagachere.com\/de\/wp-json\/wp\/v2\/comments?post=9292"}],"version-history":[{"count":1,"href":"https:\/\/leboisdelagachere.com\/de\/wp-json\/wp\/v2\/pages\/9292\/revisions"}],"predecessor-version":[{"id":9302,"href":"https:\/\/leboisdelagachere.com\/de\/wp-json\/wp\/v2\/pages\/9292\/revisions\/9302"}],"wp:attachment":[{"href":"https:\/\/leboisdelagachere.com\/de\/wp-json\/wp\/v2\/media?parent=9292"}],"curies":[{"name":"wp","href":"https:\/\/api.w.org\/{rel}","templated":true}]}}