{"id":9305,"date":"2023-11-14T14:17:03","date_gmt":"2023-11-14T13:17:03","guid":{"rendered":"https:\/\/dev.leboisdelagachere.com\/aktivitaeten-unterhaltung\/"},"modified":"2023-12-15T10:49:17","modified_gmt":"2023-12-15T09:49:17","slug":"aktivitaeten-unterhaltung","status":"publish","type":"page","link":"https:\/\/leboisdelagachere.com\/de\/aktivitaeten-unterhaltung\/","title":{"rendered":"Aktivit\u00e4ten &amp; Unterhaltung"},"content":{"rendered":"\n<h1 class=\"wp-block-heading\">Aktivit\u00e4ten &amp; Unterhaltung<\/h1>\n\n<div style=\"height:1vw\" aria-hidden=\"true\" class=\"wp-block-spacer\"><\/div>\n\n<div class=\"wp-block-columns alignwide is-layout-flex wp-container-core-columns-is-layout-21b20327 wp-block-columns-is-layout-flex\">\n<div class=\"wp-block-column is-vertically-aligned-center is-layout-flow wp-block-column-is-layout-flow\" style=\"flex-basis:33.38%\">\n<h2 class=\"wp-block-heading has-text-color has-link-color wp-elements-58927d87b2383b2472d2cc4d41284bae\" style=\"color:#026678\">Freizeitgestaltung auf dem Campingplatz<\/h2>\n\n\n\n<p>Freizeit, Sport und Erholung f\u00fcr die ganze Familie auf dem Campingplatz**** Le Bois de La Gach\u00e8re.<\/p>\n\n\n\n<p>Kommen Sie und genie\u00dfen Sie die <strong>zahlreichen Aktivit\u00e4ten<\/strong>, die auf dem Campingplatz angeboten werden:<\/p>\n\n\n\n<ul class=\"wp-block-list\">\n<li>Spielbereich f\u00fcr die J\u00fcngsten: Rutschbahn, Kletterwand, Strickleiter, Tunnel, Drehkreuz, Federspiele, Trampolin&#8230;<\/li>\n\n\n\n<li>Sportbereich: Tischtennisplatten, Multisportfeld, Fitness- und Kraftger\u00e4te im Freien<\/li>\n\n\n\n<li>Spielzimmer: Tischfu\u00dfball, Billard, Shuffleboard, Flipperautomat<\/li>\n\n\n\n<li>Verleih von Fahrr\u00e4dern<\/li>\n\n\n\n<li>Boulepl\u00e4tze<\/li>\n<\/ul>\n\n\n\n<p><strong>Aktivit\u00e4ten f\u00fcr die ganze Familie<\/strong> f\u00fcr Momente gro\u00dfer Geselligkeit und guter Laune.<\/p>\n<\/div>\n\n\n\n<div class=\"wp-block-column is-layout-flow wp-block-column-is-layout-flow\" style=\"flex-basis:33%\">\n<div style=\"height:2vw\" aria-hidden=\"true\" class=\"wp-block-spacer\"><\/div>\n\n\n\n<figure class=\"wp-block-image size-full\"><img loading=\"lazy\" decoding=\"async\" width=\"1000\" height=\"666\" src=\"https:\/\/leboisdelagachere.com\/wp-content\/uploads\/2023\/11\/La_Gachere_28062023_038_0.jpg\" alt=\"\" class=\"wp-image-7620\" style=\"aspect-ratio:3\/4;object-fit:cover\" srcset=\"https:\/\/leboisdelagachere.com\/wp-content\/uploads\/2023\/11\/La_Gachere_28062023_038_0.jpg 1000w, https:\/\/leboisdelagachere.com\/wp-content\/uploads\/2023\/11\/La_Gachere_28062023_038_0-300x200.jpg 300w, https:\/\/leboisdelagachere.com\/wp-content\/uploads\/2023\/11\/La_Gachere_28062023_038_0-768x511.jpg 768w\" sizes=\"auto, (max-width: 1000px) 100vw, 1000px\" \/><\/figure><\/div>\n\n\n\n<div class=\"wp-block-column is-layout-flow wp-block-column-is-layout-flow\" style=\"flex-basis:33.62%\">\n<figure class=\"wp-block-image size-full\"><img loading=\"lazy\" decoding=\"async\" width=\"1000\" height=\"666\" src=\"https:\/\/leboisdelagachere.com\/wp-content\/uploads\/2023\/11\/La_Gachere_28062023_040_0.jpg\" alt=\"\" class=\"wp-image-7624\" style=\"aspect-ratio:3\/4;object-fit:cover\" srcset=\"https:\/\/leboisdelagachere.com\/wp-content\/uploads\/2023\/11\/La_Gachere_28062023_040_0.jpg 1000w, https:\/\/leboisdelagachere.com\/wp-content\/uploads\/2023\/11\/La_Gachere_28062023_040_0-300x200.jpg 300w, https:\/\/leboisdelagachere.com\/wp-content\/uploads\/2023\/11\/La_Gachere_28062023_040_0-768x511.jpg 768w\" sizes=\"auto, (max-width: 1000px) 100vw, 1000px\" \/><\/figure><\/div>\n<\/div>\n\n<figure class=\"wp-block-image aligncenter size-full is-resized\"><img decoding=\"async\" src=\"https:\/\/leboisdelagachere.com\/wp-content\/uploads\/2023\/11\/trait.png\" alt=\"\" class=\"wp-image-7498\" style=\"width:150px;height:auto\"\/><\/figure>\n<div class=\"wp-block-columns alignwide is-layout-flex wp-container-core-columns-is-layout-c24efe4f wp-block-columns-is-layout-flex\">\n<div class=\"wp-block-column is-layout-flow wp-block-column-is-layout-flow\" style=\"flex-basis:69%\">\n<figure class=\"wp-block-image size-full\"><img loading=\"lazy\" decoding=\"async\" width=\"1000\" height=\"666\" src=\"https:\/\/leboisdelagachere.com\/wp-content\/uploads\/2023\/11\/La_Gachere_28062023_095_0.jpg\" alt=\"campingplatz maeva in der Vend&#xE9;e mit animationen\" class=\"wp-image-7650\" srcset=\"https:\/\/leboisdelagachere.com\/wp-content\/uploads\/2023\/11\/La_Gachere_28062023_095_0.jpg 1000w, https:\/\/leboisdelagachere.com\/wp-content\/uploads\/2023\/11\/La_Gachere_28062023_095_0-300x200.jpg 300w, https:\/\/leboisdelagachere.com\/wp-content\/uploads\/2023\/11\/La_Gachere_28062023_095_0-768x511.jpg 768w\" sizes=\"auto, (max-width: 1000px) 100vw, 1000px\" \/><\/figure><\/div>\n\n\n\n<div class=\"wp-block-column is-vertically-aligned-center is-layout-flow wp-block-column-is-layout-flow\" style=\"flex-basis:33%\">\n<div style=\"height:2vw\" aria-hidden=\"true\" class=\"wp-block-spacer\"><\/div>\n\n\n\n<h2 class=\"wp-block-heading has-text-color has-link-color wp-elements-fd2c33c76ccdb70e1520ad940c558907\" style=\"color:#026678\">Die Animationen des Campingplatzes<\/h2>\n\n\n\n<p><strong> <img decoding=\"async\" class=\"wp-image-7384\" style=\"width: 30px;\" src=\"https:\/\/leboisdelagachere.com\/wp-content\/uploads\/2023\/11\/guilmet-ok-couleur.png\" alt=\"camping au coeur du bois\"\/>  Ein verlockendes Animationsprogramm!<\/strong><\/p>\n\n\n\n<p>Im Juli und August bietet der Campingplatz<strong> verschiedene Aktivit\u00e4ten und Animationen<\/strong> an; am Morgen k\u00f6nnen sich Ihre Kinder im Mizzy-Club mit Liedern, Choreographien, Ausmalen, Spielen und anderen Aktivit\u00e4ten vergn\u00fcgen.  <\/p>\n\n\n\n<p>Abends finden <strong>Themenessen<\/strong> statt, die vom Restaurant organisiert werden, <strong>Karaoke<\/strong>, <strong>Tanzabende<\/strong>, <strong>Lotto<\/strong> oder auch <strong>Musikgruppen<\/strong>.  <\/p>\n\n\n\n<p>Geselligkeit und Lachen sind angesagt!<\/p>\n<\/div>\n<\/div>\n\n<figure class=\"wp-block-image aligncenter size-full is-resized\"><img decoding=\"async\" src=\"https:\/\/leboisdelagachere.com\/wp-content\/uploads\/2023\/11\/trait.png\" alt=\"\" class=\"wp-image-7498\" style=\"width:150px;height:auto\"\/><\/figure><div class=\"wp-block-sev-diaporama alignfull\">\n\t\t\t<div id=\"sevgallery-3879330665\" class=\"sev-diaporama sev-diaporama-portfolio\">\n\n\t\t\t<div class=\"row\">\n\n\n\n\t\t\t\n\n\n\t\t\t\t\n\n\n\t\t\t\t<div class=\"sev-diaporama-portfolio-item col-12 col-sm  col-shrink\">\n\n\n\n\t\t\t\t\t\n\t\t\t\t\t\t\t\t\t\t<a href=\"https:\/\/leboisdelagachere.com\/wp-content\/uploads\/2023\/11\/La_Gachere_28062023_038_0-1.jpg\" data-lightbox=\"sevgallery-3879330665\" style=\"background-image: url(https:\/\/leboisdelagachere.com\/wp-content\/uploads\/2023\/11\/La_Gachere_28062023_038_0-1.jpg)\">\n\n\t\t\t\t\t\n\t\t\t\t\t\t<img decoding=\"async\" src=\"https:\/\/leboisdelagachere.com\/wp-content\/uploads\/2023\/11\/La_Gachere_28062023_038_0-1.jpg\" alt=\"aire de jeux du camping\" loading=\"lazy\">\n\n\t\t\t\t\t\n\t\t\t\t\t<\/a>\n\n\t\t\t\t\t\n\t\t\t\t<\/div>\n\n\n\n\t\t\t\t\n\n\n\t\t\t\t\n\t\t\t\t\n\t\t\t\n\n\n\t\t\t\t\n\n\n\t\t\t\t<div class=\"sev-diaporama-portfolio-item col-12 col-sm  col-shrink\">\n\n\n\n\t\t\t\t\t\n\t\t\t\t\t\t\t\t\t\t<a href=\"https:\/\/leboisdelagachere.com\/wp-content\/uploads\/2023\/11\/La_Gachere_28062023_039_0.jpg\" data-lightbox=\"sevgallery-3879330665\" style=\"background-image: url(https:\/\/leboisdelagachere.com\/wp-content\/uploads\/2023\/11\/La_Gachere_28062023_039_0.jpg)\">\n\n\t\t\t\t\t\n\t\t\t\t\t\t<img decoding=\"async\" src=\"https:\/\/leboisdelagachere.com\/wp-content\/uploads\/2023\/11\/La_Gachere_28062023_039_0.jpg\" alt=\"aire de jeux du camping en Vend\u00e9e\" loading=\"lazy\">\n\n\t\t\t\t\t\n\t\t\t\t\t<\/a>\n\n\t\t\t\t\t\n\t\t\t\t<\/div>\n\n\n\n\t\t\t\t\n\n\n\t\t\t\t\n\t\t\t\t\n\t\t\t\n\n\n\t\t\t\t\n\n\n\t\t\t\t<div class=\"sev-diaporama-portfolio-item col-12 col-sm  col-shrink\">\n\n\n\n\t\t\t\t\t\n\t\t\t\t\t\t\t\t\t\t<a href=\"https:\/\/leboisdelagachere.com\/wp-content\/uploads\/2023\/11\/La_Gachere_28062023_040_0-1.jpg\" data-lightbox=\"sevgallery-3879330665\" style=\"background-image: url(https:\/\/leboisdelagachere.com\/wp-content\/uploads\/2023\/11\/La_Gachere_28062023_040_0-1.jpg)\">\n\n\t\t\t\t\t\n\t\t\t\t\t\t<img decoding=\"async\" src=\"https:\/\/leboisdelagachere.com\/wp-content\/uploads\/2023\/11\/La_Gachere_28062023_040_0-1.jpg\" alt=\"espace fitness du camping\" loading=\"lazy\">\n\n\t\t\t\t\t\n\t\t\t\t\t<\/a>\n\n\t\t\t\t\t\n\t\t\t\t<\/div>\n\n\n\n\t\t\t\t\n\n\n\t\t\t\t\n\t\t\t\t\n\t\t\t\n\n\n\t\t\t\t\n\n\n\t\t\t\t<div class=\"sev-diaporama-portfolio-item col-12 col-sm \">\n\n\n\n\t\t\t\t\t\n\t\t\t\t\t\t\t\t\t\t<a href=\"https:\/\/leboisdelagachere.com\/wp-content\/uploads\/2023\/11\/La_Gachere_28062023_041_0.jpg\" data-lightbox=\"sevgallery-3879330665\" style=\"background-image: url(https:\/\/leboisdelagachere.com\/wp-content\/uploads\/2023\/11\/La_Gachere_28062023_041_0.jpg)\">\n\n\t\t\t\t\t\n\t\t\t\t\t\t<img decoding=\"async\" src=\"https:\/\/leboisdelagachere.com\/wp-content\/uploads\/2023\/11\/La_Gachere_28062023_041_0.jpg\" alt=\"espace fitness du camping\" loading=\"lazy\">\n\n\t\t\t\t\t\n\t\t\t\t\t<\/a>\n\n\t\t\t\t\t\n\t\t\t\t<\/div>\n\n\n\n\t\t\t\t\n\t\t\t\t\t<div class=\"w-100\"><\/div>\n\n\t\t\t\t\t\n\t\t\t\t\n\n\n\t\t\t\t\n\t\t\t\t\n\t\t\t\n\n\n\t\t\t\t\n\n\n\t\t\t\t<div class=\"sev-diaporama-portfolio-item col-12 col-sm  col-grow\">\n\n\n\n\t\t\t\t\t\n\t\t\t\t\t\t\t\t\t\t<a href=\"https:\/\/leboisdelagachere.com\/wp-content\/uploads\/2023\/11\/La_Gachere_28062023_045_0.jpg\" data-lightbox=\"sevgallery-3879330665\" style=\"background-image: url(https:\/\/leboisdelagachere.com\/wp-content\/uploads\/2023\/11\/La_Gachere_28062023_045_0.jpg)\">\n\n\t\t\t\t\t\n\t\t\t\t\t\t<img decoding=\"async\" src=\"https:\/\/leboisdelagachere.com\/wp-content\/uploads\/2023\/11\/La_Gachere_28062023_045_0.jpg\" alt=\"espace fitness du camping\" loading=\"lazy\">\n\n\t\t\t\t\t\n\t\t\t\t\t<\/a>\n\n\t\t\t\t\t\n\t\t\t\t<\/div>\n\n\n\n\t\t\t\t\n\n\n\t\t\t\t\n\t\t\t\t\n\t\t\t\n\n\n\t\t\t\t\n\n\n\t\t\t\t<div class=\"sev-diaporama-portfolio-item col-12 col-sm  col-shrink\">\n\n\n\n\t\t\t\t\t\n\t\t\t\t\t\t\t\t\t\t<a href=\"https:\/\/leboisdelagachere.com\/wp-content\/uploads\/2023\/11\/La_Gachere_28062023_046_0.jpg\" data-lightbox=\"sevgallery-3879330665\" style=\"background-image: url(https:\/\/leboisdelagachere.com\/wp-content\/uploads\/2023\/11\/La_Gachere_28062023_046_0.jpg)\">\n\n\t\t\t\t\t\n\t\t\t\t\t\t<img decoding=\"async\" src=\"https:\/\/leboisdelagachere.com\/wp-content\/uploads\/2023\/11\/La_Gachere_28062023_046_0.jpg\" alt=\"espace fitness du camping\" loading=\"lazy\">\n\n\t\t\t\t\t\n\t\t\t\t\t<\/a>\n\n\t\t\t\t\t\n\t\t\t\t<\/div>\n\n\n\n\t\t\t\t\n\n\n\t\t\t\t\n\t\t\t\t\n\t\t\t\n\n\n\t\t\t\t\n\n\n\t\t\t\t<div class=\"sev-diaporama-portfolio-item col-12 col-sm  col-grow\">\n\n\n\n\t\t\t\t\t\n\t\t\t\t\t\t\t\t\t\t<a href=\"https:\/\/leboisdelagachere.com\/wp-content\/uploads\/2023\/11\/La_Gachere_28062023_058_0-1.jpg\" data-lightbox=\"sevgallery-3879330665\" style=\"background-image: url(https:\/\/leboisdelagachere.com\/wp-content\/uploads\/2023\/11\/La_Gachere_28062023_058_0-1.jpg)\">\n\n\t\t\t\t\t\n\t\t\t\t\t\t<img decoding=\"async\" src=\"https:\/\/leboisdelagachere.com\/wp-content\/uploads\/2023\/11\/La_Gachere_28062023_058_0-1.jpg\" alt=\"salle de jeux au camping en Vend\u00e9e\" loading=\"lazy\">\n\n\t\t\t\t\t\n\t\t\t\t\t<\/a>\n\n\t\t\t\t\t\n\t\t\t\t<\/div>\n\n\n\n\t\t\t\t\n\n\n\t\t\t\t\n\t\t\t\t\n\t\t\t\n\n\n\t\t\t\t\n\n\n\t\t\t\t<div class=\"sev-diaporama-portfolio-item col-12 col-sm  col-grow\">\n\n\n\n\t\t\t\t\t\n\t\t\t\t\t\t\t\t\t\t<a href=\"https:\/\/leboisdelagachere.com\/wp-content\/uploads\/2023\/11\/La_Gachere_28062023_060_0.jpg\" data-lightbox=\"sevgallery-3879330665\" style=\"background-image: url(https:\/\/leboisdelagachere.com\/wp-content\/uploads\/2023\/11\/La_Gachere_28062023_060_0.jpg)\">\n\n\t\t\t\t\t\n\t\t\t\t\t\t<img decoding=\"async\" src=\"https:\/\/leboisdelagachere.com\/wp-content\/uploads\/2023\/11\/La_Gachere_28062023_060_0.jpg\" alt=\"salle de jeux au camping en Vend\u00e9e au Sables d&#039;Olonne\" loading=\"lazy\">\n\n\t\t\t\t\t\n\t\t\t\t\t<\/a>\n\n\t\t\t\t\t\n\t\t\t\t<\/div>\n\n\n\n\t\t\t\t\n\t\t\t\t\t<div class=\"w-100\"><\/div>\n\n\t\t\t\t\t\n\t\t\t\t\n\n\n\t\t\t\t\n\t\t\t\t\n\t\t\t\n\n\n\t\t\t\t\n\n\n\t\t\t\t<div class=\"sev-diaporama-portfolio-item col-12 col-sm  col-grow\">\n\n\n\n\t\t\t\t\t\n\t\t\t\t\t\t\t\t\t\t<a href=\"https:\/\/leboisdelagachere.com\/wp-content\/uploads\/2023\/11\/La_Gachere_28062023_062_0.jpg\" data-lightbox=\"sevgallery-3879330665\" style=\"background-image: url(https:\/\/leboisdelagachere.com\/wp-content\/uploads\/2023\/11\/La_Gachere_28062023_062_0.jpg)\">\n\n\t\t\t\t\t\n\t\t\t\t\t\t<img decoding=\"async\" src=\"https:\/\/leboisdelagachere.com\/wp-content\/uploads\/2023\/11\/La_Gachere_28062023_062_0.jpg\" alt=\"salle de jeux au camping en Vend\u00e9e au Sables d&#039;Olonne\" loading=\"lazy\">\n\n\t\t\t\t\t\n\t\t\t\t\t<\/a>\n\n\t\t\t\t\t\n\t\t\t\t<\/div>\n\n\n\n\t\t\t\t\n\n\n\t\t\t\t\n\t\t\t\t\n\t\t\t\n\n\n\t\t\t\t\n\n\n\t\t\t\t<div class=\"sev-diaporama-portfolio-item col-12 col-sm \">\n\n\n\n\t\t\t\t\t\n\t\t\t\t\t\t\t\t\t\t<a href=\"https:\/\/leboisdelagachere.com\/wp-content\/uploads\/2023\/11\/La_Gachere_28062023_064_0.jpg\" data-lightbox=\"sevgallery-3879330665\" style=\"background-image: url(https:\/\/leboisdelagachere.com\/wp-content\/uploads\/2023\/11\/La_Gachere_28062023_064_0.jpg)\">\n\n\t\t\t\t\t\n\t\t\t\t\t\t<img decoding=\"async\" src=\"https:\/\/leboisdelagachere.com\/wp-content\/uploads\/2023\/11\/La_Gachere_28062023_064_0.jpg\" alt=\"salle de jeux au camping en Vend\u00e9e au Sables d&#039;Olonne\" loading=\"lazy\">\n\n\t\t\t\t\t\n\t\t\t\t\t<\/a>\n\n\t\t\t\t\t\n\t\t\t\t<\/div>\n\n\n\n\t\t\t\t\n\n\n\t\t\t\t\n\t\t\t\t\n\t\t\t\n\n\n\t\t\t\t\n\n\n\t\t\t\t<div class=\"sev-diaporama-portfolio-item col-12 col-sm  col-grow\">\n\n\n\n\t\t\t\t\t\n\t\t\t\t\t\t\t\t\t\t<a href=\"https:\/\/leboisdelagachere.com\/wp-content\/uploads\/2023\/11\/La_Gachere_28062023_066_0.jpg\" data-lightbox=\"sevgallery-3879330665\" style=\"background-image: url(https:\/\/leboisdelagachere.com\/wp-content\/uploads\/2023\/11\/La_Gachere_28062023_066_0.jpg)\">\n\n\t\t\t\t\t\n\t\t\t\t\t\t<img decoding=\"async\" src=\"https:\/\/leboisdelagachere.com\/wp-content\/uploads\/2023\/11\/La_Gachere_28062023_066_0.jpg\" alt=\"aire de jeux au camping en Vend\u00e9e au Sables d&#039;Olonne\" loading=\"lazy\">\n\n\t\t\t\t\t\n\t\t\t\t\t<\/a>\n\n\t\t\t\t\t\n\t\t\t\t<\/div>\n\n\n\n\t\t\t\t\n\n\n\t\t\t\t\n\t\t\t\t\n\t\t\t\n\n\n\t\t\t\t\n\n\n\t\t\t\t<div class=\"sev-diaporama-portfolio-item col-12 col-sm  col-shrink\">\n\n\n\n\t\t\t\t\t\n\t\t\t\t\t\t\t\t\t\t<a href=\"https:\/\/leboisdelagachere.com\/wp-content\/uploads\/2023\/11\/La_Gachere_28062023_094_0.jpg\" data-lightbox=\"sevgallery-3879330665\" style=\"background-image: url(https:\/\/leboisdelagachere.com\/wp-content\/uploads\/2023\/11\/La_Gachere_28062023_094_0.jpg)\">\n\n\t\t\t\t\t\n\t\t\t\t\t\t<img decoding=\"async\" src=\"https:\/\/leboisdelagachere.com\/wp-content\/uploads\/2023\/11\/La_Gachere_28062023_094_0.jpg\" alt=\"club enfants du camping\" loading=\"lazy\">\n\n\t\t\t\t\t\n\t\t\t\t\t<\/a>\n\n\t\t\t\t\t\n\t\t\t\t<\/div>\n\n\n\n\t\t\t\t\n\t\t\t\t\t<div class=\"w-100\"><\/div>\n\n\t\t\t\t\t\n\t\t\t\t\n\n\n\t\t\t\t\n\t\t\t\t\n\t\t\t\n\n\n\t\t\t\t\n\n\n\t\t\t\t<div class=\"sev-diaporama-portfolio-item col-12 col-sm \">\n\n\n\n\t\t\t\t\t\n\t\t\t\t\t\t\t\t\t\t<a href=\"https:\/\/leboisdelagachere.com\/wp-content\/uploads\/2023\/11\/La_Gachere_28062023_095_0.jpg\" data-lightbox=\"sevgallery-3879330665\" style=\"background-image: url(https:\/\/leboisdelagachere.com\/wp-content\/uploads\/2023\/11\/La_Gachere_28062023_095_0.jpg)\">\n\n\t\t\t\t\t\n\t\t\t\t\t\t<img decoding=\"async\" src=\"https:\/\/leboisdelagachere.com\/wp-content\/uploads\/2023\/11\/La_Gachere_28062023_095_0.jpg\" alt=\"camping maeva en Vend\u00e9e avec animations\" loading=\"lazy\">\n\n\t\t\t\t\t\n\t\t\t\t\t<\/a>\n\n\t\t\t\t\t\n\t\t\t\t<\/div>\n\n\n\n\t\t\t\t\n\n\n\t\t\t\t\n\t\t\t\t\n\t\t\t\n\n\n\t\t\t\t\n\n\n\t\t\t\t<div class=\"sev-diaporama-portfolio-item col-12 col-sm  col-grow\">\n\n\n\n\t\t\t\t\t\n\t\t\t\t\t\t\t\t\t\t<a href=\"https:\/\/leboisdelagachere.com\/wp-content\/uploads\/2023\/11\/La_Gachere_28062023_097_0-1.jpg\" data-lightbox=\"sevgallery-3879330665\" style=\"background-image: url(https:\/\/leboisdelagachere.com\/wp-content\/uploads\/2023\/11\/La_Gachere_28062023_097_0-1.jpg)\">\n\n\t\t\t\t\t\n\t\t\t\t\t\t<img decoding=\"async\" src=\"https:\/\/leboisdelagachere.com\/wp-content\/uploads\/2023\/11\/La_Gachere_28062023_097_0-1.jpg\" alt=\"animations du camping en Vend\u00e9e\" loading=\"lazy\">\n\n\t\t\t\t\t\n\t\t\t\t\t<\/a>\n\n\t\t\t\t\t\n\t\t\t\t<\/div>\n\n\n\n\t\t\t\t\n\n\n\t\t\t\t\n\t\t\t\t\n\t\t\t\n\n\n\t\t\t\t\n\n\n\t\t\t\t<div class=\"sev-diaporama-portfolio-item col-12 col-sm  col-grow\">\n\n\n\n\t\t\t\t\t\n\t\t\t\t\t\t\t\t\t\t<a href=\"https:\/\/leboisdelagachere.com\/wp-content\/uploads\/2023\/11\/La_Gachere_28062023_098_0.jpg\" data-lightbox=\"sevgallery-3879330665\" style=\"background-image: url(https:\/\/leboisdelagachere.com\/wp-content\/uploads\/2023\/11\/La_Gachere_28062023_098_0.jpg)\">\n\n\t\t\t\t\t\n\t\t\t\t\t\t<img decoding=\"async\" src=\"https:\/\/leboisdelagachere.com\/wp-content\/uploads\/2023\/11\/La_Gachere_28062023_098_0.jpg\" alt=\"table de ping pong\" loading=\"lazy\">\n\n\t\t\t\t\t\n\t\t\t\t\t<\/a>\n\n\t\t\t\t\t\n\t\t\t\t<\/div>\n\n\n\n\t\t\t\t\n\n\n\t\t\t\t\n\t\t\t\t\n\t\t\t\n\n\n\t\t\t\t\n\n\n\t\t\t\t<div class=\"sev-diaporama-portfolio-item col-12 col-sm  col-grow\">\n\n\n\n\t\t\t\t\t\n\t\t\t\t\t\t\t\t\t\t<a href=\"https:\/\/leboisdelagachere.com\/wp-content\/uploads\/2023\/11\/La_Gachere_28062023_100_0.jpg\" data-lightbox=\"sevgallery-3879330665\" style=\"background-image: url(https:\/\/leboisdelagachere.com\/wp-content\/uploads\/2023\/11\/La_Gachere_28062023_100_0.jpg)\">\n\n\t\t\t\t\t\n\t\t\t\t\t\t<img decoding=\"async\" src=\"https:\/\/leboisdelagachere.com\/wp-content\/uploads\/2023\/11\/La_Gachere_28062023_100_0.jpg\" alt=\"terrain de jeux au camping maeva en Vend\u00e9e\" loading=\"lazy\">\n\n\t\t\t\t\t\n\t\t\t\t\t<\/a>\n\n\t\t\t\t\t\n\t\t\t\t<\/div>\n\n\n\n\t\t\t\t\n\t\t\t\t\t<div class=\"w-100\"><\/div>\n\n\t\t\t\t\t\n\t\t\t\t\n\n\n\t\t\t\t\n\t\t\t\t\n\t\t\t\n\n\n\t\t\t\t\n\n\n\t\t\t\t<div class=\"sev-diaporama-portfolio-item col-12 col-sm  col-grow\">\n\n\n\n\t\t\t\t\t\n\t\t\t\t\t\t\t\t\t\t<a href=\"https:\/\/leboisdelagachere.com\/wp-content\/uploads\/2023\/11\/La_Gachere_28062023_101_0.jpg\" data-lightbox=\"sevgallery-3879330665\" style=\"background-image: url(https:\/\/leboisdelagachere.com\/wp-content\/uploads\/2023\/11\/La_Gachere_28062023_101_0.jpg)\">\n\n\t\t\t\t\t\n\t\t\t\t\t\t<img decoding=\"async\" src=\"https:\/\/leboisdelagachere.com\/wp-content\/uploads\/2023\/11\/La_Gachere_28062023_101_0.jpg\" alt=\"animations au camping en Vend\u00e9e\" loading=\"lazy\">\n\n\t\t\t\t\t\n\t\t\t\t\t<\/a>\n\n\t\t\t\t\t\n\t\t\t\t<\/div>\n\n\n\n\t\t\t\t\n\n\n\t\t\t\t\n\t\t\t\t\n\t\t\t\n\n\n\t\t\t\t\n\n\n\t\t\t\t<div class=\"sev-diaporama-portfolio-item col-12 col-sm  col-grow\">\n\n\n\n\t\t\t\t\t\n\t\t\t\t\t\t\t\t\t\t<a href=\"https:\/\/leboisdelagachere.com\/wp-content\/uploads\/2023\/11\/La_Gachere_28062023_102_0.jpg\" data-lightbox=\"sevgallery-3879330665\" style=\"background-image: url(https:\/\/leboisdelagachere.com\/wp-content\/uploads\/2023\/11\/La_Gachere_28062023_102_0.jpg)\">\n\n\t\t\t\t\t\n\t\t\t\t\t\t<img decoding=\"async\" src=\"https:\/\/leboisdelagachere.com\/wp-content\/uploads\/2023\/11\/La_Gachere_28062023_102_0.jpg\" alt=\"terrain de jeux multisport camping VEND\u00e9e\" loading=\"lazy\">\n\n\t\t\t\t\t\n\t\t\t\t\t<\/a>\n\n\t\t\t\t\t\n\t\t\t\t<\/div>\n\n\n\n\t\t\t\t\n\n\n\t\t\t\t\n\t\t\t\t\n\t\t\t\n\t\t\t<\/div>\n\n\t\t\t<\/div>\n\n\n\n\t\t\t<script>\n\n\t\t\tjQuery(function($) {\n\n\n\n\t\t\t\tvar marginPortfolio = function() {\n\n\n\n\t\t\t\t\tvar $diapo          = $('#sevgallery-3879330665');\n\n\t\t\t\t\tvar container_width = $diapo.parent().outerWidth();\n\n\t\t\t\t\tvar side            = ( $(window).innerWidth() - container_width ) \/ 2;\n\n\n\n\t\t\t\t\t$diapo.css( {\n\n\t\t\t\t\t\t'margin-left': '-' + side + 'px',\n\n\t\t\t\t\t\t'margin-right': '-' + side + 'px',\n\n\t\t\t\t\t} );\n\n\t\t\t\t};\n\n\n\n\t\t\t\t$( window ).resize( function() {\n\n\t\t\t\t\tmarginPortfolio();\n\n\t\t\t\t} );\n\n\t\t\t\tmarginPortfolio();\n\n\t\t\t});\n\n\t\t\t<\/script>\n\n\t\t\t<\/div>","protected":false},"excerpt":{"rendered":"<p>Aktivit\u00e4ten &amp; Unterhaltung Freizeitgestaltung auf dem Campingplatz Freizeit, Sport und Erholung f\u00fcr die ganze Familie auf dem Campingplatz**** Le Bois de La Gach\u00e8re. Kommen Sie und genie\u00dfen Sie die zahlreichen Aktivit\u00e4ten, die auf dem Campingplatz angeboten werden: Aktivit\u00e4ten f\u00fcr die ganze Familie f\u00fcr Momente gro\u00dfer Geselligkeit und guter Laune. Die Animationen des Campingplatzes Ein verlockendes [&hellip;]<\/p>\n","protected":false},"author":3,"featured_media":0,"parent":0,"menu_order":0,"comment_status":"closed","ping_status":"closed","template":"","meta":{"_seopress_robots_primary_cat":"","_seopress_titles_title":"Aktivit\u00e4ten & Animationen auf dem 4-Sterne-Campingplatz Familial  ","_seopress_titles_desc":"Aktivit\u00e4ten und Freizeitangebote auf dem Campingplatz Le Bois de La Gach\u00e8re in Les Sables d'Olonne. Freizeit, Sport und Erholung f\u00fcr die ganze Familie auf Camping****.","_seopress_robots_index":"","footnotes":""},"class_list":["post-9305","page","type-page","status-publish","hentry"],"_links":{"self":[{"href":"https:\/\/leboisdelagachere.com\/de\/wp-json\/wp\/v2\/pages\/9305","targetHints":{"allow":["GET"]}}],"collection":[{"href":"https:\/\/leboisdelagachere.com\/de\/wp-json\/wp\/v2\/pages"}],"about":[{"href":"https:\/\/leboisdelagachere.com\/de\/wp-json\/wp\/v2\/types\/page"}],"author":[{"embeddable":true,"href":"https:\/\/leboisdelagachere.com\/de\/wp-json\/wp\/v2\/users\/3"}],"replies":[{"embeddable":true,"href":"https:\/\/leboisdelagachere.com\/de\/wp-json\/wp\/v2\/comments?post=9305"}],"version-history":[{"count":1,"href":"https:\/\/leboisdelagachere.com\/de\/wp-json\/wp\/v2\/pages\/9305\/revisions"}],"predecessor-version":[{"id":9323,"href":"https:\/\/leboisdelagachere.com\/de\/wp-json\/wp\/v2\/pages\/9305\/revisions\/9323"}],"wp:attachment":[{"href":"https:\/\/leboisdelagachere.com\/de\/wp-json\/wp\/v2\/media?parent=9305"}],"curies":[{"name":"wp","href":"https:\/\/api.w.org\/{rel}","templated":true}]}}