{"id":9307,"date":"2023-11-15T12:31:44","date_gmt":"2023-11-15T11:31:44","guid":{"rendered":"https:\/\/dev.leboisdelagachere.com\/sich-unterhalten\/"},"modified":"2023-12-15T10:49:11","modified_gmt":"2023-12-15T09:49:11","slug":"sich-unterhalten","status":"publish","type":"page","link":"https:\/\/leboisdelagachere.com\/de\/sich-unterhalten\/","title":{"rendered":"Sich unterhalten"},"content":{"rendered":"\n<h1 class=\"wp-block-heading\">Sich unterhalten<\/h1>\n\n<h2 class=\"wp-block-heading has-text-color has-link-color wp-elements-0f2560cb9c3a9f655fcaea46979cbc80\" style=\"color:#026678\">Entdecken Sie die Aktivit\u00e4ten, die Sie in der N\u00e4he des Campingplatzes in der Vend\u00e9e unternehmen k\u00f6nnen<\/h2>\n\n<div class=\"wp-block-columns alignwide is-layout-flex wp-container-core-columns-is-layout-a54e0cfc wp-block-columns-is-layout-flex\" style=\"padding-top:var(--wp--preset--spacing--60);padding-bottom:var(--wp--preset--spacing--60)\">\n<div class=\"wp-block-column is-layout-flow wp-block-column-is-layout-flow\">\n<div class=\"wp-block-sev-encart\"><a href=\"https:\/\/leboisdelagachere.com\/de\/die-surfschule\/\"><img decoding=\"async\" src=\"https:\/\/leboisdelagachere.com\/wp-content\/uploads\/2023\/11\/Surf_Olonne-sur-Mer_Les-Sables-dOlonne-31.jpg\" alt=\"\"><div class=\"wp-block-sev-encart-content\"><div class=\"wp-block-sev-encart-label\">Die Surfschule<\/div><\/div><div class=\"wp-block-sev-encart-btn\">Entdecken Sie<\/div><\/a><\/div>\n<\/div>\n\n\n\n<div class=\"wp-block-column is-layout-flow wp-block-column-is-layout-flow\">\n<div class=\"wp-block-sev-encart\"><a href=\"https:\/\/leboisdelagachere.com\/de\/freizeitparks\/\"><img decoding=\"async\" src=\"https:\/\/leboisdelagachere.com\/wp-content\/uploads\/2023\/11\/zoo-des-sables-IMG_4112.jpg\" alt=\"\"><div class=\"wp-block-sev-encart-content\"><div class=\"wp-block-sev-encart-label\">Freizeitparks<\/div><\/div><div class=\"wp-block-sev-encart-btn\">Entdecken Sie<\/div><\/a><\/div>\n<\/div>\n\n\n\n<div class=\"wp-block-column is-layout-flow wp-block-column-is-layout-flow\">\n<div class=\"wp-block-sev-encart\"><a href=\"https:\/\/leboisdelagachere.com\/de\/puy-du-fou\/\"><img decoding=\"async\" src=\"https:\/\/leboisdelagachere.com\/wp-content\/uploads\/2023\/11\/Le-Signe-du-Triomphe-spectacle-puydufou-cirque.jpg\" alt=\"\"><div class=\"wp-block-sev-encart-content\"><div class=\"wp-block-sev-encart-label\">Puy du Fou<\/div><\/div><div class=\"wp-block-sev-encart-btn\">Entdecken Sie<\/div><\/a><\/div>\n<\/div>\n<\/div>\n","protected":false},"excerpt":{"rendered":"<p>Sich unterhalten Entdecken Sie die Aktivit\u00e4ten, die Sie in der N\u00e4he des Campingplatzes in der Vend\u00e9e unternehmen k\u00f6nnen<\/p>\n","protected":false},"author":3,"featured_media":0,"parent":0,"menu_order":0,"comment_status":"closed","ping_status":"closed","template":"","meta":{"_seopress_robots_primary_cat":"","_seopress_titles_title":"Freizeitparks und Aktivit\u00e4ten in der N\u00e4he des Campingplatzes in der Vend\u00e9e","_seopress_titles_desc":"Entdecken Sie w\u00e4hrend Ihres Campingurlaubs die besten Aktivit\u00e4ten, die Sie in der Vend\u00e9e unternehmen k\u00f6nnen. Entdecken Sie das Surfen, besuchen Sie den Zoo, den Puy du Fou...  ","_seopress_robots_index":"","footnotes":""},"class_list":["post-9307","page","type-page","status-publish","hentry"],"_links":{"self":[{"href":"https:\/\/leboisdelagachere.com\/de\/wp-json\/wp\/v2\/pages\/9307","targetHints":{"allow":["GET"]}}],"collection":[{"href":"https:\/\/leboisdelagachere.com\/de\/wp-json\/wp\/v2\/pages"}],"about":[{"href":"https:\/\/leboisdelagachere.com\/de\/wp-json\/wp\/v2\/types\/page"}],"author":[{"embeddable":true,"href":"https:\/\/leboisdelagachere.com\/de\/wp-json\/wp\/v2\/users\/3"}],"replies":[{"embeddable":true,"href":"https:\/\/leboisdelagachere.com\/de\/wp-json\/wp\/v2\/comments?post=9307"}],"version-history":[{"count":1,"href":"https:\/\/leboisdelagachere.com\/de\/wp-json\/wp\/v2\/pages\/9307\/revisions"}],"predecessor-version":[{"id":9326,"href":"https:\/\/leboisdelagachere.com\/de\/wp-json\/wp\/v2\/pages\/9307\/revisions\/9326"}],"wp:attachment":[{"href":"https:\/\/leboisdelagachere.com\/de\/wp-json\/wp\/v2\/media?parent=9307"}],"curies":[{"name":"wp","href":"https:\/\/api.w.org\/{rel}","templated":true}]}}