{"id":9433,"date":"2023-11-09T11:34:54","date_gmt":"2023-11-09T10:34:54","guid":{"rendered":"https:\/\/dev.leboisdelagachere.com\/rechtliche-hinweise\/"},"modified":"2023-12-15T14:52:08","modified_gmt":"2023-12-15T13:52:08","slug":"rechtliche-hinweise","status":"publish","type":"page","link":"https:\/\/leboisdelagachere.com\/de\/rechtliche-hinweise\/","title":{"rendered":"Rechtliche Hinweise"},"content":{"rendered":"\n<h1 class=\"wp-block-heading\">Rechtliche Hinweise<\/h1>\n\n<div class=\"wp-block-columns is-layout-flex wp-container-core-columns-is-layout-28f84493 wp-block-columns-is-layout-flex\">\n<div class=\"wp-block-column is-layout-flow wp-block-column-is-layout-flow\">\n<h2 class=\"wp-block-heading\">Wer sind wir?<\/h2>\n\n\n\n<h3 class=\"wp-block-heading\">Herausgeber<\/h3>\n\n\n\n<p>GMBH CAMPING LE BOIS DE LA GACHERE<\/p>\n\n\n\n<p>45327358300014<br\/>Hauptsitz: 1 Route de la Gach\u00e8re 85340 Les Sables d&#8217;Olonne<br\/>Telefon-Nr.: +33 (0)2 51 22 65 82<br\/>E-Mail: contact@leboisdelagachere.com<br\/>Leiter der Ver\u00f6ffentlichung<br\/>Herr Doucoure<\/p>\n<\/div>\n\n\n\n<div class=\"wp-block-column is-layout-flow wp-block-column-is-layout-flow\">\n<h2 class=\"wp-block-heading\">Technische &amp; grafische Umsetzung :<\/h2>\n\n\n\n<p>SEV \/ West-Kommunikation.com<br\/>123, bd Louis Blanc<br\/>85000 La Roche sur Yon<br\/>Tel. : 02 51 20 30 40<br\/>E-Mail: contact@ouest-communication.com<br\/>Website: https:\/\/www.ouest-communication.com\/<\/p>\n\n\n\n<h2 class=\"wp-block-heading\">Hosting der Website :<\/h2>\n\n\n\n<p>OVH<br\/>2 rue Kellermann<br\/>59100 Roubaix<\/p>\n<\/div>\n<\/div>\n\n<h2 class=\"wp-block-heading\">Verwendung der gesammelten pers\u00f6nlichen Daten<\/h2>\n\n<p>Ihre pers\u00f6nlichen Daten werden ausschlie\u00dflich im Rahmen der Gesch\u00e4ftsbeziehung zwischen Ihnen und dem Herausgeber &#8222;SARL CAMPING LE BOIS DE LA GACHERE&#8220; verwendet. Sofern Sie nicht ausdr\u00fccklich zugestimmt haben, werden Ihre Daten nicht an Dritte weitergegeben.<\/p>\n\n<h3 class=\"wp-block-heading\">Kontaktformulare<\/h3>\n\n<p>Die durch die Formulare gesammelten Informationen werden in einer computergest\u00fctzten Datei im Rahmen einer Informationsanfrage und der sich daraus m\u00f6glicherweise ergebenden Gesch\u00e4ftsbeziehung gespeichert. Sie k\u00f6nnen ein Recht auf Zugang zu Ihren pers\u00f6nlichen Daten aus\u00fcben, indem Sie das daf\u00fcr vorgesehene Formular verwenden.<\/p>\n\n<h3 class=\"wp-block-heading\">Cookies<\/h3>\n\n<p>Wenn Sie einen Kommentar auf unserer Website abgeben, wird Ihnen angeboten, Ihren Namen, Ihre E-Mail-Adresse und Ihre Website in Cookies zu speichern. Dies dient lediglich Ihrer Bequemlichkeit, damit Sie diese Informationen nicht eingeben m\u00fcssen, wenn Sie sp\u00e4ter einen weiteren Kommentar abgeben. Diese Cookies laufen nach einem Jahr ab.<\/p>\n\n<p>Wenn Sie ein Konto haben und sich auf dieser Website anmelden, wird ein tempor\u00e4res Cookie erstellt, um festzustellen, ob Ihr Browser Cookies akzeptiert. Sie enth\u00e4lt keine pers\u00f6nlichen Daten und wird automatisch gel\u00f6scht, wenn Sie Ihren Browser schlie\u00dfen.<\/p>\n\n<p>Zu statistischen Zwecken verwendet diese Website Cookies, deren Zweck es ist, Informationen \u00fcber die von Ihnen besuchten Seiten zu sammeln. Sie speichern insbesondere anonyme Informationen, vor allem \u00fcber Ihre geografische Position, Ihren Browser usw.<\/p>\n\n<h3 class=\"wp-block-heading\">Medien<\/h3>\n\n<p>Wenn Sie ein registrierter Nutzer oder eine registrierte Nutzerin sind und Bilder auf die Website hochladen, empfehlen wir Ihnen, keine Bilder hochzuladen, die EXIF-Daten von GPS-Koordinaten enthalten. Die Besucher Ihrer Website k\u00f6nnen Standortdaten aus diesen Bildern herunterladen und extrahieren.<\/p>\n\n<h3 class=\"wp-block-heading\">Von anderen Seiten eingebettete Inhalte<\/h3>\n\n<p>Die Artikel auf dieser Website k\u00f6nnen eingebettete Inhalte enthalten (z. B. Videos, Bilder, Artikel &#8230;). Inhalte, die von anderen Websites eingebunden werden, verhalten sich genauso, als w\u00fcrde der Besucher diese andere Website besuchen.<\/p>\n\n<p>Diese Websites k\u00f6nnten Daten \u00fcber Sie sammeln, Cookies verwenden, Tracking-Tools von Drittanbietern einbetten, Ihre Interaktionen mit diesen eingebetteten Inhalten verfolgen, wenn Sie ein eingeloggtes Konto auf ihrer Website haben.<\/p>\n\n<h2 class=\"wp-block-heading\">Speicherfristen f\u00fcr Ihre Daten<\/h2>\n\n<p>Wenn Sie einen Kommentar hinterlassen, werden der Kommentar und seine Metadaten auf unbestimmte Zeit gespeichert. Dadurch werden nachfolgende Kommentare automatisch erkannt und genehmigt, anstatt sie in der Moderationswarteschlange zu belassen.<\/p>\n\n<p>F\u00fcr Nutzerinnen und Nutzer, die sich auf unserer Seite registrieren (sofern dies m\u00f6glich ist), speichern wir auch die in ihrem Profil angegebenen pers\u00f6nlichen Daten. Alle Nutzerinnen und Nutzer k\u00f6nnen ihre pers\u00f6nlichen Informationen (mit Ausnahme ihres Benutzernamens) jederzeit einsehen, \u00e4ndern oder l\u00f6schen. Auch die Verwalter der Website k\u00f6nnen diese Informationen einsehen und \u00e4ndern.<\/p>\n\n<h2 class=\"wp-block-heading\">Die Rechte, die Sie \u00fcber Ihre Daten haben<\/h2>\n\n<p>Wenn Sie ein Konto haben oder Kommentare auf der Website hinterlassen haben, k\u00f6nnen Sie eine Datei anfordern, die alle personenbezogenen Daten enth\u00e4lt, die wir \u00fcber Sie haben, einschlie\u00dflich der Daten, die Sie uns zur Verf\u00fcgung gestellt haben. Sie k\u00f6nnen auch die L\u00f6schung Ihrer personenbezogenen Daten verlangen. Dies gilt nicht f\u00fcr Daten, die f\u00fcr administrative, rechtliche oder Sicherheitszwecke gespeichert werden.<\/p>\n\n<h2 class=\"wp-block-heading\">Bildnachweise  <\/h2>\n\n<p>Roland OZIEL Nachdruck und Ver\u00f6ffentlichung mit Genehmigung gestattet.<br\/>\u00a9simonbourcier.com<br\/>A. Lamoureux\/Vend\u00e9e Expansion &#8211; Rechte vorbehalten &#8211; www.vendee-tourisme.com \/ Jede Vervielf\u00e4ltigung oder Ver\u00f6ffentlichung ist untersagt.<br\/>Julien Gazeau\/Vend\u00e9e Expansion<\/p>\n","protected":false},"excerpt":{"rendered":"<p>Rechtliche Hinweise Wer sind wir? Herausgeber GMBH CAMPING LE BOIS DE LA GACHERE 45327358300014Hauptsitz: 1 Route de la Gach\u00e8re 85340 Les Sables d&#8217;OlonneTelefon-Nr.: +33 (0)2 51 22 65 82E-Mail: contact@leboisdelagachere.comLeiter der Ver\u00f6ffentlichungHerr Doucoure Technische &amp; grafische Umsetzung : SEV \/ West-Kommunikation.com123, bd Louis Blanc85000 La Roche sur YonTel. : 02 51 20 30 40E-Mail: contact@ouest-communication.comWebsite: [&hellip;]<\/p>\n","protected":false},"author":3,"featured_media":0,"parent":0,"menu_order":0,"comment_status":"closed","ping_status":"closed","template":"","meta":{"_seopress_robots_primary_cat":"","_seopress_titles_title":"Rechtliche Hinweise - Camping Le Bois de La Gach\u00e8re","_seopress_titles_desc":"Rechtliche Hinweise des Campingplatzes le Bois de la Gach\u00e8re, der im Herzen des Waldes von Sables d'Olonne und in der N\u00e4he der Str\u00e4nde liegt.  ","_seopress_robots_index":"","footnotes":""},"class_list":["post-9433","page","type-page","status-publish","hentry"],"_links":{"self":[{"href":"https:\/\/leboisdelagachere.com\/de\/wp-json\/wp\/v2\/pages\/9433","targetHints":{"allow":["GET"]}}],"collection":[{"href":"https:\/\/leboisdelagachere.com\/de\/wp-json\/wp\/v2\/pages"}],"about":[{"href":"https:\/\/leboisdelagachere.com\/de\/wp-json\/wp\/v2\/types\/page"}],"author":[{"embeddable":true,"href":"https:\/\/leboisdelagachere.com\/de\/wp-json\/wp\/v2\/users\/3"}],"replies":[{"embeddable":true,"href":"https:\/\/leboisdelagachere.com\/de\/wp-json\/wp\/v2\/comments?post=9433"}],"version-history":[{"count":1,"href":"https:\/\/leboisdelagachere.com\/de\/wp-json\/wp\/v2\/pages\/9433\/revisions"}],"predecessor-version":[{"id":9435,"href":"https:\/\/leboisdelagachere.com\/de\/wp-json\/wp\/v2\/pages\/9433\/revisions\/9435"}],"wp:attachment":[{"href":"https:\/\/leboisdelagachere.com\/de\/wp-json\/wp\/v2\/media?parent=9433"}],"curies":[{"name":"wp","href":"https:\/\/api.w.org\/{rel}","templated":true}]}}