{"id":9030,"date":"2023-11-21T15:55:54","date_gmt":"2023-11-21T14:55:54","guid":{"rendered":"https:\/\/dev.leboisdelagachere.com\/a-remarkable-day-at-le-veillon\/"},"modified":"2023-12-15T16:07:16","modified_gmt":"2023-12-15T15:07:16","slug":"a-remarkable-day-at-le-veillon","status":"publish","type":"page","link":"https:\/\/leboisdelagachere.com\/en\/carnet-de-vacances\/a-remarkable-day-at-le-veillon\/","title":{"rendered":"A remarkable day at Le Veillon"},"content":{"rendered":"\n<h1 class=\"wp-block-heading\">A remarkable day at Le Veillon<\/h1>\n\n\n\n<h2 class=\"wp-block-heading has-text-color has-link-color wp-elements-0b04ebb111bfd426394a1a8c7fc35fc8\" style=\"color:#026678\">Are you ready to be amazed?<\/h2>\n\n\n\n<p><em>Duration: 1 day <\/em><\/p>\n\n\n\n<div class=\"wp-block-media-text alignfull has-media-on-the-right is-stacked-on-mobile is-vertically-aligned-center is-style-default\" style=\"padding-right:5%;padding-left:5%;grid-template-columns:auto 56%\"><div class=\"wp-block-media-text__content\">\n<p>Are you ready to discover an unsuspected place where forest and ocean are one?<br>Follow us, but be prepared to <strong>fall under the spell of this unique setting<\/strong>.<br>For this experience, we&#8217;re going to quench your thirst for discovery.<br>I have no doubt that you will enjoy this experience.<br>For several years now, this spot has been voted<strong> &#8220;most beautiful beach in Vend\u00e9e&#8221;<\/strong>.<br>Have I aroused your curiosity?<br><br>If you have a long drive, we recommend an early start. This way, you can avoid traffic jams and enjoy the area in peace and quiet.<br>This well-known spot attracts many holidaymakers (which doesn&#8217;t detract from its charm).<br>There are two parking lots on site. One is paid, the other is free. But you can also park a little further away, on the avenue de la plage, and walk along the forest to the water&#8217;s edge.<\/p>\n<\/div><figure class=\"wp-block-media-text__media\"><img loading=\"lazy\" decoding=\"async\" width=\"1000\" height=\"751\" src=\"https:\/\/leboisdelagachere.com\/wp-content\/uploads\/2023\/11\/Photo-du-veillon-P1310977.jpg\" alt=\"visit to the Veillon site\" class=\"wp-image-7988 size-full\" srcset=\"https:\/\/leboisdelagachere.com\/wp-content\/uploads\/2023\/11\/Photo-du-veillon-P1310977.jpg 1000w, https:\/\/leboisdelagachere.com\/wp-content\/uploads\/2023\/11\/Photo-du-veillon-P1310977-300x225.jpg 300w, https:\/\/leboisdelagachere.com\/wp-content\/uploads\/2023\/11\/Photo-du-veillon-P1310977-768x577.jpg 768w\" sizes=\"auto, (max-width: 1000px) 100vw, 1000px\" \/><\/figure><\/div>\n\n\n\n<div class=\"wp-block-columns alignwide are-vertically-aligned-center is-layout-flex wp-container-core-columns-is-layout-7cca1c40 wp-block-columns-is-layout-flex\" style=\"padding-top:var(--wp--preset--spacing--60);padding-bottom:var(--wp--preset--spacing--60)\">\n<div class=\"wp-block-column is-vertically-aligned-center is-layout-flow wp-block-column-is-layout-flow\" style=\"flex-basis:33.62%\">\n<figure class=\"wp-block-image size-full is-resized\"><img loading=\"lazy\" decoding=\"async\" width=\"1000\" height=\"560\" src=\"https:\/\/leboisdelagachere.com\/wp-content\/uploads\/2023\/11\/le-veillon-talmont-saint-hilaire-photo-aerienne-8.jpg\" alt=\"veillon site\" class=\"wp-image-7989\" style=\"aspect-ratio:0.75;object-fit:cover;width:382px;height:auto\" srcset=\"https:\/\/leboisdelagachere.com\/wp-content\/uploads\/2023\/11\/le-veillon-talmont-saint-hilaire-photo-aerienne-8.jpg 1000w, https:\/\/leboisdelagachere.com\/wp-content\/uploads\/2023\/11\/le-veillon-talmont-saint-hilaire-photo-aerienne-8-300x168.jpg 300w, https:\/\/leboisdelagachere.com\/wp-content\/uploads\/2023\/11\/le-veillon-talmont-saint-hilaire-photo-aerienne-8-768x430.jpg 768w\" sizes=\"auto, (max-width: 1000px) 100vw, 1000px\" \/><\/figure>\n<\/div>\n\n\n\n<div class=\"wp-block-column is-vertically-aligned-center is-layout-flow wp-block-column-is-layout-flow\" style=\"flex-basis:33%\">\n<div style=\"height:55px\" aria-hidden=\"true\" class=\"wp-block-spacer\"><\/div>\n\n\n\n<figure class=\"wp-block-image size-full is-resized\"><img loading=\"lazy\" decoding=\"async\" width=\"1000\" height=\"751\" src=\"https:\/\/leboisdelagachere.com\/wp-content\/uploads\/2023\/11\/Photo-plage-du-veillon-P1320230.jpg\" alt=\"discover veillon beach\" class=\"wp-image-7990\" style=\"aspect-ratio:0.75;object-fit:cover;width:375px;height:auto\" srcset=\"https:\/\/leboisdelagachere.com\/wp-content\/uploads\/2023\/11\/Photo-plage-du-veillon-P1320230.jpg 1000w, https:\/\/leboisdelagachere.com\/wp-content\/uploads\/2023\/11\/Photo-plage-du-veillon-P1320230-300x225.jpg 300w, https:\/\/leboisdelagachere.com\/wp-content\/uploads\/2023\/11\/Photo-plage-du-veillon-P1320230-768x577.jpg 768w\" sizes=\"auto, (max-width: 1000px) 100vw, 1000px\" \/><\/figure>\n<\/div>\n\n\n\n<div class=\"wp-block-column is-vertically-aligned-center is-layout-flow wp-block-column-is-layout-flow\" style=\"flex-basis:33.38%\">\n<div class=\"wp-block-group has-border-color is-layout-constrained wp-container-core-group-is-layout-db32e940 wp-block-group-is-layout-constrained\" style=\"border-color:#026678;border-width:3px;padding-top:var(--wp--preset--spacing--60);padding-right:var(--wp--preset--spacing--60);padding-bottom:var(--wp--preset--spacing--60);padding-left:var(--wp--preset--spacing--60)\">\n<p>To make sure that your day goes as smoothly as possible, there are a few things you need to bring along:<\/p>\n\n\n\n<ul class=\"wp-block-list\">\n<li>your bathing suit (&amp; beach kit: it would be a shame not to take advantage of the quality of the water at Le Veillon beach)<\/li>\n\n\n\n<li>a good pair of shoes (yes, you&#8217;ll be doing some walking) &amp; flip-flops (more practical for walking in the sand)<\/li>\n\n\n\n<li>a bottle of water (remember to stay hydrated in hot weather)<\/li>\n\n\n\n<li>a picnic with all the food you love to eat (enough to treat yourself after the walk we&#8217;ve planned for you)<\/li>\n<\/ul>\n<\/div>\n<\/div>\n<\/div>\n\n\n\n<div class=\"wp-block-group alignfull has-white-color has-text-color has-background has-link-color wp-elements-ea7111655ef504725cae7266257d9737 is-layout-constrained wp-container-core-group-is-layout-c6787eed wp-block-group-is-layout-constrained\" style=\"background-color:#026678;padding-top:var(--wp--preset--spacing--60);padding-right:0;padding-bottom:var(--wp--preset--spacing--60);padding-left:0\">\n<div class=\"wp-block-media-text alignfull has-media-on-the-right is-stacked-on-mobile\" style=\"padding-right:10%;padding-left:10%\"><div class=\"wp-block-media-text__content\">\n<p>Once you&#8217;re properly equipped, you can set off in the direction of<strong> Plage du Veillon<\/strong>.<br>The <a href=\"https:\/\/leboisdelagachere.com\/en\/\" data-type=\"page\" data-id=\"2\">Bois de La Gach\u00e8re campsite<\/a> is a 35-minute drive from this little corner of Paradise. Don&#8217;t worry, those miles are well worth the effort. All the more so as the road runs alongside the <a href=\"https:\/\/leboisdelagachere.com\/en\/carnet-de-vacances\/salt-marshes\/\" data-type=\"page\" data-id=\"8056\">salt marshes of the Ile d&#8217;Olonne<\/a>. If you&#8217;re a passenger, keep your eyes peeled for rare bird species.<\/p>\n\n\n\n<p>Once there, you&#8217;ll be treated to a breathtaking spectacle. The ocean as far as the eye can see, blending into the blue of the sky. Stretches of sand jutting out into the ocean. And then, these islets, covered in pine trees, create a magnificent forest. This natural space is an invitation to relax.<\/p>\n<\/div><figure class=\"wp-block-media-text__media\"><img loading=\"lazy\" decoding=\"async\" width=\"1000\" height=\"751\" src=\"https:\/\/leboisdelagachere.com\/wp-content\/uploads\/2023\/11\/Photo-pointe-du-payre-P1320178.jpg\" alt=\"vendean landscape of la guittiere\" class=\"wp-image-7991 size-full\" srcset=\"https:\/\/leboisdelagachere.com\/wp-content\/uploads\/2023\/11\/Photo-pointe-du-payre-P1320178.jpg 1000w, https:\/\/leboisdelagachere.com\/wp-content\/uploads\/2023\/11\/Photo-pointe-du-payre-P1320178-300x225.jpg 300w, https:\/\/leboisdelagachere.com\/wp-content\/uploads\/2023\/11\/Photo-pointe-du-payre-P1320178-768x577.jpg 768w\" sizes=\"auto, (max-width: 1000px) 100vw, 1000px\" \/><\/figure><\/div>\n<\/div>\n\n\n\n<div class=\"wp-block-media-text alignfull is-stacked-on-mobile\" style=\"padding-top:var(--wp--preset--spacing--60);padding-right:10%;padding-bottom:var(--wp--preset--spacing--60);padding-left:10%\"><figure class=\"wp-block-media-text__media\"><img loading=\"lazy\" decoding=\"async\" width=\"1000\" height=\"667\" src=\"https:\/\/leboisdelagachere.com\/wp-content\/uploads\/2023\/11\/La-guittiere-le-veillon-IMG_2373.jpg\" alt=\"visit to the port of la guittiere\" class=\"wp-image-7992 size-full\" srcset=\"https:\/\/leboisdelagachere.com\/wp-content\/uploads\/2023\/11\/La-guittiere-le-veillon-IMG_2373.jpg 1000w, https:\/\/leboisdelagachere.com\/wp-content\/uploads\/2023\/11\/La-guittiere-le-veillon-IMG_2373-300x200.jpg 300w, https:\/\/leboisdelagachere.com\/wp-content\/uploads\/2023\/11\/La-guittiere-le-veillon-IMG_2373-768x512.jpg 768w\" sizes=\"auto, (max-width: 1000px) 100vw, 1000px\" \/><\/figure><div class=\"wp-block-media-text__content\">\n<h2 class=\"wp-block-heading has-text-color has-link-color wp-elements-7a59d3544322f028c3354ad5b8a5a684\" style=\"color:#026678\">To get a closer look at this natural area, we&#8217;ve booked you a short walk.<\/h2>\n\n\n\n<p>Follow the path into the pine forest (the entrance is at the parking lot). The path is signposted and takes you straight to La <strong>Guitti\u00e8re<\/strong>.<br>This small <strong>oyster-farming port with its authentic charm <\/strong>is the perfect place to relax and enjoy delicious freshly-caught seafood, with a breathtaking view over the channel.<br>Choose from oysters, clams, shrimps or langoustines, all accompanied by a delicious glass of white wine.<br>After a short break in this <strong>heavenly setting<\/strong>, you can resume your walk and return to the coolness of the pines.<\/p>\n<\/div><\/div>\n\n\n\n<div class=\"wp-block-group alignfull has-white-color has-text-color has-background has-link-color wp-elements-a5587fd4e6020092b7fed1ecd1a5cd6a is-layout-constrained wp-block-group-is-layout-constrained\" style=\"background-color:#026678\">\n<div class=\"wp-block-media-text alignfull has-media-on-the-right is-stacked-on-mobile\" style=\"padding-top:var(--wp--preset--spacing--60);padding-right:10%;padding-bottom:var(--wp--preset--spacing--60);padding-left:10%\"><div class=\"wp-block-media-text__content\">\n<h2 class=\"wp-block-heading\">Lunch in paradise<\/h2>\n\n\n\n<p>Has this little appetizer whetted your appetite? It&#8217;s time to find a nice spot to put your towel down and enjoy your little picnic. In addition to the coolness of the pine trees, you&#8217;ll have a breathtaking view of the lagoon. What more could you ask for?<br>These simple pleasures of life are the ones that will leave you with the best memories.<\/p>\n\n\n\n<p><img loading=\"lazy\" decoding=\"async\" width=\"30\" height=\"26\" class=\"wp-image-8012\" style=\"width: 30px;\" src=\"https:\/\/leboisdelagachere.com\/wp-content\/uploads\/2023\/11\/guilmet-ok-couleur-blanc-ok.png\" alt=\"\" srcset=\"https:\/\/leboisdelagachere.com\/wp-content\/uploads\/2023\/11\/guilmet-ok-couleur-blanc-ok.png 528w, https:\/\/leboisdelagachere.com\/wp-content\/uploads\/2023\/11\/guilmet-ok-couleur-blanc-ok-300x263.png 300w\" sizes=\"auto, (max-width: 30px) 100vw, 30px\" \/><strong><em>  Now&#8217;s the time to get out your smartphone and take your best vacation snaps.<\/em><\/strong><\/p>\n<\/div><figure class=\"wp-block-media-text__media\"><img loading=\"lazy\" decoding=\"async\" width=\"1000\" height=\"666\" src=\"https:\/\/leboisdelagachere.com\/wp-content\/uploads\/2023\/11\/photo-aerienne-payre-veillon-DSC_4158.jpg\" alt=\"veillon beach landscape\" class=\"wp-image-7993 size-full\" srcset=\"https:\/\/leboisdelagachere.com\/wp-content\/uploads\/2023\/11\/photo-aerienne-payre-veillon-DSC_4158.jpg 1000w, https:\/\/leboisdelagachere.com\/wp-content\/uploads\/2023\/11\/photo-aerienne-payre-veillon-DSC_4158-300x200.jpg 300w, https:\/\/leboisdelagachere.com\/wp-content\/uploads\/2023\/11\/photo-aerienne-payre-veillon-DSC_4158-768x511.jpg 768w\" sizes=\"auto, (max-width: 1000px) 100vw, 1000px\" \/><\/figure><\/div>\n<\/div>\n\n\n\n<div class=\"wp-block-media-text alignfull is-stacked-on-mobile\" style=\"padding-top:var(--wp--preset--spacing--60);padding-right:10%;padding-bottom:var(--wp--preset--spacing--60);padding-left:10%\"><figure class=\"wp-block-media-text__media\"><img loading=\"lazy\" decoding=\"async\" width=\"1000\" height=\"751\" src=\"https:\/\/leboisdelagachere.com\/wp-content\/uploads\/2023\/11\/Photo-plage-du-veillon-P1320064.jpg\" alt=\"water sports on veillob beach\" class=\"wp-image-7994 size-full\" srcset=\"https:\/\/leboisdelagachere.com\/wp-content\/uploads\/2023\/11\/Photo-plage-du-veillon-P1320064.jpg 1000w, https:\/\/leboisdelagachere.com\/wp-content\/uploads\/2023\/11\/Photo-plage-du-veillon-P1320064-300x225.jpg 300w, https:\/\/leboisdelagachere.com\/wp-content\/uploads\/2023\/11\/Photo-plage-du-veillon-P1320064-768x577.jpg 768w\" sizes=\"auto, (max-width: 1000px) 100vw, 1000px\" \/><\/figure><div class=\"wp-block-media-text__content\">\n<h2 class=\"wp-block-heading has-text-color has-link-color wp-elements-e9e551b1f424019c46645ec1765dd518\" style=\"color:#026678\">An eventful end to the day<\/h2>\n\n\n\n<p>If lazing on the beach isn&#8217;t your thing, the beach at Le Veillon is ideal for a number of <strong>water sports<\/strong>.<br>We recommend paddling. The calm of the lagoon is ideal for this activity.<br>Be prepared to take a few bowls. This seemingly simple activity isn&#8217;t all that simple after all!<br>Patience and balance are the watchwords.<\/p>\n\n\n\n<p>Record these moments in your memory and treasure them. It&#8217;s these moments that make vacations so special.<br>You&#8217;ll love telling your friends and family about this day when you return from vacation.<\/p>\n<\/div><\/div>\n\n\n\n<div class=\"wp-block-group is-layout-constrained wp-block-group-is-layout-constrained\" style=\"padding-top:var(--wp--preset--spacing--50);padding-bottom:var(--wp--preset--spacing--50)\">\n<figure class=\"wp-block-image aligncenter size-full is-resized\"><img decoding=\"async\" src=\"https:\/\/leboisdelagachere.com\/wp-content\/uploads\/2023\/11\/trait.png\" alt=\"\" class=\"wp-image-7499\" style=\"width:150px\"\/><\/figure>\n<\/div>\n","protected":false},"excerpt":{"rendered":"<p>A remarkable day at Le Veillon Are you ready to be amazed? Duration: 1 day Are you ready to discover an unsuspected place where forest and ocean are one?Follow us, but be prepared to fall under the spell of this unique setting.For this experience, we&#8217;re going to quench your thirst for discovery.I have no doubt [&hellip;]<\/p>\n","protected":false},"author":3,"featured_media":0,"parent":9133,"menu_order":0,"comment_status":"closed","ping_status":"closed","template":"","meta":{"_seopress_robots_primary_cat":"","_seopress_titles_title":"Discovering the Veillon site in Vend\u00e9e","_seopress_titles_desc":"Discover the exceptional Veillon site. The most beautiful beach in the Vend\u00e9e, just a few minutes from the 4-star campsite Le Bois de La Gach\u00e8re.  ","_seopress_robots_index":"","footnotes":""},"class_list":["post-9030","page","type-page","status-publish","hentry"],"_links":{"self":[{"href":"https:\/\/leboisdelagachere.com\/en\/wp-json\/wp\/v2\/pages\/9030","targetHints":{"allow":["GET"]}}],"collection":[{"href":"https:\/\/leboisdelagachere.com\/en\/wp-json\/wp\/v2\/pages"}],"about":[{"href":"https:\/\/leboisdelagachere.com\/en\/wp-json\/wp\/v2\/types\/page"}],"author":[{"embeddable":true,"href":"https:\/\/leboisdelagachere.com\/en\/wp-json\/wp\/v2\/users\/3"}],"replies":[{"embeddable":true,"href":"https:\/\/leboisdelagachere.com\/en\/wp-json\/wp\/v2\/comments?post=9030"}],"version-history":[{"count":2,"href":"https:\/\/leboisdelagachere.com\/en\/wp-json\/wp\/v2\/pages\/9030\/revisions"}],"predecessor-version":[{"id":9529,"href":"https:\/\/leboisdelagachere.com\/en\/wp-json\/wp\/v2\/pages\/9030\/revisions\/9529"}],"up":[{"embeddable":true,"href":"https:\/\/leboisdelagachere.com\/en\/wp-json\/wp\/v2\/pages\/9133"}],"wp:attachment":[{"href":"https:\/\/leboisdelagachere.com\/en\/wp-json\/wp\/v2\/media?parent=9030"}],"curies":[{"name":"wp","href":"https:\/\/api.w.org\/{rel}","templated":true}]}}