{"id":9084,"date":"2023-11-21T15:14:59","date_gmt":"2023-11-21T14:14:59","guid":{"rendered":"https:\/\/dev.leboisdelagachere.com\/leisure-parks\/"},"modified":"2023-12-15T16:05:27","modified_gmt":"2023-12-15T15:05:27","slug":"leisure-parks","status":"publish","type":"page","link":"https:\/\/leboisdelagachere.com\/en\/entertainment\/leisure-parks\/","title":{"rendered":"Leisure parks"},"content":{"rendered":"\n<h1 class=\"wp-block-heading\">Leisure parks <\/h1>\n\n\n\n<h2 class=\"wp-block-heading has-text-color has-link-color wp-elements-e51681b84b0112c0b403240a31e8656c\" style=\"color:#026678\">Discover a region full of surprises: the Vend\u00e9e<\/h2>\n\n\n\n<p>The 4-star Le Bois de La Gach\u00e8re campsite, between <a href=\"https:\/\/leboisdelagachere.com\/en\/surveying-cities\/les-sables-dolonne\/\" data-type=\"page\" data-id=\"7890\">Les Sables d&#8217;Olonne<\/a> and <a href=\"https:\/\/leboisdelagachere.com\/en\/surveying-cities\/saint-gilles-croix-de-vie\/\" data-type=\"page\" data-id=\"7922\">Saint Gilles Croix de<\/a> Vie, will be the starting point for outings, visits and activities to punctuate your stay.<\/p>\n\n\n\n<div class=\"wp-block-media-text alignwide is-stacked-on-mobile is-vertically-aligned-center\" style=\"grid-template-columns:60% auto\"><figure class=\"wp-block-media-text__media\"><img loading=\"lazy\" decoding=\"async\" width=\"462\" height=\"347\" src=\"https:\/\/leboisdelagachere.com\/wp-content\/uploads\/2023\/11\/photo3-le-chateau-de-pierre-levee-la-gachere-camping-olonne-sur-mer-olonne-sur-mer.jpg\" alt=\"visit a castle near the campsite\" class=\"wp-image-7966 size-full\" srcset=\"https:\/\/leboisdelagachere.com\/wp-content\/uploads\/2023\/11\/photo3-le-chateau-de-pierre-levee-la-gachere-camping-olonne-sur-mer-olonne-sur-mer.jpg 462w, https:\/\/leboisdelagachere.com\/wp-content\/uploads\/2023\/11\/photo3-le-chateau-de-pierre-levee-la-gachere-camping-olonne-sur-mer-olonne-sur-mer-300x225.jpg 300w\" sizes=\"auto, (max-width: 462px) 100vw, 462px\" \/><\/figure><div class=\"wp-block-media-text__content\">\n<h2 class=\"wp-block-heading has-text-color has-link-color wp-elements-361fef2c77dd3830de692fe5dc903c04\" style=\"color:#026678\">The Ch\u00e2teau de Pierre Lev\u00e9e<\/h2>\n\n\n\n<p><img decoding=\"async\" class=\"wp-image-7385\" style=\"width: 30px;\" src=\"https:\/\/leboisdelagachere.com\/wp-content\/uploads\/2023\/11\/guilmet-ok-couleur.png\" alt=\"camping au coeur du bois\"><strong><em>The replica of the Petit Trianon.<\/em><\/strong><\/p>\n\n\n\n<p>The Ch\u00e2teau de Pierre Lev\u00e9e owes its name to the two nearby menhirs, the two largest standing stones in Europe, discovered in the late 11th century.<\/p>\n\n\n\n<p>The ch\u00e2teau was built by Luc Pezot, a tax collector and shipowner from Sabl, who drew inspiration from the architecture of Versailles&#8217; Petit Trianon.<\/p>\n\n\n\n<p>During the summer, sound and light shows reveal the beauty of the site.<\/p>\n\n\n\n<p>200 actors in the ch\u00e2teau gardens bring to life the history of this fabulous region, from the origins of mankind to the construction of the ch\u00e2teau still known as the &#8220;Petit Trianon Vend\u00e9en&#8221;.<\/p>\n<\/div><\/div>\n\n\n\n<div class=\"wp-block-group is-layout-constrained wp-block-group-is-layout-constrained\" style=\"padding-top:var(--wp--preset--spacing--70);padding-bottom:var(--wp--preset--spacing--70)\">\n<figure class=\"wp-block-image aligncenter size-full is-resized\"><img decoding=\"async\" src=\"https:\/\/leboisdelagachere.com\/wp-content\/uploads\/2023\/11\/trait.png\" alt=\"\" class=\"wp-image-7499\" style=\"width:150px\"\/><\/figure>\n<\/div>\n\n\n\n<div class=\"wp-block-media-text alignwide has-media-on-the-right is-stacked-on-mobile is-vertically-aligned-center is-image-fill\" style=\"grid-template-columns:auto 60%\"><div class=\"wp-block-media-text__content\">\n<h2 class=\"wp-block-heading has-text-color has-link-color wp-elements-55603fada48f099d275cfeb8c8be0dc9\" style=\"color:#026678\">Les Sables d&#8217;Olonne Zoo<\/h2>\n\n\n\n<p><img decoding=\"async\" class=\"wp-image-7385\" style=\"width: 30px;\" src=\"https:\/\/leboisdelagachere.com\/wp-content\/uploads\/2023\/11\/guilmet-ok-couleur.png\" alt=\"camping au coeur du bois\"><strong><em>A visit not to be missed<\/em>.<\/strong><\/p>\n\n\n\n<p>A green oasis by the sea, the Zoo des Sables d&#8217;Olonne invites you on a journey into the animal world.<\/p>\n\n\n\n<p>Les Sables d&#8217;Olonne Zoo is home to a wide variety of animal species, surrounded by lush, flower-filled vegetation that is perfectly maintained.<\/p>\n\n\n\n<p>In the magnificent setting of Lac du Tanchet, penguins, monkeys, otters, lions, jaguars and red pandas live happily ever after.<\/p>\n\n\n\n<p>Zoo des Sables is the forerunner of a new type of zoo, combining respect for the environment, protection of exotic and local biodiversity and eco-citizen awareness among visitors.<\/p>\n\n\n\n<p>Located in the heart of the town of Les Sables d&#8217;Olonne, the Zoo is a 3-hectare island of greenery, anchored on the Vend\u00e9e shore. Home to some 280 animals belonging to over 40 endangered species, the park attracts some 160,000 visitors every year, making it the second most popular tourist attraction in the Vend\u00e9e.<\/p>\n<\/div><figure class=\"wp-block-media-text__media\" style=\"background-image:url(https:\/\/leboisdelagachere.com\/wp-content\/uploads\/2023\/11\/zoo-des-sables-IMG_4112-1024x683.jpg);background-position:50% 50%\"><img loading=\"lazy\" decoding=\"async\" width=\"1024\" height=\"683\" src=\"https:\/\/leboisdelagachere.com\/wp-content\/uploads\/2023\/11\/zoo-des-sables-IMG_4112-1024x683.jpg\" alt=\"visite du zoo des sables d'olonne\" class=\"wp-image-7967 size-full\" srcset=\"https:\/\/leboisdelagachere.com\/wp-content\/uploads\/2023\/11\/zoo-des-sables-IMG_4112-1024x683.jpg 1024w, https:\/\/leboisdelagachere.com\/wp-content\/uploads\/2023\/11\/zoo-des-sables-IMG_4112-300x200.jpg 300w, https:\/\/leboisdelagachere.com\/wp-content\/uploads\/2023\/11\/zoo-des-sables-IMG_4112-768x512.jpg 768w, https:\/\/leboisdelagachere.com\/wp-content\/uploads\/2023\/11\/zoo-des-sables-IMG_4112-1536x1024.jpg 1536w, https:\/\/leboisdelagachere.com\/wp-content\/uploads\/2023\/11\/zoo-des-sables-IMG_4112-2048x1365.jpg 2048w\" sizes=\"auto, (max-width: 1024px) 100vw, 1024px\" \/><\/figure><\/div>\n\n\n\n<div class=\"wp-block-group is-layout-constrained wp-block-group-is-layout-constrained\" style=\"padding-top:var(--wp--preset--spacing--70);padding-bottom:var(--wp--preset--spacing--70)\">\n<figure class=\"wp-block-image aligncenter size-full is-resized\"><img decoding=\"async\" src=\"https:\/\/leboisdelagachere.com\/wp-content\/uploads\/2023\/11\/trait.png\" alt=\"\" class=\"wp-image-7499\" style=\"width:150px\"\/><\/figure>\n<\/div>\n\n\n\n<div class=\"wp-block-media-text alignwide is-stacked-on-mobile is-vertically-aligned-center\" style=\"grid-template-columns:60% auto\"><figure class=\"wp-block-media-text__media\"><img loading=\"lazy\" decoding=\"async\" width=\"1024\" height=\"683\" src=\"https:\/\/leboisdelagachere.com\/wp-content\/uploads\/2023\/11\/Golf-des-fontenelles-1024x683.jpg\" alt=\"golf d'olonne\" class=\"wp-image-7971 size-full\" srcset=\"https:\/\/leboisdelagachere.com\/wp-content\/uploads\/2023\/11\/Golf-des-fontenelles-1024x683.jpg 1024w, https:\/\/leboisdelagachere.com\/wp-content\/uploads\/2023\/11\/Golf-des-fontenelles-300x200.jpg 300w, https:\/\/leboisdelagachere.com\/wp-content\/uploads\/2023\/11\/Golf-des-fontenelles-768x512.jpg 768w, https:\/\/leboisdelagachere.com\/wp-content\/uploads\/2023\/11\/Golf-des-fontenelles-1536x1024.jpg 1536w, https:\/\/leboisdelagachere.com\/wp-content\/uploads\/2023\/11\/Golf-des-fontenelles.jpg 1900w\" sizes=\"auto, (max-width: 1024px) 100vw, 1024px\" \/><\/figure><div class=\"wp-block-media-text__content\">\n<h2 class=\"wp-block-heading has-text-color has-link-color wp-elements-e345dfc187e31780cfb113f19bc129e9\" style=\"color:#026678\">Golf des Olonnes<\/h2>\n\n\n\n<p><img decoding=\"async\" class=\"wp-image-7385\" style=\"width: 30px;\" src=\"https:\/\/leboisdelagachere.com\/wp-content\/uploads\/2023\/11\/guilmet-ok-couleur.png\" alt=\"camping au coeur du bois\"><strong><em>Between the ocean and the Vend\u00e9e bocage.<\/em><\/strong><\/p>\n\n\n\n<p>Golf des Olonnes boasts an exceptional location with panoramic views, just 3 kilometers from Les Sables d&#8217;Olonne.<\/p>\n\n\n\n<p>This 18-hole course, designed in the natural setting of the Vend\u00e9e bocage, stretches over a naturally undulating site, with beautiful stretches of water.<\/p>\n\n\n\n<p>The course is sporty, attractive and reasonable, making it suitable for players of all levels.<\/p>\n\n\n\n<p><em>18-hole course:<br><\/em>6,063 m &#8211; 18 holes &#8211; par 72<\/p>\n\n\n\n<p><em>Practice:<br><\/em>&#8211; 6 covered stations<br>&#8211; 20 positions not covered<br>&#8211; Putting-green, pitching-green, approach areas, practice bunkers<\/p>\n<\/div><\/div>\n\n\n\n<div class=\"wp-block-group is-layout-constrained wp-block-group-is-layout-constrained\" style=\"padding-top:var(--wp--preset--spacing--70);padding-bottom:var(--wp--preset--spacing--70)\">\n<figure class=\"wp-block-image aligncenter size-full is-resized\"><img decoding=\"async\" src=\"https:\/\/leboisdelagachere.com\/wp-content\/uploads\/2023\/11\/trait.png\" alt=\"\" class=\"wp-image-7499\" style=\"width:150px\"\/><\/figure>\n<\/div>\n\n\n\n<div class=\"wp-block-media-text alignwide has-media-on-the-right is-stacked-on-mobile is-vertically-aligned-center is-image-fill\" style=\"grid-template-columns:auto 60%\"><div class=\"wp-block-media-text__content\">\n<h2 class=\"wp-block-heading has-text-color has-link-color wp-elements-8d6450356fe2df4681656d442ff0120c\" style=\"color:#026678\">Le Potager Extraordinaire<\/h2>\n\n\n\n<p><img decoding=\"async\" class=\"wp-image-7385\" style=\"width: 30px;\" src=\"https:\/\/leboisdelagachere.com\/wp-content\/uploads\/2023\/11\/guilmet-ok-couleur.png\" alt=\"camping au coeur du bois\"><strong><em>A fun botanical walk.<\/em><\/strong><\/p>\n\n\n\n<p>Let yourself be transported by the magic of the Potager Extraordinaire.<\/p>\n\n\n\n<p>With more than 1,500 varieties of plants spread thematically over 1.5 hectares, the park is a perpetual call to your senses and to discovery.<\/p>\n\n\n\n<p>Biodiversity, respect for the environment and sustainable development have become principles.<\/p>\n\n\n\n<p>The Potager Extraordinaire boasts a large collection of cucurbits, exotic vegetables, herbs and plants from all over the world.<\/p>\n\n\n\n<p>All this to the delight of budding gardeners and the more erudite alike.<\/p>\n\n\n\n<p><em>Photo credit: Le Potager Extraordinaire.<\/em><\/p>\n<\/div><figure class=\"wp-block-media-text__media\" style=\"background-image:url(https:\/\/leboisdelagachere.com\/wp-content\/uploads\/2023\/11\/photo2-alentours-camping-la-gachere-camping-olonne-sur-mer-le-potager-extraordinaire.jpg);background-position:50% 50%\"><img loading=\"lazy\" decoding=\"async\" width=\"462\" height=\"347\" src=\"https:\/\/leboisdelagachere.com\/wp-content\/uploads\/2023\/11\/photo2-alentours-camping-la-gachere-camping-olonne-sur-mer-le-potager-extraordinaire.jpg\" alt=\"visit to the potager extraordinaire in Vend\u00e9e\" class=\"wp-image-7975 size-full\" srcset=\"https:\/\/leboisdelagachere.com\/wp-content\/uploads\/2023\/11\/photo2-alentours-camping-la-gachere-camping-olonne-sur-mer-le-potager-extraordinaire.jpg 462w, https:\/\/leboisdelagachere.com\/wp-content\/uploads\/2023\/11\/photo2-alentours-camping-la-gachere-camping-olonne-sur-mer-le-potager-extraordinaire-300x225.jpg 300w\" sizes=\"auto, (max-width: 462px) 100vw, 462px\" \/><\/figure><\/div>\n\n\n\n<div class=\"wp-block-group is-layout-constrained wp-block-group-is-layout-constrained\" style=\"padding-top:var(--wp--preset--spacing--70);padding-bottom:var(--wp--preset--spacing--70)\">\n<figure class=\"wp-block-image aligncenter size-full is-resized\"><img decoding=\"async\" src=\"https:\/\/leboisdelagachere.com\/wp-content\/uploads\/2023\/11\/trait.png\" alt=\"\" class=\"wp-image-7499\" style=\"width:150px\"\/><\/figure>\n<\/div>\n\n\n\n<div class=\"wp-block-media-text alignwide is-stacked-on-mobile is-vertically-aligned-center is-image-fill\" style=\"grid-template-columns:60% auto\"><figure class=\"wp-block-media-text__media\" style=\"background-image:url(https:\/\/leboisdelagachere.com\/wp-content\/uploads\/2023\/11\/aquarium-le-7eme-continent-IMG_6670.jpg);background-position:50% 50%\"><img loading=\"lazy\" decoding=\"async\" width=\"1000\" height=\"667\" src=\"https:\/\/leboisdelagachere.com\/wp-content\/uploads\/2023\/11\/aquarium-le-7eme-continent-IMG_6670.jpg\" alt=\"visite de l'aquarium de Vend\u00e9e pr\u00e8s du camping\" class=\"wp-image-7976 size-full\" srcset=\"https:\/\/leboisdelagachere.com\/wp-content\/uploads\/2023\/11\/aquarium-le-7eme-continent-IMG_6670.jpg 1000w, https:\/\/leboisdelagachere.com\/wp-content\/uploads\/2023\/11\/aquarium-le-7eme-continent-IMG_6670-300x200.jpg 300w, https:\/\/leboisdelagachere.com\/wp-content\/uploads\/2023\/11\/aquarium-le-7eme-continent-IMG_6670-768x512.jpg 768w\" sizes=\"auto, (max-width: 1000px) 100vw, 1000px\" \/><\/figure><div class=\"wp-block-media-text__content\">\n<h2 class=\"wp-block-heading has-text-color has-link-color wp-elements-aa58c740706a0404c780a8f9c5ecf0b6\" style=\"color:#026678\">Aquarium le 7\u00e8me Continent<\/h2>\n\n\n\n<p><img decoding=\"async\" class=\"wp-image-7385\" style=\"width: 30px;\" src=\"https:\/\/leboisdelagachere.com\/wp-content\/uploads\/2023\/11\/guilmet-ok-couleur.png\" alt=\"camping au coeur du bois\"><strong><em>An underwater escapade.<\/em><\/strong><\/p>\n\n\n\n<p>The Aquarium de Vend\u00e9e is a human-sized aquarium located in Talmont Saint Hilaire, offering a fantastic visit to the heart of marine life, with over 500 species to discover in 3 universes representing the four corners of the marine world.<\/p>\n\n\n\n<p>The Aquarium invites you and your family to relax, share, discover and marvel at the riches of the seas and oceans.<\/p>\n\n\n\n<p>Start your visit by discovering the species that inhabit our coasts, and continue your journey to the heart of the most beautiful tropical seas, inviting you to discover the many colors of their occupants. The last space, where the serenity of the deep reigns, concludes your visit on a note of wonder.<\/p>\n\n\n\n<p>Open daily all year round. Daily entertainment. Free parking. Snack bar in season.<\/p>\n\n\n\n<p><em>Photo credit: L&#8217;Aquarium le 7\u00e8me Continent.<\/em><\/p>\n<\/div><\/div>\n","protected":false},"excerpt":{"rendered":"<p>Leisure parks Discover a region full of surprises: the Vend\u00e9e The 4-star Le Bois de La Gach\u00e8re campsite, between Les Sables d&#8217;Olonne and Saint Gilles Croix de Vie, will be the starting point for outings, visits and activities to punctuate your stay. The Ch\u00e2teau de Pierre Lev\u00e9e The replica of the Petit Trianon. The Ch\u00e2teau [&hellip;]<\/p>\n","protected":false},"author":3,"featured_media":0,"parent":9294,"menu_order":0,"comment_status":"closed","ping_status":"closed","template":"","meta":{"_seopress_robots_primary_cat":"","_seopress_titles_title":"Must-see leisure parks in Vend\u00e9e","_seopress_titles_desc":"To make the most of your stay, we&#039;ve put together a list of leisure parks to see and do near the campsite in Les Sables d&#039;Olonne.  ","_seopress_robots_index":"","footnotes":""},"class_list":["post-9084","page","type-page","status-publish","hentry"],"_links":{"self":[{"href":"https:\/\/leboisdelagachere.com\/en\/wp-json\/wp\/v2\/pages\/9084","targetHints":{"allow":["GET"]}}],"collection":[{"href":"https:\/\/leboisdelagachere.com\/en\/wp-json\/wp\/v2\/pages"}],"about":[{"href":"https:\/\/leboisdelagachere.com\/en\/wp-json\/wp\/v2\/types\/page"}],"author":[{"embeddable":true,"href":"https:\/\/leboisdelagachere.com\/en\/wp-json\/wp\/v2\/users\/3"}],"replies":[{"embeddable":true,"href":"https:\/\/leboisdelagachere.com\/en\/wp-json\/wp\/v2\/comments?post=9084"}],"version-history":[{"count":2,"href":"https:\/\/leboisdelagachere.com\/en\/wp-json\/wp\/v2\/pages\/9084\/revisions"}],"predecessor-version":[{"id":9527,"href":"https:\/\/leboisdelagachere.com\/en\/wp-json\/wp\/v2\/pages\/9084\/revisions\/9527"}],"up":[{"embeddable":true,"href":"https:\/\/leboisdelagachere.com\/en\/wp-json\/wp\/v2\/pages\/9294"}],"wp:attachment":[{"href":"https:\/\/leboisdelagachere.com\/en\/wp-json\/wp\/v2\/media?parent=9084"}],"curies":[{"name":"wp","href":"https:\/\/api.w.org\/{rel}","templated":true}]}}