{"id":9111,"date":"2023-11-22T09:47:28","date_gmt":"2023-11-22T08:47:28","guid":{"rendered":"https:\/\/dev.leboisdelagachere.com\/wine-tourism-circuit\/"},"modified":"2023-12-15T16:10:57","modified_gmt":"2023-12-15T15:10:57","slug":"wine-tourism-circuit","status":"publish","type":"page","link":"https:\/\/leboisdelagachere.com\/en\/carnet-de-vacances\/wine-tourism-circuit\/","title":{"rendered":"Wine tourism circuit"},"content":{"rendered":"\n<h1 class=\"wp-block-heading\">Wine tourism break<\/h1>\n\n\n\n<h2 class=\"wp-block-heading has-text-color has-link-color wp-elements-6f9a9307126d7f4b8baa09bddea27843\" style=\"color:#026678\">Welcome to the Vend\u00e9e.<\/h2>\n\n\n\n<p>Duration: 1 day<\/p>\n\n\n\n<div class=\"wp-block-media-text alignfull has-media-on-the-right is-stacked-on-mobile is-vertically-aligned-center is-image-fill is-style-default\" style=\"padding-top:var(--wp--preset--spacing--60);padding-right:5%;padding-left:5%;grid-template-columns:auto 56%\"><div class=\"wp-block-media-text__content\">\n<p>Welcome to a place where sky and sea are one.<br>As well as discovering <strong>exceptional landscapes<\/strong>, take advantage of your stay to sample local produce.<br>Today we&#8217;re not going to talk about pr\u00e9fou, mogettes or the delicious Vend\u00e9e ham (although we strongly recommend you try it).<br>But rather <strong>wines <\/strong>that go perfectly with these dishes.<br>And yes, <strong>Fiefs Vend\u00e9ens<\/strong> is a little-known appellation d&#8217;origine contr\u00f4l\u00e9e (AOC) wine that deserves a closer look.<br>By car or by bike, we&#8217;ll take you to <strong>the heart of the vineyards<\/strong>.<br>Discover this fiefdom where vines come to life, cradled by the ocean and its iodized air.<br>Brem sur mer is just 2.3 kilometers from Le Bois de La Gach\u00e8re campsite. It takes just 7 minutes to get there by car.<br>Enjoy breakfast with the whole family, <a href=\"https:\/\/leboisdelagachere.com\/en\/services\/\" data-type=\"page\" data-id=\"7521\">freshly baked bread and pastries<\/a>.<\/p>\n\n\n\n<div class=\"wp-block-group has-border-color is-layout-constrained wp-container-core-group-is-layout-db32e940 wp-block-group-is-layout-constrained\" style=\"border-color:#026678;border-width:3px;padding-top:var(--wp--preset--spacing--60);padding-right:var(--wp--preset--spacing--60);padding-bottom:var(--wp--preset--spacing--60);padding-left:var(--wp--preset--spacing--60)\">\n<p><strong>\n  <em>Our advice:<br><\/em>\n<\/strong>We advise you to bring your bicycles on your bike rack to explore this wine tourism route.<br>There are no signposts, so remember to recharge your phone so you can use your GPS.<\/p>\n<\/div>\n<\/div><figure class=\"wp-block-media-text__media\" style=\"background-image:url(https:\/\/leboisdelagachere.com\/wp-content\/uploads\/2023\/11\/DomaineMouratMareuilsurLay58.jpg);background-position:50% 50%\"><img loading=\"lazy\" decoding=\"async\" width=\"1000\" height=\"667\" src=\"https:\/\/leboisdelagachere.com\/wp-content\/uploads\/2023\/11\/DomaineMouratMareuilsurLay58.jpg\" alt=\"visit to the vineyards of the Vend\u00e9e\" class=\"wp-image-8047 size-full\" srcset=\"https:\/\/leboisdelagachere.com\/wp-content\/uploads\/2023\/11\/DomaineMouratMareuilsurLay58.jpg 1000w, https:\/\/leboisdelagachere.com\/wp-content\/uploads\/2023\/11\/DomaineMouratMareuilsurLay58-300x200.jpg 300w, https:\/\/leboisdelagachere.com\/wp-content\/uploads\/2023\/11\/DomaineMouratMareuilsurLay58-768x512.jpg 768w\" sizes=\"auto, (max-width: 1000px) 100vw, 1000px\" \/><\/figure><\/div>\n\n\n\n<div class=\"wp-block-columns alignwide are-vertically-aligned-center is-layout-flex wp-container-core-columns-is-layout-7cca1c40 wp-block-columns-is-layout-flex\" style=\"padding-top:var(--wp--preset--spacing--60);padding-bottom:var(--wp--preset--spacing--60)\">\n<div class=\"wp-block-column is-vertically-aligned-center is-layout-flow wp-block-column-is-layout-flow\" style=\"flex-basis:33.62%\">\n<figure class=\"wp-block-image size-full is-resized\"><img loading=\"lazy\" decoding=\"async\" width=\"563\" height=\"1000\" src=\"https:\/\/leboisdelagachere.com\/wp-content\/uploads\/2023\/11\/348355333_536356748499385_4090421975887832574_n.jpg\" alt=\"Vend\u00e9e vineyards\" class=\"wp-image-8048\" style=\"aspect-ratio:0.75;object-fit:cover;width:382px;height:auto\" srcset=\"https:\/\/leboisdelagachere.com\/wp-content\/uploads\/2023\/11\/348355333_536356748499385_4090421975887832574_n.jpg 563w, https:\/\/leboisdelagachere.com\/wp-content\/uploads\/2023\/11\/348355333_536356748499385_4090421975887832574_n-169x300.jpg 169w\" sizes=\"auto, (max-width: 563px) 100vw, 563px\" \/><\/figure>\n<\/div>\n\n\n\n<div class=\"wp-block-column is-vertically-aligned-center is-layout-flow wp-block-column-is-layout-flow\" style=\"flex-basis:33%\">\n<div style=\"height:55px\" aria-hidden=\"true\" class=\"wp-block-spacer\"><\/div>\n\n\n\n<figure class=\"wp-block-image size-full is-resized\"><img loading=\"lazy\" decoding=\"async\" width=\"563\" height=\"1000\" src=\"https:\/\/leboisdelagachere.com\/wp-content\/uploads\/2023\/11\/348355219_614819917247599_7929604765366145657_n.jpg\" alt=\"wine tourism in Vend\u00e9e\" class=\"wp-image-8049\" style=\"aspect-ratio:0.75;object-fit:cover;width:375px;height:auto\" srcset=\"https:\/\/leboisdelagachere.com\/wp-content\/uploads\/2023\/11\/348355219_614819917247599_7929604765366145657_n.jpg 563w, https:\/\/leboisdelagachere.com\/wp-content\/uploads\/2023\/11\/348355219_614819917247599_7929604765366145657_n-169x300.jpg 169w\" sizes=\"auto, (max-width: 563px) 100vw, 563px\" \/><\/figure>\n<\/div>\n\n\n\n<div class=\"wp-block-column is-vertically-aligned-center is-layout-flow wp-block-column-is-layout-flow\" style=\"flex-basis:33.38%\">\n<h2 class=\"wp-block-heading has-text-color has-link-color wp-elements-f5c8da44c20b25a7883226cdd38ef2ac\" style=\"color:#026678\">Conquering the Fiefs Vend\u00e9ens<\/h2>\n\n\n\n<p>When you arrive in<strong> Brem sur<\/strong> Mer, you can park in the town center, at the foot of the church.<br>Take time to admire it, one of the oldest churches in the department.<\/p>\n\n\n\n<p>Your second stop is at the first estate: <em>L&#8217;Or\u00e9e des Sabias<\/em>.<br>The teams at this winery will be delighted to show you around their vineyards and winery.<br>Wine production will no longer hold any secrets for you, as you&#8217;ll learn all about the different stages involved.<br>The tour of the estate takes around 30 minutes. At the end, you can taste some of their wines.<\/p>\n\n\n\n<p><strong>\n  <em>Practical information :<br><\/em>\n<\/strong>Duration: 30 minutes<br>Accessible PMR<br>Tuesday to Thursday, 10am to 12:30pm and 3pm to 6pm, Friday and Saturday until 6:30pm.<\/p>\n<\/div>\n<\/div>\n\n\n\n<div class=\"wp-block-group alignfull has-white-color has-text-color has-background has-link-color wp-elements-fa251a464d10f2bb6f719e79cce45e73 is-layout-constrained wp-container-core-group-is-layout-c6787eed wp-block-group-is-layout-constrained\" style=\"background-color:#026678;padding-top:var(--wp--preset--spacing--60);padding-right:0;padding-bottom:var(--wp--preset--spacing--60);padding-left:0\">\n<div class=\"wp-block-media-text alignfull has-media-on-the-right is-stacked-on-mobile is-image-fill\" style=\"padding-right:10%;padding-left:10%\"><div class=\"wp-block-media-text__content\">\n<p>After this enriching visit, you can resume your <strong>wine<\/strong> tour.<\/p>\n\n\n\n<p>After crossing the Parc des Genets, you&#8217;ll arrive at the second estate: <em>Le Lux en Roc &#8211; Cave Richard<\/em>.<br>Here, B\u00e9rang\u00e8re and Jean Pierre will be delighted to welcome you in all simplicity. For over two centuries, the same family has run this 7-hectare estate.<br>Come and discover this family heritage, handed down from generation to generation.<br>The team offers tasting introductions, so don&#8217;t forget to make an appointment.<\/p>\n\n\n\n<p><img loading=\"lazy\" decoding=\"async\" width=\"30\" height=\"26\" class=\"wp-image-8012\" style=\"width: 30px;\" src=\"https:\/\/leboisdelagachere.com\/wp-content\/uploads\/2023\/11\/guilmet-ok-couleur-blanc-ok.png\" alt=\"\" srcset=\"https:\/\/leboisdelagachere.com\/wp-content\/uploads\/2023\/11\/guilmet-ok-couleur-blanc-ok.png 528w, https:\/\/leboisdelagachere.com\/wp-content\/uploads\/2023\/11\/guilmet-ok-couleur-blanc-ok-300x263.png 300w\" sizes=\"auto, (max-width: 30px) 100vw, 30px\" \/>  Continuing on your way, you can stop off at the charming village of La Gach\u00e8re.<br>This small fishing village with its authentic charm is well worth a visit.<\/p>\n\n\n\n<p>Continuing on your way, you&#8217;ll arrive at the last estate on this wine tour: <em>Domaine des Granges<\/em>.<br>Here, too, you&#8217;ll talk to passionate winemakers who&#8217;ll be delighted to tell you their stories and those of their wines.<br>Take the time to stroll through the vineyards and discover these <strong>exceptional landscapes of vines as far as the eye can see<\/strong>.<\/p>\n\n\n\n<p>There are many other estates to discover in the Vend\u00e9e, where the winemakers are just as passionate.<br>After discovering and tasting the wines of this unique region, it&#8217;s time to take a break.<\/p>\n<\/div><figure class=\"wp-block-media-text__media\" style=\"background-image:url(https:\/\/leboisdelagachere.com\/wp-content\/uploads\/2023\/11\/domainesaintnicolasliledol-3.jpg);background-position:41% 49%\"><img loading=\"lazy\" decoding=\"async\" width=\"1000\" height=\"667\" src=\"https:\/\/leboisdelagachere.com\/wp-content\/uploads\/2023\/11\/domainesaintnicolasliledol-3.jpg\" alt=\"vineyard tour and tasting in Vend\u00e9e\" class=\"wp-image-8050 size-full\" srcset=\"https:\/\/leboisdelagachere.com\/wp-content\/uploads\/2023\/11\/domainesaintnicolasliledol-3.jpg 1000w, https:\/\/leboisdelagachere.com\/wp-content\/uploads\/2023\/11\/domainesaintnicolasliledol-3-300x200.jpg 300w, https:\/\/leboisdelagachere.com\/wp-content\/uploads\/2023\/11\/domainesaintnicolasliledol-3-768x512.jpg 768w\" sizes=\"auto, (max-width: 1000px) 100vw, 1000px\" \/><\/figure><\/div>\n<\/div>\n\n\n\n<div class=\"wp-block-media-text alignfull is-stacked-on-mobile is-image-fill\" style=\"padding-top:var(--wp--preset--spacing--60);padding-right:10%;padding-bottom:var(--wp--preset--spacing--60);padding-left:10%\"><figure class=\"wp-block-media-text__media\" style=\"background-image:url(https:\/\/leboisdelagachere.com\/wp-content\/uploads\/2023\/11\/LaCabane-BremsurMer30.jpg);background-position:50% 50%\"><img loading=\"lazy\" decoding=\"async\" width=\"667\" height=\"1000\" src=\"https:\/\/leboisdelagachere.com\/wp-content\/uploads\/2023\/11\/LaCabane-BremsurMer30.jpg\" alt=\"break at the cabin in Brem sur Mer\" class=\"wp-image-8051 size-full\" srcset=\"https:\/\/leboisdelagachere.com\/wp-content\/uploads\/2023\/11\/LaCabane-BremsurMer30.jpg 667w, https:\/\/leboisdelagachere.com\/wp-content\/uploads\/2023\/11\/LaCabane-BremsurMer30-200x300.jpg 200w\" sizes=\"auto, (max-width: 667px) 100vw, 667px\" \/><\/figure><div class=\"wp-block-media-text__content\">\n<h2 class=\"wp-block-heading has-text-color has-link-color wp-elements-a9f86f4ba065789d6f9dbaf2c5a2efea\" style=\"color:#026678\">Heading for the Cabane<\/h2>\n\n\n\n<p>Now THE PLACE TO BE, La Cabane offers its customers <strong>a breathtaking setting<\/strong>.<\/p>\n\n\n\n<p>Come and enjoy a glass of Fiefs Vend\u00e9ens and delicious seafood <strong>&#8220;with your feet in the marsh&#8221;<\/strong>.<\/p>\n\n\n\n<p>This former oyster shack has been renovated to offer you a unique setting in which to enjoy a convivial atmosphere.<br><\/p>\n\n\n\n<div class=\"wp-block-group has-border-color is-layout-constrained wp-container-core-group-is-layout-f611be13 wp-block-group-is-layout-constrained\" style=\"border-color:#026678;border-style:solid;border-width:3px;padding-top:var(--wp--preset--spacing--50);padding-right:var(--wp--preset--spacing--50);padding-bottom:var(--wp--preset--spacing--50);padding-left:var(--wp--preset--spacing--50)\">\n<p><strong>\n  <em>A word of advice from the team:<br><\/em>\n<\/strong>The <a href=\"https:\/\/leboisdelagachere.com\/en\/\" data-type=\"page\" data-id=\"2\">Bois de La Gach\u00e8re campsite<\/a> is just a few minutes from La Cabane. We recommend you come back at the end of the day, to enjoy a superb sunset over the marshes.<\/p>\n<\/div>\n<\/div><\/div>\n\n\n\n<div class=\"wp-block-group alignfull has-white-color has-text-color has-background has-link-color wp-elements-f4db368c110c9401e18b5c51e5469788 is-layout-constrained wp-block-group-is-layout-constrained\" style=\"background-color:#026678\">\n<div class=\"wp-block-media-text alignfull has-media-on-the-right is-stacked-on-mobile\" style=\"padding-top:var(--wp--preset--spacing--60);padding-right:10%;padding-bottom:var(--wp--preset--spacing--60);padding-left:10%\"><div class=\"wp-block-media-text__content\">\n<h2 class=\"wp-block-heading\">Stand-up paddle in the marshes<\/h2>\n\n\n\n<p>The marshes offer a multitude of waterways. It&#8217;s an idyllic setting for this sporty yet relaxing activity.<br>This environment is an invitation to discovery. Don&#8217;t make any noise, just float to the rhythm of the water and enjoy the surrounding nature.<br>After such a day, you&#8217;ll love relaxing in your <a href=\"https:\/\/leboisdelagachere.com\/hebergements-les-sables-dolonne\/\" data-type=\"page\" data-id=\"6946\">comfortable mobile home<\/a> at camping Le Bois de La Gach\u00e8re.<\/p>\n<\/div><figure class=\"wp-block-media-text__media\"><img loading=\"lazy\" decoding=\"async\" width=\"1000\" height=\"667\" src=\"https:\/\/leboisdelagachere.com\/wp-content\/uploads\/2023\/11\/LaCabane-BremsurMer13.jpg\" alt=\"paddle in the heart of the Vend\u00e9e marshes\" class=\"wp-image-8052 size-full\" srcset=\"https:\/\/leboisdelagachere.com\/wp-content\/uploads\/2023\/11\/LaCabane-BremsurMer13.jpg 1000w, https:\/\/leboisdelagachere.com\/wp-content\/uploads\/2023\/11\/LaCabane-BremsurMer13-300x200.jpg 300w, https:\/\/leboisdelagachere.com\/wp-content\/uploads\/2023\/11\/LaCabane-BremsurMer13-768x512.jpg 768w\" sizes=\"auto, (max-width: 1000px) 100vw, 1000px\" \/><\/figure><\/div>\n<\/div>\n\n\n\n<div class=\"wp-block-group is-layout-constrained wp-block-group-is-layout-constrained\" style=\"padding-top:var(--wp--preset--spacing--50);padding-bottom:var(--wp--preset--spacing--50)\">\n<figure class=\"wp-block-image aligncenter size-full is-resized\"><img decoding=\"async\" src=\"https:\/\/leboisdelagachere.com\/wp-content\/uploads\/2023\/11\/trait.png\" alt=\"\" class=\"wp-image-7499\" style=\"width:150px\"\/><\/figure>\n<\/div>\n","protected":false},"excerpt":{"rendered":"<p>Wine tourism break Welcome to the Vend\u00e9e. Duration: 1 day Conquering the Fiefs Vend\u00e9ens When you arrive in Brem sur Mer, you can park in the town center, at the foot of the church.Take time to admire it, one of the oldest churches in the department. Your second stop is at the first estate: L&#8217;Or\u00e9e [&hellip;]<\/p>\n","protected":false},"author":3,"featured_media":0,"parent":9133,"menu_order":0,"comment_status":"closed","ping_status":"closed","template":"","meta":{"_seopress_robots_primary_cat":"","_seopress_titles_title":"Wine tourism in the Vend\u00e9e - Camping Les Sables d&#039;Olonne","_seopress_titles_desc":"Near the Bois de La Gach\u00e8re campsite, discover the Brem sur Mer wine tourism route. Taste the Fiefs Vend\u00e9enns PDO wines.  ","_seopress_robots_index":"","footnotes":""},"class_list":["post-9111","page","type-page","status-publish","hentry"],"_links":{"self":[{"href":"https:\/\/leboisdelagachere.com\/en\/wp-json\/wp\/v2\/pages\/9111","targetHints":{"allow":["GET"]}}],"collection":[{"href":"https:\/\/leboisdelagachere.com\/en\/wp-json\/wp\/v2\/pages"}],"about":[{"href":"https:\/\/leboisdelagachere.com\/en\/wp-json\/wp\/v2\/types\/page"}],"author":[{"embeddable":true,"href":"https:\/\/leboisdelagachere.com\/en\/wp-json\/wp\/v2\/users\/3"}],"replies":[{"embeddable":true,"href":"https:\/\/leboisdelagachere.com\/en\/wp-json\/wp\/v2\/comments?post=9111"}],"version-history":[{"count":2,"href":"https:\/\/leboisdelagachere.com\/en\/wp-json\/wp\/v2\/pages\/9111\/revisions"}],"predecessor-version":[{"id":9530,"href":"https:\/\/leboisdelagachere.com\/en\/wp-json\/wp\/v2\/pages\/9111\/revisions\/9530"}],"up":[{"embeddable":true,"href":"https:\/\/leboisdelagachere.com\/en\/wp-json\/wp\/v2\/pages\/9133"}],"wp:attachment":[{"href":"https:\/\/leboisdelagachere.com\/en\/wp-json\/wp\/v2\/media?parent=9111"}],"curies":[{"name":"wp","href":"https:\/\/api.w.org\/{rel}","templated":true}]}}