{"id":9152,"date":"2023-11-21T17:02:57","date_gmt":"2023-11-21T16:02:57","guid":{"rendered":"https:\/\/dev.leboisdelagachere.com\/carnet-de-vacances\/visit-to-yeu-island\/"},"modified":"2023-12-15T10:48:39","modified_gmt":"2023-12-15T09:48:39","slug":"visit-to-yeu-island","status":"publish","type":"page","link":"https:\/\/leboisdelagachere.com\/en\/carnet-de-vacances\/visit-to-yeu-island\/","title":{"rendered":"Visit to Yeu Island"},"content":{"rendered":"\n<h1 class=\"wp-block-heading\">Enchanted getaway<\/h1>\n\n<h2 class=\"wp-block-heading has-text-color has-link-color wp-elements-eb698acee065d3d38a64142967efb67c\" style=\"color:#026678\">An enchanted getaway in a natural gem.<\/h2>\n\n<p>Duration: 1 day<\/p>\n\n<div class=\"wp-block-media-text alignfull has-media-on-the-right is-stacked-on-mobile is-vertically-aligned-center is-image-fill is-style-default\" style=\"padding-top:var(--wp--preset--spacing--60);padding-right:5%;padding-left:5%;grid-template-columns:auto 56%\"><div class=\"wp-block-media-text__content\">\n<p>You don&#8217;t have to cross the Atlantic to enjoy <strong>dream spots<\/strong>.<br\/>During your vacation in the Vend\u00e9e, you&#8217;ll find <strong>small coves<\/strong> with white sand and crystal-clear waters.<br\/>To find the most beautiful beaches in Vend\u00e9e, head for <strong>Yeu Island<\/strong>.<br\/>In addition to discovering <strong>breathtaking spots<\/strong>, it&#8217;s undoubtedly an experience you&#8217;ll never forget.<br\/>You&#8217;ll remember it forever!<br\/>As you can see, for this experience, in addition to your sneakers, don&#8217;t forget your swimsuits.<\/p>\n\n\n\n<p>There are two options for getting to the island.<br\/>You can choose between sea or air.<\/p>\n\n\n\n<div class=\"wp-block-group has-border-color is-layout-constrained wp-container-core-group-is-layout-db32e940 wp-block-group-is-layout-constrained\" style=\"border-color:#026678;border-width:3px;padding-top:var(--wp--preset--spacing--60);padding-right:var(--wp--preset--spacing--60);padding-bottom:var(--wp--preset--spacing--60);padding-left:var(--wp--preset--spacing--60)\">\n<p><strong>Boarding from the port of Saint Gilles Croix de Vie.<br\/><\/strong>The Compagnie Vend\u00e9enne offers crossings all year round.<br\/>You can find all the crossing times on this website: https:\/\/www.compagnie-vendeenne.com\/fr\/saint-gilles-croix-de-vie<br\/>The advantage of taking the boat to Saint Gilles Croix de Vie is that the pier is less than 30 minutes from the campsite, and they offer free parking.<\/p>\n\n\n\n<p>Here is the list of free parking lots:<\/p>\n\n\n\n<ul class=\"wp-block-list\">\n<li>Ile d&#8217;Yeu&#8221; parking lot, 500 m from the landing stage<\/li>\n\n\n\n<li>parking at the old swimming pool, 1km from the pier<br\/>The trip takes 60 minutes, just enough time to enjoy this little boat trip.<\/li>\n<\/ul>\n\n\n\n<p><strong>Helicopter travel.<br\/><\/strong>Oya Vend\u00e9e H\u00e9licopt\u00e8re offers a crossing in just 10 minutes.<br\/>You can admire the island from the air. A breathtaking show.<\/p>\n\n\n\n<p>In both cases, we advise you to opt for the first departures. You&#8217;ll have the whole day to explore the island.<\/p>\n<\/div>\n<\/div><figure class=\"wp-block-media-text__media\" style=\"background-image:url(https:\/\/leboisdelagachere.com\/wp-content\/uploads\/2023\/11\/Aerienne-IledYeu2.jpg);background-position:50% 50%\"><img loading=\"lazy\" decoding=\"async\" width=\"1000\" height=\"667\" src=\"https:\/\/leboisdelagachere.com\/wp-content\/uploads\/2023\/11\/Aerienne-IledYeu2.jpg\" alt=\"d\u00e9couverte de l'\u00eele d'Yeu\" class=\"wp-image-8302 size-full\" srcset=\"https:\/\/leboisdelagachere.com\/wp-content\/uploads\/2023\/11\/Aerienne-IledYeu2.jpg 1000w, https:\/\/leboisdelagachere.com\/wp-content\/uploads\/2023\/11\/Aerienne-IledYeu2-300x200.jpg 300w, https:\/\/leboisdelagachere.com\/wp-content\/uploads\/2023\/11\/Aerienne-IledYeu2-768x512.jpg 768w\" sizes=\"auto, (max-width: 1000px) 100vw, 1000px\" \/><\/figure><\/div>\n\n<div class=\"wp-block-columns alignwide are-vertically-aligned-center is-layout-flex wp-container-core-columns-is-layout-7cca1c40 wp-block-columns-is-layout-flex\" style=\"padding-top:var(--wp--preset--spacing--60);padding-bottom:var(--wp--preset--spacing--60)\">\n<div class=\"wp-block-column is-vertically-aligned-center is-layout-flow wp-block-column-is-layout-flow\" style=\"flex-basis:33.62%\">\n<figure class=\"wp-block-image size-full is-resized\"><img loading=\"lazy\" decoding=\"async\" width=\"1000\" height=\"667\" src=\"https:\/\/leboisdelagachere.com\/wp-content\/uploads\/2023\/11\/ile-d-yeu-IMG_8518.jpg\" alt=\"visit to Yeu Island\" class=\"wp-image-7851\" style=\"aspect-ratio:0.75;object-fit:cover;width:382px;height:auto\" srcset=\"https:\/\/leboisdelagachere.com\/wp-content\/uploads\/2023\/11\/ile-d-yeu-IMG_8518.jpg 1000w, https:\/\/leboisdelagachere.com\/wp-content\/uploads\/2023\/11\/ile-d-yeu-IMG_8518-300x200.jpg 300w, https:\/\/leboisdelagachere.com\/wp-content\/uploads\/2023\/11\/ile-d-yeu-IMG_8518-768x512.jpg 768w\" sizes=\"auto, (max-width: 1000px) 100vw, 1000px\" \/><\/figure><\/div>\n\n\n\n<div class=\"wp-block-column is-vertically-aligned-center is-layout-flow wp-block-column-is-layout-flow\" style=\"flex-basis:33%\">\n<div style=\"height:55px\" aria-hidden=\"true\" class=\"wp-block-spacer\"><\/div>\n\n\n\n<figure class=\"wp-block-image size-full is-resized\"><img loading=\"lazy\" decoding=\"async\" width=\"1000\" height=\"667\" src=\"https:\/\/leboisdelagachere.com\/wp-content\/uploads\/2023\/11\/ile-d-yeu-vue-aerienne.jpg\" alt=\"vacations on Yeu Island\" class=\"wp-image-7849\" style=\"aspect-ratio:0.75;object-fit:cover;width:375px;height:auto\" srcset=\"https:\/\/leboisdelagachere.com\/wp-content\/uploads\/2023\/11\/ile-d-yeu-vue-aerienne.jpg 1000w, https:\/\/leboisdelagachere.com\/wp-content\/uploads\/2023\/11\/ile-d-yeu-vue-aerienne-300x200.jpg 300w, https:\/\/leboisdelagachere.com\/wp-content\/uploads\/2023\/11\/ile-d-yeu-vue-aerienne-768x512.jpg 768w\" sizes=\"auto, (max-width: 1000px) 100vw, 1000px\" \/><\/figure><\/div>\n\n\n\n<div class=\"wp-block-column is-vertically-aligned-center is-layout-flow wp-block-column-is-layout-flow\" style=\"flex-basis:33.38%\">\n<h2 class=\"wp-block-heading has-text-color has-link-color wp-elements-7684044e1f28f3bef58edcefb75a711a\" style=\"color:#026678\">Imminent departure&#8230;<\/h2>\n\n\n\n<p>With your feet firmly on the ground, you&#8217;ll finally be able to enjoy your day.<\/p>\n\n\n\n<p><img decoding=\"async\" class=\"wp-image-7385\" style=\"width: 30px;\" src=\"https:\/\/leboisdelagachere.com\/wp-content\/uploads\/2023\/11\/guilmet-ok-couleur.png\" alt=\"camping au coeur du bois\"\/><strong><em>  A word of advice from the team: the best way to visit Yeu Island is by bike.  <\/em><\/strong><\/p>\n\n\n\n<p>Numerous bike rental companies are available on site. Unfortunately, if you book at the last minute, you run the risk of missing out on your ride. So <strong>book<\/strong> in advance. Here are a few addresses:<\/p>\n\n\n\n<ul class=\"wp-block-list\">\n<li>V\u00e9lo Yeu<\/li>\n\n\n\n<li>La Roue Libre<\/li>\n\n\n\n<li>Ker Cycle<\/li>\n<\/ul>\n<\/div>\n<\/div>\n\n<div class=\"wp-block-group alignfull has-white-color has-text-color has-background has-link-color wp-elements-ccdc4298eb4c1c1e43852dfa769007c1 is-layout-constrained wp-container-core-group-is-layout-c6787eed wp-block-group-is-layout-constrained\" style=\"background-color:#026678;padding-top:var(--wp--preset--spacing--60);padding-right:0;padding-bottom:var(--wp--preset--spacing--60);padding-left:0\">\n<div class=\"wp-block-media-text alignfull has-media-on-the-right is-stacked-on-mobile\" style=\"padding-right:10%;padding-left:10%\"><div class=\"wp-block-media-text__content\">\n<h2 class=\"wp-block-heading\">On the program &#8230;<\/h2>\n\n\n\n<p>Discover all the <strong>island&#8217;s secrets<\/strong> by bike. There are plenty of trails to enjoy the scenery.<br\/>What could be more pleasant than strolling with your hair blowing in the wind? Clear your mind, enjoy the feeling of freedom that invades you and let yourself be guided by the trails.<br\/>Cycling around the island is not difficult, as the terrain is fairly flat all the way.<\/p>\n<\/div><figure class=\"wp-block-media-text__media\"><img loading=\"lazy\" decoding=\"async\" width=\"1000\" height=\"667\" src=\"https:\/\/leboisdelagachere.com\/wp-content\/uploads\/2023\/11\/ile-d-yeu-IMG_8364.jpg\" alt=\"visite de l'\u00eele d'Yeu en Vend\u00e9e\" class=\"wp-image-7853 size-full\" srcset=\"https:\/\/leboisdelagachere.com\/wp-content\/uploads\/2023\/11\/ile-d-yeu-IMG_8364.jpg 1000w, https:\/\/leboisdelagachere.com\/wp-content\/uploads\/2023\/11\/ile-d-yeu-IMG_8364-300x200.jpg 300w, https:\/\/leboisdelagachere.com\/wp-content\/uploads\/2023\/11\/ile-d-yeu-IMG_8364-768x512.jpg 768w\" sizes=\"auto, (max-width: 1000px) 100vw, 1000px\" \/><\/figure><\/div>\n<\/div>\n\n<div class=\"wp-block-media-text alignfull is-stacked-on-mobile\" style=\"padding-top:var(--wp--preset--spacing--60);padding-right:10%;padding-bottom:var(--wp--preset--spacing--60);padding-left:10%\"><figure class=\"wp-block-media-text__media\"><img loading=\"lazy\" decoding=\"async\" width=\"1000\" height=\"667\" src=\"https:\/\/leboisdelagachere.com\/wp-content\/uploads\/2023\/11\/ile-d-yeu-IMG_8425.jpg\" alt=\"visite de l'\u00eele d'Yeu en Vend\u00e9e\" class=\"wp-image-7852 size-full\" srcset=\"https:\/\/leboisdelagachere.com\/wp-content\/uploads\/2023\/11\/ile-d-yeu-IMG_8425.jpg 1000w, https:\/\/leboisdelagachere.com\/wp-content\/uploads\/2023\/11\/ile-d-yeu-IMG_8425-300x200.jpg 300w, https:\/\/leboisdelagachere.com\/wp-content\/uploads\/2023\/11\/ile-d-yeu-IMG_8425-768x512.jpg 768w\" sizes=\"auto, (max-width: 1000px) 100vw, 1000px\" \/><\/figure><div class=\"wp-block-media-text__content\">\n<h2 class=\"wp-block-heading has-text-color has-link-color wp-elements-98beb07e331aadf3ebb15a6174156595\" style=\"color:#026678\">Get started, at your own pace<\/h2>\n\n\n\n<p>Nevertheless, there are a few spots on the island not to be missed.<\/p>\n\n\n\n<p><strong>Le Vieux Ch\u00e2teau.<br\/><\/strong>Classified as a <strong>historic monument<\/strong>, this is an architectural gem.<br\/>Its special feature: it is built on a rock and faces the ocean.<br\/>Guided tours are available &amp; if you love history and old stones, we highly recommend this visit.<\/p>\n\n\n\n<div class=\"wp-block-group has-border-color is-layout-constrained wp-container-core-group-is-layout-f611be13 wp-block-group-is-layout-constrained\" style=\"border-color:#026678;border-style:solid;border-width:3px;padding-top:var(--wp--preset--spacing--50);padding-right:var(--wp--preset--spacing--50);padding-bottom:var(--wp--preset--spacing--50);padding-left:var(--wp--preset--spacing--50)\">\n<p>Guided tours (duration 40 min.)<br\/>Guided tours at 11am, 11:30am, 12pm, 4:30pm, 5pm and 5:30pm.<br\/>Price: 4 euros<br\/>Keep your eyes peeled for prehistoric dolmens along the way.<\/p>\n<\/div>\n\n\n\n<p style=\"padding-top:var(--wp--preset--spacing--30)\"><strong>Le Grand Phare<br\/><\/strong>You can visit this 41-metre high lighthouse.<\/p>\n<\/div><\/div>\n\n<div class=\"wp-block-group alignfull has-white-color has-text-color has-background has-link-color wp-elements-a0f25dc242e35133e7d3677628c38c06 is-layout-constrained wp-block-group-is-layout-constrained\" style=\"background-color:#026678\">\n<div class=\"wp-block-media-text alignfull has-media-on-the-right is-stacked-on-mobile is-image-fill\" style=\"padding-top:var(--wp--preset--spacing--60);padding-right:10%;padding-bottom:var(--wp--preset--spacing--60);padding-left:10%\"><div class=\"wp-block-media-text__content\">\n<h2 class=\"wp-block-heading\">The beaches<\/h2>\n\n\n\n<p>After your walk, take the time to stop off at one of the <strong>island&#8217;s magnificent beaches<\/strong>.<br\/>From small, intimate coves to large beaches, there&#8217;s something for everyone.<br\/>Despite its size, the island boasts some thirty beaches.<\/p>\n\n\n\n<div class=\"wp-block-group is-layout-constrained wp-container-core-group-is-layout-f611be13 wp-block-group-is-layout-constrained\" style=\"border-width:3px;padding-top:var(--wp--preset--spacing--50);padding-right:var(--wp--preset--spacing--50);padding-bottom:var(--wp--preset--spacing--50);padding-left:var(--wp--preset--spacing--50)\">\n<p><em>We have a few favorites:<br\/><\/em>La plage des Soux, a small cove with turquoise waters.<br\/>L&#8217;Anse des Broches<br\/>La Plage de la Belle Maison<br\/>Sabias Beach<\/p>\n<\/div>\n\n\n\n<p style=\"padding-top:var(--wp--preset--spacing--30)\">Take the time to put down your towel and enjoy a swim in clear water surrounded by cliffs. What a kick!<\/p>\n\n\n\n<p><strong><em><img loading=\"lazy\" decoding=\"async\" width=\"30\" height=\"26\" class=\"wp-image-8012\" style=\"width: 30px;\" src=\"https:\/\/leboisdelagachere.com\/wp-content\/uploads\/2023\/11\/guilmet-ok-couleur-blanc-ok.png\" alt=\"\" srcset=\"https:\/\/leboisdelagachere.com\/wp-content\/uploads\/2023\/11\/guilmet-ok-couleur-blanc-ok.png 528w, https:\/\/leboisdelagachere.com\/wp-content\/uploads\/2023\/11\/guilmet-ok-couleur-blanc-ok-300x263.png 300w\" sizes=\"auto, (max-width: 30px) 100vw, 30px\" \/>  A little extra: if cycling isn&#8217;t your cup of tea, opt for a more original visit aboard the island&#8217;s little train.<\/em><\/strong><\/p>\n\n\n\n<p>To end your day on a high note, sit down at one of Port Joinville&#8217;s restaurants.<br\/>Our favorite is La Plancha du P\u00eacheur. A deliciously cooked menu that will make your taste buds tingle.<\/p>\n<\/div><figure class=\"wp-block-media-text__media\" style=\"background-image:url(https:\/\/leboisdelagachere.com\/wp-content\/uploads\/2023\/11\/ile-d-yeu-cabane-de-plage-vue-mer.jpg);background-position:50% 50%\"><img loading=\"lazy\" decoding=\"async\" width=\"1000\" height=\"667\" src=\"https:\/\/leboisdelagachere.com\/wp-content\/uploads\/2023\/11\/ile-d-yeu-cabane-de-plage-vue-mer.jpg\" alt=\"plage de l'\u00eele d'Yeu\" class=\"wp-image-7854 size-full\" srcset=\"https:\/\/leboisdelagachere.com\/wp-content\/uploads\/2023\/11\/ile-d-yeu-cabane-de-plage-vue-mer.jpg 1000w, https:\/\/leboisdelagachere.com\/wp-content\/uploads\/2023\/11\/ile-d-yeu-cabane-de-plage-vue-mer-300x200.jpg 300w, https:\/\/leboisdelagachere.com\/wp-content\/uploads\/2023\/11\/ile-d-yeu-cabane-de-plage-vue-mer-768x512.jpg 768w\" sizes=\"auto, (max-width: 1000px) 100vw, 1000px\" \/><\/figure><\/div>\n<\/div>\n\n<div class=\"wp-block-group is-layout-constrained wp-block-group-is-layout-constrained\" style=\"padding-top:var(--wp--preset--spacing--50);padding-bottom:var(--wp--preset--spacing--50)\">\n<figure class=\"wp-block-image aligncenter size-full is-resized\"><img decoding=\"async\" src=\"https:\/\/leboisdelagachere.com\/wp-content\/uploads\/2023\/11\/trait.png\" alt=\"\" class=\"wp-image-7499\" style=\"width:150px\"\/><\/figure><\/div>\n","protected":false},"excerpt":{"rendered":"<p>Enchanted getaway An enchanted getaway in a natural gem. Duration: 1 day Imminent departure&#8230; With your feet firmly on the ground, you&#8217;ll finally be able to enjoy your day. A word of advice from the team: the best way to visit Yeu Island is by bike. Numerous bike rental companies are available on site. Unfortunately, [&hellip;]<\/p>\n","protected":false},"author":3,"featured_media":0,"parent":9133,"menu_order":0,"comment_status":"closed","ping_status":"closed","template":"","meta":{"_seopress_robots_primary_cat":"","_seopress_titles_title":"Enchanted getaway in Vend\u00e9e - Visit Yeu Island","_seopress_titles_desc":"For this enchanting experience, visit the island of Yeu. We've put together an unforgettable day on this wild island.  ","_seopress_robots_index":"","footnotes":""},"class_list":["post-9152","page","type-page","status-publish","hentry"],"_links":{"self":[{"href":"https:\/\/leboisdelagachere.com\/en\/wp-json\/wp\/v2\/pages\/9152","targetHints":{"allow":["GET"]}}],"collection":[{"href":"https:\/\/leboisdelagachere.com\/en\/wp-json\/wp\/v2\/pages"}],"about":[{"href":"https:\/\/leboisdelagachere.com\/en\/wp-json\/wp\/v2\/types\/page"}],"author":[{"embeddable":true,"href":"https:\/\/leboisdelagachere.com\/en\/wp-json\/wp\/v2\/users\/3"}],"replies":[{"embeddable":true,"href":"https:\/\/leboisdelagachere.com\/en\/wp-json\/wp\/v2\/comments?post=9152"}],"version-history":[{"count":3,"href":"https:\/\/leboisdelagachere.com\/en\/wp-json\/wp\/v2\/pages\/9152\/revisions"}],"predecessor-version":[{"id":9243,"href":"https:\/\/leboisdelagachere.com\/en\/wp-json\/wp\/v2\/pages\/9152\/revisions\/9243"}],"up":[{"embeddable":true,"href":"https:\/\/leboisdelagachere.com\/en\/wp-json\/wp\/v2\/pages\/9133"}],"wp:attachment":[{"href":"https:\/\/leboisdelagachere.com\/en\/wp-json\/wp\/v2\/media?parent=9152"}],"curies":[{"name":"wp","href":"https:\/\/api.w.org\/{rel}","templated":true}]}}