{"id":9165,"date":"2023-11-21T11:26:12","date_gmt":"2023-11-21T10:26:12","guid":{"rendered":"https:\/\/dev.leboisdelagachere.com\/cycling-and-hiking-trails\/"},"modified":"2023-12-15T10:48:37","modified_gmt":"2023-12-15T09:48:37","slug":"cycling-and-hiking-trails","status":"publish","type":"page","link":"https:\/\/leboisdelagachere.com\/en\/immerse-yourself-in-nature\/cycling-and-hiking-trails\/","title":{"rendered":"Cycling and hiking trails"},"content":{"rendered":"\n<h1 class=\"wp-block-heading\">Explore the forest<\/h1>\n\n<div class=\"wp-block-columns alignwide is-layout-flex wp-container-core-columns-is-layout-3c1f764f wp-block-columns-is-layout-flex\" style=\"margin-top:var(--wp--preset--spacing--50);margin-bottom:var(--wp--preset--spacing--50);padding-top:0;padding-bottom:0\">\n<div class=\"wp-block-column is-vertically-aligned-center is-layout-flow wp-block-column-is-layout-flow\" style=\"flex-basis:33.33%\">\n<p>You can <strong>cycle<\/strong> all over the Vend\u00e9e on the V\u00e9lodyss\u00e9e. This magnificent network of cycle paths runs the length and breadth of the d\u00e9partement. Almost all communes are served, from the coast to inland. You can take advantage of this opportunity to cross embankments, marshes and forests for a short or long ride.<\/p>\n\n\n\n<p>On foot or by bike, you&#8217;ll find plenty of beautiful places to explore during your stay, and close to your campsite home, Le Bois de La Gach\u00e8re.<\/p>\n\n\n\n<p>On this website, you will find several suggested routes with different levels and durations: https: <a href=\"https:\/\/www.lessablesdolonne-tourisme.com\/Decouvrir\/Nature-Randos\/Circuits-randonnees-nature\/Sentiers-pedestres\" target=\"_blank\" rel=\"noreferrer noopener\">\/\/www.lessablesdolonne-tourisme.com\/Decouvrir\/Nature-Randos\/Circuits-randonnees-nature\/Sentiers-pedestres<\/a>.<\/p>\n<\/div>\n\n\n\n<div class=\"wp-block-column is-layout-flow wp-block-column-is-layout-flow\" style=\"flex-basis:33.02%\">\n<div style=\"height:2vw\" aria-hidden=\"true\" class=\"wp-block-spacer\"><\/div>\n\n\n\n<figure class=\"wp-block-image size-full is-resized\"><img loading=\"lazy\" decoding=\"async\" width=\"1000\" height=\"667\" src=\"https:\/\/leboisdelagachere.com\/wp-content\/uploads\/2023\/11\/2023_Foret_Rando_LesGravelots_GR_LesSablesdOlonne_EnVendee_221.jpg\" alt=\"trail near the campsite in Les Sables d'Olonne\" class=\"wp-image-7821\" style=\"aspect-ratio:0.75;object-fit:cover;width:358px;height:auto\" srcset=\"https:\/\/leboisdelagachere.com\/wp-content\/uploads\/2023\/11\/2023_Foret_Rando_LesGravelots_GR_LesSablesdOlonne_EnVendee_221.jpg 1000w, https:\/\/leboisdelagachere.com\/wp-content\/uploads\/2023\/11\/2023_Foret_Rando_LesGravelots_GR_LesSablesdOlonne_EnVendee_221-300x200.jpg 300w, https:\/\/leboisdelagachere.com\/wp-content\/uploads\/2023\/11\/2023_Foret_Rando_LesGravelots_GR_LesSablesdOlonne_EnVendee_221-768x512.jpg 768w\" sizes=\"auto, (max-width: 1000px) 100vw, 1000px\" \/><\/figure><\/div>\n\n\n\n<div class=\"wp-block-column is-layout-flow wp-block-column-is-layout-flow\" style=\"flex-basis:33.65%\">\n<figure class=\"wp-block-image size-full\"><img loading=\"lazy\" decoding=\"async\" width=\"1000\" height=\"667\" src=\"https:\/\/leboisdelagachere.com\/wp-content\/uploads\/2023\/11\/2023_Rando_Velodyssee_Paracou_LesSablesdOlonne_EnVendee_139-1.jpg\" alt=\"seaside cycle paths in Vend&#xE9;e\" class=\"wp-image-7823\" style=\"aspect-ratio:3\/4;object-fit:cover\" srcset=\"https:\/\/leboisdelagachere.com\/wp-content\/uploads\/2023\/11\/2023_Rando_Velodyssee_Paracou_LesSablesdOlonne_EnVendee_139-1.jpg 1000w, https:\/\/leboisdelagachere.com\/wp-content\/uploads\/2023\/11\/2023_Rando_Velodyssee_Paracou_LesSablesdOlonne_EnVendee_139-1-300x200.jpg 300w, https:\/\/leboisdelagachere.com\/wp-content\/uploads\/2023\/11\/2023_Rando_Velodyssee_Paracou_LesSablesdOlonne_EnVendee_139-1-768x512.jpg 768w\" sizes=\"auto, (max-width: 1000px) 100vw, 1000px\" \/><\/figure><\/div>\n<\/div>\n\n<figure class=\"wp-block-image aligncenter size-full is-resized\"><img decoding=\"async\" src=\"https:\/\/leboisdelagachere.com\/wp-content\/uploads\/2023\/11\/trait.png\" alt=\"\" class=\"wp-image-7499\" style=\"width:150px\"\/><\/figure>\n<div class=\"wp-block-columns is-layout-flex wp-container-core-columns-is-layout-28f84493 wp-block-columns-is-layout-flex\">\n<div class=\"wp-block-column is-layout-flow wp-block-column-is-layout-flow\">\n<div class=\"wp-block-group has-white-color has-text-color has-background has-link-color wp-elements-0c73f00a0317d4aa5645a896da0df747 is-layout-constrained wp-container-core-group-is-layout-19ac9bc1 wp-block-group-is-layout-constrained\" style=\"background-color:#026678;min-height:200px;margin-top:0;margin-bottom:0;padding-top:var(--wp--preset--spacing--60);padding-right:var(--wp--preset--spacing--60);padding-bottom:var(--wp--preset--spacing--60);padding-left:var(--wp--preset--spacing--60)\">\n<h2 class=\"wp-block-heading\">Les Marais d&#8217;Olonne<\/h2>\n\n\n\n<p>If we can recommend a nice spot, it&#8217;s the <strong>Olonne marshes<\/strong>. For a change of scenery, it&#8217;s the perfect place. You can start from the commune of Olonne-sur-Mer, near Les <a href=\"https:\/\/leboisdelagachere.com\/villes-vendee\/les-sables-dolonne\/\" data-type=\"page\" data-id=\"7890\">Sables d&#8217;Olonne<\/a>. Once you&#8217;re there, head towards the marshes, first crossing dirt roads and then arriving on the cycle path, which you&#8217;ll follow on foot.  <\/p>\n\n\n\n<p>Find out more about the route: https: <a href=\"https:\/\/www.visorando.com\/randonnee-le-marais-des-olonnes\/\" target=\"_blank\" rel=\"noreferrer noopener\">\/\/www.visorando.com\/randonnee-le-marais-des-olonnes\/<\/a>.<\/p>\n<\/div>\n<\/div>\n\n\n\n<div class=\"wp-block-column is-layout-flow wp-block-column-is-layout-flow\">\n<div class=\"wp-block-group h-100 has-white-color has-text-color has-background has-link-color wp-elements-efbe70ba56ab8d4a54fcfef89d6c6f95 is-layout-constrained wp-container-core-group-is-layout-db32e940 wp-block-group-is-layout-constrained\" style=\"background-color:#026678;min-height:200px;padding-top:var(--wp--preset--spacing--60);padding-right:var(--wp--preset--spacing--60);padding-bottom:var(--wp--preset--spacing--60);padding-left:var(--wp--preset--spacing--60)\">\n<h2 class=\"wp-block-heading\">Les Puits d&#8217;Enfer on Cayola Bay in Les Sables d&#8217;Olonne<\/h2>\n\n\n\n<p>For another invigorating stroll, head for Les <strong>Puits d&#8217;Enfer<\/strong>. These rocky chasms offer an impressive sight when the waves come ashore. An airy, relaxing walk to the sound of the sea, that&#8217;s what we&#8217;re offering you here. Overlooking the sea and the beach, follow the rhythm of the waves.<\/p>\n\n\n\n<p>To find out more about the itinerary to follow, discover our <a href=\"https:\/\/leboisdelagachere.com\/en\/half-day-mountain-biking\/\" data-type=\"page\" data-id=\"8075\">rejuvenating experience<\/a>.<\/p>\n<\/div>\n<\/div>\n<\/div>\n\n<p><img decoding=\"async\" class=\"wp-image-7385\" style=\"width: 30px;\" src=\"https:\/\/leboisdelagachere.com\/wp-content\/uploads\/2023\/11\/guilmet-ok-couleur.png\" alt=\"camping au coeur du bois\"\/><em>A word of advice:<\/em><br\/>For these walks, don&#8217;t hesitate to pack a picnic lunch in your rucksack, and enjoy a moment&#8217;s rest over a sandwich along the way. Take a break to enjoy the peace and quiet of nature.<\/p>\n\n<figure class=\"wp-block-image aligncenter size-full is-resized\"><img decoding=\"async\" src=\"https:\/\/leboisdelagachere.com\/wp-content\/uploads\/2023\/11\/trait.png\" alt=\"\" class=\"wp-image-7499\" style=\"width:150px\"\/><\/figure><div class=\"wp-block-sev-diaporama alignfull\">\n\t\t\t<div id=\"sevgallery-1605626389\" class=\"sev-diaporama sev-diaporama-portfolio\">\n\n\t\t\t<div class=\"row\">\n\n\n\n\t\t\t\n\n\n\t\t\t\t\n\n\n\t\t\t\t<div class=\"sev-diaporama-portfolio-item col-12 col-sm  col-shrink\">\n\n\n\n\t\t\t\t\t\n\t\t\t\t\t\t\t\t\t\t<a href=\"https:\/\/leboisdelagachere.com\/wp-content\/uploads\/2023\/11\/2023_Rando_Velodyssee_Paracou_LesSablesdOlonne_EnVendee_092.jpg\" data-lightbox=\"sevgallery-1605626389\" style=\"background-image: url(https:\/\/leboisdelagachere.com\/wp-content\/uploads\/2023\/11\/2023_Rando_Velodyssee_Paracou_LesSablesdOlonne_EnVendee_092.jpg)\">\n\n\t\t\t\t\t\n\t\t\t\t\t\t<img decoding=\"async\" src=\"https:\/\/leboisdelagachere.com\/wp-content\/uploads\/2023\/11\/2023_Rando_Velodyssee_Paracou_LesSablesdOlonne_EnVendee_092.jpg\" alt=\"\" loading=\"lazy\">\n\n\t\t\t\t\t\n\t\t\t\t\t<\/a>\n\n\t\t\t\t\t\n\t\t\t\t<\/div>\n\n\n\n\t\t\t\t\n\n\n\t\t\t\t\n\t\t\t\t\n\t\t\t\n\n\n\t\t\t\t\n\n\n\t\t\t\t<div class=\"sev-diaporama-portfolio-item col-12 col-sm \">\n\n\n\n\t\t\t\t\t\n\t\t\t\t\t\t\t\t\t\t<a href=\"https:\/\/leboisdelagachere.com\/wp-content\/uploads\/2023\/11\/piste-cyclable-velo-les-sables-dolonne-IMG_8155.jpg\" data-lightbox=\"sevgallery-1605626389\" style=\"background-image: url(https:\/\/leboisdelagachere.com\/wp-content\/uploads\/2023\/11\/piste-cyclable-velo-les-sables-dolonne-IMG_8155.jpg)\">\n\n\t\t\t\t\t\n\t\t\t\t\t\t<img decoding=\"async\" src=\"https:\/\/leboisdelagachere.com\/wp-content\/uploads\/2023\/11\/piste-cyclable-velo-les-sables-dolonne-IMG_8155.jpg\" alt=\"\" loading=\"lazy\">\n\n\t\t\t\t\t\n\t\t\t\t\t<\/a>\n\n\t\t\t\t\t\n\t\t\t\t<\/div>\n\n\n\n\t\t\t\t\n\n\n\t\t\t\t\n\t\t\t\t\n\t\t\t\n\n\n\t\t\t\t\n\n\n\t\t\t\t<div class=\"sev-diaporama-portfolio-item col-12 col-sm  col-shrink\">\n\n\n\n\t\t\t\t\t\n\t\t\t\t\t\t\t\t\t\t<a href=\"https:\/\/leboisdelagachere.com\/wp-content\/uploads\/2023\/11\/piste-cyclable-velo-les-sables-dolonne-IMG_6820.jpg\" data-lightbox=\"sevgallery-1605626389\" style=\"background-image: url(https:\/\/leboisdelagachere.com\/wp-content\/uploads\/2023\/11\/piste-cyclable-velo-les-sables-dolonne-IMG_6820.jpg)\">\n\n\t\t\t\t\t\n\t\t\t\t\t\t<img decoding=\"async\" src=\"https:\/\/leboisdelagachere.com\/wp-content\/uploads\/2023\/11\/piste-cyclable-velo-les-sables-dolonne-IMG_6820.jpg\" alt=\"\" loading=\"lazy\">\n\n\t\t\t\t\t\n\t\t\t\t\t<\/a>\n\n\t\t\t\t\t\n\t\t\t\t<\/div>\n\n\n\n\t\t\t\t\n\n\n\t\t\t\t\n\t\t\t\t\n\t\t\t\n\n\n\t\t\t\t\n\n\n\t\t\t\t<div class=\"sev-diaporama-portfolio-item col-12 col-sm  col-grow\">\n\n\n\n\t\t\t\t\t\n\t\t\t\t\t\t\t\t\t\t<a href=\"https:\/\/leboisdelagachere.com\/wp-content\/uploads\/2023\/11\/piste-cyclable-velo-les-sables-dolonne-IMG_6541.jpg\" data-lightbox=\"sevgallery-1605626389\" style=\"background-image: url(https:\/\/leboisdelagachere.com\/wp-content\/uploads\/2023\/11\/piste-cyclable-velo-les-sables-dolonne-IMG_6541.jpg)\">\n\n\t\t\t\t\t\n\t\t\t\t\t\t<img decoding=\"async\" src=\"https:\/\/leboisdelagachere.com\/wp-content\/uploads\/2023\/11\/piste-cyclable-velo-les-sables-dolonne-IMG_6541.jpg\" alt=\"\" loading=\"lazy\">\n\n\t\t\t\t\t\n\t\t\t\t\t<\/a>\n\n\t\t\t\t\t\n\t\t\t\t<\/div>\n\n\n\n\t\t\t\t\n\t\t\t\t\t<div class=\"w-100\"><\/div>\n\n\t\t\t\t\t\n\t\t\t\t\n\n\n\t\t\t\t\n\t\t\t\t\n\t\t\t\n\n\n\t\t\t\t\n\n\n\t\t\t\t<div class=\"sev-diaporama-portfolio-item col-12 col-sm \">\n\n\n\n\t\t\t\t\t\n\t\t\t\t\t\t\t\t\t\t<a href=\"https:\/\/leboisdelagachere.com\/wp-content\/uploads\/2023\/11\/piste-cyclable-les-sables-IMG_7776.jpg\" data-lightbox=\"sevgallery-1605626389\" style=\"background-image: url(https:\/\/leboisdelagachere.com\/wp-content\/uploads\/2023\/11\/piste-cyclable-les-sables-IMG_7776.jpg)\">\n\n\t\t\t\t\t\n\t\t\t\t\t\t<img decoding=\"async\" src=\"https:\/\/leboisdelagachere.com\/wp-content\/uploads\/2023\/11\/piste-cyclable-les-sables-IMG_7776.jpg\" alt=\"\" loading=\"lazy\">\n\n\t\t\t\t\t\n\t\t\t\t\t<\/a>\n\n\t\t\t\t\t\n\t\t\t\t<\/div>\n\n\n\n\t\t\t\t\n\n\n\t\t\t\t\n\t\t\t\t\n\t\t\t\n\n\n\t\t\t\t\n\n\n\t\t\t\t<div class=\"sev-diaporama-portfolio-item col-12 col-sm  col-shrink\">\n\n\n\n\t\t\t\t\t\n\t\t\t\t\t\t\t\t\t\t<a href=\"https:\/\/leboisdelagachere.com\/wp-content\/uploads\/2023\/11\/piste-cyclable-velo-les-sables-dolonne-IMG_7211.jpg\" data-lightbox=\"sevgallery-1605626389\" style=\"background-image: url(https:\/\/leboisdelagachere.com\/wp-content\/uploads\/2023\/11\/piste-cyclable-velo-les-sables-dolonne-IMG_7211.jpg)\">\n\n\t\t\t\t\t\n\t\t\t\t\t\t<img decoding=\"async\" src=\"https:\/\/leboisdelagachere.com\/wp-content\/uploads\/2023\/11\/piste-cyclable-velo-les-sables-dolonne-IMG_7211.jpg\" alt=\"\" loading=\"lazy\">\n\n\t\t\t\t\t\n\t\t\t\t\t<\/a>\n\n\t\t\t\t\t\n\t\t\t\t<\/div>\n\n\n\n\t\t\t\t\n\n\n\t\t\t\t\n\t\t\t\t\n\t\t\t\n\n\n\t\t\t\t\n\n\n\t\t\t\t<div class=\"sev-diaporama-portfolio-item col-12 col-sm  col-grow\">\n\n\n\n\t\t\t\t\t\n\t\t\t\t\t\t\t\t\t\t<a href=\"https:\/\/leboisdelagachere.com\/wp-content\/uploads\/2023\/11\/piste-cyclable-velo-les-sables-dolonne-IMG_7167.jpg\" data-lightbox=\"sevgallery-1605626389\" style=\"background-image: url(https:\/\/leboisdelagachere.com\/wp-content\/uploads\/2023\/11\/piste-cyclable-velo-les-sables-dolonne-IMG_7167.jpg)\">\n\n\t\t\t\t\t\n\t\t\t\t\t\t<img decoding=\"async\" src=\"https:\/\/leboisdelagachere.com\/wp-content\/uploads\/2023\/11\/piste-cyclable-velo-les-sables-dolonne-IMG_7167.jpg\" alt=\"\" loading=\"lazy\">\n\n\t\t\t\t\t\n\t\t\t\t\t<\/a>\n\n\t\t\t\t\t\n\t\t\t\t<\/div>\n\n\n\n\t\t\t\t\n\n\n\t\t\t\t\n\t\t\t\t\n\t\t\t\n\n\n\t\t\t\t\n\n\n\t\t\t\t<div class=\"sev-diaporama-portfolio-item col-12 col-sm  col-grow\">\n\n\n\n\t\t\t\t\t\n\t\t\t\t\t\t\t\t\t\t<a href=\"https:\/\/leboisdelagachere.com\/wp-content\/uploads\/2023\/11\/piste-cyclable-velo-les-sables-dolonne-IMG_1982.jpg\" data-lightbox=\"sevgallery-1605626389\" style=\"background-image: url(https:\/\/leboisdelagachere.com\/wp-content\/uploads\/2023\/11\/piste-cyclable-velo-les-sables-dolonne-IMG_1982.jpg)\">\n\n\t\t\t\t\t\n\t\t\t\t\t\t<img decoding=\"async\" src=\"https:\/\/leboisdelagachere.com\/wp-content\/uploads\/2023\/11\/piste-cyclable-velo-les-sables-dolonne-IMG_1982.jpg\" alt=\"\" loading=\"lazy\">\n\n\t\t\t\t\t\n\t\t\t\t\t<\/a>\n\n\t\t\t\t\t\n\t\t\t\t<\/div>\n\n\n\n\t\t\t\t\n\t\t\t\t\t<div class=\"w-100\"><\/div>\n\n\t\t\t\t\t\n\t\t\t\t\n\n\n\t\t\t\t\n\t\t\t\t\n\t\t\t\n\n\n\t\t\t\t\n\n\n\t\t\t\t<div class=\"sev-diaporama-portfolio-item col-12 col-sm  col-grow\">\n\n\n\n\t\t\t\t\t\n\t\t\t\t\t\t\t\t\t\t<a href=\"https:\/\/leboisdelagachere.com\/wp-content\/uploads\/2023\/11\/piste-cyclable-velo-les-sables-dolonne-IMG_1121.jpg\" data-lightbox=\"sevgallery-1605626389\" style=\"background-image: url(https:\/\/leboisdelagachere.com\/wp-content\/uploads\/2023\/11\/piste-cyclable-velo-les-sables-dolonne-IMG_1121.jpg)\">\n\n\t\t\t\t\t\n\t\t\t\t\t\t<img decoding=\"async\" src=\"https:\/\/leboisdelagachere.com\/wp-content\/uploads\/2023\/11\/piste-cyclable-velo-les-sables-dolonne-IMG_1121.jpg\" alt=\"\" loading=\"lazy\">\n\n\t\t\t\t\t\n\t\t\t\t\t<\/a>\n\n\t\t\t\t\t\n\t\t\t\t<\/div>\n\n\n\n\t\t\t\t\n\n\n\t\t\t\t\n\t\t\t\t\n\t\t\t\n\n\n\t\t\t\t\n\n\n\t\t\t\t<div class=\"sev-diaporama-portfolio-item col-12 col-sm  col-grow\">\n\n\n\n\t\t\t\t\t\n\t\t\t\t\t\t\t\t\t\t<a href=\"https:\/\/leboisdelagachere.com\/wp-content\/uploads\/2023\/11\/piste-cyclable-velo-les-sables-dolonne-IMG_0247.jpg\" data-lightbox=\"sevgallery-1605626389\" style=\"background-image: url(https:\/\/leboisdelagachere.com\/wp-content\/uploads\/2023\/11\/piste-cyclable-velo-les-sables-dolonne-IMG_0247.jpg)\">\n\n\t\t\t\t\t\n\t\t\t\t\t\t<img decoding=\"async\" src=\"https:\/\/leboisdelagachere.com\/wp-content\/uploads\/2023\/11\/piste-cyclable-velo-les-sables-dolonne-IMG_0247.jpg\" alt=\"\" loading=\"lazy\">\n\n\t\t\t\t\t\n\t\t\t\t\t<\/a>\n\n\t\t\t\t\t\n\t\t\t\t<\/div>\n\n\n\n\t\t\t\t\n\n\n\t\t\t\t\n\t\t\t\t\n\t\t\t\n\n\n\t\t\t\t\n\n\n\t\t\t\t<div class=\"sev-diaporama-portfolio-item col-12 col-sm \">\n\n\n\n\t\t\t\t\t\n\t\t\t\t\t\t\t\t\t\t<a href=\"https:\/\/leboisdelagachere.com\/wp-content\/uploads\/2023\/11\/piste-cyclable-velo-les-sables-dolonne-IMG_0181.jpg\" data-lightbox=\"sevgallery-1605626389\" style=\"background-image: url(https:\/\/leboisdelagachere.com\/wp-content\/uploads\/2023\/11\/piste-cyclable-velo-les-sables-dolonne-IMG_0181.jpg)\">\n\n\t\t\t\t\t\n\t\t\t\t\t\t<img decoding=\"async\" src=\"https:\/\/leboisdelagachere.com\/wp-content\/uploads\/2023\/11\/piste-cyclable-velo-les-sables-dolonne-IMG_0181.jpg\" alt=\"\" loading=\"lazy\">\n\n\t\t\t\t\t\n\t\t\t\t\t<\/a>\n\n\t\t\t\t\t\n\t\t\t\t<\/div>\n\n\n\n\t\t\t\t\n\n\n\t\t\t\t\n\t\t\t\t\n\t\t\t\n\n\n\t\t\t\t\n\n\n\t\t\t\t<div class=\"sev-diaporama-portfolio-item col-12 col-sm  col-shrink\">\n\n\n\n\t\t\t\t\t\n\t\t\t\t\t\t\t\t\t\t<a href=\"https:\/\/leboisdelagachere.com\/wp-content\/uploads\/2023\/11\/les-sables-cayola-IMG_2495.jpg\" data-lightbox=\"sevgallery-1605626389\" style=\"background-image: url(https:\/\/leboisdelagachere.com\/wp-content\/uploads\/2023\/11\/les-sables-cayola-IMG_2495.jpg)\">\n\n\t\t\t\t\t\n\t\t\t\t\t\t<img decoding=\"async\" src=\"https:\/\/leboisdelagachere.com\/wp-content\/uploads\/2023\/11\/les-sables-cayola-IMG_2495.jpg\" alt=\"\" loading=\"lazy\">\n\n\t\t\t\t\t\n\t\t\t\t\t<\/a>\n\n\t\t\t\t\t\n\t\t\t\t<\/div>\n\n\n\n\t\t\t\t\n\t\t\t\t\t<div class=\"w-100\"><\/div>\n\n\t\t\t\t\t\n\t\t\t\t\n\n\n\t\t\t\t\n\t\t\t\t\n\t\t\t\n\t\t\t<\/div>\n\n\t\t\t<\/div>\n\n\n\n\t\t\t<script>\n\n\t\t\tjQuery(function($) {\n\n\n\n\t\t\t\tvar marginPortfolio = function() {\n\n\n\n\t\t\t\t\tvar $diapo          = $('#sevgallery-1605626389');\n\n\t\t\t\t\tvar container_width = $diapo.parent().outerWidth();\n\n\t\t\t\t\tvar side            = ( $(window).innerWidth() - container_width ) \/ 2;\n\n\n\n\t\t\t\t\t$diapo.css( {\n\n\t\t\t\t\t\t'margin-left': '-' + side + 'px',\n\n\t\t\t\t\t\t'margin-right': '-' + side + 'px',\n\n\t\t\t\t\t} );\n\n\t\t\t\t};\n\n\n\n\t\t\t\t$( window ).resize( function() {\n\n\t\t\t\t\tmarginPortfolio();\n\n\t\t\t\t} );\n\n\t\t\t\tmarginPortfolio();\n\n\t\t\t});\n\n\t\t\t<\/script>\n\n\t\t\t<\/div>","protected":false},"excerpt":{"rendered":"<p>Explore the forest You can cycle all over the Vend\u00e9e on the V\u00e9lodyss\u00e9e. This magnificent network of cycle paths runs the length and breadth of the d\u00e9partement. Almost all communes are served, from the coast to inland. You can take advantage of this opportunity to cross embankments, marshes and forests for a short or long [&hellip;]<\/p>\n","protected":false},"author":3,"featured_media":0,"parent":9361,"menu_order":0,"comment_status":"closed","ping_status":"closed","template":"","meta":{"_seopress_robots_primary_cat":"","_seopress_titles_title":"Explore the forest on the bike paths","_seopress_titles_desc":"There's no shortage of cycle paths in the Vend\u00e9e. Discover the department on trails suitable for everyone.  ","_seopress_robots_index":"","footnotes":""},"class_list":["post-9165","page","type-page","status-publish","hentry"],"_links":{"self":[{"href":"https:\/\/leboisdelagachere.com\/en\/wp-json\/wp\/v2\/pages\/9165","targetHints":{"allow":["GET"]}}],"collection":[{"href":"https:\/\/leboisdelagachere.com\/en\/wp-json\/wp\/v2\/pages"}],"about":[{"href":"https:\/\/leboisdelagachere.com\/en\/wp-json\/wp\/v2\/types\/page"}],"author":[{"embeddable":true,"href":"https:\/\/leboisdelagachere.com\/en\/wp-json\/wp\/v2\/users\/3"}],"replies":[{"embeddable":true,"href":"https:\/\/leboisdelagachere.com\/en\/wp-json\/wp\/v2\/comments?post=9165"}],"version-history":[{"count":1,"href":"https:\/\/leboisdelagachere.com\/en\/wp-json\/wp\/v2\/pages\/9165\/revisions"}],"predecessor-version":[{"id":9183,"href":"https:\/\/leboisdelagachere.com\/en\/wp-json\/wp\/v2\/pages\/9165\/revisions\/9183"}],"up":[{"embeddable":true,"href":"https:\/\/leboisdelagachere.com\/en\/wp-json\/wp\/v2\/pages\/9361"}],"wp:attachment":[{"href":"https:\/\/leboisdelagachere.com\/en\/wp-json\/wp\/v2\/media?parent=9165"}],"curies":[{"name":"wp","href":"https:\/\/api.w.org\/{rel}","templated":true}]}}