{"id":9188,"date":"2023-11-15T12:38:30","date_gmt":"2023-11-15T11:38:30","guid":{"rendered":"https:\/\/dev.leboisdelagachere.com\/access-contact\/"},"modified":"2023-12-15T10:48:28","modified_gmt":"2023-12-15T09:48:28","slug":"access-contact","status":"publish","type":"page","link":"https:\/\/leboisdelagachere.com\/en\/access-contact\/","title":{"rendered":"Access \/ Contact"},"content":{"rendered":"\n<h1 class=\"wp-block-heading\">Access \/ Contact<\/h1>\n\n<div class=\"wp-block-columns alignfull is-layout-flex wp-container-core-columns-is-layout-5fd31530 wp-block-columns-is-layout-flex\" style=\"padding-right:10%;padding-left:10%\">\n<div class=\"wp-block-column is-layout-flow wp-block-column-is-layout-flow\">\n<h2 class=\"wp-block-heading\">Need some information?  <\/h2>\n\n\n\n<p>Contact us<\/p>\n\n\n\n\t\t\t\t<form action=\"\" class=\"form-contact sevform needs-validation\" data-form-type=\"contact\" role=\"form\" method=\"post\" novalidate>\r\n\t\t\t<div class=\"form-row\">\r\n\t\t\t\t\t\t<div class=\"form-group col-md-6 \">\r\n\r\n\t\t\t<label class=\"col-form-label\" for=\"nom_nom\">\r\n\t\t\t\tName * \r\n\t\t\t<\/label>\r\n\r\n\t\t\t<input type=\"text\" id=\"nom_nom\" name=\"nom\" class=\"form-control\" value=\"\"  required>\r\n\r\n\t\t\t<div class=\"invalid-feedback\">Please enter your name<\/div>\r\n\t\t<\/div>\r\n\t\t\t\t<div class=\"form-group col-md-6 \">\r\n\r\n\t\t\t<label class=\"col-form-label\" for=\"prenom_prenom\">\r\n\t\t\t\tFirst name \r\n\t\t\t<\/label>\r\n\r\n\t\t\t<input type=\"text\" id=\"prenom_prenom\" name=\"prenom\" class=\"form-control\" value=\"\" >\r\n\r\n\t\t\t<div class=\"invalid-feedback\">Please enter your first name<\/div>\r\n\t\t<\/div>\r\n\t\t\t\t\t<\/div>\r\n\t\t\t<div class=\"form-row\">\r\n\t\t\t\t\t\t<div class=\"form-group col-md-6 \">\r\n\r\n\t\t\t<label class=\"col-form-label\" for=\"email_email\">\r\n\t\t\t\tE-mail * \r\n\t\t\t<\/label>\r\n\r\n\t\t\t<input type=\"email\" id=\"email_email\" name=\"email\" class=\"form-control\" value=\"\"  required>\r\n\r\n\t\t\t<div class=\"invalid-feedback\">Please enter your mail<\/div>\r\n\t\t<\/div>\r\n\t\t\t\t<div class=\"form-group col-md-6 \">\r\n\r\n\t\t\t<label class=\"col-form-label\" for=\"tel_tel\">\r\n\t\t\t\tPhone \r\n\t\t\t<\/label>\r\n\r\n\t\t\t<input type=\"tel\" id=\"tel_tel\" name=\"tel\" class=\"form-control\" value=\"\" >\r\n\r\n\t\t\t<div class=\"invalid-feedback\">Please enter a valid telephone number<\/div>\r\n\t\t<\/div>\r\n\t\t\t\t\t<\/div>\r\n\r\n\t\t\t\t\t<div class=\"form-group \">\r\n\r\n\t\t\t<label class=\"col-form-label\" for=\"adresse_adresse\">\r\n\t\t\t\tAddress \r\n\t\t\t<\/label>\r\n\r\n\t\t\t<input type=\"text\" id=\"adresse_adresse\" name=\"adresse\" class=\"form-control\" value=\"\" >\r\n\r\n\t\t\t<div class=\"invalid-feedback\">Please enter your address<\/div>\r\n\t\t<\/div>\r\n\t\t\r\n\t\t\t<div class=\"form-row\">\r\n\t\t\t\t\t<div class=\"form-group col-md-6 \">\r\n\r\n\t\t\t<label class=\"col-form-label\" for=\"cp_cp\">\r\n\t\t\t\tPostcode \r\n\t\t\t<\/label>\r\n\r\n\t\t\t<input type=\"text\" id=\"cp_cp\" name=\"cp\" class=\"form-control\" value=\"\" >\r\n\r\n\t\t\t<div class=\"invalid-feedback\">Please enter your postcode<\/div>\r\n\t\t<\/div>\r\n\t\t\t\t<div class=\"form-group col-md-6 \">\r\n\r\n\t\t\t<label class=\"col-form-label\" for=\"ville_ville\">\r\n\t\t\t\tCity \r\n\t\t\t<\/label>\r\n\r\n\t\t\t<input type=\"text\" id=\"ville_ville\" name=\"ville\" class=\"form-control\" value=\"\" >\r\n\r\n\t\t\t<div class=\"invalid-feedback\">Merci de renseigner votre commune<\/div>\r\n\t\t<\/div>\r\n\t\t\t\t\t<\/div>\r\n\r\n\t\t\t\t\t<div class=\"form-group \">\r\n\r\n\t\t\t<label class=\"col-form-label\" for=\"msg_msg\">\r\n\t\t\t\tMessage * \r\n\t\t\t<\/label>\r\n\r\n\t\t\t<textarea name=\"msg\" id=\"msg_msg\" class=\"form-control\" rows=\"3\"  required><\/textarea>\r\n\r\n\t\t\t<div class=\"invalid-feedback\">Merci de sp\u00e9cifier votre demande<\/div>\r\n\t\t<\/div>\r\n\t\t\r\n\t\t\t\t\t<div class=\"form-group \">\r\n\r\n\t\t\t\t\t\t<div class=\"form-check\">\r\n\r\n\t\t\t\t\t\t\t\t<input class=\"form-check-input\" type=\"checkbox\" value=\"1\" name=\"rgpd\" id=\"rgpd_rgpd\"  required >\r\n\r\n\t\t\t\t<label class=\"form-check-label\" for=\"rgpd_rgpd\">\r\n\t\t\t\t\tI agree that the information entered may be used in connection with the request for information and the commercial relationship that may result *.  *\t\t\t\t<\/label>\r\n\r\n\t\t\t\t<div class=\"invalid-feedback\">Votre consentement est requis<\/div>\r\n\t\t\t<\/div>\r\n\t\t\t\t\t<\/div>\r\n\t\t\r\n\t\t\t\t\t<div class=\"form-group form-group-hcaptcha \">\r\n\r\n\t\t\t<div class=\"h-captcha \" data-sitekey=\"fd879bc9-7fc1-4c5d-9e17-c5cadf849fa9\"><\/div>\r\n\t\t\t<div class=\"invalid-feedback\">La v\u00e9rification du captcha a \u00e9chou\u00e9e. Veuillez essayer de nouveau<\/div>\r\n\t\t<\/div>\r\n\t\t\r\n\t\t\t<div class=\"form-group contact-texte-container\">\r\n\t\t\t\t<input type=\"text\" class=\"contact-texte\" name=\"texte\" value=\"\">\r\n\t\t\t<\/div>\r\n\r\n\t\t\t<div class=\"form-group text-center\">\r\n\t\t\t\t<input type=\"hidden\" name=\"nonce\" value=\"d36944ff53\">\r\n\t\t\t\t\t\t\t\t<button type=\"submit\" name=\"submit\" class=\"btn btn-primary\">Send<\/button>\r\n\t\t\t\t<small class=\"ml-3\">*Mandatory field<\/small>\r\n\t\t\t<\/div>\r\n\t\t\t\r\n\t\t\t\r\n\t\t\t\t\t<script>\r\n\t\t\/*jshint esversion: 6 *\/\r\n\t\t( function() {\r\n\t\t\t'use strict';\r\n\t\t\twindow.addEventListener( 'load', function() {\r\n\r\n\t\t\t\tvar SEVForms       = document.getElementsByClassName( 'sevform' );\r\n\t\t\t\tvar submitSevForms = Array.prototype.filter.call( SEVForms, function( form ) {\r\n\r\n\t\t\t\t\tform.addEventListener( 'submit', function( event ) {\r\n\r\n\t\t\t\t\t\t\/\/ Fields validation.\r\n\t\t\t\t\t\tif ( form.classList.contains( 'needs-validation' ) ) {\r\n\r\n\t\t\t\t\t\t\tform.classList.add('was-validated');\r\n\r\n\t\t\t\t\t\t\tif ( form.checkValidity() === false ) {\r\n\r\n\t\t\t\t\t\t\t\tevent.preventDefault();\r\n\t\t\t\t\t\t\t\tevent.stopPropagation();\r\n\r\n\t\t\t\t\t\t\t\treturn false;\r\n\t\t\t\t\t\t\t}\r\n\t\t\t\t\t\t}\r\n\r\n\t\t\t\t\t\t\/\/ AJAX send.\r\n\t\t\t\t\t\tif ( form.classList.contains( 'send-with-ajax' ) ) {\r\n\r\n\t\t\t\t\t\t\tevent.preventDefault();\r\n\t\t\t\t\t\t\tevent.stopPropagation();\r\n\r\n\t\t\t\t\t\t\tvar httpRequest, data, formData, formType;\r\n\r\n\t\t\t\t\t\t\thttpRequest = new XMLHttpRequest();\r\n\t\t\t\t\t\t\tformData    = new FormData( form );\r\n\t\t\t\t\t\t\tformType    = form.getAttribute( 'data-form-type' );\r\n\t\t\t\t\t\t\tdata        = 'action=sevform_submit';\r\n\t\t\t\t\t\t\tdata       += '&type=' + formType;\r\n\r\n\t\t\t\t\t\t\tfor( var pair of formData.entries() ) {\r\n\t\t\t\t\t\t\t\tdata += '&' + pair[0] + '=' + pair[1];\r\n\t\t\t\t\t\t\t}\r\n\r\n\t\t\t\t\t\t\thttpRequest.onreadystatechange = function() {\r\n\r\n\t\t\t\t\t\t\t\tif ( httpRequest.readyState === XMLHttpRequest.DONE ) {\r\n\r\n\t\t\t\t\t\t\t\t\tif ( httpRequest.status === 200 ) {\r\n\r\n\t\t\t\t\t\t\t\t\t\tvar response = JSON.parse( httpRequest.responseText );\r\n\r\n\t\t\t\t\t\t\t\t\t\tif ( 'true' == xhr.responseText ) {\r\n\t\t\t\t\t\t\t\t\t\t\treturn true;\r\n\t\t\t\t\t\t\t\t\t\t}\r\n\t\t\t\t\t\t\t\t\t} else {\r\n\t\t\t\t\t\t\t\t\t\tconsole.log( 'There was a problem with the request.' );\r\n\t\t\t\t\t\t\t\t\t}\r\n\t\t\t\t\t\t\t\t}\r\n\t\t\t\t\t\t\t};\r\n\t\t\t\t\t\t\thttpRequest.open( 'POST', AjaxVar.ajaxurl );\r\n\t\t\t\t\t\t\thttpRequest.setRequestHeader( 'Content-Type', 'application\/x-www-form-urlencoded; charset=UTF-8' );\r\n\t\t\t\t\t\t\thttpRequest.send( data );\r\n\t\t\t\t\t\t}\r\n\t\t\t\t\t}, false );\r\n\t\t\t\t} );\r\n\t\t\t}, false );\r\n\t\t} )();\r\n\t\t<\/script>\r\n\t\t\t\t<\/form>\r\n\t\t\n<\/div>\n\n\n\n<div class=\"wp-block-column is-layout-flow wp-block-column-is-layout-flow\">\n<div class=\"wp-block-group has-background is-layout-constrained wp-container-core-group-is-layout-db32e940 wp-block-group-is-layout-constrained\" style=\"background-color:#026678;padding-top:var(--wp--preset--spacing--60);padding-right:var(--wp--preset--spacing--60);padding-bottom:var(--wp--preset--spacing--60);padding-left:var(--wp--preset--spacing--60)\">\n<h2 class=\"wp-block-heading has-text-align-center has-white-color has-text-color has-link-color wp-elements-92cf093caa932b96e3de27139665ea7d\">Camping Le Bois de La Gach\u00e8re<\/h2>\n\n\n\n<figure class=\"wp-block-image aligncenter size-large is-resized\"><img loading=\"lazy\" decoding=\"async\" width=\"1024\" height=\"608\" src=\"https:\/\/leboisdelagachere.com\/wp-content\/uploads\/2023\/11\/logoblanc-1-1024x608.png\" alt=\"\" class=\"wp-image-7752\" style=\"width:200px\" srcset=\"https:\/\/leboisdelagachere.com\/wp-content\/uploads\/2023\/11\/logoblanc-1-1024x608.png 1024w, https:\/\/leboisdelagachere.com\/wp-content\/uploads\/2023\/11\/logoblanc-1-300x178.png 300w, https:\/\/leboisdelagachere.com\/wp-content\/uploads\/2023\/11\/logoblanc-1-768x456.png 768w, https:\/\/leboisdelagachere.com\/wp-content\/uploads\/2023\/11\/logoblanc-1.png 1351w\" sizes=\"auto, (max-width: 1024px) 100vw, 1024px\" \/><\/figure>\n\n\n<p class=\"has-text-align-center has-white-color has-text-color has-link-color wp-elements-6e14e5278d9b92c8191d5a6c2f5eb40b\"><strong>Mail :<\/strong> <a href=\"mailto:contact@leboisdelagachere.com\">contact@leboisdelagachere.com<\/a><br\/><strong>Tel:<\/strong> 02 51 22 65 82<br\/><strong>Address:<\/strong> 1 Route de la Gach\u00e8re<br\/>85340 &#8211; Les Sables d&#8217;Olonne<\/p>\n\n\n\n<iframe src=\"https:\/\/www.google.com\/maps\/embed?pb=!1m14!1m8!1m3!1d21933.58648007534!2d-1.8698937333061056!3d46.59320113576868!3m2!1i1024!2i768!4f13.1!3m3!1m2!1s0x48045bed1be2efb5%3A0xf9a0f61e2dbf2797!2sCamping%20Le%20bois%20de%20la%20Gach%C3%A8re-%20Les%20Sables%20d'Olonne-%20Nouveaux%20propri%C3%A9taires!5e0!3m2!1sfr!2sfr!4v1700048233588!5m2!1sfr!2sfr\" width=\"600\" height=\"450\" style=\"border:0;\" allowfullscreen=\"\" loading=\"lazy\" referrerpolicy=\"no-referrer-when-downgrade\"><\/iframe>\n<\/div>\n<\/div>\n<\/div>\n\n<p><\/p>\n\n<p><\/p>\n","protected":false},"excerpt":{"rendered":"<p>Access \/ Contact Need some information? Contact us Camping Le Bois de La Gach\u00e8re Mail : contact@leboisdelagachere.comTel: 02 51 22 65 82Address: 1 Route de la Gach\u00e8re85340 &#8211; Les Sables d&#8217;Olonne<\/p>\n","protected":false},"author":3,"featured_media":0,"parent":0,"menu_order":0,"comment_status":"closed","ping_status":"closed","template":"","meta":{"_seopress_robots_primary_cat":"","_seopress_titles_title":"Contact Le Bois de La Gach\u00e8re - Les Sables d'Olonne","_seopress_titles_desc":"Contact camping Le Bois de La Gach\u00e8re - Les Sables d'Olonne. Leave us a message and we'll get back to you.","_seopress_robots_index":"","footnotes":""},"class_list":["post-9188","page","type-page","status-publish","hentry"],"_links":{"self":[{"href":"https:\/\/leboisdelagachere.com\/en\/wp-json\/wp\/v2\/pages\/9188","targetHints":{"allow":["GET"]}}],"collection":[{"href":"https:\/\/leboisdelagachere.com\/en\/wp-json\/wp\/v2\/pages"}],"about":[{"href":"https:\/\/leboisdelagachere.com\/en\/wp-json\/wp\/v2\/types\/page"}],"author":[{"embeddable":true,"href":"https:\/\/leboisdelagachere.com\/en\/wp-json\/wp\/v2\/users\/3"}],"replies":[{"embeddable":true,"href":"https:\/\/leboisdelagachere.com\/en\/wp-json\/wp\/v2\/comments?post=9188"}],"version-history":[{"count":1,"href":"https:\/\/leboisdelagachere.com\/en\/wp-json\/wp\/v2\/pages\/9188\/revisions"}],"predecessor-version":[{"id":9199,"href":"https:\/\/leboisdelagachere.com\/en\/wp-json\/wp\/v2\/pages\/9188\/revisions\/9199"}],"wp:attachment":[{"href":"https:\/\/leboisdelagachere.com\/en\/wp-json\/wp\/v2\/media?parent=9188"}],"curies":[{"name":"wp","href":"https:\/\/api.w.org\/{rel}","templated":true}]}}