{"id":9242,"date":"2023-11-21T11:13:49","date_gmt":"2023-11-21T10:13:49","guid":{"rendered":"https:\/\/dev.leboisdelagachere.com\/puy-du-fou\/"},"modified":"2023-12-15T16:05:59","modified_gmt":"2023-12-15T15:05:59","slug":"puy-du-fou","status":"publish","type":"page","link":"https:\/\/leboisdelagachere.com\/en\/entertainment\/puy-du-fou\/","title":{"rendered":"Puy du Fou"},"content":{"rendered":"\n<h1 class=\"wp-block-heading\">The Puy du Fou <\/h1>\n\n\n\n<div class=\"wp-block-columns alignwide is-layout-flex wp-container-core-columns-is-layout-3c1f764f wp-block-columns-is-layout-flex\" style=\"margin-top:var(--wp--preset--spacing--50);margin-bottom:var(--wp--preset--spacing--50);padding-top:0;padding-bottom:0\">\n<div class=\"wp-block-column is-vertically-aligned-center is-layout-flow wp-block-column-is-layout-flow\" style=\"flex-basis:33.38%\">\n<h2 class=\"wp-block-heading has-text-color has-link-color wp-elements-b91af67e3efee5cf342da46024673319\" style=\"color:#026678\">An unforgettable day<\/h2>\n\n\n\n<p>For a day of strolling and discovery, with family or friends, you can head for Les Epesses and the <strong>Puy du Fou<\/strong>.<\/p>\n\n\n\n<p>For more than 30 years, this park has amazed young and old alike with its extraordinary shows. Conquer the history of the Vend\u00e9e and France through <strong>immersive<\/strong>, <strong>scenic <\/strong> <strong>shows<\/strong> and <strong>period villages<\/strong>.<\/p>\n\n\n\n<p><img decoding=\"async\" class=\"wp-image-7385\" style=\"width: 30px;\" src=\"https:\/\/leboisdelagachere.com\/wp-content\/uploads\/2023\/11\/guilmet-ok-couleur.png\" alt=\"camping au coeur du bois\"><em>Travel through time, just for a day, to discover Antiquity, the Middle Ages, the Renaissance, wars and the present.<\/em><\/p>\n<\/div>\n\n\n\n<div class=\"wp-block-column is-layout-flow wp-block-column-is-layout-flow\" style=\"flex-basis:33%\">\n<div style=\"height:2vw\" aria-hidden=\"true\" class=\"wp-block-spacer\"><\/div>\n\n\n\n<figure class=\"wp-block-image size-full\"><img loading=\"lazy\" decoding=\"async\" width=\"990\" height=\"660\" src=\"https:\/\/leboisdelagachere.com\/wp-content\/uploads\/2023\/11\/Le-village-Xiiieme-puy-du-fou-9.jpg\" alt=\"epoch village in the heart of puy du fou\" class=\"wp-image-7790\" style=\"aspect-ratio:3\/4;object-fit:cover\" srcset=\"https:\/\/leboisdelagachere.com\/wp-content\/uploads\/2023\/11\/Le-village-Xiiieme-puy-du-fou-9.jpg 990w, https:\/\/leboisdelagachere.com\/wp-content\/uploads\/2023\/11\/Le-village-Xiiieme-puy-du-fou-9-300x200.jpg 300w, https:\/\/leboisdelagachere.com\/wp-content\/uploads\/2023\/11\/Le-village-Xiiieme-puy-du-fou-9-768x512.jpg 768w\" sizes=\"auto, (max-width: 990px) 100vw, 990px\" \/><\/figure>\n<\/div>\n\n\n\n<div class=\"wp-block-column is-layout-flow wp-block-column-is-layout-flow\" style=\"flex-basis:33.62%\">\n<figure class=\"wp-block-image size-full\"><img loading=\"lazy\" decoding=\"async\" width=\"990\" height=\"660\" src=\"https:\/\/leboisdelagachere.com\/wp-content\/uploads\/2023\/11\/Les-vickings-puy-du-fou-8.jpg\" alt=\"puy du fou show\" class=\"wp-image-7791\" style=\"aspect-ratio:3\/4;object-fit:cover\" srcset=\"https:\/\/leboisdelagachere.com\/wp-content\/uploads\/2023\/11\/Les-vickings-puy-du-fou-8.jpg 990w, https:\/\/leboisdelagachere.com\/wp-content\/uploads\/2023\/11\/Les-vickings-puy-du-fou-8-300x200.jpg 300w, https:\/\/leboisdelagachere.com\/wp-content\/uploads\/2023\/11\/Les-vickings-puy-du-fou-8-768x512.jpg 768w\" sizes=\"auto, (max-width: 990px) 100vw, 990px\" \/><\/figure>\n<\/div>\n<\/div>\n\n\n\n<figure class=\"wp-block-image aligncenter size-full is-resized\"><img decoding=\"async\" src=\"https:\/\/leboisdelagachere.com\/wp-content\/uploads\/2023\/11\/trait.png\" alt=\"\" class=\"wp-image-7498\" style=\"width:150px\"\/><\/figure>\n\n\n\n<div class=\"wp-block-media-text alignwide is-stacked-on-mobile\" style=\"margin-top:var(--wp--preset--spacing--50);margin-bottom:var(--wp--preset--spacing--50)\"><figure class=\"wp-block-media-text__media\"><img loading=\"lazy\" decoding=\"async\" width=\"990\" height=\"660\" src=\"https:\/\/leboisdelagachere.com\/wp-content\/uploads\/2023\/11\/Le-Signe-du-Triomphe-spectacle-puydufou-cirque.jpg\" alt=\"spectacle au coeur d'une arene au puy du fou\" class=\"wp-image-7792 size-full\" srcset=\"https:\/\/leboisdelagachere.com\/wp-content\/uploads\/2023\/11\/Le-Signe-du-Triomphe-spectacle-puydufou-cirque.jpg 990w, https:\/\/leboisdelagachere.com\/wp-content\/uploads\/2023\/11\/Le-Signe-du-Triomphe-spectacle-puydufou-cirque-300x200.jpg 300w, https:\/\/leboisdelagachere.com\/wp-content\/uploads\/2023\/11\/Le-Signe-du-Triomphe-spectacle-puydufou-cirque-768x512.jpg 768w\" sizes=\"auto, (max-width: 990px) 100vw, 990px\" \/><\/figure><div class=\"wp-block-media-text__content\">\n<h2 class=\"wp-block-heading has-text-color has-link-color wp-elements-d68d478423e0fd78beea66f7d81f8c77\" style=\"color:#026678\">The different shows<\/h2>\n\n\n\n<p>You&#8217;ll be doing a lot of walking during the day, to see as many shows as possible, so put on some good shoes. You won&#8217;t be able to see them all, however, so you&#8217;ll have to select your priorities. We recommend the <strong>Sign of Triumph<\/strong>, which takes place in a real arena! You can also enjoy the <strong>Ghost Bird Ball<\/strong> with all those majestic birds flying by. You&#8217;ll be able to observe them up close.<\/p>\n<\/div><\/div>\n\n\n\n<figure class=\"wp-block-image aligncenter size-full is-resized\"><img decoding=\"async\" src=\"https:\/\/leboisdelagachere.com\/wp-content\/uploads\/2023\/11\/trait.png\" alt=\"\" class=\"wp-image-7498\" style=\"width:150px\"\/><\/figure>\n\n\n\n<div class=\"wp-block-columns alignwide is-layout-flex wp-container-core-columns-is-layout-92891c13 wp-block-columns-is-layout-flex\" style=\"margin-top:var(--wp--preset--spacing--50);margin-bottom:var(--wp--preset--spacing--50)\">\n<div class=\"wp-block-column is-vertically-aligned-center is-layout-flow wp-block-column-is-layout-flow\" style=\"flex-basis:33.38%\">\n<h2 class=\"wp-block-heading has-text-color has-link-color wp-elements-41f7d7462faafbb374346aae6822e74b\" style=\"color:#026678\">Period villages<\/h2>\n\n\n\n<p>Meet the trades of different eras in these <strong>villages<\/strong>. Middle Ages, Renaissance, 1900s&#8230; Your walk will take you back in time! Here you&#8217;ll find <strong>craft stores<\/strong>, souvenir boutiques and snack bars for all-day snacks.<\/p>\n\n\n\n<p style=\"padding-top:0;padding-bottom:0\">You can also discover more along the way, such as the LaFontaine gardens, the Rose Garden and the more immersive shows where you stroll. Don&#8217;t hesitate to get off the beaten track to find the Park&#8217;s most picturesque nooks and crannies.<\/p>\n\n\n\n<p>Prices and opening times are available on the <a href=\"http:\/\/www.puydufou.com\/france\/fr\" target=\"_blank\" rel=\"noreferrer noopener\">park&#8217;s official website<\/a>.<\/p>\n\n\n\n<p>Once you&#8217;ve finished for the day, it&#8217;s time to head back to your accommodation or pitch for a well-deserved night&#8217;s sleep.<\/p>\n<\/div>\n\n\n\n<div class=\"wp-block-column is-layout-flow wp-block-column-is-layout-flow\" style=\"flex-basis:33%\">\n<div style=\"height:2vw\" aria-hidden=\"true\" class=\"wp-block-spacer\"><\/div>\n\n\n\n<figure class=\"wp-block-image size-full\"><img loading=\"lazy\" decoding=\"async\" width=\"990\" height=\"622\" src=\"https:\/\/leboisdelagachere.com\/wp-content\/uploads\/2023\/11\/La-cite-medievale-puy-du-fou.jpg\" alt=\"period village in the puy du fou park\" class=\"wp-image-7794\" style=\"aspect-ratio:3\/4;object-fit:cover\" srcset=\"https:\/\/leboisdelagachere.com\/wp-content\/uploads\/2023\/11\/La-cite-medievale-puy-du-fou.jpg 990w, https:\/\/leboisdelagachere.com\/wp-content\/uploads\/2023\/11\/La-cite-medievale-puy-du-fou-300x188.jpg 300w, https:\/\/leboisdelagachere.com\/wp-content\/uploads\/2023\/11\/La-cite-medievale-puy-du-fou-768x483.jpg 768w\" sizes=\"auto, (max-width: 990px) 100vw, 990px\" \/><\/figure>\n<\/div>\n\n\n\n<div class=\"wp-block-column is-layout-flow wp-block-column-is-layout-flow\" style=\"flex-basis:33.62%\">\n<figure class=\"wp-block-image size-full\"><img loading=\"lazy\" decoding=\"async\" width=\"990\" height=\"660\" src=\"https:\/\/leboisdelagachere.com\/wp-content\/uploads\/2023\/11\/Le-fort-de-lan-mil-puy-du-fou-5.jpg\" alt=\"period crafts to discover in puy du fou villages\" class=\"wp-image-7793\" style=\"aspect-ratio:3\/4;object-fit:cover\" srcset=\"https:\/\/leboisdelagachere.com\/wp-content\/uploads\/2023\/11\/Le-fort-de-lan-mil-puy-du-fou-5.jpg 990w, https:\/\/leboisdelagachere.com\/wp-content\/uploads\/2023\/11\/Le-fort-de-lan-mil-puy-du-fou-5-300x200.jpg 300w, https:\/\/leboisdelagachere.com\/wp-content\/uploads\/2023\/11\/Le-fort-de-lan-mil-puy-du-fou-5-768x512.jpg 768w\" sizes=\"auto, (max-width: 990px) 100vw, 990px\" \/><\/figure>\n<\/div>\n<\/div>\n\n\n\n<figure class=\"wp-block-image aligncenter size-full is-resized\"><img decoding=\"async\" src=\"https:\/\/leboisdelagachere.com\/wp-content\/uploads\/2023\/11\/trait.png\" alt=\"\" class=\"wp-image-7498\" style=\"width:150px\"\/><\/figure>\n\n\n<div class=\"wp-block-sev-diaporama alignfull\">\n\t\t\t<div id=\"sevgallery-1356241206\" class=\"sev-diaporama sev-diaporama-portfolio\">\n\n\t\t\t<div class=\"row\">\n\n\n\n\t\t\t\n\n\n\t\t\t\t\n\n\n\t\t\t\t<div class=\"sev-diaporama-portfolio-item col-12 col-sm \">\n\n\n\n\t\t\t\t\t\n\t\t\t\t\t\t\t\t\t\t<a href=\"https:\/\/leboisdelagachere.com\/wp-content\/uploads\/2023\/11\/Le-Signe-du-Triomphe-spectacle-puydufou-cirque-1.jpg\" data-lightbox=\"sevgallery-1356241206\" style=\"background-image: url(https:\/\/leboisdelagachere.com\/wp-content\/uploads\/2023\/11\/Le-Signe-du-Triomphe-spectacle-puydufou-cirque-1.jpg)\">\n\n\t\t\t\t\t\n\t\t\t\t\t\t<img decoding=\"async\" src=\"https:\/\/leboisdelagachere.com\/wp-content\/uploads\/2023\/11\/Le-Signe-du-Triomphe-spectacle-puydufou-cirque-1.jpg\" alt=\"\" loading=\"lazy\">\n\n\t\t\t\t\t\n\t\t\t\t\t<\/a>\n\n\t\t\t\t\t\n\t\t\t\t<\/div>\n\n\n\n\t\t\t\t\n\n\n\t\t\t\t\n\t\t\t\t\n\t\t\t\n\n\n\t\t\t\t\n\n\n\t\t\t\t<div class=\"sev-diaporama-portfolio-item col-12 col-sm \">\n\n\n\n\t\t\t\t\t\n\t\t\t\t\t\t\t\t\t\t<a href=\"https:\/\/leboisdelagachere.com\/wp-content\/uploads\/2023\/11\/Le-Signe-du-Triomphe-spectacle-puydufou-chretiens.jpg\" data-lightbox=\"sevgallery-1356241206\" style=\"background-image: url(https:\/\/leboisdelagachere.com\/wp-content\/uploads\/2023\/11\/Le-Signe-du-Triomphe-spectacle-puydufou-chretiens.jpg)\">\n\n\t\t\t\t\t\n\t\t\t\t\t\t<img decoding=\"async\" src=\"https:\/\/leboisdelagachere.com\/wp-content\/uploads\/2023\/11\/Le-Signe-du-Triomphe-spectacle-puydufou-chretiens.jpg\" alt=\"\" loading=\"lazy\">\n\n\t\t\t\t\t\n\t\t\t\t\t<\/a>\n\n\t\t\t\t\t\n\t\t\t\t<\/div>\n\n\n\n\t\t\t\t\n\n\n\t\t\t\t\n\t\t\t\t\n\t\t\t\n\n\n\t\t\t\t\n\n\n\t\t\t\t<div class=\"sev-diaporama-portfolio-item col-12 col-sm  col-shrink\">\n\n\n\n\t\t\t\t\t\n\t\t\t\t\t\t\t\t\t\t<a href=\"https:\/\/leboisdelagachere.com\/wp-content\/uploads\/2023\/11\/Le-Dernier-Panache-puy-du-fou-12.jpg\" data-lightbox=\"sevgallery-1356241206\" style=\"background-image: url(https:\/\/leboisdelagachere.com\/wp-content\/uploads\/2023\/11\/Le-Dernier-Panache-puy-du-fou-12.jpg)\">\n\n\t\t\t\t\t\n\t\t\t\t\t\t<img decoding=\"async\" src=\"https:\/\/leboisdelagachere.com\/wp-content\/uploads\/2023\/11\/Le-Dernier-Panache-puy-du-fou-12.jpg\" alt=\"\" loading=\"lazy\">\n\n\t\t\t\t\t\n\t\t\t\t\t<\/a>\n\n\t\t\t\t\t\n\t\t\t\t<\/div>\n\n\n\n\t\t\t\t\n\t\t\t\t\t<div class=\"w-100\"><\/div>\n\n\t\t\t\t\t\n\t\t\t\t\n\n\n\t\t\t\t\n\t\t\t\t\n\t\t\t\n\n\n\t\t\t\t\n\n\n\t\t\t\t<div class=\"sev-diaporama-portfolio-item col-12 col-sm  col-shrink\">\n\n\n\n\t\t\t\t\t\n\t\t\t\t\t\t\t\t\t\t<a href=\"https:\/\/leboisdelagachere.com\/wp-content\/uploads\/2023\/11\/Les-vickings-puy-du-fou-5.jpg\" data-lightbox=\"sevgallery-1356241206\" style=\"background-image: url(https:\/\/leboisdelagachere.com\/wp-content\/uploads\/2023\/11\/Les-vickings-puy-du-fou-5.jpg)\">\n\n\t\t\t\t\t\n\t\t\t\t\t\t<img decoding=\"async\" src=\"https:\/\/leboisdelagachere.com\/wp-content\/uploads\/2023\/11\/Les-vickings-puy-du-fou-5.jpg\" alt=\"\" loading=\"lazy\">\n\n\t\t\t\t\t\n\t\t\t\t\t<\/a>\n\n\t\t\t\t\t\n\t\t\t\t<\/div>\n\n\n\n\t\t\t\t\n\n\n\t\t\t\t\n\t\t\t\t\n\t\t\t\n\n\n\t\t\t\t\n\n\n\t\t\t\t<div class=\"sev-diaporama-portfolio-item col-12 col-sm  col-shrink\">\n\n\n\n\t\t\t\t\t\n\t\t\t\t\t\t\t\t\t\t<a href=\"https:\/\/leboisdelagachere.com\/wp-content\/uploads\/2023\/11\/La-cite-medievale-puy-du-fou.jpg\" data-lightbox=\"sevgallery-1356241206\" style=\"background-image: url(https:\/\/leboisdelagachere.com\/wp-content\/uploads\/2023\/11\/La-cite-medievale-puy-du-fou.jpg)\">\n\n\t\t\t\t\t\n\t\t\t\t\t\t<img decoding=\"async\" src=\"https:\/\/leboisdelagachere.com\/wp-content\/uploads\/2023\/11\/La-cite-medievale-puy-du-fou.jpg\" alt=\"\" loading=\"lazy\">\n\n\t\t\t\t\t\n\t\t\t\t\t<\/a>\n\n\t\t\t\t\t\n\t\t\t\t<\/div>\n\n\n\n\t\t\t\t\n\n\n\t\t\t\t\n\t\t\t\t\n\t\t\t\n\n\n\t\t\t\t\n\n\n\t\t\t\t<div class=\"sev-diaporama-portfolio-item col-12 col-sm \">\n\n\n\n\t\t\t\t\t\n\t\t\t\t\t\t\t\t\t\t<a href=\"https:\/\/leboisdelagachere.com\/wp-content\/uploads\/2023\/11\/Le-fort-de-lan-mil-puy-du-fou-5.jpg\" data-lightbox=\"sevgallery-1356241206\" style=\"background-image: url(https:\/\/leboisdelagachere.com\/wp-content\/uploads\/2023\/11\/Le-fort-de-lan-mil-puy-du-fou-5.jpg)\">\n\n\t\t\t\t\t\n\t\t\t\t\t\t<img decoding=\"async\" src=\"https:\/\/leboisdelagachere.com\/wp-content\/uploads\/2023\/11\/Le-fort-de-lan-mil-puy-du-fou-5.jpg\" alt=\"\" loading=\"lazy\">\n\n\t\t\t\t\t\n\t\t\t\t\t<\/a>\n\n\t\t\t\t\t\n\t\t\t\t<\/div>\n\n\n\n\t\t\t\t\n\t\t\t\t\t<div class=\"w-100\"><\/div>\n\n\t\t\t\t\t\n\t\t\t\t\n\n\n\t\t\t\t\n\t\t\t\t\n\t\t\t\n\n\n\t\t\t\t\n\n\n\t\t\t\t<div class=\"sev-diaporama-portfolio-item col-12 col-sm \">\n\n\n\n\t\t\t\t\t\n\t\t\t\t\t\t\t\t\t\t<a href=\"https:\/\/leboisdelagachere.com\/wp-content\/uploads\/2023\/11\/Le-Signe-du-Triomphe-spectacle-puydufou-cirque.jpg\" data-lightbox=\"sevgallery-1356241206\" style=\"background-image: url(https:\/\/leboisdelagachere.com\/wp-content\/uploads\/2023\/11\/Le-Signe-du-Triomphe-spectacle-puydufou-cirque.jpg)\">\n\n\t\t\t\t\t\n\t\t\t\t\t\t<img decoding=\"async\" src=\"https:\/\/leboisdelagachere.com\/wp-content\/uploads\/2023\/11\/Le-Signe-du-Triomphe-spectacle-puydufou-cirque.jpg\" alt=\"\" loading=\"lazy\">\n\n\t\t\t\t\t\n\t\t\t\t\t<\/a>\n\n\t\t\t\t\t\n\t\t\t\t<\/div>\n\n\n\n\t\t\t\t\n\n\n\t\t\t\t\n\t\t\t\t\n\t\t\t\n\n\n\t\t\t\t\n\n\n\t\t\t\t<div class=\"sev-diaporama-portfolio-item col-12 col-sm  col-grow\">\n\n\n\n\t\t\t\t\t\n\t\t\t\t\t\t\t\t\t\t<a href=\"https:\/\/leboisdelagachere.com\/wp-content\/uploads\/2023\/11\/Les-vickings-puy-du-fou-8.jpg\" data-lightbox=\"sevgallery-1356241206\" style=\"background-image: url(https:\/\/leboisdelagachere.com\/wp-content\/uploads\/2023\/11\/Les-vickings-puy-du-fou-8.jpg)\">\n\n\t\t\t\t\t\n\t\t\t\t\t\t<img decoding=\"async\" src=\"https:\/\/leboisdelagachere.com\/wp-content\/uploads\/2023\/11\/Les-vickings-puy-du-fou-8.jpg\" alt=\"\" loading=\"lazy\">\n\n\t\t\t\t\t\n\t\t\t\t\t<\/a>\n\n\t\t\t\t\t\n\t\t\t\t<\/div>\n\n\n\n\t\t\t\t\n\n\n\t\t\t\t\n\t\t\t\t\n\t\t\t\n\n\n\t\t\t\t\n\n\n\t\t\t\t<div class=\"sev-diaporama-portfolio-item col-12 col-sm  col-grow\">\n\n\n\n\t\t\t\t\t\n\t\t\t\t\t\t\t\t\t\t<a href=\"https:\/\/leboisdelagachere.com\/wp-content\/uploads\/2023\/11\/Le-village-Xiiieme-puy-du-fou-9.jpg\" data-lightbox=\"sevgallery-1356241206\" style=\"background-image: url(https:\/\/leboisdelagachere.com\/wp-content\/uploads\/2023\/11\/Le-village-Xiiieme-puy-du-fou-9.jpg)\">\n\n\t\t\t\t\t\n\t\t\t\t\t\t<img decoding=\"async\" src=\"https:\/\/leboisdelagachere.com\/wp-content\/uploads\/2023\/11\/Le-village-Xiiieme-puy-du-fou-9.jpg\" alt=\"\" loading=\"lazy\">\n\n\t\t\t\t\t\n\t\t\t\t\t<\/a>\n\n\t\t\t\t\t\n\t\t\t\t<\/div>\n\n\n\n\t\t\t\t\n\t\t\t\t\t<div class=\"w-100\"><\/div>\n\n\t\t\t\t\t\n\t\t\t\t\n\n\n\t\t\t\t\n\t\t\t\t\n\t\t\t\n\t\t\t<\/div>\n\n\t\t\t<\/div>\n\n\n\n\t\t\t<script>\n\n\t\t\tjQuery(function($) {\n\n\n\n\t\t\t\tvar marginPortfolio = function() {\n\n\n\n\t\t\t\t\tvar $diapo          = $('#sevgallery-1356241206');\n\n\t\t\t\t\tvar container_width = $diapo.parent().outerWidth();\n\n\t\t\t\t\tvar side            = ( $(window).innerWidth() - container_width ) \/ 2;\n\n\n\n\t\t\t\t\t$diapo.css( {\n\n\t\t\t\t\t\t'margin-left': '-' + side + 'px',\n\n\t\t\t\t\t\t'margin-right': '-' + side + 'px',\n\n\t\t\t\t\t} );\n\n\t\t\t\t};\n\n\n\n\t\t\t\t$( window ).resize( function() {\n\n\t\t\t\t\tmarginPortfolio();\n\n\t\t\t\t} );\n\n\t\t\t\tmarginPortfolio();\n\n\t\t\t});\n\n\t\t\t<\/script>\n\n\t\t\t<\/div>","protected":false},"excerpt":{"rendered":"<p>The Puy du Fou An unforgettable day For a day of strolling and discovery, with family or friends, you can head for Les Epesses and the Puy du Fou. For more than 30 years, this park has amazed young and old alike with its extraordinary shows. Conquer the history of the Vend\u00e9e and France through [&hellip;]<\/p>\n","protected":false},"author":3,"featured_media":0,"parent":9294,"menu_order":0,"comment_status":"closed","ping_status":"closed","template":"","meta":{"_seopress_robots_primary_cat":"","_seopress_titles_title":"Discover the Puy du Fou park - Camping Vend\u00e9e","_seopress_titles_desc":"Our 4-star campsite in the Vend\u00e9e is just a few kilometers from the famous Puy du Fou park. Don&#039;t miss this exceptional park in Vend\u00e9e","_seopress_robots_index":"","footnotes":""},"class_list":["post-9242","page","type-page","status-publish","hentry"],"_links":{"self":[{"href":"https:\/\/leboisdelagachere.com\/en\/wp-json\/wp\/v2\/pages\/9242","targetHints":{"allow":["GET"]}}],"collection":[{"href":"https:\/\/leboisdelagachere.com\/en\/wp-json\/wp\/v2\/pages"}],"about":[{"href":"https:\/\/leboisdelagachere.com\/en\/wp-json\/wp\/v2\/types\/page"}],"author":[{"embeddable":true,"href":"https:\/\/leboisdelagachere.com\/en\/wp-json\/wp\/v2\/users\/3"}],"replies":[{"embeddable":true,"href":"https:\/\/leboisdelagachere.com\/en\/wp-json\/wp\/v2\/comments?post=9242"}],"version-history":[{"count":2,"href":"https:\/\/leboisdelagachere.com\/en\/wp-json\/wp\/v2\/pages\/9242\/revisions"}],"predecessor-version":[{"id":9528,"href":"https:\/\/leboisdelagachere.com\/en\/wp-json\/wp\/v2\/pages\/9242\/revisions\/9528"}],"up":[{"embeddable":true,"href":"https:\/\/leboisdelagachere.com\/en\/wp-json\/wp\/v2\/pages\/9294"}],"wp:attachment":[{"href":"https:\/\/leboisdelagachere.com\/en\/wp-json\/wp\/v2\/media?parent=9242"}],"curies":[{"name":"wp","href":"https:\/\/api.w.org\/{rel}","templated":true}]}}