{"id":9293,"date":"2023-11-14T15:32:34","date_gmt":"2023-11-14T14:32:34","guid":{"rendered":"https:\/\/dev.leboisdelagachere.com\/lodging\/"},"modified":"2023-12-15T10:49:13","modified_gmt":"2023-12-15T09:49:13","slug":"lodging","status":"publish","type":"page","link":"https:\/\/leboisdelagachere.com\/en\/lodging\/","title":{"rendered":"Lodging"},"content":{"rendered":"\n<h1 class=\"wp-block-heading\">Lodging<\/h1>\n\n<h2 class=\"wp-block-heading has-text-color has-link-color wp-elements-8e1b07c5ffe270d9436cd5f9e2b9732b\" style=\"color:#026678\">Discover our accommodation in the heart of a wooded site in Les Sables d&#8217;Olonne<\/h2>\n\n<div class=\"wp-block-group alignfull is-layout-constrained wp-block-group-is-layout-constrained\" id=\"premium\" style=\"padding-top:var(--wp--preset--spacing--60);padding-bottom:var(--wp--preset--spacing--60)\">\n<h2 class=\"wp-block-heading has-text-color has-link-color wp-elements-40b2070d669f3197891132b7d57734c5\" id=\"premium\" style=\"color:#026678\">C\u00f4t\u00e9 For\u00eat mobile homes<\/h2>\n\n\n\n<div class=\"wp-block-group alignfull has-text-color has-background has-link-color wp-elements-a19e9ea1365235b5b907e94efed83256 is-layout-constrained wp-container-core-group-is-layout-020e0ace wp-block-group-is-layout-constrained\" style=\"color:#026678;background-color:#026678;padding-top:var(--wp--preset--spacing--60);padding-right:var(--wp--preset--spacing--40);padding-bottom:var(--wp--preset--spacing--60);padding-left:var(--wp--preset--spacing--40)\"><div class=\"wp-block-sev-items-list-content\">\n<article class=\"wp-block-sev-items-list-item\">\n<a href=\"https:\/\/leboisdelagachere.com\/en\/hebergement\/mobil-home-cote-foret-2-bdrms\/\">\n\t\n\t<div class=\"wp-block-sev-items-list-thumb-container\">\n\t\t<img decoding=\"async\" class=\"wp-block-sev-items-list-thumb\" src=\"https:\/\/leboisdelagachere.com\/wp-content\/uploads\/2023\/11\/844-2-CJ_CANAPE_OHARA_2024.jpg-800px.jpg\" alt=\"Mobil home C\u00f4t\u00e9 For\u00eat &#8211; 2 bdrms\">\n\t<\/div>\n\n\t<div class=\"wp-block-sev-items-list-desc\">\n\n\t\t<div class=\"wp-block-sev-items-list-title\">Mobil home C\u00f4t\u00e9 For\u00eat &#8211; 2 bdrms<\/div>\n\n\t\t<div class=\"wp-block-sev-items-list-metas wp-block-sev-items-list-metas-1\">\n\t\t\t\t\t\t\t\t\t<div class=\"wp-block-sev-items-list--nbpersonnes\">\n\t\t\t\t<i class=\"far fa-user\"><\/i>\n\t\t\t\t<span class=\"val\">4<\/span>&nbsp;\n\t\t\t<\/div>\n\t\t\t\n\t\t\t\t\t\t\t\t\t<div class=\"wp-block-sev-items-list--nbsde\">\n\t\t\t\t<i class=\"fa fa-shower\"><\/i>\n\t\t\t\t<span class=\"val\">1<\/span>&nbsp;\n\t\t\t<\/div>\n\t\t\t\n\t\t\t\t\t<\/div>\n\n\t\t<div class=\"wp-block-sev-items-list-metas wp-block-sev-items-list-metas-2\">\n\n\t\t\t<div class=\"wp-block-sev-items-list-metas wp-block-sev-items-list-metas-2-1\">\n\n\t\t\t\t\t\t\t\t<div class=\"wp-block-sev-items-list--tv\">\n\t\t\t\t\t<i class=\"fa fa-tv\"><\/i>\n\t\t\t\t<\/div>\n\t\t\t\t\n\t\t\t\t\n\t\t\t\t\n\t\t\t\t<!-- <div class=\"wp-block-sev-items-list--animaux wp-block-sev-items-list--animaux-false\">\n\t\t\t\t\t<i class=\"fas fa-dog\"><\/i>\n\t\t\t\t<\/div> -->\n\t\t\t<\/div>\n\t\t\t\n\t\t\t<div class=\"wp-block-sev-items-list-metas wp-block-sev-items-list-metas-2-2\">\n\n\t\t\t\t\t\t\t\t<div class=\"wp-block-sev-items-list--surface\">\n\t\t\t\t\t<span class=\"val\">32&nbsp;m\u00b2<\/span>\n\t\t\t\t<\/div>\n\t\t\t\t\n\t\t\t\t\t\t\t\t\t\t\t\t<div class=\"wp-block-sev-items-list--nbchambres\">\n\t\t\t\t\t<span class=\"val\">2<\/span>&nbsp;<span class=\"lbl\">bedrooms<\/span>\n\t\t\t\t<\/div>\n\t\t\t\t\t\t\t<\/div>\n\t\t<\/div>\n\t<\/div>\n\n\t<div class=\"wp-block-sev-items-list-btn\">\n\t\t<span>Discover<\/span>\n\t<\/div>\n\n<\/a>\n<\/article>\n\n<article class=\"wp-block-sev-items-list-item\">\n<a href=\"https:\/\/leboisdelagachere.com\/en\/hebergement\/mobile-home-cote-foret-3bed\/\">\n\t\n\t<div class=\"wp-block-sev-items-list-thumb-container\">\n\t\t<img decoding=\"async\" class=\"wp-block-sev-items-list-thumb\" src=\"https:\/\/leboisdelagachere.com\/wp-content\/uploads\/2023\/11\/844-2-CJ_CUISINE_OHARA_2024-3-.jpg-800px.jpg\" alt=\"Mobile home C\u00f4t\u00e9 For\u00eat &#8211; 3bed\">\n\t<\/div>\n\n\t<div class=\"wp-block-sev-items-list-desc\">\n\n\t\t<div class=\"wp-block-sev-items-list-title\">Mobile home C\u00f4t\u00e9 For\u00eat &#8211; 3bed<\/div>\n\n\t\t<div class=\"wp-block-sev-items-list-metas wp-block-sev-items-list-metas-1\">\n\t\t\t\t\t\t\t\t\t<div class=\"wp-block-sev-items-list--nbpersonnes\">\n\t\t\t\t<i class=\"far fa-user\"><\/i>\n\t\t\t\t<span class=\"val\">6<\/span>&nbsp;\n\t\t\t<\/div>\n\t\t\t\n\t\t\t\t\t\t\t\t\t<div class=\"wp-block-sev-items-list--nbsde\">\n\t\t\t\t<i class=\"fa fa-shower\"><\/i>\n\t\t\t\t<span class=\"val\">1<\/span>&nbsp;\n\t\t\t<\/div>\n\t\t\t\n\t\t\t\t\t<\/div>\n\n\t\t<div class=\"wp-block-sev-items-list-metas wp-block-sev-items-list-metas-2\">\n\n\t\t\t<div class=\"wp-block-sev-items-list-metas wp-block-sev-items-list-metas-2-1\">\n\n\t\t\t\t\t\t\t\t<div class=\"wp-block-sev-items-list--tv\">\n\t\t\t\t\t<i class=\"fa fa-tv\"><\/i>\n\t\t\t\t<\/div>\n\t\t\t\t\n\t\t\t\t\n\t\t\t\t\n\t\t\t\t<!-- <div class=\"wp-block-sev-items-list--animaux wp-block-sev-items-list--animaux-false\">\n\t\t\t\t\t<i class=\"fas fa-dog\"><\/i>\n\t\t\t\t<\/div> -->\n\t\t\t<\/div>\n\t\t\t\n\t\t\t<div class=\"wp-block-sev-items-list-metas wp-block-sev-items-list-metas-2-2\">\n\n\t\t\t\t\t\t\t\t<div class=\"wp-block-sev-items-list--surface\">\n\t\t\t\t\t<span class=\"val\">34&nbsp;m\u00b2<\/span>\n\t\t\t\t<\/div>\n\t\t\t\t\n\t\t\t\t\t\t\t\t\t\t\t\t<div class=\"wp-block-sev-items-list--nbchambres\">\n\t\t\t\t\t<span class=\"val\">3<\/span>&nbsp;<span class=\"lbl\">bedrooms<\/span>\n\t\t\t\t<\/div>\n\t\t\t\t\t\t\t<\/div>\n\t\t<\/div>\n\t<\/div>\n\n\t<div class=\"wp-block-sev-items-list-btn\">\n\t\t<span>Discover<\/span>\n\t<\/div>\n\n<\/a>\n<\/article>\n<\/div><\/div>\n<\/div>\n\n<div class=\"wp-block-group alignfull is-layout-constrained wp-block-group-is-layout-constrained\" id=\"classique\" style=\"padding-bottom:var(--wp--preset--spacing--60)\">\n<h2 class=\"wp-block-heading has-text-color has-link-color wp-elements-3791e85d80784e28eecf9ce27d2e4715\" id=\"classique\" style=\"color:#026678\">Classic mobile homes<\/h2>\n\n\n\n<div class=\"wp-block-group alignfull has-text-color has-background has-link-color wp-elements-3a7c585fef11301317a8e61bf8639df2 is-layout-constrained wp-container-core-group-is-layout-020e0ace wp-block-group-is-layout-constrained\" style=\"color:#026678;background-color:#026678;padding-top:var(--wp--preset--spacing--60);padding-right:var(--wp--preset--spacing--40);padding-bottom:var(--wp--preset--spacing--60);padding-left:var(--wp--preset--spacing--40)\"><div class=\"wp-block-sev-items-list-content\">\n<article class=\"wp-block-sev-items-list-item\">\n<a href=\"https:\/\/leboisdelagachere.com\/en\/hebergement\/mobile-home-cosy-3bed\/\">\n\t\n\t<div class=\"wp-block-sev-items-list-thumb-container\">\n\t\t<img decoding=\"async\" class=\"wp-block-sev-items-list-thumb\" src=\"https:\/\/leboisdelagachere.com\/wp-content\/uploads\/2023\/11\/884-3-CJ_SALON-EXT_OHARA_2024.jpg-800px.jpg\" alt=\"Mobile home Cosy &#8211; 3bed\">\n\t<\/div>\n\n\t<div class=\"wp-block-sev-items-list-desc\">\n\n\t\t<div class=\"wp-block-sev-items-list-title\">Mobile home Cosy &#8211; 3bed<\/div>\n\n\t\t<div class=\"wp-block-sev-items-list-metas wp-block-sev-items-list-metas-1\">\n\t\t\t\t\t\t\t\t\t<div class=\"wp-block-sev-items-list--nbpersonnes\">\n\t\t\t\t<i class=\"far fa-user\"><\/i>\n\t\t\t\t<span class=\"val\">6<\/span>&nbsp;\n\t\t\t<\/div>\n\t\t\t\n\t\t\t\n\t\t\t\t\t<\/div>\n\n\t\t<div class=\"wp-block-sev-items-list-metas wp-block-sev-items-list-metas-2\">\n\n\t\t\t<div class=\"wp-block-sev-items-list-metas wp-block-sev-items-list-metas-2-1\">\n\n\t\t\t\t\t\t\t\t<div class=\"wp-block-sev-items-list--tv\">\n\t\t\t\t\t<i class=\"fa fa-tv\"><\/i>\n\t\t\t\t<\/div>\n\t\t\t\t\n\t\t\t\t\n\t\t\t\t\n\t\t\t\t<!-- <div class=\"wp-block-sev-items-list--animaux wp-block-sev-items-list--animaux-false\">\n\t\t\t\t\t<i class=\"fas fa-dog\"><\/i>\n\t\t\t\t<\/div> -->\n\t\t\t<\/div>\n\t\t\t\n\t\t\t<div class=\"wp-block-sev-items-list-metas wp-block-sev-items-list-metas-2-2\">\n\n\t\t\t\t\t\t\t\t<div class=\"wp-block-sev-items-list--surface\">\n\t\t\t\t\t<span class=\"val\">33&nbsp;m\u00b2<\/span>\n\t\t\t\t<\/div>\n\t\t\t\t\n\t\t\t\t\t\t\t\t\t\t\t\t<div class=\"wp-block-sev-items-list--nbchambres\">\n\t\t\t\t\t<span class=\"val\">3<\/span>&nbsp;<span class=\"lbl\">bedrooms<\/span>\n\t\t\t\t<\/div>\n\t\t\t\t\t\t\t<\/div>\n\t\t<\/div>\n\t<\/div>\n\n\t<div class=\"wp-block-sev-items-list-btn\">\n\t\t<span>Discover<\/span>\n\t<\/div>\n\n<\/a>\n<\/article>\n\n<article class=\"wp-block-sev-items-list-item\">\n<a href=\"https:\/\/leboisdelagachere.com\/en\/hebergement\/mobil-home-grand-confort-2-bdrms\/\">\n\t\n\t<div class=\"wp-block-sev-items-list-thumb-container\">\n\t\t<img decoding=\"async\" class=\"wp-block-sev-items-list-thumb\" src=\"https:\/\/leboisdelagachere.com\/wp-content\/uploads\/2023\/11\/La_Gachere_28062023_MH2_011_0.jpg\" alt=\"Mobil home Grand Confort &#8211; 2 bdrms\">\n\t<\/div>\n\n\t<div class=\"wp-block-sev-items-list-desc\">\n\n\t\t<div class=\"wp-block-sev-items-list-title\">Mobil home Grand Confort &#8211; 2 bdrms<\/div>\n\n\t\t<div class=\"wp-block-sev-items-list-metas wp-block-sev-items-list-metas-1\">\n\t\t\t\t\t\t\t\t\t<div class=\"wp-block-sev-items-list--nbpersonnes\">\n\t\t\t\t<i class=\"far fa-user\"><\/i>\n\t\t\t\t<span class=\"val\">4<\/span>&nbsp;\n\t\t\t<\/div>\n\t\t\t\n\t\t\t\t\t\t\t\t\t<div class=\"wp-block-sev-items-list--nbsde\">\n\t\t\t\t<i class=\"fa fa-shower\"><\/i>\n\t\t\t\t<span class=\"val\">1<\/span>&nbsp;\n\t\t\t<\/div>\n\t\t\t\n\t\t\t\t\t<\/div>\n\n\t\t<div class=\"wp-block-sev-items-list-metas wp-block-sev-items-list-metas-2\">\n\n\t\t\t<div class=\"wp-block-sev-items-list-metas wp-block-sev-items-list-metas-2-1\">\n\n\t\t\t\t\n\t\t\t\t\n\t\t\t\t\n\t\t\t\t<!-- <div class=\"wp-block-sev-items-list--animaux wp-block-sev-items-list--animaux-false\">\n\t\t\t\t\t<i class=\"fas fa-dog\"><\/i>\n\t\t\t\t<\/div> -->\n\t\t\t<\/div>\n\t\t\t\n\t\t\t<div class=\"wp-block-sev-items-list-metas wp-block-sev-items-list-metas-2-2\">\n\n\t\t\t\t\t\t\t\t<div class=\"wp-block-sev-items-list--surface\">\n\t\t\t\t\t<span class=\"val\">27&nbsp;m\u00b2<\/span>\n\t\t\t\t<\/div>\n\t\t\t\t\n\t\t\t\t\t\t\t\t\t\t\t\t<div class=\"wp-block-sev-items-list--nbchambres\">\n\t\t\t\t\t<span class=\"val\">2<\/span>&nbsp;<span class=\"lbl\">bedrooms<\/span>\n\t\t\t\t<\/div>\n\t\t\t\t\t\t\t<\/div>\n\t\t<\/div>\n\t<\/div>\n\n\t<div class=\"wp-block-sev-items-list-btn\">\n\t\t<span>Discover<\/span>\n\t<\/div>\n\n<\/a>\n<\/article>\n\n<article class=\"wp-block-sev-items-list-item\">\n<a href=\"https:\/\/leboisdelagachere.com\/en\/hebergement\/mobile-home-pmr-2-bdrms\/\">\n\t\n\t<div class=\"wp-block-sev-items-list-thumb-container\">\n\t\t<img decoding=\"async\" class=\"wp-block-sev-items-list-thumb\" src=\"https:\/\/leboisdelagachere.com\/wp-content\/uploads\/2025\/04\/IRM-LIFE-2025-3D-Sejour.jpg-900px.jpg\" alt=\"Mobile home PMR &#8211; 2 bdrms\">\n\t<\/div>\n\n\t<div class=\"wp-block-sev-items-list-desc\">\n\n\t\t<div class=\"wp-block-sev-items-list-title\">Mobile home PMR &#8211; 2 bdrms<\/div>\n\n\t\t<div class=\"wp-block-sev-items-list-metas wp-block-sev-items-list-metas-1\">\n\t\t\t\t\t\t\t\t\t<div class=\"wp-block-sev-items-list--nbpersonnes\">\n\t\t\t\t<i class=\"far fa-user\"><\/i>\n\t\t\t\t<span class=\"val\">4<\/span>&nbsp;\n\t\t\t<\/div>\n\t\t\t\n\t\t\t\t\t\t\t\t\t<div class=\"wp-block-sev-items-list--nbsde\">\n\t\t\t\t<i class=\"fa fa-shower\"><\/i>\n\t\t\t\t<span class=\"val\">1<\/span>&nbsp;\n\t\t\t<\/div>\n\t\t\t\n\t\t\t\t\t<\/div>\n\n\t\t<div class=\"wp-block-sev-items-list-metas wp-block-sev-items-list-metas-2\">\n\n\t\t\t<div class=\"wp-block-sev-items-list-metas wp-block-sev-items-list-metas-2-1\">\n\n\t\t\t\t\t\t\t\t<div class=\"wp-block-sev-items-list--tv\">\n\t\t\t\t\t<i class=\"fa fa-tv\"><\/i>\n\t\t\t\t<\/div>\n\t\t\t\t\n\t\t\t\t\n\t\t\t\t\n\t\t\t\t<!-- <div class=\"wp-block-sev-items-list--animaux wp-block-sev-items-list--animaux-false\">\n\t\t\t\t\t<i class=\"fas fa-dog\"><\/i>\n\t\t\t\t<\/div> -->\n\t\t\t<\/div>\n\t\t\t\n\t\t\t<div class=\"wp-block-sev-items-list-metas wp-block-sev-items-list-metas-2-2\">\n\n\t\t\t\t\t\t\t\t<div class=\"wp-block-sev-items-list--surface\">\n\t\t\t\t\t<span class=\"val\">30&nbsp;m\u00b2<\/span>\n\t\t\t\t<\/div>\n\t\t\t\t\n\t\t\t\t\t\t\t\t\t\t\t\t<div class=\"wp-block-sev-items-list--nbchambres\">\n\t\t\t\t\t<span class=\"val\">2<\/span>&nbsp;<span class=\"lbl\">bedrooms<\/span>\n\t\t\t\t<\/div>\n\t\t\t\t\t\t\t<\/div>\n\t\t<\/div>\n\t<\/div>\n\n\t<div class=\"wp-block-sev-items-list-btn\">\n\t\t<span>Discover<\/span>\n\t<\/div>\n\n<\/a>\n<\/article>\n\n<article class=\"wp-block-sev-items-list-item\">\n<a href=\"https:\/\/leboisdelagachere.com\/en\/hebergement\/mobile-home-cosy-2-bdrms\/\">\n\t\n\t<div class=\"wp-block-sev-items-list-thumb-container\">\n\t\t<img decoding=\"async\" class=\"wp-block-sev-items-list-thumb\" src=\"https:\/\/leboisdelagachere.com\/wp-content\/uploads\/2023\/11\/804_CH-ENFANTS_OHARA_2024.png-800px.jpg\" alt=\"Mobile home Cosy &#8211; 2 bdrms\">\n\t<\/div>\n\n\t<div class=\"wp-block-sev-items-list-desc\">\n\n\t\t<div class=\"wp-block-sev-items-list-title\">Mobile home Cosy &#8211; 2 bdrms<\/div>\n\n\t\t<div class=\"wp-block-sev-items-list-metas wp-block-sev-items-list-metas-1\">\n\t\t\t\t\t\t\t\t\t<div class=\"wp-block-sev-items-list--nbpersonnes\">\n\t\t\t\t<i class=\"far fa-user\"><\/i>\n\t\t\t\t<span class=\"val\">4<\/span>&nbsp;\n\t\t\t<\/div>\n\t\t\t\n\t\t\t\t\t\t\t\t\t<div class=\"wp-block-sev-items-list--nbsde\">\n\t\t\t\t<i class=\"fa fa-shower\"><\/i>\n\t\t\t\t<span class=\"val\">1<\/span>&nbsp;\n\t\t\t<\/div>\n\t\t\t\n\t\t\t\t\t<\/div>\n\n\t\t<div class=\"wp-block-sev-items-list-metas wp-block-sev-items-list-metas-2\">\n\n\t\t\t<div class=\"wp-block-sev-items-list-metas wp-block-sev-items-list-metas-2-1\">\n\n\t\t\t\t\t\t\t\t<div class=\"wp-block-sev-items-list--tv\">\n\t\t\t\t\t<i class=\"fa fa-tv\"><\/i>\n\t\t\t\t<\/div>\n\t\t\t\t\n\t\t\t\t\n\t\t\t\t\n\t\t\t\t<!-- <div class=\"wp-block-sev-items-list--animaux wp-block-sev-items-list--animaux-false\">\n\t\t\t\t\t<i class=\"fas fa-dog\"><\/i>\n\t\t\t\t<\/div> -->\n\t\t\t<\/div>\n\t\t\t\n\t\t\t<div class=\"wp-block-sev-items-list-metas wp-block-sev-items-list-metas-2-2\">\n\n\t\t\t\t\t\t\t\t<div class=\"wp-block-sev-items-list--surface\">\n\t\t\t\t\t<span class=\"val\">32&nbsp;m\u00b2<\/span>\n\t\t\t\t<\/div>\n\t\t\t\t\n\t\t\t\t\t\t\t\t\t\t\t\t<div class=\"wp-block-sev-items-list--nbchambres\">\n\t\t\t\t\t<span class=\"val\">2<\/span>&nbsp;<span class=\"lbl\">bedrooms<\/span>\n\t\t\t\t<\/div>\n\t\t\t\t\t\t\t<\/div>\n\t\t<\/div>\n\t<\/div>\n\n\t<div class=\"wp-block-sev-items-list-btn\">\n\t\t<span>Discover<\/span>\n\t<\/div>\n\n<\/a>\n<\/article>\n<\/div><\/div>\n<\/div>\n\n<h2 class=\"wp-block-heading has-text-color has-link-color wp-elements-512102f03091f607d16ab21ded08e2be\" id=\"cottages\" style=\"color:#026678\">Cottages<\/h2>\n\n<div class=\"wp-block-group alignfull has-text-color has-background has-link-color wp-elements-a20d3ac630cdb9b82d7ae826f8ccf10e is-layout-constrained wp-container-core-group-is-layout-020e0ace wp-block-group-is-layout-constrained\" style=\"color:#026678;background-color:#026678;padding-top:var(--wp--preset--spacing--60);padding-right:var(--wp--preset--spacing--40);padding-bottom:var(--wp--preset--spacing--60);padding-left:var(--wp--preset--spacing--40)\"><div class=\"wp-block-sev-items-list-content\">\n<article class=\"wp-block-sev-items-list-item\">\n<a href=\"https:\/\/leboisdelagachere.com\/en\/hebergement\/cottage-boheme-2-bdrms\/\">\n\t\n\t<div class=\"wp-block-sev-items-list-thumb-container\">\n\t\t<img decoding=\"async\" class=\"wp-block-sev-items-list-thumb\" src=\"https:\/\/leboisdelagachere.com\/wp-content\/uploads\/2024\/03\/Manyara-Boheme.jpg\" alt=\"Cottage Boheme &#8211; 2 bdrms\">\n\t<\/div>\n\n\t<div class=\"wp-block-sev-items-list-desc\">\n\n\t\t<div class=\"wp-block-sev-items-list-title\">Cottage Boheme &#8211; 2 bdrms<\/div>\n\n\t\t<div class=\"wp-block-sev-items-list-metas wp-block-sev-items-list-metas-1\">\n\t\t\t\t\t\t\t\t\t<div class=\"wp-block-sev-items-list--nbpersonnes\">\n\t\t\t\t<i class=\"far fa-user\"><\/i>\n\t\t\t\t<span class=\"val\">4<\/span>&nbsp;\n\t\t\t<\/div>\n\t\t\t\n\t\t\t\t\t\t\t\t\t<div class=\"wp-block-sev-items-list--nbsde\">\n\t\t\t\t<i class=\"fa fa-shower\"><\/i>\n\t\t\t\t<span class=\"val\">1<\/span>&nbsp;\n\t\t\t<\/div>\n\t\t\t\n\t\t\t\t\t<\/div>\n\n\t\t<div class=\"wp-block-sev-items-list-metas wp-block-sev-items-list-metas-2\">\n\n\t\t\t<div class=\"wp-block-sev-items-list-metas wp-block-sev-items-list-metas-2-1\">\n\n\t\t\t\t\t\t\t\t<div class=\"wp-block-sev-items-list--tv\">\n\t\t\t\t\t<i class=\"fa fa-tv\"><\/i>\n\t\t\t\t<\/div>\n\t\t\t\t\n\t\t\t\t\n\t\t\t\t\n\t\t\t\t<!-- <div class=\"wp-block-sev-items-list--animaux wp-block-sev-items-list--animaux-false\">\n\t\t\t\t\t<i class=\"fas fa-dog\"><\/i>\n\t\t\t\t<\/div> -->\n\t\t\t<\/div>\n\t\t\t\n\t\t\t<div class=\"wp-block-sev-items-list-metas wp-block-sev-items-list-metas-2-2\">\n\n\t\t\t\t\t\t\t\t<div class=\"wp-block-sev-items-list--surface\">\n\t\t\t\t\t<span class=\"val\">28&nbsp;m\u00b2<\/span>\n\t\t\t\t<\/div>\n\t\t\t\t\n\t\t\t\t\t\t\t\t\t\t\t\t<div class=\"wp-block-sev-items-list--nbchambres\">\n\t\t\t\t\t<span class=\"val\">2<\/span>&nbsp;<span class=\"lbl\">bedrooms<\/span>\n\t\t\t\t<\/div>\n\t\t\t\t\t\t\t<\/div>\n\t\t<\/div>\n\t<\/div>\n\n\t<div class=\"wp-block-sev-items-list-btn\">\n\t\t<span>Discover<\/span>\n\t<\/div>\n\n<\/a>\n<\/article>\n\n<article class=\"wp-block-sev-items-list-item\">\n<a href=\"https:\/\/leboisdelagachere.com\/en\/hebergement\/cottage-manyara-3bed\/\">\n\t\n\t<div class=\"wp-block-sev-items-list-thumb-container\">\n\t\t<img decoding=\"async\" class=\"wp-block-sev-items-list-thumb\" src=\"https:\/\/leboisdelagachere.com\/wp-content\/uploads\/2023\/11\/Screenshot_20231204_125606_Drive.jpg\" alt=\"Cottage Manyara &#8211; 3bed\">\n\t<\/div>\n\n\t<div class=\"wp-block-sev-items-list-desc\">\n\n\t\t<div class=\"wp-block-sev-items-list-title\">Cottage Manyara &#8211; 3bed<\/div>\n\n\t\t<div class=\"wp-block-sev-items-list-metas wp-block-sev-items-list-metas-1\">\n\t\t\t\t\t\t\t\t\t<div class=\"wp-block-sev-items-list--nbpersonnes\">\n\t\t\t\t<i class=\"far fa-user\"><\/i>\n\t\t\t\t<span class=\"val\">6<\/span>&nbsp;\n\t\t\t<\/div>\n\t\t\t\n\t\t\t\t\t\t\t\t\t<div class=\"wp-block-sev-items-list--nbsde\">\n\t\t\t\t<i class=\"fa fa-shower\"><\/i>\n\t\t\t\t<span class=\"val\">1<\/span>&nbsp;\n\t\t\t<\/div>\n\t\t\t\n\t\t\t\t\t<\/div>\n\n\t\t<div class=\"wp-block-sev-items-list-metas wp-block-sev-items-list-metas-2\">\n\n\t\t\t<div class=\"wp-block-sev-items-list-metas wp-block-sev-items-list-metas-2-1\">\n\n\t\t\t\t\t\t\t\t<div class=\"wp-block-sev-items-list--tv\">\n\t\t\t\t\t<i class=\"fa fa-tv\"><\/i>\n\t\t\t\t<\/div>\n\t\t\t\t\n\t\t\t\t\n\t\t\t\t\n\t\t\t\t<!-- <div class=\"wp-block-sev-items-list--animaux wp-block-sev-items-list--animaux-false\">\n\t\t\t\t\t<i class=\"fas fa-dog\"><\/i>\n\t\t\t\t<\/div> -->\n\t\t\t<\/div>\n\t\t\t\n\t\t\t<div class=\"wp-block-sev-items-list-metas wp-block-sev-items-list-metas-2-2\">\n\n\t\t\t\t\t\t\t\t<div class=\"wp-block-sev-items-list--surface\">\n\t\t\t\t\t<span class=\"val\">34&nbsp;m\u00b2<\/span>\n\t\t\t\t<\/div>\n\t\t\t\t\n\t\t\t\t\t\t\t\t\t\t\t\t<div class=\"wp-block-sev-items-list--nbchambres\">\n\t\t\t\t\t<span class=\"val\">3<\/span>&nbsp;<span class=\"lbl\">bedrooms<\/span>\n\t\t\t\t<\/div>\n\t\t\t\t\t\t\t<\/div>\n\t\t<\/div>\n\t<\/div>\n\n\t<div class=\"wp-block-sev-items-list-btn\">\n\t\t<span>Discover<\/span>\n\t<\/div>\n\n<\/a>\n<\/article>\n\n<article class=\"wp-block-sev-items-list-item\">\n<a href=\"https:\/\/leboisdelagachere.com\/en\/hebergement\/cottage-manyara-2-bdrms\/\">\n\t\n\t<div class=\"wp-block-sev-items-list-thumb-container\">\n\t\t<img decoding=\"async\" class=\"wp-block-sev-items-list-thumb\" src=\"https:\/\/leboisdelagachere.com\/wp-content\/uploads\/2023\/11\/Screenshot_20231204_125606_Drive.jpg\" alt=\"Cottage Manyara &#8211; 2 bdrms\">\n\t<\/div>\n\n\t<div class=\"wp-block-sev-items-list-desc\">\n\n\t\t<div class=\"wp-block-sev-items-list-title\">Cottage Manyara &#8211; 2 bdrms<\/div>\n\n\t\t<div class=\"wp-block-sev-items-list-metas wp-block-sev-items-list-metas-1\">\n\t\t\t\t\t\t\t\t\t<div class=\"wp-block-sev-items-list--nbpersonnes\">\n\t\t\t\t<i class=\"far fa-user\"><\/i>\n\t\t\t\t<span class=\"val\">4<\/span>&nbsp;\n\t\t\t<\/div>\n\t\t\t\n\t\t\t\t\t\t\t\t\t<div class=\"wp-block-sev-items-list--nbsde\">\n\t\t\t\t<i class=\"fa fa-shower\"><\/i>\n\t\t\t\t<span class=\"val\">2<\/span>&nbsp;\n\t\t\t<\/div>\n\t\t\t\n\t\t\t\t\t<\/div>\n\n\t\t<div class=\"wp-block-sev-items-list-metas wp-block-sev-items-list-metas-2\">\n\n\t\t\t<div class=\"wp-block-sev-items-list-metas wp-block-sev-items-list-metas-2-1\">\n\n\t\t\t\t\t\t\t\t<div class=\"wp-block-sev-items-list--tv\">\n\t\t\t\t\t<i class=\"fa fa-tv\"><\/i>\n\t\t\t\t<\/div>\n\t\t\t\t\n\t\t\t\t\n\t\t\t\t\n\t\t\t\t<!-- <div class=\"wp-block-sev-items-list--animaux wp-block-sev-items-list--animaux-false\">\n\t\t\t\t\t<i class=\"fas fa-dog\"><\/i>\n\t\t\t\t<\/div> -->\n\t\t\t<\/div>\n\t\t\t\n\t\t\t<div class=\"wp-block-sev-items-list-metas wp-block-sev-items-list-metas-2-2\">\n\n\t\t\t\t\t\t\t\t<div class=\"wp-block-sev-items-list--surface\">\n\t\t\t\t\t<span class=\"val\">34&nbsp;m\u00b2<\/span>\n\t\t\t\t<\/div>\n\t\t\t\t\n\t\t\t\t\t\t\t\t\t\t\t\t<div class=\"wp-block-sev-items-list--nbchambres\">\n\t\t\t\t\t<span class=\"val\">2<\/span>&nbsp;<span class=\"lbl\">bedrooms<\/span>\n\t\t\t\t<\/div>\n\t\t\t\t\t\t\t<\/div>\n\t\t<\/div>\n\t<\/div>\n\n\t<div class=\"wp-block-sev-items-list-btn\">\n\t\t<span>Discover<\/span>\n\t<\/div>\n\n<\/a>\n<\/article>\n<\/div><\/div>\n","protected":false},"excerpt":{"rendered":"<p>Lodging Discover our accommodation in the heart of a wooded site in Les Sables d&#8217;Olonne C\u00f4t\u00e9 For\u00eat mobile homes Classic mobile homes Cottages<\/p>\n","protected":false},"author":3,"featured_media":0,"parent":0,"menu_order":0,"comment_status":"closed","ping_status":"closed","template":"","meta":{"_seopress_robots_primary_cat":"","_seopress_titles_title":"Accommodation at camping 4* Le Bois de La Gach\u00e8re","_seopress_titles_desc":"Le Bois de la Gach\u00e8re offers comfortable, top-of-the-range accommodation in the heart of the forest in Les Sables d'Olonne.  ","_seopress_robots_index":"","footnotes":""},"class_list":["post-9293","page","type-page","status-publish","hentry"],"_links":{"self":[{"href":"https:\/\/leboisdelagachere.com\/en\/wp-json\/wp\/v2\/pages\/9293","targetHints":{"allow":["GET"]}}],"collection":[{"href":"https:\/\/leboisdelagachere.com\/en\/wp-json\/wp\/v2\/pages"}],"about":[{"href":"https:\/\/leboisdelagachere.com\/en\/wp-json\/wp\/v2\/types\/page"}],"author":[{"embeddable":true,"href":"https:\/\/leboisdelagachere.com\/en\/wp-json\/wp\/v2\/users\/3"}],"replies":[{"embeddable":true,"href":"https:\/\/leboisdelagachere.com\/en\/wp-json\/wp\/v2\/comments?post=9293"}],"version-history":[{"count":1,"href":"https:\/\/leboisdelagachere.com\/en\/wp-json\/wp\/v2\/pages\/9293\/revisions"}],"predecessor-version":[{"id":9304,"href":"https:\/\/leboisdelagachere.com\/en\/wp-json\/wp\/v2\/pages\/9293\/revisions\/9304"}],"wp:attachment":[{"href":"https:\/\/leboisdelagachere.com\/en\/wp-json\/wp\/v2\/media?parent=9293"}],"curies":[{"name":"wp","href":"https:\/\/api.w.org\/{rel}","templated":true}]}}