{"id":9353,"date":"2023-11-14T15:42:11","date_gmt":"2023-11-14T14:42:11","guid":{"rendered":"https:\/\/dev.leboisdelagachere.com\/locations\/"},"modified":"2023-12-15T15:59:31","modified_gmt":"2023-12-15T14:59:31","slug":"locations","status":"publish","type":"page","link":"https:\/\/leboisdelagachere.com\/en\/locations\/","title":{"rendered":"Locations"},"content":{"rendered":"\n<h1 class=\"wp-block-heading\">Pitches at our campsite in Les Sables d&#8217;Olonne<\/h1>\n\n\n\n<h2 class=\"wp-block-heading has-text-color has-link-color wp-elements-73f6fab163c09a41cb94e40a38416e5f\" style=\"color:#026678\">Camping Caravaning pitches with direct beach access<\/h2>\n\n\n\n<div class=\"wp-block-columns alignwide are-vertically-aligned-center is-layout-flex wp-container-core-columns-is-layout-7cca1c40 wp-block-columns-is-layout-flex\" style=\"padding-top:var(--wp--preset--spacing--60);padding-bottom:var(--wp--preset--spacing--60)\">\n<div class=\"wp-block-column is-vertically-aligned-center is-layout-flow wp-block-column-is-layout-flow\" style=\"flex-basis:33.38%\">\n<p>Camping enthusiasts, come and pitch your tent, van, caravan or motorhome at Camping**** Le Bois de La Gach\u00e8re <a href=\"https:\/\/leboisdelagachere.com\/en\/surveying-cities\/les-sables-dolonne\/\" data-type=\"page\" data-id=\"7890\">in Les Sables d&#8217;Olonne<\/a>, Vend\u00e9e.<\/p>\n\n\n\n<p>If you like nature camping, then come and discover our pitches at Camping**** Le<br>Bois de La Gach\u00e8re in <strong>a pine and holm oak forest.<\/strong><\/p>\n\n\n\n<p>Ranging from 80 to 140m\u00b2, our plots are equipped with electrical (10A) and water connections for your convenience.<\/p>\n\n\n\n<p>Campers have access to all the <a href=\"https:\/\/leboisdelagachere.com\/en\/services\/\" data-type=\"page\" data-id=\"7521\">services<\/a>, <a href=\"https:\/\/leboisdelagachere.com\/en\/activities-entertainment\/\" data-type=\"page\" data-id=\"7612\">activities <\/a>and leisure facilities offered by the campsite.<\/p>\n\n\n\n<p><strong>Two comfortable sanitary areas are at your disposal:<\/strong><\/p>\n\n\n\n<ul class=\"wp-block-list\">\n<li>shower cubicles<\/li>\n\n\n\n<li>washbasins in cabins<\/li>\n\n\n\n<li>wc and children&#8217;s wc<\/li>\n\n\n\n<li>baby bathroom with bathtub<\/li>\n\n\n\n<li>shower room accessible to people with reduced mobility<\/li>\n<\/ul>\n\n\n\n<p>There&#8217;s also a <strong>washing-up area<\/strong> and a <strong>laundry area<\/strong> with washing machine and tumble dryer (tokens on sale at reception).<\/p>\n\n\n\n<p>Electric and gas barbecues are permitted on the campsite (charcoal barbecues are strictly forbidden).<\/p>\n\n\n\n<p>Remember to bring extension cords (25m) for electrical connections.  <\/p>\n\n\n\n<p>For cyclists and hikers, Le Bois de la Gach\u00e8re campsite offers <strong>a<br>&#8220;\u00c9tape rando&#8221; rate<\/strong> for a well-deserved night&#8217;s rest!<\/p>\n<\/div>\n\n\n\n<div class=\"wp-block-column is-vertically-aligned-center is-layout-flow wp-block-column-is-layout-flow\" style=\"flex-basis:33%\">\n<div style=\"height:55px\" aria-hidden=\"true\" class=\"wp-block-spacer\"><\/div>\n\n\n\n<figure class=\"wp-block-image size-full is-resized\"><img loading=\"lazy\" decoding=\"async\" width=\"900\" height=\"600\" src=\"https:\/\/leboisdelagachere.com\/wp-content\/uploads\/2023\/11\/La_Gachere_28062023_005_0-1.jpg\" alt=\"location emplacement spacieux Vend\u00e9e\" class=\"wp-image-8315\" style=\"aspect-ratio:0.75;object-fit:cover;width:375px;height:auto\" srcset=\"https:\/\/leboisdelagachere.com\/wp-content\/uploads\/2023\/11\/La_Gachere_28062023_005_0-1.jpg 900w, https:\/\/leboisdelagachere.com\/wp-content\/uploads\/2023\/11\/La_Gachere_28062023_005_0-1-300x200.jpg 300w, https:\/\/leboisdelagachere.com\/wp-content\/uploads\/2023\/11\/La_Gachere_28062023_005_0-1-768x512.jpg 768w\" sizes=\"auto, (max-width: 900px) 100vw, 900px\" \/><\/figure>\n<\/div>\n\n\n\n<div class=\"wp-block-column is-vertically-aligned-center is-layout-flow wp-block-column-is-layout-flow\" style=\"flex-basis:33.62%\">\n<figure class=\"wp-block-image size-full is-resized\"><img loading=\"lazy\" decoding=\"async\" width=\"620\" height=\"466\" src=\"https:\/\/leboisdelagachere.com\/wp-content\/uploads\/2023\/12\/00000526450.webp\" alt=\"campsite rental Vend\u00e9e\" class=\"wp-image-8794\" style=\"aspect-ratio:0.75;object-fit:cover;width:382px;height:auto\" srcset=\"https:\/\/leboisdelagachere.com\/wp-content\/uploads\/2023\/12\/00000526450.webp 620w, https:\/\/leboisdelagachere.com\/wp-content\/uploads\/2023\/12\/00000526450-300x225.webp 300w\" sizes=\"auto, (max-width: 620px) 100vw, 620px\" \/><\/figure>\n<\/div>\n<\/div>\n\n\n\n<figure class=\"wp-block-image aligncenter size-full is-resized\"><img decoding=\"async\" src=\"https:\/\/leboisdelagachere.com\/wp-content\/uploads\/2023\/11\/trait.png\" alt=\"\" class=\"wp-image-7498\" style=\"width:150px\"\/><\/figure>\n\n\n\n<div class=\"wp-block-group alignfull has-background is-layout-constrained wp-block-group-is-layout-constrained\" style=\"background-color:#026678;padding-top:var(--wp--preset--spacing--70);padding-bottom:var(--wp--preset--spacing--70)\">\n<h2 class=\"wp-block-heading has-white-color has-text-color has-link-color wp-elements-e84ff30f42e45864ca3cfbef7bd81d3e\">Discover our different pitch packages<\/h2>\n\n\n\n<h3 class=\"wp-block-heading has-white-color has-text-color has-link-color wp-elements-61581469080a74c86698299ed8ca3819\" style=\"padding-top:var(--wp--preset--spacing--40);padding-bottom:var(--wp--preset--spacing--40)\"><strong>Camp\u00e9toile<\/strong><\/h3>\n\n\n\n<p class=\"has-white-color has-text-color has-link-color wp-elements-f123092b696e7cc26e1d19ece3b7a643\"><strong>Ecolodge Camp\u00e9toile 1 room for 2 people :<\/strong><\/p>\n\n\n\n<p class=\"has-white-color has-text-color has-link-color wp-elements-bca99f8b1ad3d5071274acb7c04ec167\">Dining area<br>1 bedroom with 1 double bed (140&#215;190)<\/p>\n\n\n\n<p class=\"has-white-color has-text-color has-link-color wp-elements-4e93fef8eaa8729964594ea94b553730\"><strong>The Camp\u00e9toile Tent includes :<\/strong><\/p>\n\n\n\n<ul class=\"has-white-color has-text-color has-link-color wp-block-list wp-elements-ea01ffdc03539c40da8b3d2bfb87775e\">\n<li>1 outdoor table with benches<\/li>\n\n\n\n<li>Pillows, sheets and blankets provided for each bed (extra charge)<\/li>\n<\/ul>\n\n\n\n<p><\/p>\n\n\n<p><ctv-product data-product-id=\"78690\" ><\/ctv-product><\/p>\n\n\n\n<figure class=\"wp-block-image aligncenter size-full is-resized\"><img decoding=\"async\" src=\"https:\/\/leboisdelagachere.com\/wp-content\/uploads\/2023\/11\/trait.png\" alt=\"\" class=\"wp-image-7498\" style=\"width:150px\"\/><\/figure>\n\n\n\n<h3 class=\"wp-block-heading has-white-color has-text-color has-link-color wp-elements-6ea23938d52b5f4e8fe542a36e752346\" style=\"padding-top:var(--wp--preset--spacing--50);padding-bottom:var(--wp--preset--spacing--50)\"><strong>Pitch + vehicle + electricity<\/strong><\/h3>\n\n\n<p><ctv-product data-product-id=\"78689\" ><\/ctv-product><\/p>\n\n\n\n<figure class=\"wp-block-image aligncenter size-full is-resized\"><img decoding=\"async\" src=\"https:\/\/leboisdelagachere.com\/wp-content\/uploads\/2023\/11\/trait.png\" alt=\"\" class=\"wp-image-7498\" style=\"width:150px\"\/><\/figure>\n\n\n\n<h3 class=\"wp-block-heading has-white-color has-text-color has-link-color wp-elements-61cb28a913ee50375db10510c98d0471\" style=\"padding-top:var(--wp--preset--spacing--40);padding-bottom:var(--wp--preset--spacing--40)\"><strong>Bike stopover location<\/strong><\/h3>\n\n\n<p><ctv-product data-product-id=\"127680\" ><\/ctv-product><\/p>\n<\/div>\n\n\n<div class=\"wp-block-sev-diaporama alignfull\">\n\t\t\t<div id=\"sevgallery-3850492486\" class=\"sev-diaporama sev-diaporama-portfolio\">\n\n\t\t\t<div class=\"row\">\n\n\n\n\t\t\t\n\n\n\t\t\t\t\n\n\n\t\t\t\t<div class=\"sev-diaporama-portfolio-item col-12 col-sm \">\n\n\n\n\t\t\t\t\t\n\t\t\t\t\t\t\t\t\t\t<a href=\"https:\/\/leboisdelagachere.com\/wp-content\/uploads\/2023\/11\/La_Gachere_28062023_005_0.jpg\" data-lightbox=\"sevgallery-3850492486\" style=\"background-image: url(https:\/\/leboisdelagachere.com\/wp-content\/uploads\/2023\/11\/La_Gachere_28062023_005_0.jpg)\">\n\n\t\t\t\t\t\n\t\t\t\t\t\t<img decoding=\"async\" src=\"https:\/\/leboisdelagachere.com\/wp-content\/uploads\/2023\/11\/La_Gachere_28062023_005_0.jpg\" alt=\"\" loading=\"lazy\">\n\n\t\t\t\t\t\n\t\t\t\t\t<\/a>\n\n\t\t\t\t\t\n\t\t\t\t<\/div>\n\n\n\n\t\t\t\t\n\n\n\t\t\t\t\n\t\t\t\t\n\t\t\t\n\n\n\t\t\t\t\n\n\n\t\t\t\t<div class=\"sev-diaporama-portfolio-item col-12 col-sm  col-grow\">\n\n\n\n\t\t\t\t\t\n\t\t\t\t\t\t\t\t\t\t<a href=\"https:\/\/leboisdelagachere.com\/wp-content\/uploads\/2023\/11\/photo3-emplacements-camping-la-gachere-camping-olonne-sur-mer.jpg\" data-lightbox=\"sevgallery-3850492486\" style=\"background-image: url(https:\/\/leboisdelagachere.com\/wp-content\/uploads\/2023\/11\/photo3-emplacements-camping-la-gachere-camping-olonne-sur-mer.jpg)\">\n\n\t\t\t\t\t\n\t\t\t\t\t\t<img decoding=\"async\" src=\"https:\/\/leboisdelagachere.com\/wp-content\/uploads\/2023\/11\/photo3-emplacements-camping-la-gachere-camping-olonne-sur-mer.jpg\" alt=\"\" loading=\"lazy\">\n\n\t\t\t\t\t\n\t\t\t\t\t<\/a>\n\n\t\t\t\t\t\n\t\t\t\t<\/div>\n\n\n\n\t\t\t\t\n\n\n\t\t\t\t\n\t\t\t\t\n\t\t\t\n\n\n\t\t\t\t\n\n\n\t\t\t\t<div class=\"sev-diaporama-portfolio-item col-12 col-sm  col-shrink\">\n\n\n\n\t\t\t\t\t\n\t\t\t\t\t\t\t\t\t\t<a href=\"https:\/\/leboisdelagachere.com\/wp-content\/uploads\/2023\/11\/photo4-emplacements-camping-la-gachere-camping-olonne-sur-mer.jpg\" data-lightbox=\"sevgallery-3850492486\" style=\"background-image: url(https:\/\/leboisdelagachere.com\/wp-content\/uploads\/2023\/11\/photo4-emplacements-camping-la-gachere-camping-olonne-sur-mer.jpg)\">\n\n\t\t\t\t\t\n\t\t\t\t\t\t<img decoding=\"async\" src=\"https:\/\/leboisdelagachere.com\/wp-content\/uploads\/2023\/11\/photo4-emplacements-camping-la-gachere-camping-olonne-sur-mer.jpg\" alt=\"\" loading=\"lazy\">\n\n\t\t\t\t\t\n\t\t\t\t\t<\/a>\n\n\t\t\t\t\t\n\t\t\t\t<\/div>\n\n\n\n\t\t\t\t\n\n\n\t\t\t\t\n\t\t\t\t\n\t\t\t\n\n\n\t\t\t\t\n\n\n\t\t\t\t<div class=\"sev-diaporama-portfolio-item col-12 col-sm  col-grow\">\n\n\n\n\t\t\t\t\t\n\t\t\t\t\t\t\t\t\t\t<a href=\"https:\/\/leboisdelagachere.com\/wp-content\/uploads\/2023\/11\/photo5-emplacements-camping-la-gachere-camping-olonne-sur-mer.jpg\" data-lightbox=\"sevgallery-3850492486\" style=\"background-image: url(https:\/\/leboisdelagachere.com\/wp-content\/uploads\/2023\/11\/photo5-emplacements-camping-la-gachere-camping-olonne-sur-mer.jpg)\">\n\n\t\t\t\t\t\n\t\t\t\t\t\t<img decoding=\"async\" src=\"https:\/\/leboisdelagachere.com\/wp-content\/uploads\/2023\/11\/photo5-emplacements-camping-la-gachere-camping-olonne-sur-mer.jpg\" alt=\"\" loading=\"lazy\">\n\n\t\t\t\t\t\n\t\t\t\t\t<\/a>\n\n\t\t\t\t\t\n\t\t\t\t<\/div>\n\n\n\n\t\t\t\t\n\t\t\t\t\t<div class=\"w-100\"><\/div>\n\n\t\t\t\t\t\n\t\t\t\t\n\n\n\t\t\t\t\n\t\t\t\t\n\t\t\t\n\n\n\t\t\t\t\n\n\n\t\t\t\t<div class=\"sev-diaporama-portfolio-item col-12 col-sm  col-shrink\">\n\n\n\n\t\t\t\t\t\n\t\t\t\t\t\t\t\t\t\t<a href=\"https:\/\/leboisdelagachere.com\/wp-content\/uploads\/2023\/11\/photo6-emplacements-camping-la-gachere-camping-olonne-sur-mer-1.jpg\" data-lightbox=\"sevgallery-3850492486\" style=\"background-image: url(https:\/\/leboisdelagachere.com\/wp-content\/uploads\/2023\/11\/photo6-emplacements-camping-la-gachere-camping-olonne-sur-mer-1.jpg)\">\n\n\t\t\t\t\t\n\t\t\t\t\t\t<img decoding=\"async\" src=\"https:\/\/leboisdelagachere.com\/wp-content\/uploads\/2023\/11\/photo6-emplacements-camping-la-gachere-camping-olonne-sur-mer-1.jpg\" alt=\"\" loading=\"lazy\">\n\n\t\t\t\t\t\n\t\t\t\t\t<\/a>\n\n\t\t\t\t\t\n\t\t\t\t<\/div>\n\n\n\n\t\t\t\t\n\n\n\t\t\t\t\n\t\t\t\t\n\t\t\t\n\n\n\t\t\t\t\n\n\n\t\t\t\t<div class=\"sev-diaporama-portfolio-item col-12 col-sm \">\n\n\n\n\t\t\t\t\t\n\t\t\t\t\t\t\t\t\t\t<a href=\"https:\/\/leboisdelagachere.com\/wp-content\/uploads\/2023\/11\/photo8-emplacements-camping-la-gachere-camping-olonne-sur-mer.jpg\" data-lightbox=\"sevgallery-3850492486\" style=\"background-image: url(https:\/\/leboisdelagachere.com\/wp-content\/uploads\/2023\/11\/photo8-emplacements-camping-la-gachere-camping-olonne-sur-mer.jpg)\">\n\n\t\t\t\t\t\n\t\t\t\t\t\t<img decoding=\"async\" src=\"https:\/\/leboisdelagachere.com\/wp-content\/uploads\/2023\/11\/photo8-emplacements-camping-la-gachere-camping-olonne-sur-mer.jpg\" alt=\"\" loading=\"lazy\">\n\n\t\t\t\t\t\n\t\t\t\t\t<\/a>\n\n\t\t\t\t\t\n\t\t\t\t<\/div>\n\n\n\n\t\t\t\t\n\n\n\t\t\t\t\n\t\t\t\t\n\t\t\t\n\n\n\t\t\t\t\n\n\n\t\t\t\t<div class=\"sev-diaporama-portfolio-item col-12 col-sm  col-grow\">\n\n\n\n\t\t\t\t\t\n\t\t\t\t\t\t\t\t\t\t<a href=\"https:\/\/leboisdelagachere.com\/wp-content\/uploads\/2023\/11\/photo10-emplacements-camping-la-gachere-camping-olonne-sur-mer.jpg\" data-lightbox=\"sevgallery-3850492486\" style=\"background-image: url(https:\/\/leboisdelagachere.com\/wp-content\/uploads\/2023\/11\/photo10-emplacements-camping-la-gachere-camping-olonne-sur-mer.jpg)\">\n\n\t\t\t\t\t\n\t\t\t\t\t\t<img decoding=\"async\" src=\"https:\/\/leboisdelagachere.com\/wp-content\/uploads\/2023\/11\/photo10-emplacements-camping-la-gachere-camping-olonne-sur-mer.jpg\" alt=\"\" loading=\"lazy\">\n\n\t\t\t\t\t\n\t\t\t\t\t<\/a>\n\n\t\t\t\t\t\n\t\t\t\t<\/div>\n\n\n\n\t\t\t\t\n\n\n\t\t\t\t\n\t\t\t\t\n\t\t\t\n\t\t\t<\/div>\n\n\t\t\t<\/div>\n\n\n\n\t\t\t<script>\n\n\t\t\tjQuery(function($) {\n\n\n\n\t\t\t\tvar marginPortfolio = function() {\n\n\n\n\t\t\t\t\tvar $diapo          = $('#sevgallery-3850492486');\n\n\t\t\t\t\tvar container_width = $diapo.parent().outerWidth();\n\n\t\t\t\t\tvar side            = ( $(window).innerWidth() - container_width ) \/ 2;\n\n\n\n\t\t\t\t\t$diapo.css( {\n\n\t\t\t\t\t\t'margin-left': '-' + side + 'px',\n\n\t\t\t\t\t\t'margin-right': '-' + side + 'px',\n\n\t\t\t\t\t} );\n\n\t\t\t\t};\n\n\n\n\t\t\t\t$( window ).resize( function() {\n\n\t\t\t\t\tmarginPortfolio();\n\n\t\t\t\t} );\n\n\t\t\t\tmarginPortfolio();\n\n\t\t\t});\n\n\t\t\t<\/script>\n\n\t\t\t<\/div>","protected":false},"excerpt":{"rendered":"<p>Pitches at our campsite in Les Sables d&#8217;Olonne Camping Caravaning pitches with direct beach access Camping enthusiasts, come and pitch your tent, van, caravan or motorhome at Camping**** Le Bois de La Gach\u00e8re in Les Sables d&#8217;Olonne, Vend\u00e9e. If you like nature camping, then come and discover our pitches at Camping**** LeBois de La Gach\u00e8re [&hellip;]<\/p>\n","protected":false},"author":3,"featured_media":0,"parent":0,"menu_order":0,"comment_status":"closed","ping_status":"closed","template":"","meta":{"_seopress_robots_primary_cat":"","_seopress_titles_title":"4-star campsite pitches in Les Sables d&#039;Olonne  ","_seopress_titles_desc":"Rent a camping pitch for your tent, caravan or motorhome. Spacious location in the heart of the forest.  ","_seopress_robots_index":"","footnotes":""},"class_list":["post-9353","page","type-page","status-publish","hentry"],"_links":{"self":[{"href":"https:\/\/leboisdelagachere.com\/en\/wp-json\/wp\/v2\/pages\/9353","targetHints":{"allow":["GET"]}}],"collection":[{"href":"https:\/\/leboisdelagachere.com\/en\/wp-json\/wp\/v2\/pages"}],"about":[{"href":"https:\/\/leboisdelagachere.com\/en\/wp-json\/wp\/v2\/types\/page"}],"author":[{"embeddable":true,"href":"https:\/\/leboisdelagachere.com\/en\/wp-json\/wp\/v2\/users\/3"}],"replies":[{"embeddable":true,"href":"https:\/\/leboisdelagachere.com\/en\/wp-json\/wp\/v2\/comments?post=9353"}],"version-history":[{"count":2,"href":"https:\/\/leboisdelagachere.com\/en\/wp-json\/wp\/v2\/pages\/9353\/revisions"}],"predecessor-version":[{"id":9521,"href":"https:\/\/leboisdelagachere.com\/en\/wp-json\/wp\/v2\/pages\/9353\/revisions\/9521"}],"wp:attachment":[{"href":"https:\/\/leboisdelagachere.com\/en\/wp-json\/wp\/v2\/media?parent=9353"}],"curies":[{"name":"wp","href":"https:\/\/api.w.org\/{rel}","templated":true}]}}