{"id":9064,"date":"2023-11-21T15:14:59","date_gmt":"2023-11-21T14:14:59","guid":{"rendered":"https:\/\/dev.leboisdelagachere.com\/vrijetijdsparken\/"},"modified":"2023-12-15T16:27:36","modified_gmt":"2023-12-15T15:27:36","slug":"vrijetijdsparken","status":"publish","type":"page","link":"https:\/\/leboisdelagachere.com\/nl\/amusement\/vrijetijdsparken\/","title":{"rendered":"Vrijetijdsparken"},"content":{"rendered":"\n<h1 class=\"wp-block-heading\">Vrijetijdsparken <\/h1>\n\n\n\n<h2 class=\"wp-block-heading has-text-color has-link-color wp-elements-d7a4bb50cd280a9881aeabf27b186d49\" style=\"color:#026678\">Ontdek een regio vol verrassingen: de Vend\u00e9e<\/h2>\n\n\n\n<p>De 4-sterrencamping Le Bois de La Gach\u00e8re, tussen <a href=\"https:\/\/leboisdelagachere.com\/nl\/wandelen-door-de-straten\/sables-dolonne\/\" data-type=\"page\" data-id=\"7890\">Les Sables d&#8217;Olonne<\/a> en <a href=\"https:\/\/leboisdelagachere.com\/nl\/wandelen-door-de-straten\/saint-gilles-croix-de-vie\/\" data-type=\"page\" data-id=\"7922\">Saint Gilles Croix de<\/a> Vie, is het vertrekpunt voor uitstapjes, bezoeken en activiteiten om je verblijf luister bij te zetten.<\/p>\n\n\n\n<div class=\"wp-block-media-text alignwide is-stacked-on-mobile is-vertically-aligned-center\" style=\"grid-template-columns:60% auto\"><figure class=\"wp-block-media-text__media\"><img loading=\"lazy\" decoding=\"async\" width=\"462\" height=\"347\" src=\"https:\/\/leboisdelagachere.com\/wp-content\/uploads\/2023\/11\/photo3-le-chateau-de-pierre-levee-la-gachere-camping-olonne-sur-mer-olonne-sur-mer.jpg\" alt=\"bezoek aan een kasteel in de buurt van de camping\" class=\"wp-image-7966 size-full\" srcset=\"https:\/\/leboisdelagachere.com\/wp-content\/uploads\/2023\/11\/photo3-le-chateau-de-pierre-levee-la-gachere-camping-olonne-sur-mer-olonne-sur-mer.jpg 462w, https:\/\/leboisdelagachere.com\/wp-content\/uploads\/2023\/11\/photo3-le-chateau-de-pierre-levee-la-gachere-camping-olonne-sur-mer-olonne-sur-mer-300x225.jpg 300w\" sizes=\"auto, (max-width: 462px) 100vw, 462px\" \/><\/figure><div class=\"wp-block-media-text__content\">\n<h2 class=\"wp-block-heading has-text-color has-link-color wp-elements-26745c0a91d42a86d9dd8d4024bd7bf1\" style=\"color:#026678\">Het kasteel van Pierre Lev\u00e9e<\/h2>\n\n\n\n<p><img decoding=\"async\" class=\"wp-image-7385\" style=\"width: 30px;\" src=\"https:\/\/leboisdelagachere.com\/wp-content\/uploads\/2023\/11\/guilmet-ok-couleur.png\" alt=\"camping aan de rand van het bos\"><strong><em>De replica van het Petit Trianon.<\/em><\/strong><\/p>\n\n\n\n<p>Het Ch\u00e2teau de Pierre Lev\u00e9e dankt zijn naam aan de twee menhirs in de buurt, de twee grootste staande stenen in Europa, ontdekt aan het einde van de 11e eeuw.<\/p>\n\n\n\n<p>Het kasteel werd gebouwd door Luc Pezot, een belastinginner en reder uit Sabl, die zich liet inspireren door de architectuur van het Petit Trianon in Versailles.<\/p>\n\n\n\n<p>In de zomer onthullen geluids- en lichtshows alle schoonheid van de site.<\/p>\n\n\n\n<p>200 acteurs in de tuinen van het kasteel brengen de geschiedenis van deze fabelachtige regio tot leven, van het ontstaan van de mens tot de bouw van het kasteel dat nog steeds bekend staat als het &#8220;Petit Trianon Vend\u00e9en&#8221;.<\/p>\n<\/div><\/div>\n\n\n\n<div class=\"wp-block-group is-layout-constrained wp-block-group-is-layout-constrained\" style=\"padding-top:var(--wp--preset--spacing--70);padding-bottom:var(--wp--preset--spacing--70)\">\n<figure class=\"wp-block-image aligncenter size-full is-resized\"><img decoding=\"async\" src=\"https:\/\/leboisdelagachere.com\/wp-content\/uploads\/2023\/11\/trait.png\" alt=\"\" class=\"wp-image-7499\" style=\"width:150px\"\/><\/figure>\n<\/div>\n\n\n\n<div class=\"wp-block-media-text alignwide has-media-on-the-right is-stacked-on-mobile is-vertically-aligned-center is-image-fill\" style=\"grid-template-columns:auto 60%\"><div class=\"wp-block-media-text__content\">\n<h2 class=\"wp-block-heading has-text-color has-link-color wp-elements-bff46f876605cc7724acf345ccc6e59b\" style=\"color:#026678\">Dierentuin Les Sables d&#8217;Olonne<\/h2>\n\n\n\n<p><img decoding=\"async\" class=\"wp-image-7385\" style=\"width: 30px;\" src=\"https:\/\/leboisdelagachere.com\/wp-content\/uploads\/2023\/11\/guilmet-ok-couleur.png\" alt=\"camping aan de rand van het bos\"><strong><em>Een bezoek dat je niet mag missen<\/em>.<\/strong><\/p>\n\n\n\n<p>Als groene oase aan zee nodigt de dierentuin van Les Sables d&#8217;Olonne je uit voor een reis door de wereld van de dieren.<\/p>\n\n\n\n<p>De dierentuin van Les Sables d&#8217;Olonne herbergt een grote verscheidenheid aan diersoorten te midden van een weelderige, bloemrijke en perfect verzorgde vegetatie.<\/p>\n\n\n\n<p>In de prachtige omgeving van Lac du Tanchet leven pingu\u00efns, apen, otters, leeuwen, jaguars en rode panda&#8217;s nog lang en gelukkig.<\/p>\n\n\n\n<p>Zoo des Sables is de voorloper van een nieuw type dierentuin dat respect voor zijn omgeving combineert met bescherming van de exotische en lokale biodiversiteit en bezoekers bewust maakt van ecoburgerschap.<\/p>\n\n\n\n<p>De dierentuin ligt in het hart van de stad Les Sables d&#8217;Olonne en is een groen eiland van 3 hectare, verankerd aan de kust van de Vend\u00e9e. Er leven ongeveer 280 dieren van meer dan 40 bedreigde diersoorten en het trekt jaarlijks bijna 160.000 bezoekers, waarmee het de op \u00e9\u00e9n na grootste toeristische attractie van de Vend\u00e9e is.<\/p>\n<\/div><figure class=\"wp-block-media-text__media\" style=\"background-image:url(https:\/\/leboisdelagachere.com\/wp-content\/uploads\/2023\/11\/zoo-des-sables-IMG_4112-1024x683.jpg);background-position:50% 50%\"><img loading=\"lazy\" decoding=\"async\" width=\"1024\" height=\"683\" src=\"https:\/\/leboisdelagachere.com\/wp-content\/uploads\/2023\/11\/zoo-des-sables-IMG_4112-1024x683.jpg\" alt=\"visite du zoo des sables d'olonne\" class=\"wp-image-7967 size-full\" srcset=\"https:\/\/leboisdelagachere.com\/wp-content\/uploads\/2023\/11\/zoo-des-sables-IMG_4112-1024x683.jpg 1024w, https:\/\/leboisdelagachere.com\/wp-content\/uploads\/2023\/11\/zoo-des-sables-IMG_4112-300x200.jpg 300w, https:\/\/leboisdelagachere.com\/wp-content\/uploads\/2023\/11\/zoo-des-sables-IMG_4112-768x512.jpg 768w, https:\/\/leboisdelagachere.com\/wp-content\/uploads\/2023\/11\/zoo-des-sables-IMG_4112-1536x1024.jpg 1536w, https:\/\/leboisdelagachere.com\/wp-content\/uploads\/2023\/11\/zoo-des-sables-IMG_4112-2048x1365.jpg 2048w\" sizes=\"auto, (max-width: 1024px) 100vw, 1024px\" \/><\/figure><\/div>\n\n\n\n<div class=\"wp-block-group is-layout-constrained wp-block-group-is-layout-constrained\" style=\"padding-top:var(--wp--preset--spacing--70);padding-bottom:var(--wp--preset--spacing--70)\">\n<figure class=\"wp-block-image aligncenter size-full is-resized\"><img decoding=\"async\" src=\"https:\/\/leboisdelagachere.com\/wp-content\/uploads\/2023\/11\/trait.png\" alt=\"\" class=\"wp-image-7499\" style=\"width:150px\"\/><\/figure>\n<\/div>\n\n\n\n<div class=\"wp-block-media-text alignwide is-stacked-on-mobile is-vertically-aligned-center\" style=\"grid-template-columns:60% auto\"><figure class=\"wp-block-media-text__media\"><img loading=\"lazy\" decoding=\"async\" width=\"1024\" height=\"683\" src=\"https:\/\/leboisdelagachere.com\/wp-content\/uploads\/2023\/11\/Golf-des-fontenelles-1024x683.jpg\" alt=\"golf d'olonne\" class=\"wp-image-7971 size-full\" srcset=\"https:\/\/leboisdelagachere.com\/wp-content\/uploads\/2023\/11\/Golf-des-fontenelles-1024x683.jpg 1024w, https:\/\/leboisdelagachere.com\/wp-content\/uploads\/2023\/11\/Golf-des-fontenelles-300x200.jpg 300w, https:\/\/leboisdelagachere.com\/wp-content\/uploads\/2023\/11\/Golf-des-fontenelles-768x512.jpg 768w, https:\/\/leboisdelagachere.com\/wp-content\/uploads\/2023\/11\/Golf-des-fontenelles-1536x1024.jpg 1536w, https:\/\/leboisdelagachere.com\/wp-content\/uploads\/2023\/11\/Golf-des-fontenelles.jpg 1900w\" sizes=\"auto, (max-width: 1024px) 100vw, 1024px\" \/><\/figure><div class=\"wp-block-media-text__content\">\n<h2 class=\"wp-block-heading has-text-color has-link-color wp-elements-980e70c9970174ad3cd2d680363de81d\" style=\"color:#026678\">Golf van Olonnes<\/h2>\n\n\n\n<p><img decoding=\"async\" class=\"wp-image-7385\" style=\"width: 30px;\" src=\"https:\/\/leboisdelagachere.com\/wp-content\/uploads\/2023\/11\/guilmet-ok-couleur.png\" alt=\"camping aan de rand van het bos\"><strong><em>Tussen de oceaan en de bocage van de Vend\u00e9e.<\/em><\/strong><\/p>\n\n\n\n<p>Golf des Olonnes heeft een uitzonderlijke locatie met panoramisch uitzicht, op slechts 3 kilometer van Les Sables d&#8217;Olonne.<\/p>\n\n\n\n<p>Deze 18-holes baan, ontworpen in de natuurlijke omgeving van de Vend\u00e9e bocage, strekt zich uit over een natuurlijk golvend terrein, met een aantal zeer mooie stukken water.<\/p>\n\n\n\n<p>De baan is sportief, aantrekkelijk en redelijk, waardoor hij geschikt is voor spelers van alle niveaus.<\/p>\n\n\n\n<p><em>18-holesbaan:<br><\/em>6 063 m &#8211; 18 holes &#8211; par 72<\/p>\n\n\n\n<p><em>Praktijkgebied:<br><\/em>&#8211; 6 overdekte posten<br>&#8211; 20 banen niet gedekt<br>&#8211; Putting green, pitching green, aanloopgebieden, oefenbunkers<\/p>\n<\/div><\/div>\n\n\n\n<div class=\"wp-block-group is-layout-constrained wp-block-group-is-layout-constrained\" style=\"padding-top:var(--wp--preset--spacing--70);padding-bottom:var(--wp--preset--spacing--70)\">\n<figure class=\"wp-block-image aligncenter size-full is-resized\"><img decoding=\"async\" src=\"https:\/\/leboisdelagachere.com\/wp-content\/uploads\/2023\/11\/trait.png\" alt=\"\" class=\"wp-image-7499\" style=\"width:150px\"\/><\/figure>\n<\/div>\n\n\n\n<div class=\"wp-block-media-text alignwide has-media-on-the-right is-stacked-on-mobile is-vertically-aligned-center is-image-fill\" style=\"grid-template-columns:auto 60%\"><div class=\"wp-block-media-text__content\">\n<h2 class=\"wp-block-heading has-text-color has-link-color wp-elements-21f7ad4f5fcfbe23a3e90af31acda9ac\" style=\"color:#026678\">De buitengewone moestuin<\/h2>\n\n\n\n<p><img decoding=\"async\" class=\"wp-image-7385\" style=\"width: 30px;\" src=\"https:\/\/leboisdelagachere.com\/wp-content\/uploads\/2023\/11\/guilmet-ok-couleur.png\" alt=\"camping aan de rand van het bos\"><strong><em>Een leuke botanische wandeling.<\/em><\/strong><\/p>\n\n\n\n<p>Laat je meevoeren door de magie van de Potager Extraordinaire.<\/p>\n\n\n\n<p>Met meer dan 1.500 plantensoorten, thematisch verdeeld over 1,5 hectare, is het park een voortdurende oproep aan je zintuigen en aan ontdekkingen.<\/p>\n\n\n\n<p>Biodiversiteit, respect voor het milieu en duurzame ontwikkeling zijn principes geworden.<\/p>\n\n\n\n<p>De Potager Extraordinaire heeft een grote collectie cucurbitaceae, exotische groenten, kruiden en planten van over de hele wereld.<\/p>\n\n\n\n<p>Dit alles tot groot genoegen van zowel beginnende tuiniers als experts.<\/p>\n\n\n\n<p><em>Foto credit: Le Potager Extraordinaire.<\/em><\/p>\n<\/div><figure class=\"wp-block-media-text__media\" style=\"background-image:url(https:\/\/leboisdelagachere.com\/wp-content\/uploads\/2023\/11\/photo2-alentours-camping-la-gachere-camping-olonne-sur-mer-le-potager-extraordinaire.jpg);background-position:50% 50%\"><img loading=\"lazy\" decoding=\"async\" width=\"462\" height=\"347\" src=\"https:\/\/leboisdelagachere.com\/wp-content\/uploads\/2023\/11\/photo2-alentours-camping-la-gachere-camping-olonne-sur-mer-le-potager-extraordinaire.jpg\" alt=\"bezoek aan de buitengewone moestuin in de Vend\u00e9e\" class=\"wp-image-7975 size-full\" srcset=\"https:\/\/leboisdelagachere.com\/wp-content\/uploads\/2023\/11\/photo2-alentours-camping-la-gachere-camping-olonne-sur-mer-le-potager-extraordinaire.jpg 462w, https:\/\/leboisdelagachere.com\/wp-content\/uploads\/2023\/11\/photo2-alentours-camping-la-gachere-camping-olonne-sur-mer-le-potager-extraordinaire-300x225.jpg 300w\" sizes=\"auto, (max-width: 462px) 100vw, 462px\" \/><\/figure><\/div>\n\n\n\n<div class=\"wp-block-group is-layout-constrained wp-block-group-is-layout-constrained\" style=\"padding-top:var(--wp--preset--spacing--70);padding-bottom:var(--wp--preset--spacing--70)\">\n<figure class=\"wp-block-image aligncenter size-full is-resized\"><img decoding=\"async\" src=\"https:\/\/leboisdelagachere.com\/wp-content\/uploads\/2023\/11\/trait.png\" alt=\"\" class=\"wp-image-7499\" style=\"width:150px\"\/><\/figure>\n<\/div>\n\n\n\n<div class=\"wp-block-media-text alignwide is-stacked-on-mobile is-vertically-aligned-center is-image-fill\" style=\"grid-template-columns:60% auto\"><figure class=\"wp-block-media-text__media\" style=\"background-image:url(https:\/\/leboisdelagachere.com\/wp-content\/uploads\/2023\/11\/aquarium-le-7eme-continent-IMG_6670.jpg);background-position:50% 50%\"><img loading=\"lazy\" decoding=\"async\" width=\"1000\" height=\"667\" src=\"https:\/\/leboisdelagachere.com\/wp-content\/uploads\/2023\/11\/aquarium-le-7eme-continent-IMG_6670.jpg\" alt=\"visite de l'aquarium de Vend\u00e9e pr\u00e8s du camping\" class=\"wp-image-7976 size-full\" srcset=\"https:\/\/leboisdelagachere.com\/wp-content\/uploads\/2023\/11\/aquarium-le-7eme-continent-IMG_6670.jpg 1000w, https:\/\/leboisdelagachere.com\/wp-content\/uploads\/2023\/11\/aquarium-le-7eme-continent-IMG_6670-300x200.jpg 300w, https:\/\/leboisdelagachere.com\/wp-content\/uploads\/2023\/11\/aquarium-le-7eme-continent-IMG_6670-768x512.jpg 768w\" sizes=\"auto, (max-width: 1000px) 100vw, 1000px\" \/><\/figure><div class=\"wp-block-media-text__content\">\n<h2 class=\"wp-block-heading has-text-color has-link-color wp-elements-6d5b9ad28c7153150d3af3a01c45fb5b\" style=\"color:#026678\">Het 7e Continent Aquarium<\/h2>\n\n\n\n<p><img decoding=\"async\" class=\"wp-image-7385\" style=\"width: 30px;\" src=\"https:\/\/leboisdelagachere.com\/wp-content\/uploads\/2023\/11\/guilmet-ok-couleur.png\" alt=\"camping aan de rand van het bos\"><strong><em>Een escapade onder water.<\/em><\/strong><\/p>\n\n\n\n<p>Het Aquarium de Vend\u00e9e is een aquarium op mensenmaat in Talmont-Saint-Hilaire dat een fantastisch bezoek aan het hart van het zeeleven biedt, met meer dan 500 soorten om te ontdekken in 3 universums die de vier hoeken van de onderwaterwereld vertegenwoordigen.<\/p>\n\n\n\n<p>Het Aquarium nodigt u en uw gezin uit voor een ontspannend moment om samen de rijkdommen van de zee\u00ebn en oceanen te delen, te ontdekken en te bewonderen.<\/p>\n\n\n\n<p>Begin je bezoek met het ontdekken van de soorten die onze kusten bewonen en vervolg je reis naar het hart van de mooiste tropische zee\u00ebn, die je uitnodigen om de vele kleuren van hun bewoners te ontdekken. Het laatste gebied, waar de sereniteit van de diepte heerst, sluit je bezoek af met een vleugje verwondering.<\/p>\n\n\n\n<p>Het hele jaar door, elke dag geopend. Elke dag entertainment. Gratis parkeren. Snackbar in het seizoen.<\/p>\n\n\n\n<p><em>Foto credit: L&#8217;Aquarium le 7\u00e8me Continent.<\/em><\/p>\n<\/div><\/div>\n","protected":false},"excerpt":{"rendered":"<p>Vrijetijdsparken Ontdek een regio vol verrassingen: de Vend\u00e9e De 4-sterrencamping Le Bois de La Gach\u00e8re, tussen Les Sables d&#8217;Olonne en Saint Gilles Croix de Vie, is het vertrekpunt voor uitstapjes, bezoeken en activiteiten om je verblijf luister bij te zetten. Het kasteel van Pierre Lev\u00e9e De replica van het Petit Trianon. Het Ch\u00e2teau de Pierre [&hellip;]<\/p>\n","protected":false},"author":3,"featured_media":0,"parent":9288,"menu_order":0,"comment_status":"closed","ping_status":"closed","template":"","meta":{"_seopress_robots_primary_cat":"","_seopress_titles_title":"Niet te missen recreatieparken in de Vend\u00e9e","_seopress_titles_desc":"Om optimaal van uw verblijf te genieten, hebben we een lijst samengesteld met recreatieparken die u kunt bezoeken en doen in de buurt van de camping in Les Sables d&#039;Olonne.  ","_seopress_robots_index":"","footnotes":""},"class_list":["post-9064","page","type-page","status-publish","hentry"],"_links":{"self":[{"href":"https:\/\/leboisdelagachere.com\/nl\/wp-json\/wp\/v2\/pages\/9064","targetHints":{"allow":["GET"]}}],"collection":[{"href":"https:\/\/leboisdelagachere.com\/nl\/wp-json\/wp\/v2\/pages"}],"about":[{"href":"https:\/\/leboisdelagachere.com\/nl\/wp-json\/wp\/v2\/types\/page"}],"author":[{"embeddable":true,"href":"https:\/\/leboisdelagachere.com\/nl\/wp-json\/wp\/v2\/users\/3"}],"replies":[{"embeddable":true,"href":"https:\/\/leboisdelagachere.com\/nl\/wp-json\/wp\/v2\/comments?post=9064"}],"version-history":[{"count":2,"href":"https:\/\/leboisdelagachere.com\/nl\/wp-json\/wp\/v2\/pages\/9064\/revisions"}],"predecessor-version":[{"id":9543,"href":"https:\/\/leboisdelagachere.com\/nl\/wp-json\/wp\/v2\/pages\/9064\/revisions\/9543"}],"up":[{"embeddable":true,"href":"https:\/\/leboisdelagachere.com\/nl\/wp-json\/wp\/v2\/pages\/9288"}],"wp:attachment":[{"href":"https:\/\/leboisdelagachere.com\/nl\/wp-json\/wp\/v2\/media?parent=9064"}],"curies":[{"name":"wp","href":"https:\/\/api.w.org\/{rel}","templated":true}]}}