{"id":9090,"date":"2023-11-22T09:47:28","date_gmt":"2023-11-22T08:47:28","guid":{"rendered":"https:\/\/dev.leboisdelagachere.com\/circuit-van-wijntoerisme\/"},"modified":"2023-12-15T16:29:59","modified_gmt":"2023-12-15T15:29:59","slug":"circuit-van-wijntoerisme","status":"publish","type":"page","link":"https:\/\/leboisdelagachere.com\/nl\/vakantie-notitieboek\/circuit-van-wijntoerisme\/","title":{"rendered":"Circuit van wijntoerisme"},"content":{"rendered":"\n<h1 class=\"wp-block-heading\">Pauze wijntoerisme<\/h1>\n\n\n\n<h2 class=\"wp-block-heading has-text-color has-link-color wp-elements-798697877a785bbb4cd83408b43649fb\" style=\"color:#026678\">Welkom in de Vend\u00e9e.<\/h2>\n\n\n\n<p>Duur: 1 dag<\/p>\n\n\n\n<div class=\"wp-block-media-text alignfull has-media-on-the-right is-stacked-on-mobile is-vertically-aligned-center is-image-fill is-style-default\" style=\"padding-top:var(--wp--preset--spacing--60);padding-right:5%;padding-left:5%;grid-template-columns:auto 56%\"><div class=\"wp-block-media-text__content\">\n<p>Welkom op een plek waar hemel en zee \u00e9\u00e9n zijn.<br>Naast het ontdekken van <strong>uitzonderlijke landschappen<\/strong> kun je tijdens je verblijf ook lokale producten proeven.<br>Vandaag gaan we het niet hebben over pr\u00e9fou, mogettes of de heerlijke Vend\u00e9e-ham (hoewel we je ten zeerste aanraden om het te proberen).<br>Maar eerder <strong>wijnen <\/strong>die perfect bij deze gerechten passen.<br>Ja, <strong>Fiefs Vend\u00e9ens<\/strong> is een weinig bekende appellation contr\u00f4l\u00e9e (AOC) wijn, maar hij verdient een nadere beschouwing.<br>Met de auto of op de fiets brengen we je naar <strong>het hart van de wijngaarden<\/strong>.<br>Ontdek dit koninkrijk waar de wijngaarden tot leven komen, gewiegd door de oceaan en zijn gejodeerde lucht.<br>Brem sur mer ligt op slechts 2,3 kilometer van camping le Bois de La Gach\u00e8re. Met de auto ben je er in 7 minuten.<br>Je kunt met het hele gezin ontbijten met <a href=\"https:\/\/leboisdelagachere.com\/nl\/de-diensten\/\" data-type=\"page\" data-id=\"7521\">vers brood en gebak van de camping<\/a>.<\/p>\n\n\n\n<div class=\"wp-block-group has-border-color is-layout-constrained wp-container-core-group-is-layout-db32e940 wp-block-group-is-layout-constrained\" style=\"border-color:#026678;border-width:3px;padding-top:var(--wp--preset--spacing--60);padding-right:var(--wp--preset--spacing--60);padding-bottom:var(--wp--preset--spacing--60);padding-left:var(--wp--preset--spacing--60)\">\n<p><strong>\n  <em>Ons advies:<br><\/em>\n<\/strong>We raden je aan om je fietsen mee te nemen op je fietsdrager om deze wijntoeristische route te verkennen.<br>Er zijn geen wegwijzers, dus vergeet niet je telefoon op te laden zodat je je GPS kunt gebruiken.<\/p>\n<\/div>\n<\/div><figure class=\"wp-block-media-text__media\" style=\"background-image:url(https:\/\/leboisdelagachere.com\/wp-content\/uploads\/2023\/11\/DomaineMouratMareuilsurLay58.jpg);background-position:50% 50%\"><img loading=\"lazy\" decoding=\"async\" width=\"1000\" height=\"667\" src=\"https:\/\/leboisdelagachere.com\/wp-content\/uploads\/2023\/11\/DomaineMouratMareuilsurLay58.jpg\" alt=\"bezoek aan de wijngaarden van de Vend\u00e9e\" class=\"wp-image-8047 size-full\" srcset=\"https:\/\/leboisdelagachere.com\/wp-content\/uploads\/2023\/11\/DomaineMouratMareuilsurLay58.jpg 1000w, https:\/\/leboisdelagachere.com\/wp-content\/uploads\/2023\/11\/DomaineMouratMareuilsurLay58-300x200.jpg 300w, https:\/\/leboisdelagachere.com\/wp-content\/uploads\/2023\/11\/DomaineMouratMareuilsurLay58-768x512.jpg 768w\" sizes=\"auto, (max-width: 1000px) 100vw, 1000px\" \/><\/figure><\/div>\n\n\n\n<div class=\"wp-block-columns alignwide are-vertically-aligned-center is-layout-flex wp-container-core-columns-is-layout-7cca1c40 wp-block-columns-is-layout-flex\" style=\"padding-top:var(--wp--preset--spacing--60);padding-bottom:var(--wp--preset--spacing--60)\">\n<div class=\"wp-block-column is-vertically-aligned-center is-layout-flow wp-block-column-is-layout-flow\" style=\"flex-basis:33.62%\">\n<figure class=\"wp-block-image size-full is-resized\"><img loading=\"lazy\" decoding=\"async\" width=\"563\" height=\"1000\" src=\"https:\/\/leboisdelagachere.com\/wp-content\/uploads\/2023\/11\/348355333_536356748499385_4090421975887832574_n.jpg\" alt=\"Wijngaarden in de Vend\u00e9e\" class=\"wp-image-8048\" style=\"aspect-ratio:0.75;object-fit:cover;width:382px;height:auto\" srcset=\"https:\/\/leboisdelagachere.com\/wp-content\/uploads\/2023\/11\/348355333_536356748499385_4090421975887832574_n.jpg 563w, https:\/\/leboisdelagachere.com\/wp-content\/uploads\/2023\/11\/348355333_536356748499385_4090421975887832574_n-169x300.jpg 169w\" sizes=\"auto, (max-width: 563px) 100vw, 563px\" \/><\/figure>\n<\/div>\n\n\n\n<div class=\"wp-block-column is-vertically-aligned-center is-layout-flow wp-block-column-is-layout-flow\" style=\"flex-basis:33%\">\n<div style=\"height:55px\" aria-hidden=\"true\" class=\"wp-block-spacer\"><\/div>\n\n\n\n<figure class=\"wp-block-image size-full is-resized\"><img loading=\"lazy\" decoding=\"async\" width=\"563\" height=\"1000\" src=\"https:\/\/leboisdelagachere.com\/wp-content\/uploads\/2023\/11\/348355219_614819917247599_7929604765366145657_n.jpg\" alt=\"circuit van wijntoerisme in de Vend\u00e9e\" class=\"wp-image-8049\" style=\"aspect-ratio:0.75;object-fit:cover;width:375px;height:auto\" srcset=\"https:\/\/leboisdelagachere.com\/wp-content\/uploads\/2023\/11\/348355219_614819917247599_7929604765366145657_n.jpg 563w, https:\/\/leboisdelagachere.com\/wp-content\/uploads\/2023\/11\/348355219_614819917247599_7929604765366145657_n-169x300.jpg 169w\" sizes=\"auto, (max-width: 563px) 100vw, 563px\" \/><\/figure>\n<\/div>\n\n\n\n<div class=\"wp-block-column is-vertically-aligned-center is-layout-flow wp-block-column-is-layout-flow\" style=\"flex-basis:33.38%\">\n<h2 class=\"wp-block-heading has-text-color has-link-color wp-elements-2f472d3683871de020564f67f287dd98\" style=\"color:#026678\">De bolwerken van de Vend\u00e9e veroveren<\/h2>\n\n\n\n<p>Als je in<strong> Brem sur<\/strong> Mer aankomt, kun je parkeren in het centrum, aan de voet van de kerk.<br>Neem de tijd om het te bewonderen, het is een van de oudste kerken in het departement.<\/p>\n\n\n\n<p>Je tweede stop is bij het eerste landgoed: <em>L&#8217;Or\u00e9e des Sabias<\/em>.<br>De teams van dit wijnhuis zullen je met plezier rondleiden door hun wijngaarden en kelders.<br>De wijnproductie zal geen geheimen meer voor je hebben, want de rondleiding neemt je mee door de verschillende stadia.<br>De rondleiding over het landgoed duurt ongeveer dertig minuten. Aan het eind kun je enkele van hun wijnen proeven.<\/p>\n\n\n\n<p><strong>\n  <em>Praktische informatie :<br><\/em>\n<\/strong>Duur: 30 minuten<br>Toegankelijk voor PBM<br>Dinsdag t\/m donderdag van 10.00 tot 12.30 uur en van 15.00 tot 18.00 uur, vrijdag en zaterdag tot 18.30 uur.<\/p>\n<\/div>\n<\/div>\n\n\n\n<div class=\"wp-block-group alignfull has-white-color has-text-color has-background has-link-color wp-elements-e625c3b9d0c4c996a937d6155839b477 is-layout-constrained wp-container-core-group-is-layout-c6787eed wp-block-group-is-layout-constrained\" style=\"background-color:#026678;padding-top:var(--wp--preset--spacing--60);padding-right:0;padding-bottom:var(--wp--preset--spacing--60);padding-left:0\">\n<div class=\"wp-block-media-text alignfull has-media-on-the-right is-stacked-on-mobile is-image-fill\" style=\"padding-right:10%;padding-left:10%\"><div class=\"wp-block-media-text__content\">\n<p>Na dit verrijkende bezoek kun je je <strong>wijntour<\/strong> hervatten.<\/p>\n\n\n\n<p>Nadat je het Parc des Genets bent overgestoken, kom je bij het tweede landgoed: <em>Le Lux en Roc &#8211; Cave Richard<\/em>.<br>B\u00e9rang\u00e8re en Jean Pierre heten je van harte welkom. Dezelfde familie runt dit landgoed van 7 hectare al meer dan twee eeuwen.<br>Kom en ontdek dit familie-erfgoed, dat van generatie op generatie wordt doorgegeven.<br>Het team biedt wijnproefcursussen aan, dus vergeet niet om een afspraak te maken.<\/p>\n\n\n\n<p><img loading=\"lazy\" decoding=\"async\" width=\"30\" height=\"26\" class=\"wp-image-8012\" style=\"width: 30px;\" src=\"https:\/\/leboisdelagachere.com\/wp-content\/uploads\/2023\/11\/guilmet-ok-couleur-blanc-ok.png\" alt=\"\" srcset=\"https:\/\/leboisdelagachere.com\/wp-content\/uploads\/2023\/11\/guilmet-ok-couleur-blanc-ok.png 528w, https:\/\/leboisdelagachere.com\/wp-content\/uploads\/2023\/11\/guilmet-ok-couleur-blanc-ok-300x263.png 300w\" sizes=\"auto, (max-width: 30px) 100vw, 30px\" \/>  Als je je weg vervolgt, kun je een tussenstop maken in het charmante dorpje La Gach\u00e8re.<br>Dit kleine vissersdorp met zijn authentieke charme is zeker een bezoek waard.<\/p>\n\n\n\n<p>Als je je weg vervolgt, kom je aan bij het laatste domein van deze wijntour: <em>Domaine des Granges<\/em>.<br>Ook hier kun je praten met gepassioneerde wijnboeren die je graag hun verhalen en die van hun wijnen vertellen.<br>Neem de tijd om door de wijngaarden te wandelen en ontdek het <strong>uitzonderlijke landschap van wijnranken zover het oog reikt<\/strong>.<\/p>\n\n\n\n<p>Er zijn nog veel meer landgoederen te ontdekken in de Vend\u00e9e waar de wijnmakers net zo gepassioneerd zijn.<br>Na het ontdekken en proeven van de wijnen van deze unieke regio is het tijd voor een pauze.<\/p>\n<\/div><figure class=\"wp-block-media-text__media\" style=\"background-image:url(https:\/\/leboisdelagachere.com\/wp-content\/uploads\/2023\/11\/domainesaintnicolasliledol-3.jpg);background-position:41% 49%\"><img loading=\"lazy\" decoding=\"async\" width=\"1000\" height=\"667\" src=\"https:\/\/leboisdelagachere.com\/wp-content\/uploads\/2023\/11\/domainesaintnicolasliledol-3.jpg\" alt=\"Wijngaardrondleidingen en proeverijen in de Vend\u00e9e\" class=\"wp-image-8050 size-full\" srcset=\"https:\/\/leboisdelagachere.com\/wp-content\/uploads\/2023\/11\/domainesaintnicolasliledol-3.jpg 1000w, https:\/\/leboisdelagachere.com\/wp-content\/uploads\/2023\/11\/domainesaintnicolasliledol-3-300x200.jpg 300w, https:\/\/leboisdelagachere.com\/wp-content\/uploads\/2023\/11\/domainesaintnicolasliledol-3-768x512.jpg 768w\" sizes=\"auto, (max-width: 1000px) 100vw, 1000px\" \/><\/figure><\/div>\n<\/div>\n\n\n\n<div class=\"wp-block-media-text alignfull is-stacked-on-mobile is-image-fill\" style=\"padding-top:var(--wp--preset--spacing--60);padding-right:10%;padding-bottom:var(--wp--preset--spacing--60);padding-left:10%\"><figure class=\"wp-block-media-text__media\" style=\"background-image:url(https:\/\/leboisdelagachere.com\/wp-content\/uploads\/2023\/11\/LaCabane-BremsurMer30.jpg);background-position:50% 50%\"><img loading=\"lazy\" decoding=\"async\" width=\"667\" height=\"1000\" src=\"https:\/\/leboisdelagachere.com\/wp-content\/uploads\/2023\/11\/LaCabane-BremsurMer30.jpg\" alt=\"pauze in de hut in Brem sur Mer\" class=\"wp-image-8051 size-full\" srcset=\"https:\/\/leboisdelagachere.com\/wp-content\/uploads\/2023\/11\/LaCabane-BremsurMer30.jpg 667w, https:\/\/leboisdelagachere.com\/wp-content\/uploads\/2023\/11\/LaCabane-BremsurMer30-200x300.jpg 200w\" sizes=\"auto, (max-width: 667px) 100vw, 667px\" \/><\/figure><div class=\"wp-block-media-text__content\">\n<h2 class=\"wp-block-heading has-text-color has-link-color wp-elements-9e68de65a674ecca874c9fcc426710b1\" style=\"color:#026678\">Op weg naar de Cabane<\/h2>\n\n\n\n<p>Nu THE PLACE TO BE, biedt La Cabane haar klanten <strong>een adembenemende omgeving<\/strong>.<\/p>\n\n\n\n<p>Kom genieten van een glas Fiefs Vend\u00e9ens en proef heerlijke zeevruchten <strong>&#8220;met je voeten in het moeras&#8221;<\/strong>.<\/p>\n\n\n\n<p>Deze voormalige oesterhut is gerenoveerd om je een unieke omgeving te bieden waar je kunt genieten van een gezellige sfeer.<br><\/p>\n\n\n\n<div class=\"wp-block-group has-border-color is-layout-constrained wp-container-core-group-is-layout-f611be13 wp-block-group-is-layout-constrained\" style=\"border-color:#026678;border-style:solid;border-width:3px;padding-top:var(--wp--preset--spacing--50);padding-right:var(--wp--preset--spacing--50);padding-bottom:var(--wp--preset--spacing--50);padding-left:var(--wp--preset--spacing--50)\">\n<p><strong>\n  <em>Een advies van het team:<br><\/em>\n<\/strong><a href=\"https:\/\/leboisdelagachere.com\/nl\/\" data-type=\"page\" data-id=\"2\">Camping Bois de La Gach\u00e8re<\/a> ligt op een paar minuten van La Cabane. We raden je aan om aan het einde van de dag terug te keren om te genieten van een prachtige zonsondergang over de moerassen.<\/p>\n<\/div>\n<\/div><\/div>\n\n\n\n<div class=\"wp-block-group alignfull has-white-color has-text-color has-background has-link-color wp-elements-d137a989f3f6e6929653c01884570c6a is-layout-constrained wp-block-group-is-layout-constrained\" style=\"background-color:#026678\">\n<div class=\"wp-block-media-text alignfull has-media-on-the-right is-stacked-on-mobile\" style=\"padding-top:var(--wp--preset--spacing--60);padding-right:10%;padding-bottom:var(--wp--preset--spacing--60);padding-left:10%\"><div class=\"wp-block-media-text__content\">\n<h2 class=\"wp-block-heading\">Stand up paddle in de moerassen<\/h2>\n\n\n\n<p>De moerassen bieden een veelheid aan waterwegen. Het is een idyllische omgeving voor deze sportieve maar ontspannende activiteit.<br>Deze omgeving nodigt uit tot ontdekken. Maak geen geluid, drijf op het ritme van het water en geniet van de omringende natuur.<br>Na zo&#8217;n dag kun je heerlijk ontspannen in je <a href=\"https:\/\/leboisdelagachere.com\/nl\/accommodatie\/\" data-type=\"page\" data-id=\"6946\">comfortabele stacaravan<\/a> op camping Le Bois de La Gach\u00e8re.<\/p>\n<\/div><figure class=\"wp-block-media-text__media\"><img loading=\"lazy\" decoding=\"async\" width=\"1000\" height=\"667\" src=\"https:\/\/leboisdelagachere.com\/wp-content\/uploads\/2023\/11\/LaCabane-BremsurMer13.jpg\" alt=\"peddelen in het hart van de moerassen van de Vend\u00e9e\" class=\"wp-image-8052 size-full\" srcset=\"https:\/\/leboisdelagachere.com\/wp-content\/uploads\/2023\/11\/LaCabane-BremsurMer13.jpg 1000w, https:\/\/leboisdelagachere.com\/wp-content\/uploads\/2023\/11\/LaCabane-BremsurMer13-300x200.jpg 300w, https:\/\/leboisdelagachere.com\/wp-content\/uploads\/2023\/11\/LaCabane-BremsurMer13-768x512.jpg 768w\" sizes=\"auto, (max-width: 1000px) 100vw, 1000px\" \/><\/figure><\/div>\n<\/div>\n\n\n\n<div class=\"wp-block-group is-layout-constrained wp-block-group-is-layout-constrained\" style=\"padding-top:var(--wp--preset--spacing--50);padding-bottom:var(--wp--preset--spacing--50)\">\n<figure class=\"wp-block-image aligncenter size-full is-resized\"><img decoding=\"async\" src=\"https:\/\/leboisdelagachere.com\/wp-content\/uploads\/2023\/11\/trait.png\" alt=\"\" class=\"wp-image-7499\" style=\"width:150px\"\/><\/figure>\n<\/div>\n","protected":false},"excerpt":{"rendered":"<p>Pauze wijntoerisme Welkom in de Vend\u00e9e. Duur: 1 dag De bolwerken van de Vend\u00e9e veroveren Als je in Brem sur Mer aankomt, kun je parkeren in het centrum, aan de voet van de kerk.Neem de tijd om het te bewonderen, het is een van de oudste kerken in het departement. Je tweede stop is bij [&hellip;]<\/p>\n","protected":false},"author":3,"featured_media":0,"parent":9116,"menu_order":0,"comment_status":"closed","ping_status":"closed","template":"","meta":{"_seopress_robots_primary_cat":"","_seopress_titles_title":"Wijntoeristische vakantie in de Vend\u00e9e - Camping Les Sables d&#039;Olonne","_seopress_titles_desc":"Ontdek in de buurt van camping Bois de La Gach\u00e8re de wijnroute van Brem sur Mer. Proef de Fiefs Vend\u00e9enns BOB-wijnen.  ","_seopress_robots_index":"","footnotes":""},"class_list":["post-9090","page","type-page","status-publish","hentry"],"_links":{"self":[{"href":"https:\/\/leboisdelagachere.com\/nl\/wp-json\/wp\/v2\/pages\/9090","targetHints":{"allow":["GET"]}}],"collection":[{"href":"https:\/\/leboisdelagachere.com\/nl\/wp-json\/wp\/v2\/pages"}],"about":[{"href":"https:\/\/leboisdelagachere.com\/nl\/wp-json\/wp\/v2\/types\/page"}],"author":[{"embeddable":true,"href":"https:\/\/leboisdelagachere.com\/nl\/wp-json\/wp\/v2\/users\/3"}],"replies":[{"embeddable":true,"href":"https:\/\/leboisdelagachere.com\/nl\/wp-json\/wp\/v2\/comments?post=9090"}],"version-history":[{"count":2,"href":"https:\/\/leboisdelagachere.com\/nl\/wp-json\/wp\/v2\/pages\/9090\/revisions"}],"predecessor-version":[{"id":9546,"href":"https:\/\/leboisdelagachere.com\/nl\/wp-json\/wp\/v2\/pages\/9090\/revisions\/9546"}],"up":[{"embeddable":true,"href":"https:\/\/leboisdelagachere.com\/nl\/wp-json\/wp\/v2\/pages\/9116"}],"wp:attachment":[{"href":"https:\/\/leboisdelagachere.com\/nl\/wp-json\/wp\/v2\/media?parent=9090"}],"curies":[{"name":"wp","href":"https:\/\/api.w.org\/{rel}","templated":true}]}}