{"id":9215,"date":"2023-11-21T11:13:49","date_gmt":"2023-11-21T10:13:49","guid":{"rendered":"https:\/\/dev.leboisdelagachere.com\/puy-du-fou\/"},"modified":"2023-12-15T16:28:03","modified_gmt":"2023-12-15T15:28:03","slug":"puy-du-fou","status":"publish","type":"page","link":"https:\/\/leboisdelagachere.com\/nl\/amusement\/puy-du-fou\/","title":{"rendered":"Puy du Fou"},"content":{"rendered":"\n<h1 class=\"wp-block-heading\">Puy du Fou <\/h1>\n\n\n\n<div class=\"wp-block-columns alignwide is-layout-flex wp-container-core-columns-is-layout-3c1f764f wp-block-columns-is-layout-flex\" style=\"margin-top:var(--wp--preset--spacing--50);margin-bottom:var(--wp--preset--spacing--50);padding-top:0;padding-bottom:0\">\n<div class=\"wp-block-column is-vertically-aligned-center is-layout-flow wp-block-column-is-layout-flow\" style=\"flex-basis:33.38%\">\n<h2 class=\"wp-block-heading has-text-color has-link-color wp-elements-463bf29655ad5a507e3c6e305c5f0bd6\" style=\"color:#026678\">Een onvergetelijke dag<\/h2>\n\n\n\n<p>Voor een dagje wandelen en ontdekken, met familie of vrienden, kun je naar Les Epesses gaan en de <strong>Puy du Fou<\/strong> bezoeken.<\/p>\n\n\n\n<p>Al meer dan 30 jaar verbaast dit park jong en oud met zijn buitengewone shows. Verover de geschiedenis van de Vend\u00e9e en Frankrijk via <strong>meeslepende<\/strong>, <strong>scenische <\/strong> <strong>shows<\/strong> en <strong>historische dorpjes<\/strong>.<\/p>\n\n\n\n<p><img decoding=\"async\" class=\"wp-image-7385\" style=\"width: 30px;\" src=\"https:\/\/leboisdelagachere.com\/wp-content\/uploads\/2023\/11\/guilmet-ok-couleur.png\" alt=\"camping aan de rand van het bos\"><em>Reis voor \u00e9\u00e9n dag door de tijd en ontdek de Oudheid, de Middeleeuwen, de Renaissance, oorlogen en het heden.<\/em><\/p>\n<\/div>\n\n\n\n<div class=\"wp-block-column is-layout-flow wp-block-column-is-layout-flow\" style=\"flex-basis:33%\">\n<div style=\"height:2vw\" aria-hidden=\"true\" class=\"wp-block-spacer\"><\/div>\n\n\n\n<figure class=\"wp-block-image size-full\"><img loading=\"lazy\" decoding=\"async\" width=\"990\" height=\"660\" src=\"https:\/\/leboisdelagachere.com\/wp-content\/uploads\/2023\/11\/Le-village-Xiiieme-puy-du-fou-9.jpg\" alt=\"tijdloos dorp in het hart van puy du fou\" class=\"wp-image-7790\" style=\"aspect-ratio:3\/4;object-fit:cover\" srcset=\"https:\/\/leboisdelagachere.com\/wp-content\/uploads\/2023\/11\/Le-village-Xiiieme-puy-du-fou-9.jpg 990w, https:\/\/leboisdelagachere.com\/wp-content\/uploads\/2023\/11\/Le-village-Xiiieme-puy-du-fou-9-300x200.jpg 300w, https:\/\/leboisdelagachere.com\/wp-content\/uploads\/2023\/11\/Le-village-Xiiieme-puy-du-fou-9-768x512.jpg 768w\" sizes=\"auto, (max-width: 990px) 100vw, 990px\" \/><\/figure>\n<\/div>\n\n\n\n<div class=\"wp-block-column is-layout-flow wp-block-column-is-layout-flow\" style=\"flex-basis:33.62%\">\n<figure class=\"wp-block-image size-full\"><img loading=\"lazy\" decoding=\"async\" width=\"990\" height=\"660\" src=\"https:\/\/leboisdelagachere.com\/wp-content\/uploads\/2023\/11\/Les-vickings-puy-du-fou-8.jpg\" alt=\"puy du fou show\" class=\"wp-image-7791\" style=\"aspect-ratio:3\/4;object-fit:cover\" srcset=\"https:\/\/leboisdelagachere.com\/wp-content\/uploads\/2023\/11\/Les-vickings-puy-du-fou-8.jpg 990w, https:\/\/leboisdelagachere.com\/wp-content\/uploads\/2023\/11\/Les-vickings-puy-du-fou-8-300x200.jpg 300w, https:\/\/leboisdelagachere.com\/wp-content\/uploads\/2023\/11\/Les-vickings-puy-du-fou-8-768x512.jpg 768w\" sizes=\"auto, (max-width: 990px) 100vw, 990px\" \/><\/figure>\n<\/div>\n<\/div>\n\n\n\n<figure class=\"wp-block-image aligncenter size-full is-resized\"><img decoding=\"async\" src=\"https:\/\/leboisdelagachere.com\/wp-content\/uploads\/2023\/11\/trait.png\" alt=\"\" class=\"wp-image-7498\" style=\"width:150px\"\/><\/figure>\n\n\n\n<div class=\"wp-block-media-text alignwide is-stacked-on-mobile\" style=\"margin-top:var(--wp--preset--spacing--50);margin-bottom:var(--wp--preset--spacing--50)\"><figure class=\"wp-block-media-text__media\"><img loading=\"lazy\" decoding=\"async\" width=\"990\" height=\"660\" src=\"https:\/\/leboisdelagachere.com\/wp-content\/uploads\/2023\/11\/Le-Signe-du-Triomphe-spectacle-puydufou-cirque.jpg\" alt=\"spectacle au coeur d'une arene au puy du fou\" class=\"wp-image-7792 size-full\" srcset=\"https:\/\/leboisdelagachere.com\/wp-content\/uploads\/2023\/11\/Le-Signe-du-Triomphe-spectacle-puydufou-cirque.jpg 990w, https:\/\/leboisdelagachere.com\/wp-content\/uploads\/2023\/11\/Le-Signe-du-Triomphe-spectacle-puydufou-cirque-300x200.jpg 300w, https:\/\/leboisdelagachere.com\/wp-content\/uploads\/2023\/11\/Le-Signe-du-Triomphe-spectacle-puydufou-cirque-768x512.jpg 768w\" sizes=\"auto, (max-width: 990px) 100vw, 990px\" \/><\/figure><div class=\"wp-block-media-text__content\">\n<h2 class=\"wp-block-heading has-text-color has-link-color wp-elements-95a7ca443d6f3de2f94736340f07460d\" style=\"color:#026678\">De verschillende shows<\/h2>\n\n\n\n<p>Je zult overdag veel moeten lopen om zoveel mogelijk shows te zien, dus trek goede schoenen aan. Je zult ze echter niet allemaal kunnen zien, dus je zult je prioriteiten moeten kiezen. Een aanrader is het <strong>Teken van Triomf<\/strong>, dat plaatsvindt in een echte arena! Je kunt ook genieten van de <strong>Ghost Bird Ball<\/strong> met al die majestueuze vogels die langs je vliegen. Dit geeft je de kans om ze van dichtbij te zien.<\/p>\n<\/div><\/div>\n\n\n\n<figure class=\"wp-block-image aligncenter size-full is-resized\"><img decoding=\"async\" src=\"https:\/\/leboisdelagachere.com\/wp-content\/uploads\/2023\/11\/trait.png\" alt=\"\" class=\"wp-image-7498\" style=\"width:150px\"\/><\/figure>\n\n\n\n<div class=\"wp-block-columns alignwide is-layout-flex wp-container-core-columns-is-layout-92891c13 wp-block-columns-is-layout-flex\" style=\"margin-top:var(--wp--preset--spacing--50);margin-bottom:var(--wp--preset--spacing--50)\">\n<div class=\"wp-block-column is-vertically-aligned-center is-layout-flow wp-block-column-is-layout-flow\" style=\"flex-basis:33.38%\">\n<h2 class=\"wp-block-heading has-text-color has-link-color wp-elements-7942199fa04cc40051b707fa36242255\" style=\"color:#026678\">Periode Dorpen<\/h2>\n\n\n\n<p>Maak in deze <strong>dorpen<\/strong> kennis met de ambachten uit verschillende tijdperken. De Middeleeuwen, de Renaissance, de jaren 1900&#8230; Tijdens je wandeling ga je terug in de tijd! Er zijn <strong>ambachtelijke winkels<\/strong>, souvenirwinkels en snackbars voor de hele dag door.<\/p>\n\n\n\n<p style=\"padding-top:0;padding-bottom:0\">Je kunt onderweg ook meer ontdekken, zoals de LaFontaine tuinen, de Rozentuin en de meer meeslepende shows waarbij je ronddwaalt. Aarzel niet om van de gebaande paden af te gaan om de meest pittoreske hoekjes van het park te vinden.<\/p>\n\n\n\n<p>Prijzen en openingstijden zijn te vinden op <a href=\"http:\/\/www.puydufou.com\/france\/fr\" target=\"_blank\" rel=\"noreferrer noopener\">de offici\u00eble website van<\/a> het <a href=\"http:\/\/www.puydufou.com\/france\/fr\" target=\"_blank\" rel=\"noreferrer noopener\">park<\/a>.<\/p>\n\n\n\n<p>Aan het einde van de dag kun je terugkeren naar je accommodatie of kampeerplaats en genieten van een welverdiende nachtrust.<\/p>\n<\/div>\n\n\n\n<div class=\"wp-block-column is-layout-flow wp-block-column-is-layout-flow\" style=\"flex-basis:33%\">\n<div style=\"height:2vw\" aria-hidden=\"true\" class=\"wp-block-spacer\"><\/div>\n\n\n\n<figure class=\"wp-block-image size-full\"><img loading=\"lazy\" decoding=\"async\" width=\"990\" height=\"622\" src=\"https:\/\/leboisdelagachere.com\/wp-content\/uploads\/2023\/11\/La-cite-medievale-puy-du-fou.jpg\" alt=\"historisch dorp in het park van de puy du fou\" class=\"wp-image-7794\" style=\"aspect-ratio:3\/4;object-fit:cover\" srcset=\"https:\/\/leboisdelagachere.com\/wp-content\/uploads\/2023\/11\/La-cite-medievale-puy-du-fou.jpg 990w, https:\/\/leboisdelagachere.com\/wp-content\/uploads\/2023\/11\/La-cite-medievale-puy-du-fou-300x188.jpg 300w, https:\/\/leboisdelagachere.com\/wp-content\/uploads\/2023\/11\/La-cite-medievale-puy-du-fou-768x483.jpg 768w\" sizes=\"auto, (max-width: 990px) 100vw, 990px\" \/><\/figure>\n<\/div>\n\n\n\n<div class=\"wp-block-column is-layout-flow wp-block-column-is-layout-flow\" style=\"flex-basis:33.62%\">\n<figure class=\"wp-block-image size-full\"><img loading=\"lazy\" decoding=\"async\" width=\"990\" height=\"660\" src=\"https:\/\/leboisdelagachere.com\/wp-content\/uploads\/2023\/11\/Le-fort-de-lan-mil-puy-du-fou-5.jpg\" alt=\"historische ambachten om te ontdekken in de puy du fou dorpen\" class=\"wp-image-7793\" style=\"aspect-ratio:3\/4;object-fit:cover\" srcset=\"https:\/\/leboisdelagachere.com\/wp-content\/uploads\/2023\/11\/Le-fort-de-lan-mil-puy-du-fou-5.jpg 990w, https:\/\/leboisdelagachere.com\/wp-content\/uploads\/2023\/11\/Le-fort-de-lan-mil-puy-du-fou-5-300x200.jpg 300w, https:\/\/leboisdelagachere.com\/wp-content\/uploads\/2023\/11\/Le-fort-de-lan-mil-puy-du-fou-5-768x512.jpg 768w\" sizes=\"auto, (max-width: 990px) 100vw, 990px\" \/><\/figure>\n<\/div>\n<\/div>\n\n\n\n<figure class=\"wp-block-image aligncenter size-full is-resized\"><img decoding=\"async\" src=\"https:\/\/leboisdelagachere.com\/wp-content\/uploads\/2023\/11\/trait.png\" alt=\"\" class=\"wp-image-7498\" style=\"width:150px\"\/><\/figure>\n\n\n<div class=\"wp-block-sev-diaporama alignfull\">\n\t\t\t<div id=\"sevgallery-3339219726\" class=\"sev-diaporama sev-diaporama-portfolio\">\n\n\t\t\t<div class=\"row\">\n\n\n\n\t\t\t\n\n\n\t\t\t\t\n\n\n\t\t\t\t<div class=\"sev-diaporama-portfolio-item col-12 col-sm  col-grow\">\n\n\n\n\t\t\t\t\t\n\t\t\t\t\t\t\t\t\t\t<a href=\"https:\/\/leboisdelagachere.com\/wp-content\/uploads\/2023\/11\/Le-Signe-du-Triomphe-spectacle-puydufou-cirque-1.jpg\" data-lightbox=\"sevgallery-3339219726\" style=\"background-image: url(https:\/\/leboisdelagachere.com\/wp-content\/uploads\/2023\/11\/Le-Signe-du-Triomphe-spectacle-puydufou-cirque-1.jpg)\">\n\n\t\t\t\t\t\n\t\t\t\t\t\t<img decoding=\"async\" src=\"https:\/\/leboisdelagachere.com\/wp-content\/uploads\/2023\/11\/Le-Signe-du-Triomphe-spectacle-puydufou-cirque-1.jpg\" alt=\"grand spectacle du puy du fou pr\u00e8s du camping\" loading=\"lazy\">\n\n\t\t\t\t\t\n\t\t\t\t\t<\/a>\n\n\t\t\t\t\t\n\t\t\t\t<\/div>\n\n\n\n\t\t\t\t\n\n\n\t\t\t\t\n\t\t\t\t\n\t\t\t\n\n\n\t\t\t\t\n\n\n\t\t\t\t<div class=\"sev-diaporama-portfolio-item col-12 col-sm  col-grow\">\n\n\n\n\t\t\t\t\t\n\t\t\t\t\t\t\t\t\t\t<a href=\"https:\/\/leboisdelagachere.com\/wp-content\/uploads\/2023\/11\/Le-Signe-du-Triomphe-spectacle-puydufou-chretiens.jpg\" data-lightbox=\"sevgallery-3339219726\" style=\"background-image: url(https:\/\/leboisdelagachere.com\/wp-content\/uploads\/2023\/11\/Le-Signe-du-Triomphe-spectacle-puydufou-chretiens.jpg)\">\n\n\t\t\t\t\t\n\t\t\t\t\t\t<img decoding=\"async\" src=\"https:\/\/leboisdelagachere.com\/wp-content\/uploads\/2023\/11\/Le-Signe-du-Triomphe-spectacle-puydufou-chretiens.jpg\" alt=\"grand spectacle du puy du fou\" loading=\"lazy\">\n\n\t\t\t\t\t\n\t\t\t\t\t<\/a>\n\n\t\t\t\t\t\n\t\t\t\t<\/div>\n\n\n\n\t\t\t\t\n\n\n\t\t\t\t\n\t\t\t\t\n\t\t\t\n\n\n\t\t\t\t\n\n\n\t\t\t\t<div class=\"sev-diaporama-portfolio-item col-12 col-sm \">\n\n\n\n\t\t\t\t\t\n\t\t\t\t\t\t\t\t\t\t<a href=\"https:\/\/leboisdelagachere.com\/wp-content\/uploads\/2023\/11\/Le-Dernier-Panache-puy-du-fou-12.jpg\" data-lightbox=\"sevgallery-3339219726\" style=\"background-image: url(https:\/\/leboisdelagachere.com\/wp-content\/uploads\/2023\/11\/Le-Dernier-Panache-puy-du-fou-12.jpg)\">\n\n\t\t\t\t\t\n\t\t\t\t\t\t<img decoding=\"async\" src=\"https:\/\/leboisdelagachere.com\/wp-content\/uploads\/2023\/11\/Le-Dernier-Panache-puy-du-fou-12.jpg\" alt=\"spectacle du puy du fou\" loading=\"lazy\">\n\n\t\t\t\t\t\n\t\t\t\t\t<\/a>\n\n\t\t\t\t\t\n\t\t\t\t<\/div>\n\n\n\n\t\t\t\t\n\t\t\t\t\t<div class=\"w-100\"><\/div>\n\n\t\t\t\t\t\n\t\t\t\t\n\n\n\t\t\t\t\n\t\t\t\t\n\t\t\t\n\n\n\t\t\t\t\n\n\n\t\t\t\t<div class=\"sev-diaporama-portfolio-item col-12 col-sm  col-shrink\">\n\n\n\n\t\t\t\t\t\n\t\t\t\t\t\t\t\t\t\t<a href=\"https:\/\/leboisdelagachere.com\/wp-content\/uploads\/2023\/11\/Les-vickings-puy-du-fou-5.jpg\" data-lightbox=\"sevgallery-3339219726\" style=\"background-image: url(https:\/\/leboisdelagachere.com\/wp-content\/uploads\/2023\/11\/Les-vickings-puy-du-fou-5.jpg)\">\n\n\t\t\t\t\t\n\t\t\t\t\t\t<img decoding=\"async\" src=\"https:\/\/leboisdelagachere.com\/wp-content\/uploads\/2023\/11\/Les-vickings-puy-du-fou-5.jpg\" alt=\"spectacle des vikings au puy du fou\" loading=\"lazy\">\n\n\t\t\t\t\t\n\t\t\t\t\t<\/a>\n\n\t\t\t\t\t\n\t\t\t\t<\/div>\n\n\n\n\t\t\t\t\n\n\n\t\t\t\t\n\t\t\t\t\n\t\t\t\n\n\n\t\t\t\t\n\n\n\t\t\t\t<div class=\"sev-diaporama-portfolio-item col-12 col-sm  col-shrink\">\n\n\n\n\t\t\t\t\t\n\t\t\t\t\t\t\t\t\t\t<a href=\"https:\/\/leboisdelagachere.com\/wp-content\/uploads\/2023\/11\/La-cite-medievale-puy-du-fou.jpg\" data-lightbox=\"sevgallery-3339219726\" style=\"background-image: url(https:\/\/leboisdelagachere.com\/wp-content\/uploads\/2023\/11\/La-cite-medievale-puy-du-fou.jpg)\">\n\n\t\t\t\t\t\n\t\t\t\t\t\t<img decoding=\"async\" src=\"https:\/\/leboisdelagachere.com\/wp-content\/uploads\/2023\/11\/La-cite-medievale-puy-du-fou.jpg\" alt=\"\" loading=\"lazy\">\n\n\t\t\t\t\t\n\t\t\t\t\t<\/a>\n\n\t\t\t\t\t\n\t\t\t\t<\/div>\n\n\n\n\t\t\t\t\n\n\n\t\t\t\t\n\t\t\t\t\n\t\t\t\n\n\n\t\t\t\t\n\n\n\t\t\t\t<div class=\"sev-diaporama-portfolio-item col-12 col-sm \">\n\n\n\n\t\t\t\t\t\n\t\t\t\t\t\t\t\t\t\t<a href=\"https:\/\/leboisdelagachere.com\/wp-content\/uploads\/2023\/11\/Le-fort-de-lan-mil-puy-du-fou-5.jpg\" data-lightbox=\"sevgallery-3339219726\" style=\"background-image: url(https:\/\/leboisdelagachere.com\/wp-content\/uploads\/2023\/11\/Le-fort-de-lan-mil-puy-du-fou-5.jpg)\">\n\n\t\t\t\t\t\n\t\t\t\t\t\t<img decoding=\"async\" src=\"https:\/\/leboisdelagachere.com\/wp-content\/uploads\/2023\/11\/Le-fort-de-lan-mil-puy-du-fou-5.jpg\" alt=\"\" loading=\"lazy\">\n\n\t\t\t\t\t\n\t\t\t\t\t<\/a>\n\n\t\t\t\t\t\n\t\t\t\t<\/div>\n\n\n\n\t\t\t\t\n\t\t\t\t\t<div class=\"w-100\"><\/div>\n\n\t\t\t\t\t\n\t\t\t\t\n\n\n\t\t\t\t\n\t\t\t\t\n\t\t\t\n\n\n\t\t\t\t\n\n\n\t\t\t\t<div class=\"sev-diaporama-portfolio-item col-12 col-sm  col-grow\">\n\n\n\n\t\t\t\t\t\n\t\t\t\t\t\t\t\t\t\t<a href=\"https:\/\/leboisdelagachere.com\/wp-content\/uploads\/2023\/11\/Le-Signe-du-Triomphe-spectacle-puydufou-cirque.jpg\" data-lightbox=\"sevgallery-3339219726\" style=\"background-image: url(https:\/\/leboisdelagachere.com\/wp-content\/uploads\/2023\/11\/Le-Signe-du-Triomphe-spectacle-puydufou-cirque.jpg)\">\n\n\t\t\t\t\t\n\t\t\t\t\t\t<img decoding=\"async\" src=\"https:\/\/leboisdelagachere.com\/wp-content\/uploads\/2023\/11\/Le-Signe-du-Triomphe-spectacle-puydufou-cirque.jpg\" alt=\"\" loading=\"lazy\">\n\n\t\t\t\t\t\n\t\t\t\t\t<\/a>\n\n\t\t\t\t\t\n\t\t\t\t<\/div>\n\n\n\n\t\t\t\t\n\n\n\t\t\t\t\n\t\t\t\t\n\t\t\t\n\n\n\t\t\t\t\n\n\n\t\t\t\t<div class=\"sev-diaporama-portfolio-item col-12 col-sm  col-grow\">\n\n\n\n\t\t\t\t\t\n\t\t\t\t\t\t\t\t\t\t<a href=\"https:\/\/leboisdelagachere.com\/wp-content\/uploads\/2023\/11\/Les-vickings-puy-du-fou-8.jpg\" data-lightbox=\"sevgallery-3339219726\" style=\"background-image: url(https:\/\/leboisdelagachere.com\/wp-content\/uploads\/2023\/11\/Les-vickings-puy-du-fou-8.jpg)\">\n\n\t\t\t\t\t\n\t\t\t\t\t\t<img decoding=\"async\" src=\"https:\/\/leboisdelagachere.com\/wp-content\/uploads\/2023\/11\/Les-vickings-puy-du-fou-8.jpg\" alt=\"\" loading=\"lazy\">\n\n\t\t\t\t\t\n\t\t\t\t\t<\/a>\n\n\t\t\t\t\t\n\t\t\t\t<\/div>\n\n\n\n\t\t\t\t\n\n\n\t\t\t\t\n\t\t\t\t\n\t\t\t\n\n\n\t\t\t\t\n\n\n\t\t\t\t<div class=\"sev-diaporama-portfolio-item col-12 col-sm  col-grow\">\n\n\n\n\t\t\t\t\t\n\t\t\t\t\t\t\t\t\t\t<a href=\"https:\/\/leboisdelagachere.com\/wp-content\/uploads\/2023\/11\/Le-village-Xiiieme-puy-du-fou-9.jpg\" data-lightbox=\"sevgallery-3339219726\" style=\"background-image: url(https:\/\/leboisdelagachere.com\/wp-content\/uploads\/2023\/11\/Le-village-Xiiieme-puy-du-fou-9.jpg)\">\n\n\t\t\t\t\t\n\t\t\t\t\t\t<img decoding=\"async\" src=\"https:\/\/leboisdelagachere.com\/wp-content\/uploads\/2023\/11\/Le-village-Xiiieme-puy-du-fou-9.jpg\" alt=\"\" loading=\"lazy\">\n\n\t\t\t\t\t\n\t\t\t\t\t<\/a>\n\n\t\t\t\t\t\n\t\t\t\t<\/div>\n\n\n\n\t\t\t\t\n\t\t\t\t\t<div class=\"w-100\"><\/div>\n\n\t\t\t\t\t\n\t\t\t\t\n\n\n\t\t\t\t\n\t\t\t\t\n\t\t\t\n\t\t\t<\/div>\n\n\t\t\t<\/div>\n\n\n\n\t\t\t<script>\n\n\t\t\tjQuery(function($) {\n\n\n\n\t\t\t\tvar marginPortfolio = function() {\n\n\n\n\t\t\t\t\tvar $diapo          = $('#sevgallery-3339219726');\n\n\t\t\t\t\tvar container_width = $diapo.parent().outerWidth();\n\n\t\t\t\t\tvar side            = ( $(window).innerWidth() - container_width ) \/ 2;\n\n\n\n\t\t\t\t\t$diapo.css( {\n\n\t\t\t\t\t\t'margin-left': '-' + side + 'px',\n\n\t\t\t\t\t\t'margin-right': '-' + side + 'px',\n\n\t\t\t\t\t} );\n\n\t\t\t\t};\n\n\n\n\t\t\t\t$( window ).resize( function() {\n\n\t\t\t\t\tmarginPortfolio();\n\n\t\t\t\t} );\n\n\t\t\t\tmarginPortfolio();\n\n\t\t\t});\n\n\t\t\t<\/script>\n\n\t\t\t<\/div>","protected":false},"excerpt":{"rendered":"<p>Puy du Fou Een onvergetelijke dag Voor een dagje wandelen en ontdekken, met familie of vrienden, kun je naar Les Epesses gaan en de Puy du Fou bezoeken. Al meer dan 30 jaar verbaast dit park jong en oud met zijn buitengewone shows. Verover de geschiedenis van de Vend\u00e9e en Frankrijk via meeslepende, scenische shows [&hellip;]<\/p>\n","protected":false},"author":3,"featured_media":0,"parent":9288,"menu_order":0,"comment_status":"closed","ping_status":"closed","template":"","meta":{"_seopress_robots_primary_cat":"","_seopress_titles_title":"Ontdek het park van Puy du Fou - Camping Vend\u00e9e","_seopress_titles_desc":"Onze 4-sterrencamping in de Vend\u00e9e ligt op een paar kilometer van het beroemde park Puy du Fou. Mis dit uitzonderlijke park in de Vend\u00e9e niet","_seopress_robots_index":"","footnotes":""},"class_list":["post-9215","page","type-page","status-publish","hentry"],"_links":{"self":[{"href":"https:\/\/leboisdelagachere.com\/nl\/wp-json\/wp\/v2\/pages\/9215","targetHints":{"allow":["GET"]}}],"collection":[{"href":"https:\/\/leboisdelagachere.com\/nl\/wp-json\/wp\/v2\/pages"}],"about":[{"href":"https:\/\/leboisdelagachere.com\/nl\/wp-json\/wp\/v2\/types\/page"}],"author":[{"embeddable":true,"href":"https:\/\/leboisdelagachere.com\/nl\/wp-json\/wp\/v2\/users\/3"}],"replies":[{"embeddable":true,"href":"https:\/\/leboisdelagachere.com\/nl\/wp-json\/wp\/v2\/comments?post=9215"}],"version-history":[{"count":2,"href":"https:\/\/leboisdelagachere.com\/nl\/wp-json\/wp\/v2\/pages\/9215\/revisions"}],"predecessor-version":[{"id":9544,"href":"https:\/\/leboisdelagachere.com\/nl\/wp-json\/wp\/v2\/pages\/9215\/revisions\/9544"}],"up":[{"embeddable":true,"href":"https:\/\/leboisdelagachere.com\/nl\/wp-json\/wp\/v2\/pages\/9288"}],"wp:attachment":[{"href":"https:\/\/leboisdelagachere.com\/nl\/wp-json\/wp\/v2\/media?parent=9215"}],"curies":[{"name":"wp","href":"https:\/\/api.w.org\/{rel}","templated":true}]}}