{"id":9246,"date":"2023-11-21T12:34:56","date_gmt":"2023-11-21T11:34:56","guid":{"rendered":"https:\/\/dev.leboisdelagachere.com\/de-stranden\/"},"modified":"2023-12-15T16:23:27","modified_gmt":"2023-12-15T15:23:27","slug":"de-stranden","status":"publish","type":"page","link":"https:\/\/leboisdelagachere.com\/nl\/dompel-jezelf-onder-in-het-hart-van-de-natuur\/de-stranden\/","title":{"rendered":"De stranden"},"content":{"rendered":"\n<h1 class=\"wp-block-heading\">Wandelen langs het water<\/h1>\n\n\n\n<div class=\"wp-block-columns alignwide are-vertically-aligned-center is-layout-flex wp-container-core-columns-is-layout-7cca1c40 wp-block-columns-is-layout-flex\" style=\"padding-top:var(--wp--preset--spacing--60);padding-bottom:var(--wp--preset--spacing--60)\">\n<div class=\"wp-block-column is-vertically-aligned-center is-layout-flow wp-block-column-is-layout-flow\" style=\"flex-basis:33.38%\">\n<h2 class=\"wp-block-heading has-text-color has-link-color wp-elements-a6ddf0fea5696c9d1e3b679b19a2ee14\" style=\"color:#026678\">Ontdek de mooiste stranden van de Vend\u00e9e<\/h2>\n\n\n\n<p>Tijdens uw zomerse verblijf op camping Bois de la Gach\u00e8re zult u geneigd zijn om een uitstapje naar het strand te maken, of zelfs meerdere!  <\/p>\n\n\n\n<p>Laat ons daarom<strong> de beste stranden<\/strong> in de omgeving aanbevelen.<\/p>\n\n\n\n<p>We kunnen je doorverwijzen naar het Grande Plage in Les Sables d&#8217;Olonne, maar dat zou te gewoon zijn.  <br>Laten we eens kijken naar een paar van de meer originele stranden&#8230;<\/p>\n\n\n\n<h2 class=\"wp-block-heading\">Op een steenworp afstand van je accommodatie of kampeerplaats<\/h2>\n\n\n\n<p><strong>Het strand van Les Granges<\/strong> in Les <a href=\"https:\/\/leboisdelagachere.com\/nl\/wandelen-door-de-straten\/sables-dolonne\/\" data-type=\"page\" data-id=\"7890\">Sables d&#8217;Olonne<\/a> is direct bereikbaar vanaf camping La Gach\u00e8re! Ga te voet naar de kust voor een moment van ontspanning en plezier in alle rust.  <br>Aarzel niet om je handdoek neer te leggen.<\/p>\n<\/div>\n\n\n\n<div class=\"wp-block-column is-vertically-aligned-center is-layout-flow wp-block-column-is-layout-flow\" style=\"flex-basis:33%\">\n<div style=\"height:55px\" aria-hidden=\"true\" class=\"wp-block-spacer\"><\/div>\n\n\n\n<figure class=\"wp-block-image size-full is-resized\"><img loading=\"lazy\" decoding=\"async\" width=\"1000\" height=\"667\" src=\"https:\/\/leboisdelagachere.com\/wp-content\/uploads\/2023\/11\/PlageLesGranges1.jpg\" alt=\"strand les granges\" class=\"wp-image-7867\" style=\"aspect-ratio:0.75;object-fit:cover;width:375px;height:auto\" srcset=\"https:\/\/leboisdelagachere.com\/wp-content\/uploads\/2023\/11\/PlageLesGranges1.jpg 1000w, https:\/\/leboisdelagachere.com\/wp-content\/uploads\/2023\/11\/PlageLesGranges1-300x200.jpg 300w, https:\/\/leboisdelagachere.com\/wp-content\/uploads\/2023\/11\/PlageLesGranges1-768x512.jpg 768w\" sizes=\"auto, (max-width: 1000px) 100vw, 1000px\" \/><\/figure>\n<\/div>\n\n\n\n<div class=\"wp-block-column is-vertically-aligned-center is-layout-flow wp-block-column-is-layout-flow\" style=\"flex-basis:33.62%\">\n<figure class=\"wp-block-image size-full is-resized\"><img loading=\"lazy\" decoding=\"async\" width=\"1000\" height=\"666\" src=\"https:\/\/leboisdelagachere.com\/wp-content\/uploads\/2023\/11\/La_Gachere_28062023_083_0-1.jpg\" alt=\"camping met directe toegang tot het strand in de Vend\u00e9e\" class=\"wp-image-7868\" style=\"aspect-ratio:0.75;object-fit:cover;width:382px;height:auto\" srcset=\"https:\/\/leboisdelagachere.com\/wp-content\/uploads\/2023\/11\/La_Gachere_28062023_083_0-1.jpg 1000w, https:\/\/leboisdelagachere.com\/wp-content\/uploads\/2023\/11\/La_Gachere_28062023_083_0-1-300x200.jpg 300w, https:\/\/leboisdelagachere.com\/wp-content\/uploads\/2023\/11\/La_Gachere_28062023_083_0-1-768x511.jpg 768w\" sizes=\"auto, (max-width: 1000px) 100vw, 1000px\" \/><\/figure>\n<\/div>\n<\/div>\n\n\n\n<div class=\"wp-block-group alignfull has-white-color has-text-color has-background has-link-color wp-elements-70fd2e9d42ab263e3e1d29883af5aced is-layout-constrained wp-block-group-is-layout-constrained\" style=\"background-color:#026678;margin-bottom:var(--wp--preset--spacing--30);padding-top:var(--wp--preset--spacing--40);padding-bottom:var(--wp--preset--spacing--40)\">\n<div class=\"wp-block-media-text alignwide is-stacked-on-mobile\" style=\"margin-top:var(--wp--preset--spacing--40);margin-bottom:var(--wp--preset--spacing--40)\"><figure class=\"wp-block-media-text__media\"><img loading=\"lazy\" decoding=\"async\" width=\"1000\" height=\"667\" src=\"https:\/\/leboisdelagachere.com\/wp-content\/uploads\/2023\/11\/2023_Paysage_CoteSauvage_Plage_LesSablesdOlonne_EnVendee_023.jpg\" alt=\"sauveterre strand in de buurt van de camping\" class=\"wp-image-7871 size-full\" srcset=\"https:\/\/leboisdelagachere.com\/wp-content\/uploads\/2023\/11\/2023_Paysage_CoteSauvage_Plage_LesSablesdOlonne_EnVendee_023.jpg 1000w, https:\/\/leboisdelagachere.com\/wp-content\/uploads\/2023\/11\/2023_Paysage_CoteSauvage_Plage_LesSablesdOlonne_EnVendee_023-300x200.jpg 300w, https:\/\/leboisdelagachere.com\/wp-content\/uploads\/2023\/11\/2023_Paysage_CoteSauvage_Plage_LesSablesdOlonne_EnVendee_023-768x512.jpg 768w\" sizes=\"auto, (max-width: 1000px) 100vw, 1000px\" \/><\/figure><div class=\"wp-block-media-text__content\">\n<h2 class=\"wp-block-heading\">Voor surfen en watersporten<\/h2>\n\n\n\n<p><strong>Het strand van Sauveterre<\/strong> en <strong>Tanchet <\/strong>zijn prachtige plekken om <a href=\"https:\/\/leboisdelagachere.com\/nl\/surfschool\/\" data-type=\"page\" data-id=\"7950\">te surfen <\/a>en andere watersporten te beoefenen in Les Sables d&#8217;Olonne. Er zijn prachtige golven en fijn zand, even in osmose met de natuur, overgeleverd aan de wind en de zee.<\/p>\n<\/div><\/div>\n<\/div>\n\n\n\n<div class=\"wp-block-media-text alignwide has-media-on-the-right is-stacked-on-mobile\" style=\"margin-top:var(--wp--preset--spacing--40);margin-bottom:var(--wp--preset--spacing--40)\"><div class=\"wp-block-media-text__content\">\n<h2 class=\"wp-block-heading has-text-color has-link-color wp-elements-0f1bf94c0c367d5d36f21018ade29cd4\" style=\"color:#026678\">Voor een rustig gezinsmoment<\/h2>\n\n\n\n<p>Het <strong>bekken van Ombret <\/strong>in Les Sables d&#8217;Olonne wordt vaak gebruikt door gezinnen. Vaste klanten komen er regelmatig. Dit is een aangename zwemplek, maar het kan er druk zijn, vooral in juli en augustus.<\/p>\n\n\n\n<p>Voor wat meer rust is het een goed idee om een paar kilometer buiten de stad Les Sables d&#8217;Olonne te rijden en de prachtige zoutwaterstranden van <a href=\"https:\/\/leboisdelagachere.com\/nl\/wandelen-door-de-straten\/saint-gilles-croix-de-vie\/\" data-type=\"page\" data-id=\"7922\">Saint Gilles Croix de Vie<\/a>, Br\u00e9tignolles of<a href=\"https:\/\/leboisdelagachere.com\/nl\/vakantie-notitieboek\/een-opmerkelijke-dag-in-le-veillon\/\" data-type=\"page\" data-id=\"7980\"> Talmont-Saint-Hilaire<\/a> uit te proberen. Vergeet niet de getijden in de gaten te houden om te zien of de zee hoog of laag staat.<\/p>\n<\/div><figure class=\"wp-block-media-text__media\"><img loading=\"lazy\" decoding=\"async\" width=\"1000\" height=\"666\" src=\"https:\/\/leboisdelagachere.com\/wp-content\/uploads\/2023\/11\/La_Gachere_28062023_080_0-1.jpg\" alt=\"camping directe toegang tot het strand Vend\u00e9e\" class=\"wp-image-7870 size-full\" srcset=\"https:\/\/leboisdelagachere.com\/wp-content\/uploads\/2023\/11\/La_Gachere_28062023_080_0-1.jpg 1000w, https:\/\/leboisdelagachere.com\/wp-content\/uploads\/2023\/11\/La_Gachere_28062023_080_0-1-300x200.jpg 300w, https:\/\/leboisdelagachere.com\/wp-content\/uploads\/2023\/11\/La_Gachere_28062023_080_0-1-768x511.jpg 768w\" sizes=\"auto, (max-width: 1000px) 100vw, 1000px\" \/><\/figure><\/div>\n\n\n\n<div class=\"wp-block-group alignfull has-white-color has-text-color has-background has-link-color wp-elements-e07248e6837d2062c1ae223112cecc4b is-layout-constrained wp-block-group-is-layout-constrained\" style=\"background-color:#026678;margin-top:0;margin-bottom:var(--wp--preset--spacing--30);padding-top:var(--wp--preset--spacing--40);padding-bottom:var(--wp--preset--spacing--40)\">\n<div class=\"wp-block-media-text alignwide is-stacked-on-mobile\" style=\"margin-top:var(--wp--preset--spacing--40);margin-bottom:var(--wp--preset--spacing--40)\"><figure class=\"wp-block-media-text__media\"><img loading=\"lazy\" decoding=\"async\" width=\"1000\" height=\"751\" src=\"https:\/\/leboisdelagachere.com\/wp-content\/uploads\/2023\/11\/Plage-de-la-paracou-les-sables-dolonne-P1210857.jpg\" alt=\"la paracou strand in de buurt van de camping\" class=\"wp-image-7872 size-full\" srcset=\"https:\/\/leboisdelagachere.com\/wp-content\/uploads\/2023\/11\/Plage-de-la-paracou-les-sables-dolonne-P1210857.jpg 1000w, https:\/\/leboisdelagachere.com\/wp-content\/uploads\/2023\/11\/Plage-de-la-paracou-les-sables-dolonne-P1210857-300x225.jpg 300w, https:\/\/leboisdelagachere.com\/wp-content\/uploads\/2023\/11\/Plage-de-la-paracou-les-sables-dolonne-P1210857-768x577.jpg 768w\" sizes=\"auto, (max-width: 1000px) 100vw, 1000px\" \/><\/figure><div class=\"wp-block-media-text__content\">\n<h2 class=\"wp-block-heading\">Voor de wilde en rotsachtige kant<\/h2>\n\n\n\n<p>Het <strong>strand van Paracou<\/strong>, ideaal om met je voeten in het water te lopen of te vissen, leent zich uitstekend voor een moment van ontspanning. Zwemmen is hier gevaarlijk vanwege de helling en de rotsen, maar het is nog steeds erg mooi.  <\/p>\n\n\n\n<p>En als je verder weg wandelt, kun je genieten van het prachtige panoramische uitzicht op zee. Je kunt je voeten in het water steken of genieten van een picknick met uitzicht op zee.<\/p>\n<\/div><\/div>\n<\/div>\n\n\n\n<div class=\"wp-block-group is-layout-constrained wp-block-group-is-layout-constrained\" style=\"padding-top:var(--wp--preset--spacing--50);padding-bottom:var(--wp--preset--spacing--50)\">\n<figure class=\"wp-block-image aligncenter size-full is-resized has-custom-border\"><img decoding=\"async\" src=\"https:\/\/leboisdelagachere.com\/wp-content\/uploads\/2023\/11\/trait.png\" alt=\"\" class=\"wp-image-7499\" style=\"border-style:none;border-width:0px;width:150px\"\/><\/figure>\n<\/div>\n\n\n<div class=\"wp-block-sev-diaporama alignfull\">\n\t\t\t<div id=\"sevgallery-4025056322\" class=\"sev-diaporama sev-diaporama-portfolio\">\n\n\t\t\t<div class=\"row\">\n\n\n\n\t\t\t\n\n\n\t\t\t\t\n\n\n\t\t\t\t<div class=\"sev-diaporama-portfolio-item col-12 col-sm  col-grow\">\n\n\n\n\t\t\t\t\t\n\t\t\t\t\t\t\t\t\t\t<a href=\"https:\/\/leboisdelagachere.com\/wp-content\/uploads\/2023\/11\/Plage-de-la-paracou-les-sables-dolonne-P1210857.jpg\" data-lightbox=\"sevgallery-4025056322\" style=\"background-image: url(https:\/\/leboisdelagachere.com\/wp-content\/uploads\/2023\/11\/Plage-de-la-paracou-les-sables-dolonne-P1210857.jpg)\">\n\n\t\t\t\t\t\n\t\t\t\t\t\t<img decoding=\"async\" src=\"https:\/\/leboisdelagachere.com\/wp-content\/uploads\/2023\/11\/Plage-de-la-paracou-les-sables-dolonne-P1210857.jpg\" alt=\"\" loading=\"lazy\">\n\n\t\t\t\t\t\n\t\t\t\t\t<\/a>\n\n\t\t\t\t\t\n\t\t\t\t<\/div>\n\n\n\n\t\t\t\t\n\n\n\t\t\t\t\n\t\t\t\t\n\t\t\t\n\n\n\t\t\t\t\n\n\n\t\t\t\t<div class=\"sev-diaporama-portfolio-item col-12 col-sm  col-shrink\">\n\n\n\n\t\t\t\t\t\n\t\t\t\t\t\t\t\t\t\t<a href=\"https:\/\/leboisdelagachere.com\/wp-content\/uploads\/2023\/11\/2023_Paysage_CoteSauvage_Plage_LesSablesdOlonne_EnVendee_023.jpg\" data-lightbox=\"sevgallery-4025056322\" style=\"background-image: url(https:\/\/leboisdelagachere.com\/wp-content\/uploads\/2023\/11\/2023_Paysage_CoteSauvage_Plage_LesSablesdOlonne_EnVendee_023.jpg)\">\n\n\t\t\t\t\t\n\t\t\t\t\t\t<img decoding=\"async\" src=\"https:\/\/leboisdelagachere.com\/wp-content\/uploads\/2023\/11\/2023_Paysage_CoteSauvage_Plage_LesSablesdOlonne_EnVendee_023.jpg\" alt=\"\" loading=\"lazy\">\n\n\t\t\t\t\t\n\t\t\t\t\t<\/a>\n\n\t\t\t\t\t\n\t\t\t\t<\/div>\n\n\n\n\t\t\t\t\n\n\n\t\t\t\t\n\t\t\t\t\n\t\t\t\n\n\n\t\t\t\t\n\n\n\t\t\t\t<div class=\"sev-diaporama-portfolio-item col-12 col-sm  col-grow\">\n\n\n\n\t\t\t\t\t\n\t\t\t\t\t\t\t\t\t\t<a href=\"https:\/\/leboisdelagachere.com\/wp-content\/uploads\/2023\/11\/La_Gachere_28062023_078_0-1.jpg\" data-lightbox=\"sevgallery-4025056322\" style=\"background-image: url(https:\/\/leboisdelagachere.com\/wp-content\/uploads\/2023\/11\/La_Gachere_28062023_078_0-1.jpg)\">\n\n\t\t\t\t\t\n\t\t\t\t\t\t<img decoding=\"async\" src=\"https:\/\/leboisdelagachere.com\/wp-content\/uploads\/2023\/11\/La_Gachere_28062023_078_0-1.jpg\" alt=\"\" loading=\"lazy\">\n\n\t\t\t\t\t\n\t\t\t\t\t<\/a>\n\n\t\t\t\t\t\n\t\t\t\t<\/div>\n\n\n\n\t\t\t\t\n\n\n\t\t\t\t\n\t\t\t\t\n\t\t\t\n\n\n\t\t\t\t\n\n\n\t\t\t\t<div class=\"sev-diaporama-portfolio-item col-12 col-sm \">\n\n\n\n\t\t\t\t\t\n\t\t\t\t\t\t\t\t\t\t<a href=\"https:\/\/leboisdelagachere.com\/wp-content\/uploads\/2023\/11\/La_Gachere_28062023_080_0-1.jpg\" data-lightbox=\"sevgallery-4025056322\" style=\"background-image: url(https:\/\/leboisdelagachere.com\/wp-content\/uploads\/2023\/11\/La_Gachere_28062023_080_0-1.jpg)\">\n\n\t\t\t\t\t\n\t\t\t\t\t\t<img decoding=\"async\" src=\"https:\/\/leboisdelagachere.com\/wp-content\/uploads\/2023\/11\/La_Gachere_28062023_080_0-1.jpg\" alt=\"\" loading=\"lazy\">\n\n\t\t\t\t\t\n\t\t\t\t\t<\/a>\n\n\t\t\t\t\t\n\t\t\t\t<\/div>\n\n\n\n\t\t\t\t\n\t\t\t\t\t<div class=\"w-100\"><\/div>\n\n\t\t\t\t\t\n\t\t\t\t\n\n\n\t\t\t\t\n\t\t\t\t\n\t\t\t\n\n\n\t\t\t\t\n\n\n\t\t\t\t<div class=\"sev-diaporama-portfolio-item col-12 col-sm \">\n\n\n\n\t\t\t\t\t\n\t\t\t\t\t\t\t\t\t\t<a href=\"https:\/\/leboisdelagachere.com\/wp-content\/uploads\/2023\/11\/2023_Paysage_CoteSauvage_Plage_LesSablesdOlonne_EnVendee_281.jpg\" data-lightbox=\"sevgallery-4025056322\" style=\"background-image: url(https:\/\/leboisdelagachere.com\/wp-content\/uploads\/2023\/11\/2023_Paysage_CoteSauvage_Plage_LesSablesdOlonne_EnVendee_281.jpg)\">\n\n\t\t\t\t\t\n\t\t\t\t\t\t<img decoding=\"async\" src=\"https:\/\/leboisdelagachere.com\/wp-content\/uploads\/2023\/11\/2023_Paysage_CoteSauvage_Plage_LesSablesdOlonne_EnVendee_281.jpg\" alt=\"acc\u00e8s direct plage Vend\u00e9e\" loading=\"lazy\">\n\n\t\t\t\t\t\n\t\t\t\t\t<\/a>\n\n\t\t\t\t\t\n\t\t\t\t<\/div>\n\n\n\n\t\t\t\t\n\n\n\t\t\t\t\n\t\t\t\t\n\t\t\t\n\n\n\t\t\t\t\n\n\n\t\t\t\t<div class=\"sev-diaporama-portfolio-item col-12 col-sm \">\n\n\n\n\t\t\t\t\t\n\t\t\t\t\t\t\t\t\t\t<a href=\"https:\/\/leboisdelagachere.com\/wp-content\/uploads\/2023\/11\/Plage-de-la-paracou-les-sables-dolonne-P1220084.jpg\" data-lightbox=\"sevgallery-4025056322\" style=\"background-image: url(https:\/\/leboisdelagachere.com\/wp-content\/uploads\/2023\/11\/Plage-de-la-paracou-les-sables-dolonne-P1220084.jpg)\">\n\n\t\t\t\t\t\n\t\t\t\t\t\t<img decoding=\"async\" src=\"https:\/\/leboisdelagachere.com\/wp-content\/uploads\/2023\/11\/Plage-de-la-paracou-les-sables-dolonne-P1220084.jpg\" alt=\"plage id\u00e9al peche \u00e0 pied Vend\u00e9e\" loading=\"lazy\">\n\n\t\t\t\t\t\n\t\t\t\t\t<\/a>\n\n\t\t\t\t\t\n\t\t\t\t<\/div>\n\n\n\n\t\t\t\t\n\n\n\t\t\t\t\n\t\t\t\t\n\t\t\t\n\n\n\t\t\t\t\n\n\n\t\t\t\t<div class=\"sev-diaporama-portfolio-item col-12 col-sm  col-shrink\">\n\n\n\n\t\t\t\t\t\n\t\t\t\t\t\t\t\t\t\t<a href=\"https:\/\/leboisdelagachere.com\/wp-content\/uploads\/2023\/11\/Plage-de-la-paracou-les-sables-dolonne-P1220596.jpg\" data-lightbox=\"sevgallery-4025056322\" style=\"background-image: url(https:\/\/leboisdelagachere.com\/wp-content\/uploads\/2023\/11\/Plage-de-la-paracou-les-sables-dolonne-P1220596.jpg)\">\n\n\t\t\t\t\t\n\t\t\t\t\t\t<img decoding=\"async\" src=\"https:\/\/leboisdelagachere.com\/wp-content\/uploads\/2023\/11\/Plage-de-la-paracou-les-sables-dolonne-P1220596.jpg\" alt=\"plage rocheuse Vend\u00e9e\" loading=\"lazy\">\n\n\t\t\t\t\t\n\t\t\t\t\t<\/a>\n\n\t\t\t\t\t\n\t\t\t\t<\/div>\n\n\n\n\t\t\t\t\n\n\n\t\t\t\t\n\t\t\t\t\n\t\t\t\n\n\n\t\t\t\t\n\n\n\t\t\t\t<div class=\"sev-diaporama-portfolio-item col-12 col-sm  col-shrink\">\n\n\n\n\t\t\t\t\t\n\t\t\t\t\t\t\t\t\t\t<a href=\"https:\/\/leboisdelagachere.com\/wp-content\/uploads\/2023\/11\/PlageLesGranges1-1.jpg\" data-lightbox=\"sevgallery-4025056322\" style=\"background-image: url(https:\/\/leboisdelagachere.com\/wp-content\/uploads\/2023\/11\/PlageLesGranges1-1.jpg)\">\n\n\t\t\t\t\t\n\t\t\t\t\t\t<img decoding=\"async\" src=\"https:\/\/leboisdelagachere.com\/wp-content\/uploads\/2023\/11\/PlageLesGranges1-1.jpg\" alt=\"plage des sables d&#039;Olonne\" loading=\"lazy\">\n\n\t\t\t\t\t\n\t\t\t\t\t<\/a>\n\n\t\t\t\t\t\n\t\t\t\t<\/div>\n\n\n\n\t\t\t\t\n\t\t\t\t\t<div class=\"w-100\"><\/div>\n\n\t\t\t\t\t\n\t\t\t\t\n\n\n\t\t\t\t\n\t\t\t\t\n\t\t\t\n\n\n\t\t\t\t\n\n\n\t\t\t\t<div class=\"sev-diaporama-portfolio-item col-12 col-sm  col-grow\">\n\n\n\n\t\t\t\t\t\n\t\t\t\t\t\t\t\t\t\t<a href=\"https:\/\/leboisdelagachere.com\/wp-content\/uploads\/2023\/11\/PlageLesGranges2.jpg\" data-lightbox=\"sevgallery-4025056322\" style=\"background-image: url(https:\/\/leboisdelagachere.com\/wp-content\/uploads\/2023\/11\/PlageLesGranges2.jpg)\">\n\n\t\t\t\t\t\n\t\t\t\t\t\t<img decoding=\"async\" src=\"https:\/\/leboisdelagachere.com\/wp-content\/uploads\/2023\/11\/PlageLesGranges2.jpg\" alt=\"plage au coeur des sables d&#039;olonne\" loading=\"lazy\">\n\n\t\t\t\t\t\n\t\t\t\t\t<\/a>\n\n\t\t\t\t\t\n\t\t\t\t<\/div>\n\n\n\n\t\t\t\t\n\n\n\t\t\t\t\n\t\t\t\t\n\t\t\t\n\n\n\t\t\t\t\n\n\n\t\t\t\t<div class=\"sev-diaporama-portfolio-item col-12 col-sm  col-grow\">\n\n\n\n\t\t\t\t\t\n\t\t\t\t\t\t\t\t\t\t<a href=\"https:\/\/leboisdelagachere.com\/wp-content\/uploads\/2023\/11\/La_Gachere_28062023_083_0-1.jpg\" data-lightbox=\"sevgallery-4025056322\" style=\"background-image: url(https:\/\/leboisdelagachere.com\/wp-content\/uploads\/2023\/11\/La_Gachere_28062023_083_0-1.jpg)\">\n\n\t\t\t\t\t\n\t\t\t\t\t\t<img decoding=\"async\" src=\"https:\/\/leboisdelagachere.com\/wp-content\/uploads\/2023\/11\/La_Gachere_28062023_083_0-1.jpg\" alt=\"\" loading=\"lazy\">\n\n\t\t\t\t\t\n\t\t\t\t\t<\/a>\n\n\t\t\t\t\t\n\t\t\t\t<\/div>\n\n\n\n\t\t\t\t\n\n\n\t\t\t\t\n\t\t\t\t\n\t\t\t\n\n\n\t\t\t\t\n\n\n\t\t\t\t<div class=\"sev-diaporama-portfolio-item col-12 col-sm  col-grow\">\n\n\n\n\t\t\t\t\t\n\t\t\t\t\t\t\t\t\t\t<a href=\"https:\/\/leboisdelagachere.com\/wp-content\/uploads\/2023\/11\/PlageLesGranges1.jpg\" data-lightbox=\"sevgallery-4025056322\" style=\"background-image: url(https:\/\/leboisdelagachere.com\/wp-content\/uploads\/2023\/11\/PlageLesGranges1.jpg)\">\n\n\t\t\t\t\t\n\t\t\t\t\t\t<img decoding=\"async\" src=\"https:\/\/leboisdelagachere.com\/wp-content\/uploads\/2023\/11\/PlageLesGranges1.jpg\" alt=\"\" loading=\"lazy\">\n\n\t\t\t\t\t\n\t\t\t\t\t<\/a>\n\n\t\t\t\t\t\n\t\t\t\t<\/div>\n\n\n\n\t\t\t\t\n\n\n\t\t\t\t\n\t\t\t\t\n\t\t\t\n\t\t\t<\/div>\n\n\t\t\t<\/div>\n\n\n\n\t\t\t<script>\n\n\t\t\tjQuery(function($) {\n\n\n\n\t\t\t\tvar marginPortfolio = function() {\n\n\n\n\t\t\t\t\tvar $diapo          = $('#sevgallery-4025056322');\n\n\t\t\t\t\tvar container_width = $diapo.parent().outerWidth();\n\n\t\t\t\t\tvar side            = ( $(window).innerWidth() - container_width ) \/ 2;\n\n\n\n\t\t\t\t\t$diapo.css( {\n\n\t\t\t\t\t\t'margin-left': '-' + side + 'px',\n\n\t\t\t\t\t\t'margin-right': '-' + side + 'px',\n\n\t\t\t\t\t} );\n\n\t\t\t\t};\n\n\n\n\t\t\t\t$( window ).resize( function() {\n\n\t\t\t\t\tmarginPortfolio();\n\n\t\t\t\t} );\n\n\t\t\t\tmarginPortfolio();\n\n\t\t\t});\n\n\t\t\t<\/script>\n\n\t\t\t<\/div>","protected":false},"excerpt":{"rendered":"<p>Wandelen langs het water Ontdek de mooiste stranden van de Vend\u00e9e Tijdens uw zomerse verblijf op camping Bois de la Gach\u00e8re zult u geneigd zijn om een uitstapje naar het strand te maken, of zelfs meerdere! Laat ons daarom de beste stranden in de omgeving aanbevelen. We kunnen je doorverwijzen naar het Grande Plage in [&hellip;]<\/p>\n","protected":false},"author":3,"featured_media":0,"parent":9335,"menu_order":0,"comment_status":"closed","ping_status":"closed","template":"","meta":{"_seopress_robots_primary_cat":"","_seopress_titles_title":"De mooiste stranden van de Vend\u00e9e","_seopress_titles_desc":"Het is moeilijk kiezen op welk strand je je handdoek neerlegt in de Vend\u00e9e. Hier is een lijst met de beste stranden in de buurt van de camping.  ","_seopress_robots_index":"","footnotes":""},"class_list":["post-9246","page","type-page","status-publish","hentry"],"_links":{"self":[{"href":"https:\/\/leboisdelagachere.com\/nl\/wp-json\/wp\/v2\/pages\/9246","targetHints":{"allow":["GET"]}}],"collection":[{"href":"https:\/\/leboisdelagachere.com\/nl\/wp-json\/wp\/v2\/pages"}],"about":[{"href":"https:\/\/leboisdelagachere.com\/nl\/wp-json\/wp\/v2\/types\/page"}],"author":[{"embeddable":true,"href":"https:\/\/leboisdelagachere.com\/nl\/wp-json\/wp\/v2\/users\/3"}],"replies":[{"embeddable":true,"href":"https:\/\/leboisdelagachere.com\/nl\/wp-json\/wp\/v2\/comments?post=9246"}],"version-history":[{"count":2,"href":"https:\/\/leboisdelagachere.com\/nl\/wp-json\/wp\/v2\/pages\/9246\/revisions"}],"predecessor-version":[{"id":9538,"href":"https:\/\/leboisdelagachere.com\/nl\/wp-json\/wp\/v2\/pages\/9246\/revisions\/9538"}],"up":[{"embeddable":true,"href":"https:\/\/leboisdelagachere.com\/nl\/wp-json\/wp\/v2\/pages\/9335"}],"wp:attachment":[{"href":"https:\/\/leboisdelagachere.com\/nl\/wp-json\/wp\/v2\/media?parent=9246"}],"curies":[{"name":"wp","href":"https:\/\/api.w.org\/{rel}","templated":true}]}}