{"id":9279,"date":"2023-11-21T15:55:54","date_gmt":"2023-11-21T14:55:54","guid":{"rendered":"https:\/\/dev.leboisdelagachere.com\/vakantie-notitieboek\/een-opmerkelijke-dag-in-le-veillon\/"},"modified":"2023-12-15T10:48:39","modified_gmt":"2023-12-15T09:48:39","slug":"een-opmerkelijke-dag-in-le-veillon","status":"publish","type":"page","link":"https:\/\/leboisdelagachere.com\/nl\/vakantie-notitieboek\/een-opmerkelijke-dag-in-le-veillon\/","title":{"rendered":"Een opmerkelijke dag in Le Veillon"},"content":{"rendered":"\n<h1 class=\"wp-block-heading\">Een opmerkelijke dag in Le Veillon<\/h1>\n\n<h2 class=\"wp-block-heading has-text-color has-link-color wp-elements-a087cc5732574327620a57bd7f8e0d08\" style=\"color:#026678\">Ben je klaar om versteld te staan?<\/h2>\n\n<p><em>Duur: 1 dag <\/em><\/p>\n\n<div class=\"wp-block-media-text alignfull has-media-on-the-right is-stacked-on-mobile is-vertically-aligned-center is-style-default\" style=\"padding-right:5%;padding-left:5%;grid-template-columns:auto 56%\"><div class=\"wp-block-media-text__content\">\n<p>Ben je klaar om een onvermoede plek te ontdekken waar het bos en de oceaan \u00e9\u00e9n zijn?<br\/>Volg ons, maar wees voorbereid om <strong>in de ban te raken van deze unieke omgeving<\/strong>.<br\/>Voor deze ervaring gaan we je dorst naar ontdekking lessen.<br\/>Ik twijfel er niet aan dat je van deze ervaring zult genieten.<br\/>Deze plek is al meerdere jaren verkozen tot<strong> &#8220;mooiste strand van de Vend\u00e9e<\/strong>&#8220;.<br\/>Heb ik je nieuwsgierigheid gewekt?<br\/><br\/>Als je een lange rit hebt, raden we je aan vroeg te vertrekken. Zo vermijd je files en kun je in alle rust van de omgeving genieten.<br\/>Deze bekende plek trekt veel vakantiegangers (wat niets afdoet aan zijn charme).<br\/>Er zijn twee parkeergarages op het terrein. De ene is betaald, de andere is gratis. Maar je kunt ook iets verderop parkeren, op de avenue de la plage, en langs het bos lopen om bij de waterkant te komen.<\/p>\n<\/div><figure class=\"wp-block-media-text__media\"><img loading=\"lazy\" decoding=\"async\" width=\"1000\" height=\"751\" src=\"https:\/\/leboisdelagachere.com\/wp-content\/uploads\/2023\/11\/Photo-du-veillon-P1310977.jpg\" alt=\"bezoek aan de site van Veillon\" class=\"wp-image-7988 size-full\" srcset=\"https:\/\/leboisdelagachere.com\/wp-content\/uploads\/2023\/11\/Photo-du-veillon-P1310977.jpg 1000w, https:\/\/leboisdelagachere.com\/wp-content\/uploads\/2023\/11\/Photo-du-veillon-P1310977-300x225.jpg 300w, https:\/\/leboisdelagachere.com\/wp-content\/uploads\/2023\/11\/Photo-du-veillon-P1310977-768x577.jpg 768w\" sizes=\"auto, (max-width: 1000px) 100vw, 1000px\" \/><\/figure><\/div>\n\n<div class=\"wp-block-columns alignwide are-vertically-aligned-center is-layout-flex wp-container-core-columns-is-layout-7cca1c40 wp-block-columns-is-layout-flex\" style=\"padding-top:var(--wp--preset--spacing--60);padding-bottom:var(--wp--preset--spacing--60)\">\n<div class=\"wp-block-column is-vertically-aligned-center is-layout-flow wp-block-column-is-layout-flow\" style=\"flex-basis:33.62%\">\n<figure class=\"wp-block-image size-full is-resized\"><img loading=\"lazy\" decoding=\"async\" width=\"1000\" height=\"560\" src=\"https:\/\/leboisdelagachere.com\/wp-content\/uploads\/2023\/11\/le-veillon-talmont-saint-hilaire-photo-aerienne-8.jpg\" alt=\"veillon site\" class=\"wp-image-7989\" style=\"aspect-ratio:0.75;object-fit:cover;width:382px;height:auto\" srcset=\"https:\/\/leboisdelagachere.com\/wp-content\/uploads\/2023\/11\/le-veillon-talmont-saint-hilaire-photo-aerienne-8.jpg 1000w, https:\/\/leboisdelagachere.com\/wp-content\/uploads\/2023\/11\/le-veillon-talmont-saint-hilaire-photo-aerienne-8-300x168.jpg 300w, https:\/\/leboisdelagachere.com\/wp-content\/uploads\/2023\/11\/le-veillon-talmont-saint-hilaire-photo-aerienne-8-768x430.jpg 768w\" sizes=\"auto, (max-width: 1000px) 100vw, 1000px\" \/><\/figure><\/div>\n\n\n\n<div class=\"wp-block-column is-vertically-aligned-center is-layout-flow wp-block-column-is-layout-flow\" style=\"flex-basis:33%\">\n<div style=\"height:55px\" aria-hidden=\"true\" class=\"wp-block-spacer\"><\/div>\n\n\n\n<figure class=\"wp-block-image size-full is-resized\"><img loading=\"lazy\" decoding=\"async\" width=\"1000\" height=\"751\" src=\"https:\/\/leboisdelagachere.com\/wp-content\/uploads\/2023\/11\/Photo-plage-du-veillon-P1320230.jpg\" alt=\"ontdek veillon strand\" class=\"wp-image-7990\" style=\"aspect-ratio:0.75;object-fit:cover;width:375px;height:auto\" srcset=\"https:\/\/leboisdelagachere.com\/wp-content\/uploads\/2023\/11\/Photo-plage-du-veillon-P1320230.jpg 1000w, https:\/\/leboisdelagachere.com\/wp-content\/uploads\/2023\/11\/Photo-plage-du-veillon-P1320230-300x225.jpg 300w, https:\/\/leboisdelagachere.com\/wp-content\/uploads\/2023\/11\/Photo-plage-du-veillon-P1320230-768x577.jpg 768w\" sizes=\"auto, (max-width: 1000px) 100vw, 1000px\" \/><\/figure><\/div>\n\n\n\n<div class=\"wp-block-column is-vertically-aligned-center is-layout-flow wp-block-column-is-layout-flow\" style=\"flex-basis:33.38%\">\n<div class=\"wp-block-group has-border-color is-layout-constrained wp-container-core-group-is-layout-db32e940 wp-block-group-is-layout-constrained\" style=\"border-color:#026678;border-width:3px;padding-top:var(--wp--preset--spacing--60);padding-right:var(--wp--preset--spacing--60);padding-bottom:var(--wp--preset--spacing--60);padding-left:var(--wp--preset--spacing--60)\">\n<p>Om ervoor te zorgen dat je dag zo soepel mogelijk verloopt, zijn er een paar dingen die je mee moet nemen:<\/p>\n\n\n\n<ul class=\"wp-block-list\">\n<li>je zwemkleding (&amp; stranduitrusting, het zou zonde zijn om niet te profiteren van de kwaliteit van het zwemwater op het strand van Le Veillon)<\/li>\n\n\n\n<li>een goed paar schoenen (ja, je zult wat moeten lopen) &amp; slippers (praktischer voor in het zand)<\/li>\n\n\n\n<li>een fles water (vergeet niet om gehydrateerd te blijven bij warm weer)<\/li>\n\n\n\n<li>een picknick met al het eten waar je van houdt (genoeg om jezelf te verwennen na de wandeling die we voor je gepland hebben)<\/li>\n<\/ul>\n<\/div>\n<\/div>\n<\/div>\n\n<div class=\"wp-block-group alignfull has-white-color has-text-color has-background has-link-color wp-elements-36b9161d9d810a37aa45b3cda625e5f2 is-layout-constrained wp-container-core-group-is-layout-c6787eed wp-block-group-is-layout-constrained\" style=\"background-color:#026678;padding-top:var(--wp--preset--spacing--60);padding-right:0;padding-bottom:var(--wp--preset--spacing--60);padding-left:0\">\n<div class=\"wp-block-media-text alignfull has-media-on-the-right is-stacked-on-mobile\" style=\"padding-right:10%;padding-left:10%\"><div class=\"wp-block-media-text__content\">\n<p>Zodra je goed bent uitgerust, kun je op weg naar<strong> Plage du Veillon<\/strong>.<br\/>De <a href=\"https:\/\/leboisdelagachere.com\/nl\/\" data-type=\"page\" data-id=\"2\">camping Bois de La Gach\u00e8re<\/a> ligt op 35 minuten rijden van dit stukje paradijs. Maak je geen zorgen, die kilometers zijn de moeite waard. Vooral omdat de weg langs de <a href=\"https:\/\/leboisdelagachere.com\/nl\/vakantie-notitieboek\/kwelders\/\" data-type=\"page\" data-id=\"8056\">zoutpannen van Ile d&#8217;Olonne<\/a> loopt. Als je passagier bent, houd dan je ogen open voor zeldzame vogelsoorten.<\/p>\n\n\n\n<p>Eenmaal daar word je getrakteerd op een adembenemend schouwspel. De oceaan zover het oog reikt, opgaand in het blauw van de lucht. Stukken zand die uitsteken in de oceaan. En dan deze eilandjes, bedekt met pijnbomen, die een prachtig bos vormen. Dit natuurgebied nodigt uit tot ontspanning.<\/p>\n<\/div><figure class=\"wp-block-media-text__media\"><img loading=\"lazy\" decoding=\"async\" width=\"1000\" height=\"751\" src=\"https:\/\/leboisdelagachere.com\/wp-content\/uploads\/2023\/11\/Photo-pointe-du-payre-P1320178.jpg\" alt=\"het vendese landschap van la guittiere\" class=\"wp-image-7991 size-full\" srcset=\"https:\/\/leboisdelagachere.com\/wp-content\/uploads\/2023\/11\/Photo-pointe-du-payre-P1320178.jpg 1000w, https:\/\/leboisdelagachere.com\/wp-content\/uploads\/2023\/11\/Photo-pointe-du-payre-P1320178-300x225.jpg 300w, https:\/\/leboisdelagachere.com\/wp-content\/uploads\/2023\/11\/Photo-pointe-du-payre-P1320178-768x577.jpg 768w\" sizes=\"auto, (max-width: 1000px) 100vw, 1000px\" \/><\/figure><\/div>\n<\/div>\n\n<div class=\"wp-block-media-text alignfull is-stacked-on-mobile\" style=\"padding-top:var(--wp--preset--spacing--60);padding-right:10%;padding-bottom:var(--wp--preset--spacing--60);padding-left:10%\"><figure class=\"wp-block-media-text__media\"><img loading=\"lazy\" decoding=\"async\" width=\"1000\" height=\"667\" src=\"https:\/\/leboisdelagachere.com\/wp-content\/uploads\/2023\/11\/La-guittiere-le-veillon-IMG_2373.jpg\" alt=\"bezoek aan de haven van la guittiere\" class=\"wp-image-7992 size-full\" srcset=\"https:\/\/leboisdelagachere.com\/wp-content\/uploads\/2023\/11\/La-guittiere-le-veillon-IMG_2373.jpg 1000w, https:\/\/leboisdelagachere.com\/wp-content\/uploads\/2023\/11\/La-guittiere-le-veillon-IMG_2373-300x200.jpg 300w, https:\/\/leboisdelagachere.com\/wp-content\/uploads\/2023\/11\/La-guittiere-le-veillon-IMG_2373-768x512.jpg 768w\" sizes=\"auto, (max-width: 1000px) 100vw, 1000px\" \/><\/figure><div class=\"wp-block-media-text__content\">\n<h2 class=\"wp-block-heading has-text-color has-link-color wp-elements-e59f963fbaa4eafaf3ad3478cbec56e0\" style=\"color:#026678\">Om dit natuurgebied van dichtbij te bekijken, hebben we een korte wandeling voor je samengesteld.<\/h2>\n\n\n\n<p>Volg het pad naar het dennenbos (de ingang is op de parkeerplaats). Het pad is bewegwijzerd en brengt je rechtstreeks naar La <strong>Guitti\u00e8re<\/strong>.<br\/>Deze kleine <strong>oesterhaven met zijn authentieke charme <\/strong>is de perfecte plek om te ontspannen en te genieten van heerlijke versgevangen zeevruchten terwijl je geniet van het adembenemende uitzicht over het kanaal.<br\/>Kies uit oesters, mosselen, garnalen of langoustines, allemaal vergezeld van een heerlijk glas witte wijn.<br\/>Na deze korte pauze in deze <strong>hemelse omgeving<\/strong> kun je je wandeling hervatten en terugkeren naar de koelte van de pijnbomen.<\/p>\n<\/div><\/div>\n\n<div class=\"wp-block-group alignfull has-white-color has-text-color has-background has-link-color wp-elements-e5615019bcdd42ae3eb3748fad9bc5a3 is-layout-constrained wp-block-group-is-layout-constrained\" style=\"background-color:#026678\">\n<div class=\"wp-block-media-text alignfull has-media-on-the-right is-stacked-on-mobile\" style=\"padding-top:var(--wp--preset--spacing--60);padding-right:10%;padding-bottom:var(--wp--preset--spacing--60);padding-left:10%\"><div class=\"wp-block-media-text__content\">\n<h2 class=\"wp-block-heading\">Lunch in het paradijs<\/h2>\n\n\n\n<p>Heeft dit voorproefje je eetlust opgewekt? Het is tijd om een mooi plekje te zoeken om je handdoek neer te leggen en te genieten van je kleine picknick. Naast de koelte van de pijnbomen heb je een adembenemend uitzicht op de lagune. Wat wil je nog meer?<br\/>Aan deze eenvoudige geneugten van het leven bewaar je de beste herinneringen.<\/p>\n\n\n\n<p><img loading=\"lazy\" decoding=\"async\" width=\"30\" height=\"26\" class=\"wp-image-8012\" style=\"width: 30px;\" src=\"https:\/\/leboisdelagachere.com\/wp-content\/uploads\/2023\/11\/guilmet-ok-couleur-blanc-ok.png\" alt=\"\" srcset=\"https:\/\/leboisdelagachere.com\/wp-content\/uploads\/2023\/11\/guilmet-ok-couleur-blanc-ok.png 528w, https:\/\/leboisdelagachere.com\/wp-content\/uploads\/2023\/11\/guilmet-ok-couleur-blanc-ok-300x263.png 300w\" sizes=\"auto, (max-width: 30px) 100vw, 30px\" \/><strong><em>  Dit is het moment om je smartphone tevoorschijn te halen en je mooiste vakantiefoto&#8217;s te maken.<\/em><\/strong><\/p>\n<\/div><figure class=\"wp-block-media-text__media\"><img loading=\"lazy\" decoding=\"async\" width=\"1000\" height=\"666\" src=\"https:\/\/leboisdelagachere.com\/wp-content\/uploads\/2023\/11\/photo-aerienne-payre-veillon-DSC_4158.jpg\" alt=\"landschap van veillon strand\" class=\"wp-image-7993 size-full\" srcset=\"https:\/\/leboisdelagachere.com\/wp-content\/uploads\/2023\/11\/photo-aerienne-payre-veillon-DSC_4158.jpg 1000w, https:\/\/leboisdelagachere.com\/wp-content\/uploads\/2023\/11\/photo-aerienne-payre-veillon-DSC_4158-300x200.jpg 300w, https:\/\/leboisdelagachere.com\/wp-content\/uploads\/2023\/11\/photo-aerienne-payre-veillon-DSC_4158-768x511.jpg 768w\" sizes=\"auto, (max-width: 1000px) 100vw, 1000px\" \/><\/figure><\/div>\n<\/div>\n\n<div class=\"wp-block-media-text alignfull is-stacked-on-mobile\" style=\"padding-top:var(--wp--preset--spacing--60);padding-right:10%;padding-bottom:var(--wp--preset--spacing--60);padding-left:10%\"><figure class=\"wp-block-media-text__media\"><img loading=\"lazy\" decoding=\"async\" width=\"1000\" height=\"751\" src=\"https:\/\/leboisdelagachere.com\/wp-content\/uploads\/2023\/11\/Photo-plage-du-veillon-P1320064.jpg\" alt=\"watersporten op het strand van veillob\" class=\"wp-image-7994 size-full\" srcset=\"https:\/\/leboisdelagachere.com\/wp-content\/uploads\/2023\/11\/Photo-plage-du-veillon-P1320064.jpg 1000w, https:\/\/leboisdelagachere.com\/wp-content\/uploads\/2023\/11\/Photo-plage-du-veillon-P1320064-300x225.jpg 300w, https:\/\/leboisdelagachere.com\/wp-content\/uploads\/2023\/11\/Photo-plage-du-veillon-P1320064-768x577.jpg 768w\" sizes=\"auto, (max-width: 1000px) 100vw, 1000px\" \/><\/figure><div class=\"wp-block-media-text__content\">\n<h2 class=\"wp-block-heading has-text-color has-link-color wp-elements-6f67d8c254d879afe5ad47e88d9072d9\" style=\"color:#026678\">Een bewogen einde van de dag<\/h2>\n\n\n\n<p>Als luieren op het strand niet je ding is, is het strand van Le Veillon ideaal voor een aantal <strong>watersporten<\/strong>.<br\/>We raden peddelen aan. De rust van de lagune is ideaal voor deze activiteit.<br\/>Wees voorbereid op een paar klappen. Deze schijnbaar eenvoudige activiteit is toch niet zo eenvoudig!<br\/>Geduld en evenwicht zijn de sleutelwoorden.<\/p>\n\n\n\n<p>Leg deze momenten vast in je geheugen en koester ze. Het zijn deze momenten die vakantie zo speciaal maken.<br\/>Je zult het geweldig vinden om je vrienden en familie over deze dag te vertellen als je terugkomt van vakantie.<\/p>\n<\/div><\/div>\n\n<div class=\"wp-block-group is-layout-constrained wp-block-group-is-layout-constrained\" style=\"padding-top:var(--wp--preset--spacing--50);padding-bottom:var(--wp--preset--spacing--50)\">\n<figure class=\"wp-block-image aligncenter size-full is-resized\"><img decoding=\"async\" src=\"https:\/\/leboisdelagachere.com\/wp-content\/uploads\/2023\/11\/trait.png\" alt=\"\" class=\"wp-image-7499\" style=\"width:150px\"\/><\/figure><\/div>\n","protected":false},"excerpt":{"rendered":"<p>Een opmerkelijke dag in Le Veillon Ben je klaar om versteld te staan? Duur: 1 dag Ben je klaar om een onvermoede plek te ontdekken waar het bos en de oceaan \u00e9\u00e9n zijn?Volg ons, maar wees voorbereid om in de ban te raken van deze unieke omgeving.Voor deze ervaring gaan we je dorst naar ontdekking [&hellip;]<\/p>\n","protected":false},"author":3,"featured_media":0,"parent":9116,"menu_order":0,"comment_status":"closed","ping_status":"closed","template":"","meta":{"_seopress_robots_primary_cat":"","_seopress_titles_title":"Ontdekking van de site van Veillon in de Vend\u00e9e","_seopress_titles_desc":"Ontdek de uitzonderlijke site van Le Veillon. Het mooiste strand van de Vend\u00e9e, op een paar minuten van de 4-sterrencamping Le Bois de La Gach\u00e8re.  ","_seopress_robots_index":"","footnotes":""},"class_list":["post-9279","page","type-page","status-publish","hentry"],"_links":{"self":[{"href":"https:\/\/leboisdelagachere.com\/nl\/wp-json\/wp\/v2\/pages\/9279","targetHints":{"allow":["GET"]}}],"collection":[{"href":"https:\/\/leboisdelagachere.com\/nl\/wp-json\/wp\/v2\/pages"}],"about":[{"href":"https:\/\/leboisdelagachere.com\/nl\/wp-json\/wp\/v2\/types\/page"}],"author":[{"embeddable":true,"href":"https:\/\/leboisdelagachere.com\/nl\/wp-json\/wp\/v2\/users\/3"}],"replies":[{"embeddable":true,"href":"https:\/\/leboisdelagachere.com\/nl\/wp-json\/wp\/v2\/comments?post=9279"}],"version-history":[{"count":1,"href":"https:\/\/leboisdelagachere.com\/nl\/wp-json\/wp\/v2\/pages\/9279\/revisions"}],"predecessor-version":[{"id":9287,"href":"https:\/\/leboisdelagachere.com\/nl\/wp-json\/wp\/v2\/pages\/9279\/revisions\/9287"}],"up":[{"embeddable":true,"href":"https:\/\/leboisdelagachere.com\/nl\/wp-json\/wp\/v2\/pages\/9116"}],"wp:attachment":[{"href":"https:\/\/leboisdelagachere.com\/nl\/wp-json\/wp\/v2\/media?parent=9279"}],"curies":[{"name":"wp","href":"https:\/\/api.w.org\/{rel}","templated":true}]}}