{"id":9409,"date":"2023-11-14T15:32:34","date_gmt":"2023-11-14T14:32:34","guid":{"rendered":"https:\/\/dev.leboisdelagachere.com\/accommodatie\/"},"modified":"2023-12-15T10:49:17","modified_gmt":"2023-12-15T09:49:17","slug":"accommodatie","status":"publish","type":"page","link":"https:\/\/leboisdelagachere.com\/nl\/accommodatie\/","title":{"rendered":"Accommodatie"},"content":{"rendered":"\n<h1 class=\"wp-block-heading\">Accommodatie<\/h1>\n\n<h2 class=\"wp-block-heading has-text-color has-link-color wp-elements-1bc489bb08cf50af75c8204210856a66\" style=\"color:#026678\">Ontdek onze accommodatie in het hart van een bosrijk gebied in Les Sables d&#8217;Olonne<\/h2>\n\n<div class=\"wp-block-group alignfull is-layout-constrained wp-block-group-is-layout-constrained\" id=\"premium\" style=\"padding-top:var(--wp--preset--spacing--60);padding-bottom:var(--wp--preset--spacing--60)\">\n<h2 class=\"wp-block-heading has-text-color has-link-color wp-elements-7635df897b7059e2e6698a59e759be15\" id=\"premium\" style=\"color:#026678\">Stacaravans C\u00f4t\u00e9 For\u00eat<\/h2>\n\n\n\n<div class=\"wp-block-group alignfull has-text-color has-background has-link-color wp-elements-a19e9ea1365235b5b907e94efed83256 is-layout-constrained wp-container-core-group-is-layout-020e0ace wp-block-group-is-layout-constrained\" style=\"color:#026678;background-color:#026678;padding-top:var(--wp--preset--spacing--60);padding-right:var(--wp--preset--spacing--40);padding-bottom:var(--wp--preset--spacing--60);padding-left:var(--wp--preset--spacing--40)\"><div class=\"wp-block-sev-items-list-content\">\n<article class=\"wp-block-sev-items-list-item\">\n<a href=\"https:\/\/leboisdelagachere.com\/nl\/hebergement\/stacaravan-cote-foret-3bed\/\">\n\t\n\t<div class=\"wp-block-sev-items-list-thumb-container\">\n\t\t<img decoding=\"async\" class=\"wp-block-sev-items-list-thumb\" src=\"https:\/\/leboisdelagachere.com\/wp-content\/uploads\/2023\/11\/844-2-CJ_CUISINE_OHARA_2024-3-.jpg-800px.jpg\" alt=\"Stacaravan C\u00f4t\u00e9 For\u00eat &#8211; 3bed\">\n\t<\/div>\n\n\t<div class=\"wp-block-sev-items-list-desc\">\n\n\t\t<div class=\"wp-block-sev-items-list-title\">Stacaravan C\u00f4t\u00e9 For\u00eat &#8211; 3bed<\/div>\n\n\t\t<div class=\"wp-block-sev-items-list-metas wp-block-sev-items-list-metas-1\">\n\t\t\t\t\t\t\t\t\t<div class=\"wp-block-sev-items-list--nbpersonnes\">\n\t\t\t\t<i class=\"far fa-user\"><\/i>\n\t\t\t\t<span class=\"val\">6<\/span>&nbsp;\n\t\t\t<\/div>\n\t\t\t\n\t\t\t\t\t\t\t\t\t<div class=\"wp-block-sev-items-list--nbsde\">\n\t\t\t\t<i class=\"fa fa-shower\"><\/i>\n\t\t\t\t<span class=\"val\">1<\/span>&nbsp;\n\t\t\t<\/div>\n\t\t\t\n\t\t\t\t\t<\/div>\n\n\t\t<div class=\"wp-block-sev-items-list-metas wp-block-sev-items-list-metas-2\">\n\n\t\t\t<div class=\"wp-block-sev-items-list-metas wp-block-sev-items-list-metas-2-1\">\n\n\t\t\t\t\t\t\t\t<div class=\"wp-block-sev-items-list--tv\">\n\t\t\t\t\t<i class=\"fa fa-tv\"><\/i>\n\t\t\t\t<\/div>\n\t\t\t\t\n\t\t\t\t\n\t\t\t\t\n\t\t\t\t<!-- <div class=\"wp-block-sev-items-list--animaux wp-block-sev-items-list--animaux-false\">\n\t\t\t\t\t<i class=\"fas fa-dog\"><\/i>\n\t\t\t\t<\/div> -->\n\t\t\t<\/div>\n\t\t\t\n\t\t\t<div class=\"wp-block-sev-items-list-metas wp-block-sev-items-list-metas-2-2\">\n\n\t\t\t\t\t\t\t\t<div class=\"wp-block-sev-items-list--surface\">\n\t\t\t\t\t<span class=\"val\">34&nbsp;m\u00b2<\/span>\n\t\t\t\t<\/div>\n\t\t\t\t\n\t\t\t\t\t\t\t\t\t\t\t\t<div class=\"wp-block-sev-items-list--nbchambres\">\n\t\t\t\t\t<span class=\"val\">3<\/span>&nbsp;<span class=\"lbl\">kamers<\/span>\n\t\t\t\t<\/div>\n\t\t\t\t\t\t\t<\/div>\n\t\t<\/div>\n\t<\/div>\n\n\t<div class=\"wp-block-sev-items-list-btn\">\n\t\t<span>Ontdek<\/span>\n\t<\/div>\n\n<\/a>\n<\/article>\n\n<article class=\"wp-block-sev-items-list-item\">\n<a href=\"https:\/\/leboisdelagachere.com\/nl\/hebergement\/stacaravan-cote-foret-2-slaapkamers\/\">\n\t\n\t<div class=\"wp-block-sev-items-list-thumb-container\">\n\t\t<img decoding=\"async\" class=\"wp-block-sev-items-list-thumb\" src=\"https:\/\/leboisdelagachere.com\/wp-content\/uploads\/2023\/11\/844-2-CJ_CANAPE_OHARA_2024.jpg-800px.jpg\" alt=\"Stacaravan C\u00f4t\u00e9 For\u00eat &#8211; 2 slaapkamers\">\n\t<\/div>\n\n\t<div class=\"wp-block-sev-items-list-desc\">\n\n\t\t<div class=\"wp-block-sev-items-list-title\">Stacaravan C\u00f4t\u00e9 For\u00eat &#8211; 2 slaapkamers<\/div>\n\n\t\t<div class=\"wp-block-sev-items-list-metas wp-block-sev-items-list-metas-1\">\n\t\t\t\t\t\t\t\t\t<div class=\"wp-block-sev-items-list--nbpersonnes\">\n\t\t\t\t<i class=\"far fa-user\"><\/i>\n\t\t\t\t<span class=\"val\">4<\/span>&nbsp;\n\t\t\t<\/div>\n\t\t\t\n\t\t\t\t\t\t\t\t\t<div class=\"wp-block-sev-items-list--nbsde\">\n\t\t\t\t<i class=\"fa fa-shower\"><\/i>\n\t\t\t\t<span class=\"val\">1<\/span>&nbsp;\n\t\t\t<\/div>\n\t\t\t\n\t\t\t\t\t<\/div>\n\n\t\t<div class=\"wp-block-sev-items-list-metas wp-block-sev-items-list-metas-2\">\n\n\t\t\t<div class=\"wp-block-sev-items-list-metas wp-block-sev-items-list-metas-2-1\">\n\n\t\t\t\t\t\t\t\t<div class=\"wp-block-sev-items-list--tv\">\n\t\t\t\t\t<i class=\"fa fa-tv\"><\/i>\n\t\t\t\t<\/div>\n\t\t\t\t\n\t\t\t\t\n\t\t\t\t\n\t\t\t\t<!-- <div class=\"wp-block-sev-items-list--animaux wp-block-sev-items-list--animaux-false\">\n\t\t\t\t\t<i class=\"fas fa-dog\"><\/i>\n\t\t\t\t<\/div> -->\n\t\t\t<\/div>\n\t\t\t\n\t\t\t<div class=\"wp-block-sev-items-list-metas wp-block-sev-items-list-metas-2-2\">\n\n\t\t\t\t\t\t\t\t<div class=\"wp-block-sev-items-list--surface\">\n\t\t\t\t\t<span class=\"val\">32&nbsp;m\u00b2<\/span>\n\t\t\t\t<\/div>\n\t\t\t\t\n\t\t\t\t\t\t\t\t\t\t\t\t<div class=\"wp-block-sev-items-list--nbchambres\">\n\t\t\t\t\t<span class=\"val\">2<\/span>&nbsp;<span class=\"lbl\">kamers<\/span>\n\t\t\t\t<\/div>\n\t\t\t\t\t\t\t<\/div>\n\t\t<\/div>\n\t<\/div>\n\n\t<div class=\"wp-block-sev-items-list-btn\">\n\t\t<span>Ontdek<\/span>\n\t<\/div>\n\n<\/a>\n<\/article>\n<\/div><\/div>\n<\/div>\n\n<div class=\"wp-block-group alignfull is-layout-constrained wp-block-group-is-layout-constrained\" id=\"classique\" style=\"padding-bottom:var(--wp--preset--spacing--60)\">\n<h2 class=\"wp-block-heading has-text-color has-link-color wp-elements-011e09cc0322b8e8437040dd81d36d84\" id=\"classique\" style=\"color:#026678\">Klassieke stacaravans<\/h2>\n\n\n\n<div class=\"wp-block-group alignfull has-text-color has-background has-link-color wp-elements-3a7c585fef11301317a8e61bf8639df2 is-layout-constrained wp-container-core-group-is-layout-020e0ace wp-block-group-is-layout-constrained\" style=\"color:#026678;background-color:#026678;padding-top:var(--wp--preset--spacing--60);padding-right:var(--wp--preset--spacing--40);padding-bottom:var(--wp--preset--spacing--60);padding-left:var(--wp--preset--spacing--40)\"><div class=\"wp-block-sev-items-list-content\">\n<article class=\"wp-block-sev-items-list-item\">\n<a href=\"https:\/\/leboisdelagachere.com\/nl\/hebergement\/stacaravan-grand-confort-2-slm\/\">\n\t\n\t<div class=\"wp-block-sev-items-list-thumb-container\">\n\t\t<img decoding=\"async\" class=\"wp-block-sev-items-list-thumb\" src=\"https:\/\/leboisdelagachere.com\/wp-content\/uploads\/2023\/11\/La_Gachere_28062023_MH2_011_0.jpg\" alt=\"Stacaravan Grand Confort &#8211; 2 slm\">\n\t<\/div>\n\n\t<div class=\"wp-block-sev-items-list-desc\">\n\n\t\t<div class=\"wp-block-sev-items-list-title\">Stacaravan Grand Confort &#8211; 2 slm<\/div>\n\n\t\t<div class=\"wp-block-sev-items-list-metas wp-block-sev-items-list-metas-1\">\n\t\t\t\t\t\t\t\t\t<div class=\"wp-block-sev-items-list--nbpersonnes\">\n\t\t\t\t<i class=\"far fa-user\"><\/i>\n\t\t\t\t<span class=\"val\">4<\/span>&nbsp;\n\t\t\t<\/div>\n\t\t\t\n\t\t\t\t\t\t\t\t\t<div class=\"wp-block-sev-items-list--nbsde\">\n\t\t\t\t<i class=\"fa fa-shower\"><\/i>\n\t\t\t\t<span class=\"val\">1<\/span>&nbsp;\n\t\t\t<\/div>\n\t\t\t\n\t\t\t\t\t<\/div>\n\n\t\t<div class=\"wp-block-sev-items-list-metas wp-block-sev-items-list-metas-2\">\n\n\t\t\t<div class=\"wp-block-sev-items-list-metas wp-block-sev-items-list-metas-2-1\">\n\n\t\t\t\t\n\t\t\t\t\n\t\t\t\t\n\t\t\t\t<!-- <div class=\"wp-block-sev-items-list--animaux wp-block-sev-items-list--animaux-false\">\n\t\t\t\t\t<i class=\"fas fa-dog\"><\/i>\n\t\t\t\t<\/div> -->\n\t\t\t<\/div>\n\t\t\t\n\t\t\t<div class=\"wp-block-sev-items-list-metas wp-block-sev-items-list-metas-2-2\">\n\n\t\t\t\t\t\t\t\t<div class=\"wp-block-sev-items-list--surface\">\n\t\t\t\t\t<span class=\"val\">27&nbsp;m\u00b2<\/span>\n\t\t\t\t<\/div>\n\t\t\t\t\n\t\t\t\t\t\t\t\t\t\t\t\t<div class=\"wp-block-sev-items-list--nbchambres\">\n\t\t\t\t\t<span class=\"val\">2<\/span>&nbsp;<span class=\"lbl\">kamers<\/span>\n\t\t\t\t<\/div>\n\t\t\t\t\t\t\t<\/div>\n\t\t<\/div>\n\t<\/div>\n\n\t<div class=\"wp-block-sev-items-list-btn\">\n\t\t<span>Ontdek<\/span>\n\t<\/div>\n\n<\/a>\n<\/article>\n\n<article class=\"wp-block-sev-items-list-item\">\n<a href=\"https:\/\/leboisdelagachere.com\/nl\/hebergement\/stacaravan-gezellig-3bed\/\">\n\t\n\t<div class=\"wp-block-sev-items-list-thumb-container\">\n\t\t<img decoding=\"async\" class=\"wp-block-sev-items-list-thumb\" src=\"https:\/\/leboisdelagachere.com\/wp-content\/uploads\/2023\/11\/884-3-CJ_SALON-EXT_OHARA_2024.jpg-800px.jpg\" alt=\"Stacaravan Gezellig &#8211; 3bed\">\n\t<\/div>\n\n\t<div class=\"wp-block-sev-items-list-desc\">\n\n\t\t<div class=\"wp-block-sev-items-list-title\">Stacaravan Gezellig &#8211; 3bed<\/div>\n\n\t\t<div class=\"wp-block-sev-items-list-metas wp-block-sev-items-list-metas-1\">\n\t\t\t\t\t\t\t\t\t<div class=\"wp-block-sev-items-list--nbpersonnes\">\n\t\t\t\t<i class=\"far fa-user\"><\/i>\n\t\t\t\t<span class=\"val\">6<\/span>&nbsp;\n\t\t\t<\/div>\n\t\t\t\n\t\t\t\n\t\t\t\t\t<\/div>\n\n\t\t<div class=\"wp-block-sev-items-list-metas wp-block-sev-items-list-metas-2\">\n\n\t\t\t<div class=\"wp-block-sev-items-list-metas wp-block-sev-items-list-metas-2-1\">\n\n\t\t\t\t\t\t\t\t<div class=\"wp-block-sev-items-list--tv\">\n\t\t\t\t\t<i class=\"fa fa-tv\"><\/i>\n\t\t\t\t<\/div>\n\t\t\t\t\n\t\t\t\t\n\t\t\t\t\n\t\t\t\t<!-- <div class=\"wp-block-sev-items-list--animaux wp-block-sev-items-list--animaux-false\">\n\t\t\t\t\t<i class=\"fas fa-dog\"><\/i>\n\t\t\t\t<\/div> -->\n\t\t\t<\/div>\n\t\t\t\n\t\t\t<div class=\"wp-block-sev-items-list-metas wp-block-sev-items-list-metas-2-2\">\n\n\t\t\t\t\t\t\t\t<div class=\"wp-block-sev-items-list--surface\">\n\t\t\t\t\t<span class=\"val\">33&nbsp;m\u00b2<\/span>\n\t\t\t\t<\/div>\n\t\t\t\t\n\t\t\t\t\t\t\t\t\t\t\t\t<div class=\"wp-block-sev-items-list--nbchambres\">\n\t\t\t\t\t<span class=\"val\">3<\/span>&nbsp;<span class=\"lbl\">kamers<\/span>\n\t\t\t\t<\/div>\n\t\t\t\t\t\t\t<\/div>\n\t\t<\/div>\n\t<\/div>\n\n\t<div class=\"wp-block-sev-items-list-btn\">\n\t\t<span>Ontdek<\/span>\n\t<\/div>\n\n<\/a>\n<\/article>\n\n<article class=\"wp-block-sev-items-list-item\">\n<a href=\"https:\/\/leboisdelagachere.com\/nl\/hebergement\/stacaravan-pmr-2-slaapkamers\/\">\n\t\n\t<div class=\"wp-block-sev-items-list-thumb-container\">\n\t\t<img decoding=\"async\" class=\"wp-block-sev-items-list-thumb\" src=\"https:\/\/leboisdelagachere.com\/wp-content\/uploads\/2025\/04\/IRM-LIFE-2025-3D-Sejour.jpg-900px.jpg\" alt=\"Stacaravan PMR &#8211; 2 slaapkamers\">\n\t<\/div>\n\n\t<div class=\"wp-block-sev-items-list-desc\">\n\n\t\t<div class=\"wp-block-sev-items-list-title\">Stacaravan PMR &#8211; 2 slaapkamers<\/div>\n\n\t\t<div class=\"wp-block-sev-items-list-metas wp-block-sev-items-list-metas-1\">\n\t\t\t\t\t\t\t\t\t<div class=\"wp-block-sev-items-list--nbpersonnes\">\n\t\t\t\t<i class=\"far fa-user\"><\/i>\n\t\t\t\t<span class=\"val\">4<\/span>&nbsp;\n\t\t\t<\/div>\n\t\t\t\n\t\t\t\t\t\t\t\t\t<div class=\"wp-block-sev-items-list--nbsde\">\n\t\t\t\t<i class=\"fa fa-shower\"><\/i>\n\t\t\t\t<span class=\"val\">1<\/span>&nbsp;\n\t\t\t<\/div>\n\t\t\t\n\t\t\t\t\t<\/div>\n\n\t\t<div class=\"wp-block-sev-items-list-metas wp-block-sev-items-list-metas-2\">\n\n\t\t\t<div class=\"wp-block-sev-items-list-metas wp-block-sev-items-list-metas-2-1\">\n\n\t\t\t\t\t\t\t\t<div class=\"wp-block-sev-items-list--tv\">\n\t\t\t\t\t<i class=\"fa fa-tv\"><\/i>\n\t\t\t\t<\/div>\n\t\t\t\t\n\t\t\t\t\n\t\t\t\t\n\t\t\t\t<!-- <div class=\"wp-block-sev-items-list--animaux wp-block-sev-items-list--animaux-false\">\n\t\t\t\t\t<i class=\"fas fa-dog\"><\/i>\n\t\t\t\t<\/div> -->\n\t\t\t<\/div>\n\t\t\t\n\t\t\t<div class=\"wp-block-sev-items-list-metas wp-block-sev-items-list-metas-2-2\">\n\n\t\t\t\t\t\t\t\t<div class=\"wp-block-sev-items-list--surface\">\n\t\t\t\t\t<span class=\"val\">30&nbsp;m\u00b2<\/span>\n\t\t\t\t<\/div>\n\t\t\t\t\n\t\t\t\t\t\t\t\t\t\t\t\t<div class=\"wp-block-sev-items-list--nbchambres\">\n\t\t\t\t\t<span class=\"val\">2<\/span>&nbsp;<span class=\"lbl\">kamers<\/span>\n\t\t\t\t<\/div>\n\t\t\t\t\t\t\t<\/div>\n\t\t<\/div>\n\t<\/div>\n\n\t<div class=\"wp-block-sev-items-list-btn\">\n\t\t<span>Ontdek<\/span>\n\t<\/div>\n\n<\/a>\n<\/article>\n\n<article class=\"wp-block-sev-items-list-item\">\n<a href=\"https:\/\/leboisdelagachere.com\/nl\/hebergement\/gezellige-stacaravan-2-slaapkamers\/\">\n\t\n\t<div class=\"wp-block-sev-items-list-thumb-container\">\n\t\t<img decoding=\"async\" class=\"wp-block-sev-items-list-thumb\" src=\"https:\/\/leboisdelagachere.com\/wp-content\/uploads\/2023\/11\/804_CH-ENFANTS_OHARA_2024.png-800px.jpg\" alt=\"Gezellige stacaravan &#8211; 2 slaapkamers\">\n\t<\/div>\n\n\t<div class=\"wp-block-sev-items-list-desc\">\n\n\t\t<div class=\"wp-block-sev-items-list-title\">Gezellige stacaravan &#8211; 2 slaapkamers<\/div>\n\n\t\t<div class=\"wp-block-sev-items-list-metas wp-block-sev-items-list-metas-1\">\n\t\t\t\t\t\t\t\t\t<div class=\"wp-block-sev-items-list--nbpersonnes\">\n\t\t\t\t<i class=\"far fa-user\"><\/i>\n\t\t\t\t<span class=\"val\">4<\/span>&nbsp;\n\t\t\t<\/div>\n\t\t\t\n\t\t\t\t\t\t\t\t\t<div class=\"wp-block-sev-items-list--nbsde\">\n\t\t\t\t<i class=\"fa fa-shower\"><\/i>\n\t\t\t\t<span class=\"val\">1<\/span>&nbsp;\n\t\t\t<\/div>\n\t\t\t\n\t\t\t\t\t<\/div>\n\n\t\t<div class=\"wp-block-sev-items-list-metas wp-block-sev-items-list-metas-2\">\n\n\t\t\t<div class=\"wp-block-sev-items-list-metas wp-block-sev-items-list-metas-2-1\">\n\n\t\t\t\t\t\t\t\t<div class=\"wp-block-sev-items-list--tv\">\n\t\t\t\t\t<i class=\"fa fa-tv\"><\/i>\n\t\t\t\t<\/div>\n\t\t\t\t\n\t\t\t\t\n\t\t\t\t\n\t\t\t\t<!-- <div class=\"wp-block-sev-items-list--animaux wp-block-sev-items-list--animaux-false\">\n\t\t\t\t\t<i class=\"fas fa-dog\"><\/i>\n\t\t\t\t<\/div> -->\n\t\t\t<\/div>\n\t\t\t\n\t\t\t<div class=\"wp-block-sev-items-list-metas wp-block-sev-items-list-metas-2-2\">\n\n\t\t\t\t\t\t\t\t<div class=\"wp-block-sev-items-list--surface\">\n\t\t\t\t\t<span class=\"val\">32&nbsp;m\u00b2<\/span>\n\t\t\t\t<\/div>\n\t\t\t\t\n\t\t\t\t\t\t\t\t\t\t\t\t<div class=\"wp-block-sev-items-list--nbchambres\">\n\t\t\t\t\t<span class=\"val\">2<\/span>&nbsp;<span class=\"lbl\">kamers<\/span>\n\t\t\t\t<\/div>\n\t\t\t\t\t\t\t<\/div>\n\t\t<\/div>\n\t<\/div>\n\n\t<div class=\"wp-block-sev-items-list-btn\">\n\t\t<span>Ontdek<\/span>\n\t<\/div>\n\n<\/a>\n<\/article>\n<\/div><\/div>\n<\/div>\n\n<h2 class=\"wp-block-heading has-text-color has-link-color wp-elements-52168f71a9fa6d668bde14bf8d155c67\" id=\"cottages\" style=\"color:#026678\">Huisjes<\/h2>\n\n<div class=\"wp-block-group alignfull has-text-color has-background has-link-color wp-elements-a20d3ac630cdb9b82d7ae826f8ccf10e is-layout-constrained wp-container-core-group-is-layout-020e0ace wp-block-group-is-layout-constrained\" style=\"color:#026678;background-color:#026678;padding-top:var(--wp--preset--spacing--60);padding-right:var(--wp--preset--spacing--40);padding-bottom:var(--wp--preset--spacing--60);padding-left:var(--wp--preset--spacing--40)\"><div class=\"wp-block-sev-items-list-content\">\n<article class=\"wp-block-sev-items-list-item\">\n<a href=\"https:\/\/leboisdelagachere.com\/nl\/hebergement\/manyara-cottage-3bed\/\">\n\t\n\t<div class=\"wp-block-sev-items-list-thumb-container\">\n\t\t<img decoding=\"async\" class=\"wp-block-sev-items-list-thumb\" src=\"https:\/\/leboisdelagachere.com\/wp-content\/uploads\/2023\/11\/Screenshot_20231204_125606_Drive.jpg\" alt=\"Manyara Cottage &#8211; 3bed\">\n\t<\/div>\n\n\t<div class=\"wp-block-sev-items-list-desc\">\n\n\t\t<div class=\"wp-block-sev-items-list-title\">Manyara Cottage &#8211; 3bed<\/div>\n\n\t\t<div class=\"wp-block-sev-items-list-metas wp-block-sev-items-list-metas-1\">\n\t\t\t\t\t\t\t\t\t<div class=\"wp-block-sev-items-list--nbpersonnes\">\n\t\t\t\t<i class=\"far fa-user\"><\/i>\n\t\t\t\t<span class=\"val\">6<\/span>&nbsp;\n\t\t\t<\/div>\n\t\t\t\n\t\t\t\t\t\t\t\t\t<div class=\"wp-block-sev-items-list--nbsde\">\n\t\t\t\t<i class=\"fa fa-shower\"><\/i>\n\t\t\t\t<span class=\"val\">1<\/span>&nbsp;\n\t\t\t<\/div>\n\t\t\t\n\t\t\t\t\t<\/div>\n\n\t\t<div class=\"wp-block-sev-items-list-metas wp-block-sev-items-list-metas-2\">\n\n\t\t\t<div class=\"wp-block-sev-items-list-metas wp-block-sev-items-list-metas-2-1\">\n\n\t\t\t\t\t\t\t\t<div class=\"wp-block-sev-items-list--tv\">\n\t\t\t\t\t<i class=\"fa fa-tv\"><\/i>\n\t\t\t\t<\/div>\n\t\t\t\t\n\t\t\t\t\n\t\t\t\t\n\t\t\t\t<!-- <div class=\"wp-block-sev-items-list--animaux wp-block-sev-items-list--animaux-false\">\n\t\t\t\t\t<i class=\"fas fa-dog\"><\/i>\n\t\t\t\t<\/div> -->\n\t\t\t<\/div>\n\t\t\t\n\t\t\t<div class=\"wp-block-sev-items-list-metas wp-block-sev-items-list-metas-2-2\">\n\n\t\t\t\t\t\t\t\t<div class=\"wp-block-sev-items-list--surface\">\n\t\t\t\t\t<span class=\"val\">34&nbsp;m\u00b2<\/span>\n\t\t\t\t<\/div>\n\t\t\t\t\n\t\t\t\t\t\t\t\t\t\t\t\t<div class=\"wp-block-sev-items-list--nbchambres\">\n\t\t\t\t\t<span class=\"val\">3<\/span>&nbsp;<span class=\"lbl\">kamers<\/span>\n\t\t\t\t<\/div>\n\t\t\t\t\t\t\t<\/div>\n\t\t<\/div>\n\t<\/div>\n\n\t<div class=\"wp-block-sev-items-list-btn\">\n\t\t<span>Ontdek<\/span>\n\t<\/div>\n\n<\/a>\n<\/article>\n\n<article class=\"wp-block-sev-items-list-item\">\n<a href=\"https:\/\/leboisdelagachere.com\/nl\/hebergement\/manyara-cottage-2-slaapkamers\/\">\n\t\n\t<div class=\"wp-block-sev-items-list-thumb-container\">\n\t\t<img decoding=\"async\" class=\"wp-block-sev-items-list-thumb\" src=\"https:\/\/leboisdelagachere.com\/wp-content\/uploads\/2023\/11\/Screenshot_20231204_125606_Drive.jpg\" alt=\"Manyara cottage &#8211; 2 slaapkamers\">\n\t<\/div>\n\n\t<div class=\"wp-block-sev-items-list-desc\">\n\n\t\t<div class=\"wp-block-sev-items-list-title\">Manyara cottage &#8211; 2 slaapkamers<\/div>\n\n\t\t<div class=\"wp-block-sev-items-list-metas wp-block-sev-items-list-metas-1\">\n\t\t\t\t\t\t\t\t\t<div class=\"wp-block-sev-items-list--nbpersonnes\">\n\t\t\t\t<i class=\"far fa-user\"><\/i>\n\t\t\t\t<span class=\"val\">4<\/span>&nbsp;\n\t\t\t<\/div>\n\t\t\t\n\t\t\t\t\t\t\t\t\t<div class=\"wp-block-sev-items-list--nbsde\">\n\t\t\t\t<i class=\"fa fa-shower\"><\/i>\n\t\t\t\t<span class=\"val\">2<\/span>&nbsp;\n\t\t\t<\/div>\n\t\t\t\n\t\t\t\t\t<\/div>\n\n\t\t<div class=\"wp-block-sev-items-list-metas wp-block-sev-items-list-metas-2\">\n\n\t\t\t<div class=\"wp-block-sev-items-list-metas wp-block-sev-items-list-metas-2-1\">\n\n\t\t\t\t\t\t\t\t<div class=\"wp-block-sev-items-list--tv\">\n\t\t\t\t\t<i class=\"fa fa-tv\"><\/i>\n\t\t\t\t<\/div>\n\t\t\t\t\n\t\t\t\t\n\t\t\t\t\n\t\t\t\t<!-- <div class=\"wp-block-sev-items-list--animaux wp-block-sev-items-list--animaux-false\">\n\t\t\t\t\t<i class=\"fas fa-dog\"><\/i>\n\t\t\t\t<\/div> -->\n\t\t\t<\/div>\n\t\t\t\n\t\t\t<div class=\"wp-block-sev-items-list-metas wp-block-sev-items-list-metas-2-2\">\n\n\t\t\t\t\t\t\t\t<div class=\"wp-block-sev-items-list--surface\">\n\t\t\t\t\t<span class=\"val\">34&nbsp;m\u00b2<\/span>\n\t\t\t\t<\/div>\n\t\t\t\t\n\t\t\t\t\t\t\t\t\t\t\t\t<div class=\"wp-block-sev-items-list--nbchambres\">\n\t\t\t\t\t<span class=\"val\">2<\/span>&nbsp;<span class=\"lbl\">kamers<\/span>\n\t\t\t\t<\/div>\n\t\t\t\t\t\t\t<\/div>\n\t\t<\/div>\n\t<\/div>\n\n\t<div class=\"wp-block-sev-items-list-btn\">\n\t\t<span>Ontdek<\/span>\n\t<\/div>\n\n<\/a>\n<\/article>\n\n<article class=\"wp-block-sev-items-list-item\">\n<a href=\"https:\/\/leboisdelagachere.com\/nl\/hebergement\/cottage-boheme-2-slaapkamers\/\">\n\t\n\t<div class=\"wp-block-sev-items-list-thumb-container\">\n\t\t<img decoding=\"async\" class=\"wp-block-sev-items-list-thumb\" src=\"https:\/\/leboisdelagachere.com\/wp-content\/uploads\/2024\/03\/Manyara-Boheme.jpg\" alt=\"Cottage Boheme &#8211; 2 slaapkamers\">\n\t<\/div>\n\n\t<div class=\"wp-block-sev-items-list-desc\">\n\n\t\t<div class=\"wp-block-sev-items-list-title\">Cottage Boheme &#8211; 2 slaapkamers<\/div>\n\n\t\t<div class=\"wp-block-sev-items-list-metas wp-block-sev-items-list-metas-1\">\n\t\t\t\t\t\t\t\t\t<div class=\"wp-block-sev-items-list--nbpersonnes\">\n\t\t\t\t<i class=\"far fa-user\"><\/i>\n\t\t\t\t<span class=\"val\">4<\/span>&nbsp;\n\t\t\t<\/div>\n\t\t\t\n\t\t\t\t\t\t\t\t\t<div class=\"wp-block-sev-items-list--nbsde\">\n\t\t\t\t<i class=\"fa fa-shower\"><\/i>\n\t\t\t\t<span class=\"val\">1<\/span>&nbsp;\n\t\t\t<\/div>\n\t\t\t\n\t\t\t\t\t<\/div>\n\n\t\t<div class=\"wp-block-sev-items-list-metas wp-block-sev-items-list-metas-2\">\n\n\t\t\t<div class=\"wp-block-sev-items-list-metas wp-block-sev-items-list-metas-2-1\">\n\n\t\t\t\t\t\t\t\t<div class=\"wp-block-sev-items-list--tv\">\n\t\t\t\t\t<i class=\"fa fa-tv\"><\/i>\n\t\t\t\t<\/div>\n\t\t\t\t\n\t\t\t\t\n\t\t\t\t\n\t\t\t\t<!-- <div class=\"wp-block-sev-items-list--animaux wp-block-sev-items-list--animaux-false\">\n\t\t\t\t\t<i class=\"fas fa-dog\"><\/i>\n\t\t\t\t<\/div> -->\n\t\t\t<\/div>\n\t\t\t\n\t\t\t<div class=\"wp-block-sev-items-list-metas wp-block-sev-items-list-metas-2-2\">\n\n\t\t\t\t\t\t\t\t<div class=\"wp-block-sev-items-list--surface\">\n\t\t\t\t\t<span class=\"val\">28&nbsp;m\u00b2<\/span>\n\t\t\t\t<\/div>\n\t\t\t\t\n\t\t\t\t\t\t\t\t\t\t\t\t<div class=\"wp-block-sev-items-list--nbchambres\">\n\t\t\t\t\t<span class=\"val\">2<\/span>&nbsp;<span class=\"lbl\">kamers<\/span>\n\t\t\t\t<\/div>\n\t\t\t\t\t\t\t<\/div>\n\t\t<\/div>\n\t<\/div>\n\n\t<div class=\"wp-block-sev-items-list-btn\">\n\t\t<span>Ontdek<\/span>\n\t<\/div>\n\n<\/a>\n<\/article>\n<\/div><\/div>\n","protected":false},"excerpt":{"rendered":"<p>Accommodatie Ontdek onze accommodatie in het hart van een bosrijk gebied in Les Sables d&#8217;Olonne Stacaravans C\u00f4t\u00e9 For\u00eat Klassieke stacaravans Huisjes<\/p>\n","protected":false},"author":3,"featured_media":0,"parent":0,"menu_order":0,"comment_status":"closed","ping_status":"closed","template":"","meta":{"_seopress_robots_primary_cat":"","_seopress_titles_title":"Overnachting op camping 4* Le Bois de La Gach\u00e8re","_seopress_titles_desc":"Le Bois de la Gach\u00e8re biedt comfortabele accommodatie van topklasse in het hart van het bos in Les Sables d'Olonne.  ","_seopress_robots_index":"","footnotes":""},"class_list":["post-9409","page","type-page","status-publish","hentry"],"_links":{"self":[{"href":"https:\/\/leboisdelagachere.com\/nl\/wp-json\/wp\/v2\/pages\/9409","targetHints":{"allow":["GET"]}}],"collection":[{"href":"https:\/\/leboisdelagachere.com\/nl\/wp-json\/wp\/v2\/pages"}],"about":[{"href":"https:\/\/leboisdelagachere.com\/nl\/wp-json\/wp\/v2\/types\/page"}],"author":[{"embeddable":true,"href":"https:\/\/leboisdelagachere.com\/nl\/wp-json\/wp\/v2\/users\/3"}],"replies":[{"embeddable":true,"href":"https:\/\/leboisdelagachere.com\/nl\/wp-json\/wp\/v2\/comments?post=9409"}],"version-history":[{"count":1,"href":"https:\/\/leboisdelagachere.com\/nl\/wp-json\/wp\/v2\/pages\/9409\/revisions"}],"predecessor-version":[{"id":9422,"href":"https:\/\/leboisdelagachere.com\/nl\/wp-json\/wp\/v2\/pages\/9409\/revisions\/9422"}],"wp:attachment":[{"href":"https:\/\/leboisdelagachere.com\/nl\/wp-json\/wp\/v2\/media?parent=9409"}],"curies":[{"name":"wp","href":"https:\/\/api.w.org\/{rel}","templated":true}]}}